{"id":9325,"date":"2022-07-11T10:16:02","date_gmt":"2022-07-11T07:16:02","guid":{"rendered":"https:\/\/tyoelamaan.fi\/?page_id=9325"},"modified":"2024-12-17T06:19:57","modified_gmt":"2024-12-17T04:19:57","slug":"arbetspension","status":"publish","type":"page","link":"https:\/\/tyoelamaan.staging.web-veistamo.fi\/sv\/i-slutet-av-arbetet\/arbetspension\/","title":{"rendered":"Arbetspension"},"content":{"rendered":"\n<p>I b\u00f6rjan av arbetskarri\u00e4ren kan det k\u00e4nnas att pensionen ligger s\u00e5 l\u00e5ngt fram i tiden att det inte \u00e4r v\u00e4rt att fundera p\u00e5 den.&nbsp;<strong>Vi betalar \u00e4nd\u00e5 arbetspensionsavgift f\u00f6r varje l\u00f6n som vi tj\u00e4nat in fr\u00e5n och med att vi fyller 17 \u00e5r.<\/strong>&nbsp;Arbetspensionen samlas s\u00e5ledes sm\u00e5ningom under hela v\u00e5r tid i arbetslivet. Vi tj\u00e4nar allts\u00e5 in pension ocks\u00e5 under studier, arbetsl\u00f6shet och hemv\u00e5rd av barn. <\/p>\n\n\n\n<p>Pensionssystemet i Finland \u00e4r byggt p\u00e5 ett s\u00e5dant s\u00e4tt att pensionerna f\u00f6r dem som \u00e4r pensionerade i huvudsak betalas av dem som \u00e4r i arbete. En del av pengarna som samlats in f\u00f6r pensionerna fonderas \u00e4nd\u00e5 f\u00f6r framtiden. Systemet garanterar utkomsten i \u00e5lderdomen, men ocks\u00e5 vid invaliditet.<\/p>\n\n\n\n<blockquote class=\"wp-block-quote is-style-default is-layout-flow wp-block-quote-is-layout-flow\">\n<p>Det \u00e4r bra att bekanta sig med pensionerna redan vid unga \u00e5r, eftersom de val som vi g\u00f6r under v\u00e5r arbetskarri\u00e4r p\u00e5verkar pensionsbeloppet.  <\/p>\n<\/blockquote>\n\n\n\n<h2 class=\"wp-block-heading\">Vad \u00e4r arbetspension?<\/h2>\n\n\n\n<p>Grundprincipen \u00e4r att vi tj\u00e4nar in arbetspensionen med l\u00f6nearbete eller f\u00f6retagande. I dag b\u00f6rjar vi tj\u00e4na in pension fr\u00e5n 17 \u00e5rs \u00e5lder. Pensionen kan delvis ackumuleras under studier samt under arbetsl\u00f6shet, sjukdagpenning och <a href=\"https:\/\/tyoelamaan.staging.web-veistamo.fi\/sv\/utkomst\/toimeentulo-perhevapaalla\/\">f\u00f6r\u00e4ldradagpenning<\/a>. <\/p>\n\n\n\n<p>Det \u00e4r bra att bekanta sig med pensionssystemet vid unga \u00e5r f\u00f6r att de som arbetar alltid betalar huvuddelen av pension\u00e4rernas pensioner med sina arbetspensionsavgifter. Det \u00e4r ocks\u00e5 viktigt att observera att \u00e4ven unga kan vara ber\u00e4ttigade till invalidpension eller familjepensioner.&nbsp;<a href=\"https:\/\/www.kela.fi\/web\/sv\/folkpension-eller-arbetspension\" target=\"_blank\" rel=\"noreferrer noopener\">L\u00e4s om skillnaden mellan arbets- och folkpension h\u00e4r<\/a>.<\/p>\n\n\n\n<h2 class=\"wp-block-heading\">Andra pensionsf\u00f6rm\u00e5ner<\/h2>\n\n\n\n<div class=\"wp-block-as-blocks-accordion-block\"><div class=\"accordion\"><div class=\"accordion-item\"><h4 class=\"accordion-header\" id=\"block-7b9668f5-6493-4681-a722-d1728fd1b891heading\"><button class=\"accordion-button collapsed\" type=\"button\" data-bs-toggle=\"collapse\" data-bs-target=\"#block-7b9668f5-6493-4681-a722-d1728fd1b891\" aria-expanded=\"false\" aria-controls=\"block-7b9668f5-6493-4681-a722-d1728fd1b891\">Partiell \u00e5lderspension<\/button><\/h4><div id=\"block-7b9668f5-6493-4681-a722-d1728fd1b891\" class=\"accordion-collapse collapse\" aria-labelledby=\"block-7b9668f5-6493-4681-a722-d1728fd1b891heading\"><div class=\"accordion-body\">\n<p>En arbetstagare kan g\u00e5 i partiell \u00e5lderspension (25 procent eller 50 procent) redan i 61 \u00e5rs \u00e5lder. Det kallas f\u00f6r partiell&nbsp;<a href=\"https:\/\/www.kela.fi\/web\/sv\/fortida-alderspension\">f\u00f6rtida \u00e5lderspension<\/a>.<\/p>\n\n\n\n<p>F\u00f6r personer fyllda \u00e5r 1964 kommer gr\u00e4nsen att h\u00f6jas till 62 \u00e5r, och f\u00f6r personer som fyllt 1965 och d\u00e4refter anpassas den l\u00e4gre \u00e5ldersgr\u00e4nsen till f\u00f6r\u00e4ndringen av den f\u00f6rv\u00e4ntade livstiden.<\/p>\n<\/div><\/div><\/div><\/div><\/div>\n\n\n\n<div class=\"wp-block-as-blocks-accordion-block\"><div class=\"accordion\"><div class=\"accordion-item\"><h4 class=\"accordion-header\" id=\"block-5341db7f-27a7-4d30-a98b-9278f094c06bheading\"><button class=\"accordion-button collapsed\" type=\"button\" data-bs-toggle=\"collapse\" data-bs-target=\"#block-5341db7f-27a7-4d30-a98b-9278f094c06b\" aria-expanded=\"false\" aria-controls=\"block-5341db7f-27a7-4d30-a98b-9278f094c06b\">Arbetslivspension<\/button><\/h4><div id=\"block-5341db7f-27a7-4d30-a98b-9278f094c06b\" class=\"accordion-collapse collapse\" aria-labelledby=\"block-5341db7f-27a7-4d30-a98b-9278f094c06bheading\"><div class=\"accordion-body\">\n<p><a href=\"https:\/\/www.tyoelake.fi\/sv\/pensionen-i-olika-livssituationer\/arbetslivspension-efter-en-lang-tid-i-slitsamt-arbete\/\">Arbetslivspension<\/a>&nbsp;\u00e4r ett pensionsslag som \u00e4r avsett f\u00f6r minst 63 \u00e5r gamla arbetstagare. Den g\u00f6r det m\u00f6jligt f\u00f6r personer som arbetat l\u00e4nge i ett anstr\u00e4ngande och slitsamt arbete att g\u00e5 i pension f\u00f6re den l\u00e4gsta \u00e5lderspensions\u00e5ldern.<\/p>\n\n\n\n<p>En person kan ha r\u00e4tt till arbetslivspension, om hen har arbetat minst 38 \u00e5r i anstr\u00e4ngande och slitsamt arbete och om hens arbetsf\u00f6rm\u00e5ga \u00e4r nedsatt. Arbetsf\u00f6rm\u00e5gan beh\u00f6ver inte vara lika mycket nedsatt som det kr\u00e4vs f\u00f6r&nbsp;<a href=\"https:\/\/www.tyoelake.fi\/sv\/pensionen-i-olika-livssituationer\/invalidpension-vid-nedsatt-arbetsformaga\/#title\">invalidpension<\/a>.<\/p>\n<\/div><\/div><\/div><\/div><\/div>\n\n\n\n<div class=\"wp-block-as-blocks-accordion-block\"><div class=\"accordion\"><div class=\"accordion-item\"><h4 class=\"accordion-header\" id=\"block-531cd6e3-aed5-48d7-bd47-37f721fbae75heading\"><button class=\"accordion-button collapsed\" type=\"button\" data-bs-toggle=\"collapse\" data-bs-target=\"#block-531cd6e3-aed5-48d7-bd47-37f721fbae75\" aria-expanded=\"false\" aria-controls=\"block-531cd6e3-aed5-48d7-bd47-37f721fbae75\">\u00c5lderspension<\/button><\/h4><div id=\"block-531cd6e3-aed5-48d7-bd47-37f721fbae75\" class=\"accordion-collapse collapse\" aria-labelledby=\"block-531cd6e3-aed5-48d7-bd47-37f721fbae75heading\"><div class=\"accordion-body\">\n<p>En person kan g\u00e5 i&nbsp;<a href=\"https:\/\/www.tyoelake.fi\/sv\/pensionen-i-olika-livssituationer\/egen-pensionsalder-for-varje-aldersklass\/\">\u00e5lderspension<\/a>&nbsp;i den l\u00e4gsta pensions\u00e5ldern f\u00f6r sin egen \u00e5ldersklass. F\u00f6delse\u00e5ret p\u00e5verkar n\u00e4r du kan bli pensionerad.<\/p>\n\n\n\n<p>En arbetstagare m\u00e5ste inte ans\u00f6ka om pension \u00e4ven om hen n\u00e5tt sin pensions\u00e5lder. Ju senare man tar ut \u00e5lderspension, desto st\u00f6rre pension f\u00e5r man.<\/p>\n<\/div><\/div><\/div><\/div><\/div>\n\n\n\n<div class=\"wp-block-as-blocks-accordion-block\"><div class=\"accordion\"><div class=\"accordion-item\"><h4 class=\"accordion-header\" id=\"block-7c5a6b40-8316-4460-9613-e8b64ba24c71heading\"><button class=\"accordion-button collapsed\" type=\"button\" data-bs-toggle=\"collapse\" data-bs-target=\"#block-7c5a6b40-8316-4460-9613-e8b64ba24c71\" aria-expanded=\"false\" aria-controls=\"block-7c5a6b40-8316-4460-9613-e8b64ba24c71\">Invalidpension<\/button><\/h4><div id=\"block-7c5a6b40-8316-4460-9613-e8b64ba24c71\" class=\"accordion-collapse collapse\" aria-labelledby=\"block-7c5a6b40-8316-4460-9613-e8b64ba24c71heading\"><div class=\"accordion-body\">\n<p><a href=\"https:\/\/www.tyoelake.fi\/sv\/pensionen-i-olika-livssituationer\/invalidpension-vid-nedsatt-arbetsformaga\/#title\">Invalidpension<\/a>&nbsp;betalas ut om arbetsf\u00f6rm\u00e5gan nedsatts p\u00e5 grund av sjukdom eller skada i minst ett \u00e5rs tid. F\u00f6ruts\u00e4ttningen f\u00f6r beviljande av full arbetsl\u00f6shetspension \u00e4r att arbetsf\u00f6rm\u00e5gan nedsatts med minst 60 procent.<\/p>\n\n\n\n<p>Invalidpension kan betalas ut antingen tills vidare eller p\u00e5 viss tid.<\/p>\n<\/div><\/div><\/div><\/div><\/div>\n\n\n\n<div class=\"wp-block-as-blocks-accordion-block\"><div class=\"accordion\"><div class=\"accordion-item\"><h4 class=\"accordion-header\" id=\"block-d8e628cb-3ad4-4a7f-b335-415c97bdf1echeading\"><button class=\"accordion-button collapsed\" type=\"button\" data-bs-toggle=\"collapse\" data-bs-target=\"#block-d8e628cb-3ad4-4a7f-b335-415c97bdf1ec\" aria-expanded=\"false\" aria-controls=\"block-d8e628cb-3ad4-4a7f-b335-415c97bdf1ec\">Familjepensioner<\/button><\/h4><div id=\"block-d8e628cb-3ad4-4a7f-b335-415c97bdf1ec\" class=\"accordion-collapse collapse\" aria-labelledby=\"block-d8e628cb-3ad4-4a7f-b335-415c97bdf1echeading\"><div class=\"accordion-body\">\n<p>Efter att familjens f\u00f6rs\u00f6rjare avlidit kan den efterlevande maken och barnen f\u00e5 familjepension f\u00f6r att trygga familjens f\u00f6rs\u00f6rjning.&nbsp;<a href=\"https:\/\/www.tyoelake.fi\/sv\/pensionen-i-olika-livssituationer\/efterlevandepension-och-barnpension-som-trygghet-for-familjen\/#title\">Familjepensioner<\/a>&nbsp;\u00e4r efterlevandepension och barnpension.<\/p>\n<\/div><\/div><\/div><\/div><\/div>\n\n\n\n<div class=\"wp-block-as-blocks-accordion-block\"><div class=\"accordion\"><div class=\"accordion-item\"><h4 class=\"accordion-header\" id=\"block-e05147af-77f9-4c74-a755-95aaa2f0cc1bheading\"><button class=\"accordion-button collapsed\" type=\"button\" data-bs-toggle=\"collapse\" data-bs-target=\"#block-e05147af-77f9-4c74-a755-95aaa2f0cc1b\" aria-expanded=\"false\" aria-controls=\"block-e05147af-77f9-4c74-a755-95aaa2f0cc1b\">Rehabilitering<\/button><\/h4><div id=\"block-e05147af-77f9-4c74-a755-95aaa2f0cc1b\" class=\"accordion-collapse collapse\" aria-labelledby=\"block-e05147af-77f9-4c74-a755-95aaa2f0cc1bheading\"><div class=\"accordion-body\">\n<p>Du kan f\u00e5&nbsp;<a href=\"https:\/\/www.kela.fi\/web\/sv\/sjukpension-och-rehabiliteringsstod\">rehabiliteringsf\u00f6rm\u00e5ner<\/a>&nbsp;f\u00f6r den tid som du \u00e4r i yrkesinriktad rehabilitering. Syftet med yrkesinriktad rehabilitering \u00e4r att fr\u00e4mja din ork i arbetet, f\u00f6rb\u00e4ttra din arbetsf\u00f6rm\u00e5ga och \u00f6ka din yrkesm\u00e4ssiga beredskap. F\u00f6rm\u00e5ner inom arbetspensionsrehabilitering \u00e4r rehabiliteringspenning, rehabiliteringsf\u00f6rh\u00f6jning och rehabiliteringsunderst\u00f6d.<\/p>\n<\/div><\/div><\/div><\/div><\/div>\n\n\n\n<h2 class=\"wp-block-heading\">Arbetspensionsutdrag<\/h2>\n\n\n\n<p>P\u00e5 arbetspensionsutdraget finns uppgifterna om dina pensionsgrundande inkomster. Din framtida pension bygger p\u00e5 de h\u00e4r uppgifterna. Det \u00e4r bra att regelbundet kontrollera uppgifterna i arbetspensionsutdraget, men utdraget visar inte din slutliga pension. Du tj\u00e4nar in pension under hela din tid i arbetslivet. Det betyder att ju fler \u00e5r du arbetar, desto mer pension hinner du tj\u00e4na in. Du kan kontrollera ditt <a href=\"https:\/\/www.tyoelake.fi\/sv\/arbetspensionsutdraget\/\" target=\"_blank\" rel=\"noreferrer noopener\">arbetspensionsutdrag<\/a>&nbsp;i tj\u00e4nsten ty\u00f6el\u00e4ke.fi.<\/p>\n\n\n\n<p>I samma tj\u00e4nst kan du ocks\u00e5 kontrollera en uppskattning av din pension och dagen n\u00e4r din pension b\u00f6rjar. Till exempel om du \u00e4r f\u00f6dd \u00e5r 2002 \u00e4r din pensions\u00e5lder enligt r\u00e4knaren cirka 68 \u00e5r, och du kan g\u00e5 i pension \u00e5r 2070.<\/p>\n\n\n\n<div class=\"wp-block-group has-global-padding is-layout-constrained wp-block-group-is-layout-constrained\">\n<h2 class=\"wp-block-heading\">Om du vill veta mer<\/h2>\n\n\n\n<div class=\"wp-block-buttons is-layout-flex wp-block-buttons-is-layout-flex\">\n<div class=\"wp-block-button is-style-black-with-arrow\"><a class=\"wp-block-button__link wp-element-button\" href=\"https:\/\/www.tyoelake.fi\/sv\/\">Kontrollera pension som du tj\u00e4nat in! (Ty\u00f6el\u00e4ke.fi)<\/a><\/div>\n\n\n\n<div class=\"wp-block-button is-style-black-with-arrow\"><a class=\"wp-block-button__link wp-element-button\" href=\"https:\/\/www.tyoelake.fi\/sv\/pensionsraknaren\/\">Ber\u00e4kna din pesopimus<\/a><\/div>\n<\/div>\n<\/div>\n","protected":false},"excerpt":{"rendered":"<p>I b\u00f6rjan av arbetskarri\u00e4ren kan det k\u00e4nnas att pensionen ligger s\u00e5 l\u00e5ngt fram i tiden att det inte \u00e4r v\u00e4rt att fundera p\u00e5 den.&nbsp;Vi betalar \u00e4nd\u00e5 arbetspensionsavgift f\u00f6r varje l\u00f6n som vi tj\u00e4nat in fr\u00e5n och med att vi fyller 17 \u00e5r.&nbsp;Arbetspensionen samlas s\u00e5ledes sm\u00e5ningom under hela v\u00e5r tid i arbetslivet. Vi tj\u00e4nar allts\u00e5 in [&hellip;]<\/p>\n","protected":false},"author":3,"featured_media":0,"parent":10639,"menu_order":0,"comment_status":"closed","ping_status":"closed","template":"","meta":{"_acf_changed":false,"footnotes":""},"asiasana":[],"omistaja":[57],"class_list":["post-9325","page","type-page","status-publish","hentry","omistaja-samppa-koskela"],"acf":[],"yoast_head":"<!-- This site is optimized with the Yoast SEO plugin v26.5 - https:\/\/yoast.com\/wordpress\/plugins\/seo\/ -->\n<title>Arbetspension - Ty\u00f6el\u00e4m\u00e4\u00e4n.fi<\/title>\n<meta name=\"description\" content=\"Pensionen ligger l\u00e5ngt fram i tiden. Grundprincipen \u00e4r att vi tj\u00e4nar in arbetspensionen med l\u00f6nearbete eller f\u00f6retagande.\" \/>\n<meta name=\"robots\" content=\"index, follow, max-snippet:-1, max-image-preview:large, max-video-preview:-1\" \/>\n<link rel=\"canonical\" href=\"https:\/\/tyoelamaan.staging.web-veistamo.fi\/tyon-paattyessa\/tyoelake\/\" \/>\n<meta property=\"og:locale\" content=\"sv_SE\" \/>\n<meta property=\"og:type\" content=\"article\" \/>\n<meta property=\"og:title\" content=\"Arbetspension - Ty\u00f6el\u00e4m\u00e4\u00e4n.fi\" \/>\n<meta property=\"og:description\" content=\"Pensionen ligger l\u00e5ngt fram i tiden. Grundprincipen \u00e4r att vi tj\u00e4nar in arbetspensionen med l\u00f6nearbete eller f\u00f6retagande.\" \/>\n<meta property=\"og:url\" content=\"https:\/\/tyoelamaan.staging.web-veistamo.fi\/tyon-paattyessa\/tyoelake\/\" \/>\n<meta property=\"og:site_name\" content=\"Ty\u00f6el\u00e4m\u00e4\u00e4n.fi\" \/>\n<meta property=\"article:modified_time\" content=\"2024-12-17T04:19:57+00:00\" \/>\n<meta name=\"twitter:card\" content=\"summary_large_image\" \/>\n<meta name=\"twitter:label1\" content=\"Ber\u00e4knad l\u00e4stid\" \/>\n\t<meta name=\"twitter:data1\" content=\"3 minuter\" \/>\n<script type=\"application\/ld+json\" class=\"yoast-schema-graph\">{\"@context\":\"https:\/\/schema.org\",\"@graph\":[{\"@type\":\"WebPage\",\"@id\":\"https:\/\/tyoelamaan.staging.web-veistamo.fi\/tyon-paattyessa\/tyoelake\/\",\"url\":\"https:\/\/tyoelamaan.staging.web-veistamo.fi\/tyon-paattyessa\/tyoelake\/\",\"name\":\"Arbetspension - Ty\u00f6el\u00e4m\u00e4\u00e4n.fi\",\"isPartOf\":{\"@id\":\"https:\/\/tyoelamaan.staging.web-veistamo.fi\/#website\"},\"datePublished\":\"2022-07-11T07:16:02+00:00\",\"dateModified\":\"2024-12-17T04:19:57+00:00\",\"description\":\"Pensionen ligger l\u00e5ngt fram i tiden. Grundprincipen \u00e4r att vi tj\u00e4nar in arbetspensionen med l\u00f6nearbete eller f\u00f6retagande.\",\"breadcrumb\":{\"@id\":\"https:\/\/tyoelamaan.staging.web-veistamo.fi\/tyon-paattyessa\/tyoelake\/#breadcrumb\"},\"inLanguage\":\"sv-SE\",\"potentialAction\":[{\"@type\":\"ReadAction\",\"target\":[\"https:\/\/tyoelamaan.staging.web-veistamo.fi\/tyon-paattyessa\/tyoelake\/\"]}]},{\"@type\":\"BreadcrumbList\",\"@id\":\"https:\/\/tyoelamaan.staging.web-veistamo.fi\/tyon-paattyessa\/tyoelake\/#breadcrumb\",\"itemListElement\":[{\"@type\":\"ListItem\",\"position\":1,\"name\":\"Home\",\"item\":\"https:\/\/tyoelamaan.staging.web-veistamo.fi\/sv\/\"},{\"@type\":\"ListItem\",\"position\":2,\"name\":\"I slutet av arbetet\",\"item\":\"https:\/\/tyoelamaan.staging.web-veistamo.fi\/tyon-paattyessa\/\"},{\"@type\":\"ListItem\",\"position\":3,\"name\":\"Arbetspension\"}]},{\"@type\":\"WebSite\",\"@id\":\"https:\/\/tyoelamaan.staging.web-veistamo.fi\/#website\",\"url\":\"https:\/\/tyoelamaan.staging.web-veistamo.fi\/\",\"name\":\"Ty\u00f6el\u00e4m\u00e4\u00e4n.fi\",\"description\":\"\",\"publisher\":{\"@id\":\"https:\/\/tyoelamaan.staging.web-veistamo.fi\/#organization\"},\"potentialAction\":[{\"@type\":\"SearchAction\",\"target\":{\"@type\":\"EntryPoint\",\"urlTemplate\":\"https:\/\/tyoelamaan.staging.web-veistamo.fi\/?s={search_term_string}\"},\"query-input\":{\"@type\":\"PropertyValueSpecification\",\"valueRequired\":true,\"valueName\":\"search_term_string\"}}],\"inLanguage\":\"sv-SE\"},{\"@type\":\"Organization\",\"@id\":\"https:\/\/tyoelamaan.staging.web-veistamo.fi\/#organization\",\"name\":\"Ty\u00f6el\u00e4m\u00e4\u00e4n.fi\",\"url\":\"https:\/\/tyoelamaan.staging.web-veistamo.fi\/\",\"logo\":{\"@type\":\"ImageObject\",\"inLanguage\":\"sv-SE\",\"@id\":\"https:\/\/tyoelamaan.staging.web-veistamo.fi\/#\/schema\/logo\/image\/\",\"url\":\"https:\/\/tyoelamaan.staging.web-veistamo.fi\/wp-content\/uploads\/2024\/11\/tyoelamaan_logo.svg\",\"contentUrl\":\"https:\/\/tyoelamaan.staging.web-veistamo.fi\/wp-content\/uploads\/2024\/11\/tyoelamaan_logo.svg\",\"width\":131,\"height\":30,\"caption\":\"Ty\u00f6el\u00e4m\u00e4\u00e4n.fi\"},\"image\":{\"@id\":\"https:\/\/tyoelamaan.staging.web-veistamo.fi\/#\/schema\/logo\/image\/\"}}]}<\/script>\n<!-- \/ Yoast SEO plugin. -->","yoast_head_json":{"title":"Arbetspension - Ty\u00f6el\u00e4m\u00e4\u00e4n.fi","description":"Pensionen ligger l\u00e5ngt fram i tiden. Grundprincipen \u00e4r att vi tj\u00e4nar in arbetspensionen med l\u00f6nearbete eller f\u00f6retagande.","robots":{"index":"index","follow":"follow","max-snippet":"max-snippet:-1","max-image-preview":"max-image-preview:large","max-video-preview":"max-video-preview:-1"},"canonical":"https:\/\/tyoelamaan.staging.web-veistamo.fi\/tyon-paattyessa\/tyoelake\/","og_locale":"sv_SE","og_type":"article","og_title":"Arbetspension - Ty\u00f6el\u00e4m\u00e4\u00e4n.fi","og_description":"Pensionen ligger l\u00e5ngt fram i tiden. Grundprincipen \u00e4r att vi tj\u00e4nar in arbetspensionen med l\u00f6nearbete eller f\u00f6retagande.","og_url":"https:\/\/tyoelamaan.staging.web-veistamo.fi\/tyon-paattyessa\/tyoelake\/","og_site_name":"Ty\u00f6el\u00e4m\u00e4\u00e4n.fi","article_modified_time":"2024-12-17T04:19:57+00:00","twitter_card":"summary_large_image","twitter_misc":{"Ber\u00e4knad l\u00e4stid":"3 minuter"},"schema":{"@context":"https:\/\/schema.org","@graph":[{"@type":"WebPage","@id":"https:\/\/tyoelamaan.staging.web-veistamo.fi\/tyon-paattyessa\/tyoelake\/","url":"https:\/\/tyoelamaan.staging.web-veistamo.fi\/tyon-paattyessa\/tyoelake\/","name":"Arbetspension - Ty\u00f6el\u00e4m\u00e4\u00e4n.fi","isPartOf":{"@id":"https:\/\/tyoelamaan.staging.web-veistamo.fi\/#website"},"datePublished":"2022-07-11T07:16:02+00:00","dateModified":"2024-12-17T04:19:57+00:00","description":"Pensionen ligger l\u00e5ngt fram i tiden. Grundprincipen \u00e4r att vi tj\u00e4nar in arbetspensionen med l\u00f6nearbete eller f\u00f6retagande.","breadcrumb":{"@id":"https:\/\/tyoelamaan.staging.web-veistamo.fi\/tyon-paattyessa\/tyoelake\/#breadcrumb"},"inLanguage":"sv-SE","potentialAction":[{"@type":"ReadAction","target":["https:\/\/tyoelamaan.staging.web-veistamo.fi\/tyon-paattyessa\/tyoelake\/"]}]},{"@type":"BreadcrumbList","@id":"https:\/\/tyoelamaan.staging.web-veistamo.fi\/tyon-paattyessa\/tyoelake\/#breadcrumb","itemListElement":[{"@type":"ListItem","position":1,"name":"Home","item":"https:\/\/tyoelamaan.staging.web-veistamo.fi\/sv\/"},{"@type":"ListItem","position":2,"name":"I slutet av arbetet","item":"https:\/\/tyoelamaan.staging.web-veistamo.fi\/tyon-paattyessa\/"},{"@type":"ListItem","position":3,"name":"Arbetspension"}]},{"@type":"WebSite","@id":"https:\/\/tyoelamaan.staging.web-veistamo.fi\/#website","url":"https:\/\/tyoelamaan.staging.web-veistamo.fi\/","name":"Ty\u00f6el\u00e4m\u00e4\u00e4n.fi","description":"","publisher":{"@id":"https:\/\/tyoelamaan.staging.web-veistamo.fi\/#organization"},"potentialAction":[{"@type":"SearchAction","target":{"@type":"EntryPoint","urlTemplate":"https:\/\/tyoelamaan.staging.web-veistamo.fi\/?s={search_term_string}"},"query-input":{"@type":"PropertyValueSpecification","valueRequired":true,"valueName":"search_term_string"}}],"inLanguage":"sv-SE"},{"@type":"Organization","@id":"https:\/\/tyoelamaan.staging.web-veistamo.fi\/#organization","name":"Ty\u00f6el\u00e4m\u00e4\u00e4n.fi","url":"https:\/\/tyoelamaan.staging.web-veistamo.fi\/","logo":{"@type":"ImageObject","inLanguage":"sv-SE","@id":"https:\/\/tyoelamaan.staging.web-veistamo.fi\/#\/schema\/logo\/image\/","url":"https:\/\/tyoelamaan.staging.web-veistamo.fi\/wp-content\/uploads\/2024\/11\/tyoelamaan_logo.svg","contentUrl":"https:\/\/tyoelamaan.staging.web-veistamo.fi\/wp-content\/uploads\/2024\/11\/tyoelamaan_logo.svg","width":131,"height":30,"caption":"Ty\u00f6el\u00e4m\u00e4\u00e4n.fi"},"image":{"@id":"https:\/\/tyoelamaan.staging.web-veistamo.fi\/#\/schema\/logo\/image\/"}}]}},"_links":{"self":[{"href":"https:\/\/tyoelamaan.staging.web-veistamo.fi\/sv\/wp-json\/wp\/v2\/pages\/9325","targetHints":{"allow":["GET"]}}],"collection":[{"href":"https:\/\/tyoelamaan.staging.web-veistamo.fi\/sv\/wp-json\/wp\/v2\/pages"}],"about":[{"href":"https:\/\/tyoelamaan.staging.web-veistamo.fi\/sv\/wp-json\/wp\/v2\/types\/page"}],"author":[{"embeddable":true,"href":"https:\/\/tyoelamaan.staging.web-veistamo.fi\/sv\/wp-json\/wp\/v2\/users\/3"}],"replies":[{"embeddable":true,"href":"https:\/\/tyoelamaan.staging.web-veistamo.fi\/sv\/wp-json\/wp\/v2\/comments?post=9325"}],"version-history":[{"count":5,"href":"https:\/\/tyoelamaan.staging.web-veistamo.fi\/sv\/wp-json\/wp\/v2\/pages\/9325\/revisions"}],"predecessor-version":[{"id":12542,"href":"https:\/\/tyoelamaan.staging.web-veistamo.fi\/sv\/wp-json\/wp\/v2\/pages\/9325\/revisions\/12542"}],"up":[{"embeddable":true,"href":"https:\/\/tyoelamaan.staging.web-veistamo.fi\/sv\/wp-json\/wp\/v2\/pages\/10639"}],"wp:attachment":[{"href":"https:\/\/tyoelamaan.staging.web-veistamo.fi\/sv\/wp-json\/wp\/v2\/media?parent=9325"}],"wp:term":[{"taxonomy":"asiasana","embeddable":true,"href":"https:\/\/tyoelamaan.staging.web-veistamo.fi\/sv\/wp-json\/wp\/v2\/asiasana?post=9325"},{"taxonomy":"omistaja","embeddable":true,"href":"https:\/\/tyoelamaan.staging.web-veistamo.fi\/sv\/wp-json\/wp\/v2\/omistaja?post=9325"}],"curies":[{"name":"wp","href":"https:\/\/api.w.org\/{rel}","templated":true}]}}