{"id":6190,"date":"2022-07-07T13:12:24","date_gmt":"2022-07-07T10:12:24","guid":{"rendered":"https:\/\/tyoelamaan.fi\/?page_id=6190"},"modified":"2024-12-17T06:19:55","modified_gmt":"2024-12-17T04:19:55","slug":"lon","status":"publish","type":"page","link":"https:\/\/tyoelamaan.staging.web-veistamo.fi\/sv\/anstallningsforhallande\/lon\/","title":{"rendered":"L\u00f6n"},"content":{"rendered":"\n<p>L\u00f6n betalas f\u00f6r utf\u00f6rt arbete. L\u00f6nebetalningen kan bygga p\u00e5 tid (tim- eller m\u00e5nadsl\u00f6n) eller p\u00e5 arbetets utf\u00f6rande och resultat. L\u00f6nen och dess best\u00e4mningsgrund ska antecknas i&nbsp;arbetsavtalet. Ut\u00f6ver l\u00f6nen kan arbetsgivaren ocks\u00e5 erbjuda <a href=\"https:\/\/www.vero.fi\/sv\/privatpersoner\/skattekort-och-skattedeklaration\/inkomster\/f\u00f6rv\u00e4rvsinkomster\/anstallningsformane\/\" target=\"_blank\" rel=\"noreferrer noopener\">anst\u00e4llningsf\u00f6rm\u00e5ner<\/a>, till exempel lunchssedlar, motions- och kultursedlar eller en personalbiljett.<\/p>\n\n\n\n<p>Kanske du ocks\u00e5 h\u00f6rt termerna arvode eller&nbsp;arbetsers\u00e4ttning. Vid \u00f6verenskommelse om arbete \u00e4r det viktigt att kontrollera f\u00f6rslaget om betalningen av ers\u00e4ttningen f\u00f6r jobbet. Den h\u00e4r detaljen har betydelse f\u00f6r arbetstagaren, eftersom arbetsers\u00e4ttning inte beskattas som l\u00f6n utan som inkomst av r\u00f6relse och yrke eller som personlig f\u00f6rv\u00e4rvsinkomst.<\/p>\n\n\n\n<h2 class=\"wp-block-heading\">L\u00f6nebeloppet<\/h2>\n\n\n\n<p>L\u00f6nebeloppet avtalas med arbetsavtalet. I <a href=\"https:\/\/tyoelamaan.staging.web-veistamo.fi\/sv\/blog\/2022\/07\/11\/vad-ar-ett-kollektivavtal\/\" target=\"_blank\" rel=\"noreferrer noopener\">kollektivavtalen<\/a> f\u00f6r olika branscher avtalas i allm\u00e4nhet om grunderna f\u00f6r best\u00e4mmandet av l\u00f6nen och om minimil\u00f6nerna. L\u00f6nen f\u00e5r inte vara mindre \u00e4n minimil\u00f6nen, men den kan naturligtvis vara st\u00f6rre. Om det inte finns ett kollektivavtal f\u00f6r branschen har arbetstagaren r\u00e4tt att f\u00e5 sedvanlig och sk\u00e4lig l\u00f6n f\u00f6r det arbete som arbetstagaren utf\u00f6r.<\/p>\n\n\n\n<p>Kanske du ocks\u00e5 h\u00f6rt termerna arvode eller&nbsp;arbetsers\u00e4ttning. Vid \u00f6verenskommelse om arbete \u00e4r det viktigt att kontrollera f\u00f6rslaget om betalningen av ers\u00e4ttningen f\u00f6r jobbet. Den h\u00e4r detaljen har betydelse f\u00f6r arbetstagaren, eftersom arbetsers\u00e4ttning inte beskattas som l\u00f6n utan som inkomst av r\u00f6relse och yrke eller som personlig f\u00f6rv\u00e4rvsinkomst.<\/p>\n\n\n\n<h3 class=\"wp-block-heading\">Personliga till\u00e4gg och arbetserfarenhetstill\u00e4gg<\/h3>\n\n\n\n<p>I kollektivavtalen avtalas ofta om ett l\u00f6nesystem d\u00e4r till exempel arbetets kravniv\u00e5 och arbetstagarens arbetsprestation p\u00e5verkar l\u00f6nebeloppet. \u00c4ven betalningen av <strong>arbetserfarenhetstill\u00e4gg<\/strong> bygger p\u00e5 kollektivavtal. Enligt systemet med arbetserfarenhetsavtal stiger l\u00f6nen automatiskt n\u00e4r personen arbetat i f\u00f6retaget en best\u00e4md tid.<\/p>\n\n\n\n<p>Ett personligt till\u00e4gg kan bygga p\u00e5 arbetsavtalet eller p\u00e5 f\u00f6retagets praxis.&nbsp;Personliga till\u00e4gg bygger p\u00e5 utv\u00e4rdering av arbetsprestationen, och s\u00e5dana till\u00e4gg kan betalas ut till exempel utifr\u00e5n arbetsprestationer, resultat, m\u00e5ngkunnighet eller samarbetsf\u00f6rm\u00e5ga. &nbsp;<\/p>\n\n\n\n<h3 class=\"wp-block-heading\">Praktikantl\u00f6n<\/h3>\n\n\n\n<p>Praktik som anknyter till studier kan vara med eller utan l\u00f6n. Det \u00e4r viktigt att du kommer skriftligen \u00f6verens med arbetsgivaren om l\u00f6nen p\u00e5 f\u00f6rhand.&nbsp; Praktikantl\u00f6ner \u00e4r ofta l\u00e4gre \u00e4n normalt eftersom arbetsgivaren anv\u00e4nder mer tid under praktiken f\u00f6r att handleda den studerande. &nbsp;I vissa branscher best\u00e4ms praktikantl\u00f6nen i kollektivavtalet. Den kan vara till exempel 70\u201390 procent av den l\u00e4gsta tabell\u00f6nen i branschen.&nbsp;<\/p>\n\n\n\n<h3 class=\"wp-block-heading\">\u00c4r din l\u00f6n f\u00f6r l\u00e5g?<\/h3>\n\n\n\n<p>Om du uppt\u00e4cker att din l\u00f6n \u00e4r l\u00e4gre \u00e4n minimil\u00f6nen enligt kollektivavtalet f\u00f6r branschen, ska du utreda saken tillsammans med din chef och&nbsp;<a href=\"https:\/\/tyoelamaan.staging.web-veistamo.fi\/sv\/blog\/2022\/07\/11\/fortroendemannen-ger-dig-rad-och-stod-och-bevakar-dina-intressen-pa-arbetsplatsen\/\" target=\"_blank\" rel=\"noreferrer noopener\">f\u00f6rtroendemannen<\/a>. Prata med chefen eller f\u00f6rtroendemannen ocks\u00e5 om du uppt\u00e4cker oklara l\u00f6neskillnader. Du kan ha r\u00e5kat ut f\u00f6r l\u00f6nediskriminering.<\/p>\n\n\n\n<h2 class=\"wp-block-heading\">L\u00f6nef\u00f6rh\u00f6jningar<\/h2>\n\n\n\n<p>L\u00f6nen h\u00f6js i enlighet med <a href=\"https:\/\/tyoelamaan.staging.web-veistamo.fi\/sv\/blog\/2022\/07\/11\/vad-ar-ett-kollektivavtal\/\" target=\"_blank\" rel=\"noreferrer noopener\">arbets- och tj\u00e4nstekollektivavtalen<\/a>, men arbetsgivaren f\u00e5r h\u00f6ja l\u00f6nen mer \u00e4n vad som avtalats i kollektivavtalet. L\u00f6nen kan d\u00e4remot inte s\u00e4nkas utan ditt samtycke.<\/p>\n\n\n\n<h3 class=\"wp-block-heading\">Be om l\u00f6nef\u00f6rh\u00f6jning<\/h3>\n\n\n\n<p>Det \u00e4r viktigt att du aktivt f\u00f6ljer med din l\u00f6n i relation till den m\u00e4ngd arbete som du g\u00f6r. N\u00e4r du funderar p\u00e5 att be om l\u00f6nef\u00f6rh\u00f6jning, kan du f\u00f6rbereda dig f\u00f6r samtalet med din chef genom att kontrollera i kollektivavtalet var din l\u00f6n placerar sig i l\u00f6nesystemet och i fackf\u00f6rbundets l\u00f6nestatistik hur din l\u00f6n f\u00f6rh\u00e5ller sig till marknadsl\u00f6nerna.<\/p>\n\n\n\n<p>Du kan motivera l\u00f6nef\u00f6rh\u00f6jningen till exempel genom att din kompetens eller dina arbetsprestationer utvecklats. Det \u00e4r bra att regelbundet f\u00f6rhandla om l\u00f6nen till exempel i anslutning till utvecklingssamtal, eller s\u00e5 kan du komma \u00f6verens om ett separat m\u00f6te f\u00f6r \u00e4renden som g\u00e4ller l\u00f6nen.&nbsp;<\/p>\n\n\n\n<h2 class=\"wp-block-heading\">L\u00f6nedagen<\/h2>\n\n\n\n<p>L\u00f6nen betalas ut minst en g\u00e5ng i m\u00e5naden, och till arbetstagare med timl\u00f6n tv\u00e5 g\u00e5nger om m\u00e5naden. Detta kallas f\u00f6r l\u00f6nebetalningsperioden.&nbsp;Det finns anledning att anteckna l\u00f6nebetalningsperioden och l\u00f6nedagen, dvs. dagen d\u00e5 arbetstagaren kan ta ut sin l\u00f6n fr\u00e5n kontot, i arbetsavtalet. L\u00f6nen ska betalas in p\u00e5 det konto som arbetstagaren anvisar.<\/p>\n\n\n\n<p><strong>Om l\u00f6nebetalningsdagen \u00e4r en s\u00f6ndag, en s\u00f6ckenhelg eller helgfri l\u00f6rdag, \u00e4r l\u00f6nens f\u00f6rfallodag den f\u00f6reg\u00e5ende vardagen.<\/strong><\/p>\n\n\n\n<p>Arbetstagaren ska f\u00e5 en specifikation \u00f6ver den utbetalda l\u00f6nen. Av specifikationen ska framg\u00e5 l\u00f6nen, skatterna och de lagstadgade avgifterna, till exempel arbetsl\u00f6shetsf\u00f6rs\u00e4kringspremien och arbetspensionspremien. Kontrollera alltid l\u00f6nespecifikationen omsorgsfullt och ber\u00e4tta genast f\u00f6r arbetsgivaren om eventuella fel. Om l\u00f6nebetalningsdagen \u00e4r en s\u00f6ndag, en s\u00f6ckenhelg eller helgfri l\u00f6rdag, \u00e4r l\u00f6nens f\u00f6rfallodag den f\u00f6reg\u00e5ende vardagen.<\/p>\n\n\n\n<h3 class=\"wp-block-heading\">Arbetstidsrelaterade till\u00e4gg<\/h3>\n\n\n\n<p>I l\u00f6nen kan ocks\u00e5 ing\u00e5 till\u00e4gg av olika slag. Beroende p\u00e5 tidpunkten n\u00e4r arbetet har utf\u00f6rts kan arbetsgivaren ut\u00f6ver l\u00f6nen betala till exempel till\u00e4gg f\u00f6r arbete p\u00e5 <strong>kv\u00e4llstid, nattetid, l\u00f6rdag, s\u00f6ndag<\/strong> eller <strong>s\u00f6ckenhelg<\/strong>. Till exempel f\u00f6r arbete som utf\u00f6rts p\u00e5 s\u00f6ndag betalas l\u00f6n som f\u00f6rh\u00f6jts med 100 procent.<\/p>\n\n\n\n<p>De till\u00e4gg som betalas ut och deras belopp avtalas i allm\u00e4nhet i branschens kollektivavtal. Det \u00e4r bra att i b\u00f6rjan av anst\u00e4llningen kontrollera vilka till\u00e4gg som betalas ut f\u00f6r arbete till exempel p\u00e5 kv\u00e4llstid eller veckoslut.<\/p>\n\n\n\n<p><strong>\u00d6vertidsers\u00e4ttningen<\/strong> f\u00f6r de tv\u00e5 f\u00f6rsta arbetstimmarna \u00e4r 50 procent och f\u00f6r de d\u00e4rp\u00e5 f\u00f6ljande timmarna 100 procent. Arbetsgivaren och arbetstagaren kan ocks\u00e5 komma \u00f6verens om att mertids- eller \u00f6vertidsers\u00e4ttningen byts ut mot fritid.<\/p>\n\n\n\n<h2 class=\"wp-block-heading\">L\u00f6nespecifikationen<\/h2>\n\n\n\n<p>I anslutning till utbetalningen av l\u00f6nen ges en l\u00f6nespecifikation, av vilken framg\u00e5r l\u00f6nebeloppet och grunderna f\u00f6r beloppets best\u00e4mmande. Av specifikationen framg\u00e5r dessutom eventuella l\u00f6netill\u00e4gg (t.ex. mertids- och \u00f6vertidsers\u00e4ttningar), skattefria ers\u00e4ttningar som betalats ut, anst\u00e4llningsf\u00f6rm\u00e5ner samt skatter som debiterats p\u00e5 l\u00f6nen, dvs. f\u00f6rskottsinneh\u00e5llning, pensions- och socialskyddsavgifter och eventuella andra avgifter, till exempel fackf\u00f6reningens medlemsavgift.<\/p>\n\n\n\n<p><strong>Kontrollera alltid att alla n\u00f6dv\u00e4ndiga avgifter och belopp syns p\u00e5 l\u00f6nespecifikationen.<\/strong>&nbsp;Om skatterna eller pensions- och socialskyddsavgifterna inte \u00e4r specificerade p\u00e5 l\u00f6nespecifikationen, kan det h\u00e4nda att arbetsgivaren l\u00e5tit bli att betala dem. I vardagsspr\u00e5ket pratar man om den gr\u00e5 ekonomin. St\u00f6d den inte genom att svartjobba.<\/p>\n\n\n\n<p>Det \u00e4r ocks\u00e5 m\u00f6jligt att ge en elektronisk l\u00f6nespecifikation. M\u00e5nga arbetsplatser har helt slopat l\u00f6nespecifikationer p\u00e5 papper. Den elektroniska l\u00f6nespecifikationen finns vanligen i din n\u00e4tbank.<\/p>\n\n\n\n<h2 class=\"wp-block-heading\">Avdrag p\u00e5 l\u00f6nen<\/h2>\n\n\n\n<div class=\"wp-block-as-blocks-accordion-block\"><div class=\"accordion\"><div class=\"accordion-item\"><h4 class=\"accordion-header\" id=\"block-9739ed3a-d6ca-4df8-9619-b61e79bfbb4dheading\"><button class=\"accordion-button collapsed\" type=\"button\" data-bs-toggle=\"collapse\" data-bs-target=\"#block-9739ed3a-d6ca-4df8-9619-b61e79bfbb4d\" aria-expanded=\"false\" aria-controls=\"block-9739ed3a-d6ca-4df8-9619-b61e79bfbb4d\">F\u00f6rskottsinneh\u00e5llning<\/button><\/h4><div id=\"block-9739ed3a-d6ca-4df8-9619-b61e79bfbb4d\" class=\"accordion-collapse collapse\" aria-labelledby=\"block-9739ed3a-d6ca-4df8-9619-b61e79bfbb4dheading\"><div class=\"accordion-body\">\n<p>F\u00f6rskottsinneh\u00e5llningen \u00e4r en inkomstskatt som inneh\u00e5lls direkt fr\u00e5n l\u00f6nen. F\u00f6r att betala f\u00f6rskottsinneh\u00e5llningen beh\u00f6ver din arbetsgivare ditt skattekort. Skattens belopp varierar beroende p\u00e5 dina inkomster \u2013 kontrollera din egen skatteprocent i ditt skattekort eller p\u00e5\u00a0<a href=\"https:\/\/www.vero.fi\/sv\/privatpersoner\/\">webbplatsen vero.fi.<\/a>\u00a0Du beh\u00f6ver webbankkoder f\u00f6r att logga in p\u00e5 MinSkatt-sidorna.<\/p>\n<\/div><\/div><\/div><\/div><\/div>\n\n\n\n<div class=\"wp-block-as-blocks-accordion-block\"><div class=\"accordion\"><div class=\"accordion-item\"><h4 class=\"accordion-header\" id=\"block-03ef03d8-f968-4305-8332-603ab638d62aheading\"><button class=\"accordion-button collapsed\" type=\"button\" data-bs-toggle=\"collapse\" data-bs-target=\"#block-03ef03d8-f968-4305-8332-603ab638d62a\" aria-expanded=\"false\" aria-controls=\"block-03ef03d8-f968-4305-8332-603ab638d62a\">Arbetsl\u00f6shetsf\u00f6rs\u00e4kringsavgift<\/button><\/h4><div id=\"block-03ef03d8-f968-4305-8332-603ab638d62a\" class=\"accordion-collapse collapse\" aria-labelledby=\"block-03ef03d8-f968-4305-8332-603ab638d62aheading\"><div class=\"accordion-body\">\n<p>Fr\u00e5n l\u00f6n som betalas ut till arbetstagare i \u00e5ldern 17\u201364 \u00e5r inneh\u00e5lls en arbetsl\u00f6shetsf\u00f6rs\u00e4kringsavgift varje g\u00e5ng som l\u00f6n betalas ut.&nbsp;Arbetsl\u00f6shetsf\u00f6rm\u00e5nerna&nbsp;finansieras med arbetsgivarens och l\u00f6ntagarnas arbetsl\u00f6shetsf\u00f6rs\u00e4kringsavgifter och med en andel som staten betalar. Inkomstskyddet finansieras med&nbsp;<a href=\"https:\/\/tyoelamaan.staging.web-veistamo.fi\/sv\/jag-i-arbetslivet\/medlem-i-ett-fackforbund\/\">arbetsl\u00f6shetskassornas medlemsavgifter<\/a>. Med arbetsl\u00f6shetsf\u00f6rs\u00e4kringsavgifterna finansieras det inkomstrelaterade utkomstskyddet vid arbetsl\u00f6shet, men ocks\u00e5 vuxenutbildningsst\u00f6det och delvis \u00e4ven vissa pensionsf\u00f6rm\u00e5ner.<\/p>\n\n\n\n<p>Det ska finnas en anteckning om arbetsl\u00f6shetsf\u00f6rs\u00e4kringsavgiften p\u00e5 l\u00f6nekvittot, precis som om arbetspensionsf\u00f6rs\u00e4kringsavgiften. Det \u00e4r bra att kontrollera sitt l\u00f6nekvitto f\u00f6r b\u00e5de l\u00f6nens och avgifternas del. St\u00f6d inte den gr\u00e5 ekonomin genom att svartjobba!<\/p>\n<\/div><\/div><\/div><\/div><\/div>\n\n\n\n<div class=\"wp-block-as-blocks-accordion-block\"><div class=\"accordion\"><div class=\"accordion-item\"><h4 class=\"accordion-header\" id=\"block-fb2c17d1-140e-42fe-9944-a22ca66f5de9heading\"><button class=\"accordion-button collapsed\" type=\"button\" data-bs-toggle=\"collapse\" data-bs-target=\"#block-fb2c17d1-140e-42fe-9944-a22ca66f5de9\" aria-expanded=\"false\" aria-controls=\"block-fb2c17d1-140e-42fe-9944-a22ca66f5de9\">Arbetspensionsf\u00f6rs\u00e4kringavgiften<\/button><\/h4><div id=\"block-fb2c17d1-140e-42fe-9944-a22ca66f5de9\" class=\"accordion-collapse collapse\" aria-labelledby=\"block-fb2c17d1-140e-42fe-9944-a22ca66f5de9heading\"><div class=\"accordion-body\">\n<p>I Finland finansieras arbetspensionerna i huvudsak med arbetspensionsf\u00f6rs\u00e4kringsavgifter som inneh\u00e5lls varje g\u00e5ng som l\u00f6n betalas ut. Arbetspensionsavgifter betalar arbetsgivare och arbetstagare p\u00e5 b\u00e5de den offentliga och privata sektorn. Arbetspensionsavgiften \u00e4r till sin karakt\u00e4r en f\u00f6rs\u00e4kringspremie, som f\u00f6rs\u00e4krar oss f\u00f6r den eventualitet att allt inte g\u00e5r som planerat.<\/p>\n\n\n\n<p>Det \u00e4r bra att kontrollera sitt l\u00f6nekvitto f\u00f6r b\u00e5de l\u00f6nens och arbetspensionsavgifternas del. St\u00f6d inte den gr\u00e5 ekonomin genom att svartjobba, eftersom svartjobb inte ackumulerar pension.<\/p>\n<\/div><\/div><\/div><\/div><\/div>\n\n\n\n<div class=\"wp-block-as-blocks-accordion-block\"><div class=\"accordion\"><div class=\"accordion-item\"><h4 class=\"accordion-header\" id=\"block-c22b4b63-5c61-430e-8eda-b3b6515d9857heading\"><button class=\"accordion-button collapsed\" type=\"button\" data-bs-toggle=\"collapse\" data-bs-target=\"#block-c22b4b63-5c61-430e-8eda-b3b6515d9857\" aria-expanded=\"false\" aria-controls=\"block-c22b4b63-5c61-430e-8eda-b3b6515d9857\">Skattebelagda anst\u00e4llningsf\u00f6rm\u00e5ner<\/button><\/h4><div id=\"block-c22b4b63-5c61-430e-8eda-b3b6515d9857\" class=\"accordion-collapse collapse\" aria-labelledby=\"block-c22b4b63-5c61-430e-8eda-b3b6515d9857heading\"><div class=\"accordion-body\">\n<p>I anslutning till en anst\u00e4llning kan arbetstagaren f\u00e5 s\u00e5 kallade naturaf\u00f6rm\u00e5ner som arbetsgivaren betalar till arbetstagaren i n\u00e5gon annan form \u00e4n som penningl\u00f6n. Exempel p\u00e5 s\u00e5dana f\u00f6rm\u00e5ner \u00e4r lunchf\u00f6rm\u00e5n, telefonf\u00f6rm\u00e5n, personalbiljett, motions- eller kultursedel eller bilf\u00f6rm\u00e5n. Skattef\u00f6rvaltningen best\u00e4mmer \u00e5rligen beskattningsv\u00e4rdet p\u00e5 dessa f\u00f6rm\u00e5ner, och de beskattas sedan utifr\u00e5n det.\u00a0Det \u00e4r dock relativt f\u00e5 arbetstagare som f\u00e5r tillg\u00e5ng till naturaf\u00f6rm\u00e5ner av det h\u00e4r slaget, fr\u00e4mst personer i ledande st\u00e4llning.<\/p>\n<\/div><\/div><\/div><\/div><\/div>\n\n\n\n<div class=\"wp-block-as-blocks-accordion-block\"><div class=\"accordion\"><div class=\"accordion-item\"><h4 class=\"accordion-header\" id=\"block-212ae6d0-65ec-49bd-bf4b-b693850beec7heading\"><button class=\"accordion-button collapsed\" type=\"button\" data-bs-toggle=\"collapse\" data-bs-target=\"#block-212ae6d0-65ec-49bd-bf4b-b693850beec7\" aria-expanded=\"false\" aria-controls=\"block-212ae6d0-65ec-49bd-bf4b-b693850beec7\">Fackf\u00f6reningens medlemsavgift<\/button><\/h4><div id=\"block-212ae6d0-65ec-49bd-bf4b-b693850beec7\" class=\"accordion-collapse collapse\" aria-labelledby=\"block-212ae6d0-65ec-49bd-bf4b-b693850beec7heading\"><div class=\"accordion-body\">\n<p>Du kan betala din fackf\u00f6reningsavgift till ditt\u00a0<a href=\"https:\/\/tyoelamaan.staging.web-veistamo.fi\/sv\/jag-i-arbetslivet\/medlem-i-ett-fackforbund\/\">fackf\u00f6rbund<\/a>\u00a0sj\u00e4lv, eller s\u00e5 kan du fylla i ett debiteringsavtal och be att din arbetsgivare inneh\u00e5ller avgiften direkt fr\u00e5n din l\u00f6n. Du kan dra av fackf\u00f6reningsavgifterna i beskattningen. F\u00f6r mer information, g\u00e5 till webbplatsen f\u00f6r din fackf\u00f6rening.<\/p>\n<\/div><\/div><\/div><\/div><\/div>\n\n\n\n<h3 class=\"wp-block-heading\">Indirekta arbetskraftskostnader<\/h3>\n\n\n\n<p>En arbetstagare medf\u00f6r kostnader f\u00f6r arbetsgivaren. Dessa arbetskraftskostnader kallas f\u00f6r indirekta arbetskraftskostnader. Arbetskraftskostnaderna kan indelas i l\u00f6n f\u00f6r utf\u00f6rd arbetstid, indirekta l\u00f6ner, socialf\u00f6rs\u00e4kringsavgifter som arbetsgivaren betalar och f\u00f6retagsspecifika arbetskraftskostnader.<\/p>\n","protected":false},"excerpt":{"rendered":"<p>L\u00f6n betalas f\u00f6r utf\u00f6rt arbete. L\u00f6nebetalningen kan bygga p\u00e5 tid (tim- eller m\u00e5nadsl\u00f6n) eller p\u00e5 arbetets utf\u00f6rande och resultat. L\u00f6nen och dess best\u00e4mningsgrund ska antecknas i&nbsp;arbetsavtalet. Ut\u00f6ver l\u00f6nen kan arbetsgivaren ocks\u00e5 erbjuda anst\u00e4llningsf\u00f6rm\u00e5ner, till exempel lunchssedlar, motions- och kultursedlar eller en personalbiljett. Kanske du ocks\u00e5 h\u00f6rt termerna arvode eller&nbsp;arbetsers\u00e4ttning. Vid \u00f6verenskommelse om arbete \u00e4r det [&hellip;]<\/p>\n","protected":false},"author":3,"featured_media":0,"parent":6132,"menu_order":0,"comment_status":"closed","ping_status":"closed","template":"","meta":{"_acf_changed":false,"footnotes":""},"asiasana":[],"omistaja":[56],"class_list":["post-6190","page","type-page","status-publish","hentry","omistaja-inka-douglas"],"acf":[],"yoast_head":"<!-- This site is optimized with the Yoast SEO plugin v26.5 - https:\/\/yoast.com\/wordpress\/plugins\/seo\/ -->\n<title>L\u00f6n - Ty\u00f6el\u00e4m\u00e4\u00e4n.fi<\/title>\n<meta name=\"description\" content=\"L\u00f6n betalas f\u00f6r utf\u00f6rt arbete. L\u00f6nen och dess best\u00e4mningsgrund ska antecknas i arbetsavtalet.\" \/>\n<meta name=\"robots\" content=\"index, follow, max-snippet:-1, max-image-preview:large, max-video-preview:-1\" \/>\n<link rel=\"canonical\" href=\"https:\/\/tyoelamaan.staging.web-veistamo.fi\/tyosuhde\/palkka\/\" \/>\n<meta property=\"og:locale\" content=\"sv_SE\" \/>\n<meta property=\"og:type\" content=\"article\" \/>\n<meta property=\"og:title\" content=\"L\u00f6n - Ty\u00f6el\u00e4m\u00e4\u00e4n.fi\" \/>\n<meta property=\"og:description\" content=\"L\u00f6n betalas f\u00f6r utf\u00f6rt arbete. L\u00f6nen och dess best\u00e4mningsgrund ska antecknas i arbetsavtalet.\" \/>\n<meta property=\"og:url\" content=\"https:\/\/tyoelamaan.staging.web-veistamo.fi\/tyosuhde\/palkka\/\" \/>\n<meta property=\"og:site_name\" content=\"Ty\u00f6el\u00e4m\u00e4\u00e4n.fi\" \/>\n<meta property=\"article:modified_time\" content=\"2024-12-17T04:19:55+00:00\" \/>\n<meta name=\"twitter:card\" content=\"summary_large_image\" \/>\n<meta name=\"twitter:label1\" content=\"Ber\u00e4knad l\u00e4stid\" \/>\n\t<meta name=\"twitter:data1\" content=\"6 minuter\" \/>\n<script type=\"application\/ld+json\" class=\"yoast-schema-graph\">{\"@context\":\"https:\/\/schema.org\",\"@graph\":[{\"@type\":\"WebPage\",\"@id\":\"https:\/\/tyoelamaan.staging.web-veistamo.fi\/tyosuhde\/palkka\/\",\"url\":\"https:\/\/tyoelamaan.staging.web-veistamo.fi\/tyosuhde\/palkka\/\",\"name\":\"L\u00f6n - Ty\u00f6el\u00e4m\u00e4\u00e4n.fi\",\"isPartOf\":{\"@id\":\"https:\/\/tyoelamaan.staging.web-veistamo.fi\/#website\"},\"datePublished\":\"2022-07-07T10:12:24+00:00\",\"dateModified\":\"2024-12-17T04:19:55+00:00\",\"description\":\"L\u00f6n betalas f\u00f6r utf\u00f6rt arbete. L\u00f6nen och dess best\u00e4mningsgrund ska antecknas i arbetsavtalet.\",\"breadcrumb\":{\"@id\":\"https:\/\/tyoelamaan.staging.web-veistamo.fi\/tyosuhde\/palkka\/#breadcrumb\"},\"inLanguage\":\"sv-SE\",\"potentialAction\":[{\"@type\":\"ReadAction\",\"target\":[\"https:\/\/tyoelamaan.staging.web-veistamo.fi\/tyosuhde\/palkka\/\"]}]},{\"@type\":\"BreadcrumbList\",\"@id\":\"https:\/\/tyoelamaan.staging.web-veistamo.fi\/tyosuhde\/palkka\/#breadcrumb\",\"itemListElement\":[{\"@type\":\"ListItem\",\"position\":1,\"name\":\"Home\",\"item\":\"https:\/\/tyoelamaan.staging.web-veistamo.fi\/sv\/\"},{\"@type\":\"ListItem\",\"position\":2,\"name\":\"Anst\u00e4llningsf\u00f6rh\u00e5llande\",\"item\":\"https:\/\/tyoelamaan.staging.web-veistamo.fi\/tyosuhde\/\"},{\"@type\":\"ListItem\",\"position\":3,\"name\":\"L\u00f6n\"}]},{\"@type\":\"WebSite\",\"@id\":\"https:\/\/tyoelamaan.staging.web-veistamo.fi\/#website\",\"url\":\"https:\/\/tyoelamaan.staging.web-veistamo.fi\/\",\"name\":\"Ty\u00f6el\u00e4m\u00e4\u00e4n.fi\",\"description\":\"\",\"publisher\":{\"@id\":\"https:\/\/tyoelamaan.staging.web-veistamo.fi\/#organization\"},\"potentialAction\":[{\"@type\":\"SearchAction\",\"target\":{\"@type\":\"EntryPoint\",\"urlTemplate\":\"https:\/\/tyoelamaan.staging.web-veistamo.fi\/?s={search_term_string}\"},\"query-input\":{\"@type\":\"PropertyValueSpecification\",\"valueRequired\":true,\"valueName\":\"search_term_string\"}}],\"inLanguage\":\"sv-SE\"},{\"@type\":\"Organization\",\"@id\":\"https:\/\/tyoelamaan.staging.web-veistamo.fi\/#organization\",\"name\":\"Ty\u00f6el\u00e4m\u00e4\u00e4n.fi\",\"url\":\"https:\/\/tyoelamaan.staging.web-veistamo.fi\/\",\"logo\":{\"@type\":\"ImageObject\",\"inLanguage\":\"sv-SE\",\"@id\":\"https:\/\/tyoelamaan.staging.web-veistamo.fi\/#\/schema\/logo\/image\/\",\"url\":\"https:\/\/tyoelamaan.staging.web-veistamo.fi\/wp-content\/uploads\/2024\/11\/tyoelamaan_logo.svg\",\"contentUrl\":\"https:\/\/tyoelamaan.staging.web-veistamo.fi\/wp-content\/uploads\/2024\/11\/tyoelamaan_logo.svg\",\"width\":131,\"height\":30,\"caption\":\"Ty\u00f6el\u00e4m\u00e4\u00e4n.fi\"},\"image\":{\"@id\":\"https:\/\/tyoelamaan.staging.web-veistamo.fi\/#\/schema\/logo\/image\/\"}}]}<\/script>\n<!-- \/ Yoast SEO plugin. -->","yoast_head_json":{"title":"L\u00f6n - Ty\u00f6el\u00e4m\u00e4\u00e4n.fi","description":"L\u00f6n betalas f\u00f6r utf\u00f6rt arbete. L\u00f6nen och dess best\u00e4mningsgrund ska antecknas i arbetsavtalet.","robots":{"index":"index","follow":"follow","max-snippet":"max-snippet:-1","max-image-preview":"max-image-preview:large","max-video-preview":"max-video-preview:-1"},"canonical":"https:\/\/tyoelamaan.staging.web-veistamo.fi\/tyosuhde\/palkka\/","og_locale":"sv_SE","og_type":"article","og_title":"L\u00f6n - Ty\u00f6el\u00e4m\u00e4\u00e4n.fi","og_description":"L\u00f6n betalas f\u00f6r utf\u00f6rt arbete. L\u00f6nen och dess best\u00e4mningsgrund ska antecknas i arbetsavtalet.","og_url":"https:\/\/tyoelamaan.staging.web-veistamo.fi\/tyosuhde\/palkka\/","og_site_name":"Ty\u00f6el\u00e4m\u00e4\u00e4n.fi","article_modified_time":"2024-12-17T04:19:55+00:00","twitter_card":"summary_large_image","twitter_misc":{"Ber\u00e4knad l\u00e4stid":"6 minuter"},"schema":{"@context":"https:\/\/schema.org","@graph":[{"@type":"WebPage","@id":"https:\/\/tyoelamaan.staging.web-veistamo.fi\/tyosuhde\/palkka\/","url":"https:\/\/tyoelamaan.staging.web-veistamo.fi\/tyosuhde\/palkka\/","name":"L\u00f6n - Ty\u00f6el\u00e4m\u00e4\u00e4n.fi","isPartOf":{"@id":"https:\/\/tyoelamaan.staging.web-veistamo.fi\/#website"},"datePublished":"2022-07-07T10:12:24+00:00","dateModified":"2024-12-17T04:19:55+00:00","description":"L\u00f6n betalas f\u00f6r utf\u00f6rt arbete. L\u00f6nen och dess best\u00e4mningsgrund ska antecknas i arbetsavtalet.","breadcrumb":{"@id":"https:\/\/tyoelamaan.staging.web-veistamo.fi\/tyosuhde\/palkka\/#breadcrumb"},"inLanguage":"sv-SE","potentialAction":[{"@type":"ReadAction","target":["https:\/\/tyoelamaan.staging.web-veistamo.fi\/tyosuhde\/palkka\/"]}]},{"@type":"BreadcrumbList","@id":"https:\/\/tyoelamaan.staging.web-veistamo.fi\/tyosuhde\/palkka\/#breadcrumb","itemListElement":[{"@type":"ListItem","position":1,"name":"Home","item":"https:\/\/tyoelamaan.staging.web-veistamo.fi\/sv\/"},{"@type":"ListItem","position":2,"name":"Anst\u00e4llningsf\u00f6rh\u00e5llande","item":"https:\/\/tyoelamaan.staging.web-veistamo.fi\/tyosuhde\/"},{"@type":"ListItem","position":3,"name":"L\u00f6n"}]},{"@type":"WebSite","@id":"https:\/\/tyoelamaan.staging.web-veistamo.fi\/#website","url":"https:\/\/tyoelamaan.staging.web-veistamo.fi\/","name":"Ty\u00f6el\u00e4m\u00e4\u00e4n.fi","description":"","publisher":{"@id":"https:\/\/tyoelamaan.staging.web-veistamo.fi\/#organization"},"potentialAction":[{"@type":"SearchAction","target":{"@type":"EntryPoint","urlTemplate":"https:\/\/tyoelamaan.staging.web-veistamo.fi\/?s={search_term_string}"},"query-input":{"@type":"PropertyValueSpecification","valueRequired":true,"valueName":"search_term_string"}}],"inLanguage":"sv-SE"},{"@type":"Organization","@id":"https:\/\/tyoelamaan.staging.web-veistamo.fi\/#organization","name":"Ty\u00f6el\u00e4m\u00e4\u00e4n.fi","url":"https:\/\/tyoelamaan.staging.web-veistamo.fi\/","logo":{"@type":"ImageObject","inLanguage":"sv-SE","@id":"https:\/\/tyoelamaan.staging.web-veistamo.fi\/#\/schema\/logo\/image\/","url":"https:\/\/tyoelamaan.staging.web-veistamo.fi\/wp-content\/uploads\/2024\/11\/tyoelamaan_logo.svg","contentUrl":"https:\/\/tyoelamaan.staging.web-veistamo.fi\/wp-content\/uploads\/2024\/11\/tyoelamaan_logo.svg","width":131,"height":30,"caption":"Ty\u00f6el\u00e4m\u00e4\u00e4n.fi"},"image":{"@id":"https:\/\/tyoelamaan.staging.web-veistamo.fi\/#\/schema\/logo\/image\/"}}]}},"_links":{"self":[{"href":"https:\/\/tyoelamaan.staging.web-veistamo.fi\/sv\/wp-json\/wp\/v2\/pages\/6190","targetHints":{"allow":["GET"]}}],"collection":[{"href":"https:\/\/tyoelamaan.staging.web-veistamo.fi\/sv\/wp-json\/wp\/v2\/pages"}],"about":[{"href":"https:\/\/tyoelamaan.staging.web-veistamo.fi\/sv\/wp-json\/wp\/v2\/types\/page"}],"author":[{"embeddable":true,"href":"https:\/\/tyoelamaan.staging.web-veistamo.fi\/sv\/wp-json\/wp\/v2\/users\/3"}],"replies":[{"embeddable":true,"href":"https:\/\/tyoelamaan.staging.web-veistamo.fi\/sv\/wp-json\/wp\/v2\/comments?post=6190"}],"version-history":[{"count":6,"href":"https:\/\/tyoelamaan.staging.web-veistamo.fi\/sv\/wp-json\/wp\/v2\/pages\/6190\/revisions"}],"predecessor-version":[{"id":12539,"href":"https:\/\/tyoelamaan.staging.web-veistamo.fi\/sv\/wp-json\/wp\/v2\/pages\/6190\/revisions\/12539"}],"up":[{"embeddable":true,"href":"https:\/\/tyoelamaan.staging.web-veistamo.fi\/sv\/wp-json\/wp\/v2\/pages\/6132"}],"wp:attachment":[{"href":"https:\/\/tyoelamaan.staging.web-veistamo.fi\/sv\/wp-json\/wp\/v2\/media?parent=6190"}],"wp:term":[{"taxonomy":"asiasana","embeddable":true,"href":"https:\/\/tyoelamaan.staging.web-veistamo.fi\/sv\/wp-json\/wp\/v2\/asiasana?post=6190"},{"taxonomy":"omistaja","embeddable":true,"href":"https:\/\/tyoelamaan.staging.web-veistamo.fi\/sv\/wp-json\/wp\/v2\/omistaja?post=6190"}],"curies":[{"name":"wp","href":"https:\/\/api.w.org\/{rel}","templated":true}]}}