{"id":6181,"date":"2022-07-07T12:07:06","date_gmt":"2022-07-07T09:07:06","guid":{"rendered":"https:\/\/tyoelamaan.fi\/?page_id=6181"},"modified":"2024-12-17T06:19:54","modified_gmt":"2024-12-17T04:19:54","slug":"uppsagning-fran-arbetsgivarens-och-arbetstagarens-sida","status":"publish","type":"page","link":"https:\/\/tyoelamaan.staging.web-veistamo.fi\/sv\/i-slutet-av-arbetet\/uppsagning-fran-arbetsgivarens-och-arbetstagarens-sida\/","title":{"rendered":"Upps\u00e4gning fr\u00e5n arbetsgivarens och arbetstagarens sida"},"content":{"rendered":"\n<p>En anst\u00e4llning kan upph\u00f6ra av m\u00e5nga orsaker. Arbetsgivaren kan s\u00e4ga upp arbetstagaren, och arbetstagaren kan s\u00e4ga upp sig sj\u00e4lv.&nbsp;Ett arbetsavtal f\u00f6r viss tid&nbsp;upph\u00f6r n\u00e4r den avtalade tiden l\u00f6per ut eller n\u00e4r det avtalade arbetet \u00e4r utf\u00f6rt.<\/p>\n\n\n\n<p>D\u00e5 arbetstagaren har en ordinarie anst\u00e4llning kan anst\u00e4llningen sluta genom en upps\u00e4gning som arbetsgivaren l\u00e4mnar, genom att arbetstagaren s\u00e4ger upp sig sj\u00e4lv eller genom att arbetsavtalet h\u00e4vs. Arbetstagaren kan sj\u00e4lv s\u00e4ga upp sig utan att ange orsaken, men arbetsgivaren ska alltid meddela en motiverad grund f\u00f6r upps\u00e4gningen.<\/p>\n\n\n\n<p>Oberoende av orsaken till att anst\u00e4llningsf\u00f6rh\u00e5llandet upph\u00f6r \u00e4r det viktigt att arbetstagaren ber om att f\u00e5 ett arbetsintyg f\u00f6r det arbete som gjorts. Det \u00e4r ett viktigt dokument n\u00e4r man s\u00f6ker nytt jobb. Om en arbetstagare h\u00e5ller p\u00e5 att bli&nbsp;<a href=\"https:\/\/tyoelamaan.staging.web-veistamo.fi\/sv\/jag-i-arbetslivet\/arbetsloshet\/\">arbetsl\u00f6s<\/a>r det en bra id\u00e9 att ocks\u00e5 be om att f\u00e5 ett l\u00f6neintyg.<\/p>\n\n\n\n<h2 class=\"wp-block-heading\">Arbetstagaren s\u00e4ger upp sig sj\u00e4lv<\/h2>\n\n\n\n<p>Arbetstagaren kan s\u00e4ga upp sig sj\u00e4lv och avsluta arbetsavtalet. Arbetstagaren beh\u00f6ver inga grunder f\u00f6r att s\u00e4ga upp sitt arbetsavtal. Det r\u00e4cker med att arbetstagarens egen vilja att avsluta anst\u00e4llningen.<\/p>\n\n\n\n<div class=\"wp-block-group has-secondary-background-color has-background has-global-padding is-layout-constrained wp-container-core-group-is-layout-10bc4538 wp-block-group-is-layout-constrained\" style=\"padding-top:var(--wp--preset--spacing--80);padding-right:var(--wp--preset--spacing--80);padding-bottom:var(--wp--preset--spacing--80);padding-left:var(--wp--preset--spacing--80)\">\n<h2 class=\"wp-block-heading has-h-3-font-size\">Arbetstagarens upps\u00e4gningstider enligt lag:\u00a0<\/h2>\n\n\n\n<div class=\"wp-block-columns is-layout-flex wp-container-core-columns-is-layout-28f84493 wp-block-columns-is-layout-flex\">\n<div class=\"wp-block-column is-layout-flow wp-block-column-is-layout-flow\" style=\"flex-basis:66.66%\">\n<ul class=\"wp-block-list\">\n<li>14 dagar, om anst\u00e4llningen p\u00e5g\u00e5tt h\u00f6gst fem \u00e5r<\/li>\n\n\n\n<li>en m\u00e5nad, om anst\u00e4llningen p\u00e5g\u00e5tt \u00f6ver fem \u00e5r<\/li>\n<\/ul>\n<\/div>\n\n\n\n<div class=\"wp-block-column is-layout-flow wp-block-column-is-layout-flow\" style=\"flex-basis:33.33%\"><\/div>\n<\/div>\n<\/div>\n\n\n\n<p>Det \u00e4r bra att g\u00f6ra upps\u00e4gningen med ett skriftligt meddelande eller e-postmeddelande om upps\u00e4gning av vilket framg\u00e5r datum, arbetstagarens namn och personuppgifter samt anm\u00e4lan om att arbetstagaren s\u00e4ger upp sig sj\u00e4lv. Det \u00e4r ocks\u00e5 bra att arbetstagaren ger det skriftliga meddelandet till arbetsgivaren eller chefen personligen. Du hittar <a href=\"https:\/\/www.tyoelamaan.staging.web-veistamo.fi\/materiaali\/irtisanoutumisilmoitus\/\" target=\"_blank\" rel=\"noreferrer noopener\">en mall f\u00f6r det skriftliga meddelandet<\/a>&nbsp;i materialet. <\/p>\n\n\n\n<p>Arbetet forts\u00e4tter fram till dess att den upps\u00e4gningstid som f\u00f6reskrivs i lagen eller avtalats i <a href=\"https:\/\/tyoelamaan.staging.web-veistamo.fi\/sv\/blog\/2022\/07\/11\/vad-ar-ett-kollektivavtal\/\" target=\"_blank\" rel=\"noreferrer noopener\">kollektivavtalet<\/a>&nbsp;har g\u00e5tt ut. Upps\u00e4gningstiderna best\u00e4ms i lag, men det kan finnas avvikelser fr\u00e5n dem i kollektivavtalet eller i avtal mellan arbetsgivaren och arbetstagaren.<\/p>\n\n\n\n<h2 class=\"wp-block-heading\">Arbetsgivaren s\u00e4ger upp arbetstagaren<\/h2>\n\n\n\n<p>Arbetsgivaren kan endast s\u00e4ga upp ett arbetsavtal p\u00e5 sakliga och v\u00e4gande grunder.&nbsp;Till exempel arbetstagarens upprepade underl\u00e5tenhet att iaktta arbetspassen kan vara en grund f\u00f6r upps\u00e4gning. Arbetsavtal som g\u00e4ller tills vidare kan s\u00e4gas upp. Arbetsavtal f\u00f6r viss tid kan inte s\u00e4gas upp om inte detta avtalats separat i arbetsavtalet.<\/p>\n\n\n\n<p>Om arbetstagaren f\u00f6rsummar sina arbetsuppgifter eller agerar p\u00e5 n\u00e5got annat s\u00e4tt som arbetsgivaren anser f\u00f6r klanderv\u00e4rt, ska arbetstagaren ges en varning f\u00f6re upps\u00e4gning. Syftet med varningen \u00e4r att ber\u00e4tta f\u00f6r arbetstagaren hur denne enligt arbetsgivaren handlat p\u00e5 fel s\u00e4tt och att ge arbetstagaren m\u00f6jlighet att \u00e5tg\u00e4rda sitt f\u00f6rfarande.<\/p>\n\n\n\n<div class=\"wp-block-group has-secondary-background-color has-background has-global-padding is-layout-constrained wp-container-core-group-is-layout-10bc4538 wp-block-group-is-layout-constrained\" style=\"padding-top:var(--wp--preset--spacing--80);padding-right:var(--wp--preset--spacing--80);padding-bottom:var(--wp--preset--spacing--80);padding-left:var(--wp--preset--spacing--80)\">\n<h2 class=\"wp-block-heading has-h-3-font-size\">Arbetsgivarens upps\u00e4gningstider i enlighet med lag:<\/h2>\n\n\n\n<div class=\"wp-block-columns is-layout-flex wp-container-core-columns-is-layout-28f84493 wp-block-columns-is-layout-flex\">\n<div class=\"wp-block-column is-layout-flow wp-block-column-is-layout-flow\" style=\"flex-basis:66.66%\">\n<ul class=\"wp-block-list\">\n<li>14 dagar, om anst\u00e4llningen p\u00e5g\u00e5tt h\u00f6gst fem \u00e5r<\/li>\n\n\n\n<li>en m\u00e5nad om anst\u00e4llningen p\u00e5g\u00e5tt \u00f6ver ett \u00e5r men h\u00f6gst fyra \u00e5r<\/li>\n\n\n\n<li>tv\u00e5 m\u00e5nader om anst\u00e4llningen p\u00e5g\u00e5tt \u00f6ver fyra men h\u00f6gst \u00e5tta \u00e5r<\/li>\n\n\n\n<li>fyra m\u00e5nader om anst\u00e4llningen p\u00e5g\u00e5tt \u00f6ver \u00e5tta men h\u00f6gst 12 \u00e5r<\/li>\n\n\n\n<li>sex m\u00e5nader om anst\u00e4llningen p\u00e5g\u00e5tt \u00f6ver 12 \u00e5r<\/li>\n<\/ul>\n<\/div>\n\n\n\n<div class=\"wp-block-column is-layout-flow wp-block-column-is-layout-flow\" style=\"flex-basis:33.33%\"><\/div>\n<\/div>\n<\/div>\n\n\n\n\n\n<div class=\"wp-block-as-blocks-accordion-block\"><div class=\"accordion\"><div class=\"accordion-item\"><h4 class=\"accordion-header\" id=\"block-d8b15ada-6f70-430c-9929-5fa916e05fbaheading\"><button class=\"accordion-button collapsed\" type=\"button\" data-bs-toggle=\"collapse\" data-bs-target=\"#block-d8b15ada-6f70-430c-9929-5fa916e05fba\" aria-expanded=\"false\" aria-controls=\"block-d8b15ada-6f70-430c-9929-5fa916e05fba\">Upps\u00e4gningsgrunden som har samband med arbetstagarens person<\/button><\/h4><div id=\"block-d8b15ada-6f70-430c-9929-5fa916e05fba\" class=\"accordion-collapse collapse\" aria-labelledby=\"block-d8b15ada-6f70-430c-9929-5fa916e05fbaheading\"><div class=\"accordion-body\">\n<p>Arbetsgivaren kan s\u00e4ga upp ett arbetsavtal p\u00e5 grunder som g\u00e4ller arbetstagaren. D\u00e5 ska upps\u00e4gningen alltid ha en saklig och v\u00e4gande grund i enlighet med&nbsp;<a href=\"https:\/\/www.finlex.fi\/sv\/laki\/ajantasa\/2001\/20010055\">arbetsavtalslagen<\/a>. Till exempel allvarliga f\u00f6rsummelser som v\u00e4sentligt inverkar p\u00e5 anst\u00e4llningsf\u00f6rh\u00e5llandet kan vara en s\u00e5dan grund. F\u00f6re upps\u00e4gningen ska arbetstagaren dock ges en varning. Arbetsgivaren kan ha upps\u00e4gningsr\u00e4tt till exempel om arbetstagaren trots varning upprepade g\u00e5nger f\u00f6rsenar sig eller upprepade g\u00e5nger \u00e4r fr\u00e5nvarande fr\u00e5n jobbet.<\/p>\n\n\n\n<p>Om upps\u00e4gningen sker av en grund som har samband med arbetstagarens person ska arbetstagaren reserveras m\u00f6jlighet att bli h\u00f6rd om upps\u00e4gningsgrunden innan arbetstagaren s\u00e4gs upp. Arbetstagaren har ocks\u00e5 r\u00e4tt att ta arbetsplatsens&nbsp;<a href=\"https:\/\/tyoelamaan.staging.web-veistamo.fi\/sv\/blog\/2022\/07\/11\/fortroendemannen-ger-dig-rad-och-stod-och-bevakar-dina-intressen-pa-arbetsplatsen\/\">f\u00f6rtroendeman<\/a>&nbsp;med sig till tillst\u00e4llningen.<\/p>\n<\/div><\/div><\/div><\/div><\/div>\n\n\n\n<div class=\"wp-block-as-blocks-accordion-block\"><div class=\"accordion\"><div class=\"accordion-item\"><h4 class=\"accordion-header\" id=\"block-5f18358d-b180-4abc-909a-bb7129809563heading\"><button class=\"accordion-button collapsed\" type=\"button\" data-bs-toggle=\"collapse\" data-bs-target=\"#block-5f18358d-b180-4abc-909a-bb7129809563\" aria-expanded=\"false\" aria-controls=\"block-5f18358d-b180-4abc-909a-bb7129809563\">Upps\u00e4gning p\u00e5 ekonomiska grunder<\/button><\/h4><div id=\"block-5f18358d-b180-4abc-909a-bb7129809563\" class=\"accordion-collapse collapse\" aria-labelledby=\"block-5f18358d-b180-4abc-909a-bb7129809563heading\"><div class=\"accordion-body\">\n<p>En f\u00f6rs\u00e4mring av arbetsgivarens ekonomiska situation som g\u00f6r att arbetet minskar kan ocks\u00e5 vara en grund f\u00f6r upps\u00e4gning. \u00c4ven om arbetet minskar, ska arbetsgivaren f\u00f6re upps\u00e4gningen f\u00f6rs\u00f6ka skaffa arbetstagaren annat arbete som motsvarar arbetstagarens kunnande och utbildning eller utbilda arbetstagaren till andra uppgifter.<\/p>\n\n\n\n<p>Om upps\u00e4gningen sker av produktionsorsaker och det finns f\u00e4rre \u00e4n 20 arbetstagare p\u00e5 arbetsplatsen, ska arbetstagaren h\u00f6ras i anslutning till upps\u00e4gningen. Om den upps\u00e4gande arbetsgivaren syssels\u00e4tter \u00f6ver 20 personer ska omst\u00e4llningsf\u00f6rhandlingar i enlighet med samarbetsf\u00f6rfarande ordnas med personalen innan arbetsgivaren beslutar om \u00e5tg\u00e4rder som kan leda till att arbetstagare s\u00e4gs upp,&nbsp;<a href=\"https:\/\/tyoelamaan.staging.web-veistamo.fi\/sv\/jag-i-arbetslivet\/arbetsloshet\/\">permitteras<\/a>&nbsp;eller&nbsp;\u00f6verf\u00f6rs till deltidsarbete..<\/p>\n\n\n\n<p>Syftet med omst\u00e4llningsf\u00f6rhandlingarna \u00e4r att behandla grunderna till och f\u00f6ljderna av de \u00e5tg\u00e4rder som arbetsgivaren \u00f6verv\u00e4ger, samt alternativ i syfte att undvika eller \u00e5tminstone minska upps\u00e4gningarna av arbetstagare. S\u00e5dana alternativ kan vara till exempel deltidsarbete, permitteringar, nya uppgifter p\u00e5 andra h\u00e5ll i f\u00f6retaget eller fortbildning. Vid omst\u00e4llningsf\u00f6rhandlingar representeras personalen av f\u00f6rtroendemannen.<\/p>\n\n\n\n<p>Graviditet eller&nbsp;<a href=\"https:\/\/tyoelamaan.staging.web-veistamo.fi\/sv\/utkomst\/toimeentulo-perhevapaalla\/\">familjeledighet<\/a>&nbsp;\u00e4r inte en laglig upps\u00e4gningsgrund. Arbetsgivaren kan av ekonomiska orsaker och produktionsorsaker s\u00e4ga upp en arbetstagare som \u00e4r p\u00e5 moderskaps-, faderskaps-, f\u00f6r\u00e4ldra- eller v\u00e5rdledighet endast om arbetsgivarens verksamhet upph\u00f6r helt.<\/p>\n\n\n\n<p>En anst\u00e4llning kan ocks\u00e5 upph\u00f6ra n\u00e4r arbetsgivaren f\u00f6rs\u00e4tts i konkurs.<\/p>\n<\/div><\/div><\/div><\/div><\/div>\n\n\n\n<h2 class=\"wp-block-heading\">H\u00e4vning av ett anst\u00e4llningsf\u00f6rh\u00e5llande<\/h2>\n\n\n\n<p>Ett anst\u00e4llningsf\u00f6rh\u00e5llande kan ocks\u00e5 sluta med att det h\u00e4vs.&nbsp;D\u00e5 upph\u00f6r arbetet och utbetalningen av l\u00f6n genast, utan n\u00e5gon upps\u00e4gningstid. Arbetsgivaren kan endast h\u00e4va ett arbetsavtal av synnerligen v\u00e4gande sk\u00e4l.&nbsp;<\/p>\n\n\n\n<p>Arbetsgivaren kan h\u00e4va arbetsavtalet om arbetstagaren allvarligt f\u00f6rsummat eller brutit mot sina skyldigheter enligt arbetsavtalet. Till exempel st\u00f6ld, \u00e4ventyrande av arbetskamraternas eller kundernas s\u00e4kerhet och vistelse p\u00e5 arbetsplatsen under p\u00e5verkan av alkohol kan ge r\u00e4tt att h\u00e4va anst\u00e4llningen med omedelbar verkan. Bakom situationer av det h\u00e4r slaget kan det ofta finnas flera f\u00f6rsummelser och brott f\u00f6r vilka arbetstagaren redan varnats.<\/p>\n\n\n\n<blockquote class=\"wp-block-quote is-layout-flow wp-block-quote-is-layout-flow\">\n<p>Vid h\u00e4vning av anst\u00e4llningen upph\u00f6r arbetet och utbetalningen av l\u00f6n genast, och det finns ingen upps\u00e4gningstid.<\/p>\n<\/blockquote>\n\n\n\n<p>Arbetstagaren kan h\u00e4va ett arbetsavtal om arbetsgivaren allvarligt bryter mot sina skyldigheter, s\u00e5som l\u00f6nebetalningen eller arbetarskyddet.<\/p>\n\n\n\n<p>Ett arbetsavtal kan ocks\u00e5 betraktas som h\u00e4vt om arbetstagaren \u00e4r fr\u00e5nvarande fr\u00e5n jobbet minst sju dagar utan att under denna tid meddela arbetsgivaren en giltig orsak f\u00f6r sin fr\u00e5nvaro. Om arbetsgivaren eller dennes f\u00f6retr\u00e4dare \u00e4r fr\u00e5nvarande fr\u00e5n arbetsplatsen minst en vecka utan att under denna tid meddela dig en giltig orsak f\u00f6r sin fr\u00e5nvaro, kan du betrakta arbetsavtalet som h\u00e4vt.<\/p>\n\n\n\n<h2 class=\"wp-block-heading\">L\u00f6nebetalning d\u00e5 anst\u00e4llningen upph\u00f6r<\/h2>\n\n\n\n<p>N\u00e4r anst\u00e4llningen upph\u00f6r, upph\u00f6r \u00e4ven l\u00f6nebetalningen. Slutl\u00f6nen ska betalas ut p\u00e5 anst\u00e4llningens sista dag om inte annat har avtalats. Till exempel i arbetsavtalet har man kunnat avtala om att slutl\u00f6nen betalas ut p\u00e5 f\u00f6retagets f\u00f6ljande normala l\u00f6nebetalningsdag. Om arbetstagaren har semesterdagar eller andra ledigheter med l\u00f6n kvar, d\u00e5 anst\u00e4llningen tar slut, ers\u00e4tts de till arbetstagaren med pengar i anslutning till l\u00f6nebetalningen.<\/p>\n\n\n\n<p>Om betalningen av slutl\u00f6nen f\u00f6rdr\u00f6js fr\u00e5n den \u00f6verenskomna betalningsdagen har arbetstagaren r\u00e4tt att f\u00e5 dr\u00f6jsm\u00e5lsr\u00e4nta enligt r\u00e4ntelagen och full l\u00f6n f\u00f6r v\u00e4ntedagarna, dock f\u00f6r h\u00f6gst sex kalenderdagar. P\u00e5minn d\u00e4rf\u00f6r arbetsgivaren om att betalningen av slutl\u00f6nen dragit ut p\u00e5 tiden och beg\u00e4r samtidigt att dr\u00f6jsm\u00e5lsr\u00e4nta betalas ut.<\/p>\n","protected":false},"excerpt":{"rendered":"<p>En anst\u00e4llning kan upph\u00f6ra av m\u00e5nga orsaker. Arbetsgivaren kan s\u00e4ga upp arbetstagaren, och arbetstagaren kan s\u00e4ga upp sig sj\u00e4lv.&nbsp;Ett arbetsavtal f\u00f6r viss tid&nbsp;upph\u00f6r n\u00e4r den avtalade tiden l\u00f6per ut eller n\u00e4r det avtalade arbetet \u00e4r utf\u00f6rt. D\u00e5 arbetstagaren har en ordinarie anst\u00e4llning kan anst\u00e4llningen sluta genom en upps\u00e4gning som arbetsgivaren l\u00e4mnar, genom att arbetstagaren s\u00e4ger [&hellip;]<\/p>\n","protected":false},"author":3,"featured_media":0,"parent":10639,"menu_order":0,"comment_status":"closed","ping_status":"closed","template":"","meta":{"_acf_changed":false,"footnotes":""},"asiasana":[],"omistaja":[55],"class_list":["post-6181","page","type-page","status-publish","hentry","omistaja-katariina-kainu"],"acf":[],"yoast_head":"<!-- This site is optimized with the Yoast SEO plugin v26.5 - https:\/\/yoast.com\/wordpress\/plugins\/seo\/ -->\n<title>Upps\u00e4gning fr\u00e5n arbetsgivarens och arbetstagarens sida - Ty\u00f6el\u00e4m\u00e4\u00e4n.fi<\/title>\n<meta name=\"description\" content=\"En anst\u00e4llning kan upph\u00f6ra av m\u00e5nga orsaker. Arbetsgivaren kan s\u00e4ga upp arbetstagaren, och arbetstagaren kan s\u00e4ga upp sig sj\u00e4lv.\" \/>\n<meta name=\"robots\" content=\"index, follow, max-snippet:-1, max-image-preview:large, max-video-preview:-1\" \/>\n<link rel=\"canonical\" href=\"https:\/\/tyoelamaan.staging.web-veistamo.fi\/tyon-paattyessa\/irtisanominen-ja-irtisanoutuminen\/\" \/>\n<meta property=\"og:locale\" content=\"sv_SE\" \/>\n<meta property=\"og:type\" content=\"article\" \/>\n<meta property=\"og:title\" content=\"Upps\u00e4gning fr\u00e5n arbetsgivarens och arbetstagarens sida - Ty\u00f6el\u00e4m\u00e4\u00e4n.fi\" \/>\n<meta property=\"og:description\" content=\"En anst\u00e4llning kan upph\u00f6ra av m\u00e5nga orsaker. Arbetsgivaren kan s\u00e4ga upp arbetstagaren, och arbetstagaren kan s\u00e4ga upp sig sj\u00e4lv.\" \/>\n<meta property=\"og:url\" content=\"https:\/\/tyoelamaan.staging.web-veistamo.fi\/tyon-paattyessa\/irtisanominen-ja-irtisanoutuminen\/\" \/>\n<meta property=\"og:site_name\" content=\"Ty\u00f6el\u00e4m\u00e4\u00e4n.fi\" \/>\n<meta property=\"article:modified_time\" content=\"2024-12-17T04:19:54+00:00\" \/>\n<meta name=\"twitter:card\" content=\"summary_large_image\" \/>\n<meta name=\"twitter:label1\" content=\"Ber\u00e4knad l\u00e4stid\" \/>\n\t<meta name=\"twitter:data1\" content=\"6 minuter\" \/>\n<script type=\"application\/ld+json\" class=\"yoast-schema-graph\">{\"@context\":\"https:\/\/schema.org\",\"@graph\":[{\"@type\":\"WebPage\",\"@id\":\"https:\/\/tyoelamaan.staging.web-veistamo.fi\/tyon-paattyessa\/irtisanominen-ja-irtisanoutuminen\/\",\"url\":\"https:\/\/tyoelamaan.staging.web-veistamo.fi\/tyon-paattyessa\/irtisanominen-ja-irtisanoutuminen\/\",\"name\":\"Upps\u00e4gning fr\u00e5n arbetsgivarens och arbetstagarens sida - Ty\u00f6el\u00e4m\u00e4\u00e4n.fi\",\"isPartOf\":{\"@id\":\"https:\/\/tyoelamaan.staging.web-veistamo.fi\/#website\"},\"datePublished\":\"2022-07-07T09:07:06+00:00\",\"dateModified\":\"2024-12-17T04:19:54+00:00\",\"description\":\"En anst\u00e4llning kan upph\u00f6ra av m\u00e5nga orsaker. Arbetsgivaren kan s\u00e4ga upp arbetstagaren, och arbetstagaren kan s\u00e4ga upp sig sj\u00e4lv.\",\"breadcrumb\":{\"@id\":\"https:\/\/tyoelamaan.staging.web-veistamo.fi\/tyon-paattyessa\/irtisanominen-ja-irtisanoutuminen\/#breadcrumb\"},\"inLanguage\":\"sv-SE\",\"potentialAction\":[{\"@type\":\"ReadAction\",\"target\":[\"https:\/\/tyoelamaan.staging.web-veistamo.fi\/tyon-paattyessa\/irtisanominen-ja-irtisanoutuminen\/\"]}]},{\"@type\":\"BreadcrumbList\",\"@id\":\"https:\/\/tyoelamaan.staging.web-veistamo.fi\/tyon-paattyessa\/irtisanominen-ja-irtisanoutuminen\/#breadcrumb\",\"itemListElement\":[{\"@type\":\"ListItem\",\"position\":1,\"name\":\"Home\",\"item\":\"https:\/\/tyoelamaan.staging.web-veistamo.fi\/sv\/\"},{\"@type\":\"ListItem\",\"position\":2,\"name\":\"I slutet av arbetet\",\"item\":\"https:\/\/tyoelamaan.staging.web-veistamo.fi\/tyon-paattyessa\/\"},{\"@type\":\"ListItem\",\"position\":3,\"name\":\"Upps\u00e4gning fr\u00e5n arbetsgivarens och arbetstagarens sida\"}]},{\"@type\":\"WebSite\",\"@id\":\"https:\/\/tyoelamaan.staging.web-veistamo.fi\/#website\",\"url\":\"https:\/\/tyoelamaan.staging.web-veistamo.fi\/\",\"name\":\"Ty\u00f6el\u00e4m\u00e4\u00e4n.fi\",\"description\":\"\",\"publisher\":{\"@id\":\"https:\/\/tyoelamaan.staging.web-veistamo.fi\/#organization\"},\"potentialAction\":[{\"@type\":\"SearchAction\",\"target\":{\"@type\":\"EntryPoint\",\"urlTemplate\":\"https:\/\/tyoelamaan.staging.web-veistamo.fi\/?s={search_term_string}\"},\"query-input\":{\"@type\":\"PropertyValueSpecification\",\"valueRequired\":true,\"valueName\":\"search_term_string\"}}],\"inLanguage\":\"sv-SE\"},{\"@type\":\"Organization\",\"@id\":\"https:\/\/tyoelamaan.staging.web-veistamo.fi\/#organization\",\"name\":\"Ty\u00f6el\u00e4m\u00e4\u00e4n.fi\",\"url\":\"https:\/\/tyoelamaan.staging.web-veistamo.fi\/\",\"logo\":{\"@type\":\"ImageObject\",\"inLanguage\":\"sv-SE\",\"@id\":\"https:\/\/tyoelamaan.staging.web-veistamo.fi\/#\/schema\/logo\/image\/\",\"url\":\"https:\/\/tyoelamaan.staging.web-veistamo.fi\/wp-content\/uploads\/2024\/11\/tyoelamaan_logo.svg\",\"contentUrl\":\"https:\/\/tyoelamaan.staging.web-veistamo.fi\/wp-content\/uploads\/2024\/11\/tyoelamaan_logo.svg\",\"width\":131,\"height\":30,\"caption\":\"Ty\u00f6el\u00e4m\u00e4\u00e4n.fi\"},\"image\":{\"@id\":\"https:\/\/tyoelamaan.staging.web-veistamo.fi\/#\/schema\/logo\/image\/\"}}]}<\/script>\n<!-- \/ Yoast SEO plugin. -->","yoast_head_json":{"title":"Upps\u00e4gning fr\u00e5n arbetsgivarens och arbetstagarens sida - Ty\u00f6el\u00e4m\u00e4\u00e4n.fi","description":"En anst\u00e4llning kan upph\u00f6ra av m\u00e5nga orsaker. Arbetsgivaren kan s\u00e4ga upp arbetstagaren, och arbetstagaren kan s\u00e4ga upp sig sj\u00e4lv.","robots":{"index":"index","follow":"follow","max-snippet":"max-snippet:-1","max-image-preview":"max-image-preview:large","max-video-preview":"max-video-preview:-1"},"canonical":"https:\/\/tyoelamaan.staging.web-veistamo.fi\/tyon-paattyessa\/irtisanominen-ja-irtisanoutuminen\/","og_locale":"sv_SE","og_type":"article","og_title":"Upps\u00e4gning fr\u00e5n arbetsgivarens och arbetstagarens sida - Ty\u00f6el\u00e4m\u00e4\u00e4n.fi","og_description":"En anst\u00e4llning kan upph\u00f6ra av m\u00e5nga orsaker. Arbetsgivaren kan s\u00e4ga upp arbetstagaren, och arbetstagaren kan s\u00e4ga upp sig sj\u00e4lv.","og_url":"https:\/\/tyoelamaan.staging.web-veistamo.fi\/tyon-paattyessa\/irtisanominen-ja-irtisanoutuminen\/","og_site_name":"Ty\u00f6el\u00e4m\u00e4\u00e4n.fi","article_modified_time":"2024-12-17T04:19:54+00:00","twitter_card":"summary_large_image","twitter_misc":{"Ber\u00e4knad l\u00e4stid":"6 minuter"},"schema":{"@context":"https:\/\/schema.org","@graph":[{"@type":"WebPage","@id":"https:\/\/tyoelamaan.staging.web-veistamo.fi\/tyon-paattyessa\/irtisanominen-ja-irtisanoutuminen\/","url":"https:\/\/tyoelamaan.staging.web-veistamo.fi\/tyon-paattyessa\/irtisanominen-ja-irtisanoutuminen\/","name":"Upps\u00e4gning fr\u00e5n arbetsgivarens och arbetstagarens sida - Ty\u00f6el\u00e4m\u00e4\u00e4n.fi","isPartOf":{"@id":"https:\/\/tyoelamaan.staging.web-veistamo.fi\/#website"},"datePublished":"2022-07-07T09:07:06+00:00","dateModified":"2024-12-17T04:19:54+00:00","description":"En anst\u00e4llning kan upph\u00f6ra av m\u00e5nga orsaker. Arbetsgivaren kan s\u00e4ga upp arbetstagaren, och arbetstagaren kan s\u00e4ga upp sig sj\u00e4lv.","breadcrumb":{"@id":"https:\/\/tyoelamaan.staging.web-veistamo.fi\/tyon-paattyessa\/irtisanominen-ja-irtisanoutuminen\/#breadcrumb"},"inLanguage":"sv-SE","potentialAction":[{"@type":"ReadAction","target":["https:\/\/tyoelamaan.staging.web-veistamo.fi\/tyon-paattyessa\/irtisanominen-ja-irtisanoutuminen\/"]}]},{"@type":"BreadcrumbList","@id":"https:\/\/tyoelamaan.staging.web-veistamo.fi\/tyon-paattyessa\/irtisanominen-ja-irtisanoutuminen\/#breadcrumb","itemListElement":[{"@type":"ListItem","position":1,"name":"Home","item":"https:\/\/tyoelamaan.staging.web-veistamo.fi\/sv\/"},{"@type":"ListItem","position":2,"name":"I slutet av arbetet","item":"https:\/\/tyoelamaan.staging.web-veistamo.fi\/tyon-paattyessa\/"},{"@type":"ListItem","position":3,"name":"Upps\u00e4gning fr\u00e5n arbetsgivarens och arbetstagarens sida"}]},{"@type":"WebSite","@id":"https:\/\/tyoelamaan.staging.web-veistamo.fi\/#website","url":"https:\/\/tyoelamaan.staging.web-veistamo.fi\/","name":"Ty\u00f6el\u00e4m\u00e4\u00e4n.fi","description":"","publisher":{"@id":"https:\/\/tyoelamaan.staging.web-veistamo.fi\/#organization"},"potentialAction":[{"@type":"SearchAction","target":{"@type":"EntryPoint","urlTemplate":"https:\/\/tyoelamaan.staging.web-veistamo.fi\/?s={search_term_string}"},"query-input":{"@type":"PropertyValueSpecification","valueRequired":true,"valueName":"search_term_string"}}],"inLanguage":"sv-SE"},{"@type":"Organization","@id":"https:\/\/tyoelamaan.staging.web-veistamo.fi\/#organization","name":"Ty\u00f6el\u00e4m\u00e4\u00e4n.fi","url":"https:\/\/tyoelamaan.staging.web-veistamo.fi\/","logo":{"@type":"ImageObject","inLanguage":"sv-SE","@id":"https:\/\/tyoelamaan.staging.web-veistamo.fi\/#\/schema\/logo\/image\/","url":"https:\/\/tyoelamaan.staging.web-veistamo.fi\/wp-content\/uploads\/2024\/11\/tyoelamaan_logo.svg","contentUrl":"https:\/\/tyoelamaan.staging.web-veistamo.fi\/wp-content\/uploads\/2024\/11\/tyoelamaan_logo.svg","width":131,"height":30,"caption":"Ty\u00f6el\u00e4m\u00e4\u00e4n.fi"},"image":{"@id":"https:\/\/tyoelamaan.staging.web-veistamo.fi\/#\/schema\/logo\/image\/"}}]}},"_links":{"self":[{"href":"https:\/\/tyoelamaan.staging.web-veistamo.fi\/sv\/wp-json\/wp\/v2\/pages\/6181","targetHints":{"allow":["GET"]}}],"collection":[{"href":"https:\/\/tyoelamaan.staging.web-veistamo.fi\/sv\/wp-json\/wp\/v2\/pages"}],"about":[{"href":"https:\/\/tyoelamaan.staging.web-veistamo.fi\/sv\/wp-json\/wp\/v2\/types\/page"}],"author":[{"embeddable":true,"href":"https:\/\/tyoelamaan.staging.web-veistamo.fi\/sv\/wp-json\/wp\/v2\/users\/3"}],"replies":[{"embeddable":true,"href":"https:\/\/tyoelamaan.staging.web-veistamo.fi\/sv\/wp-json\/wp\/v2\/comments?post=6181"}],"version-history":[{"count":6,"href":"https:\/\/tyoelamaan.staging.web-veistamo.fi\/sv\/wp-json\/wp\/v2\/pages\/6181\/revisions"}],"predecessor-version":[{"id":12537,"href":"https:\/\/tyoelamaan.staging.web-veistamo.fi\/sv\/wp-json\/wp\/v2\/pages\/6181\/revisions\/12537"}],"up":[{"embeddable":true,"href":"https:\/\/tyoelamaan.staging.web-veistamo.fi\/sv\/wp-json\/wp\/v2\/pages\/10639"}],"wp:attachment":[{"href":"https:\/\/tyoelamaan.staging.web-veistamo.fi\/sv\/wp-json\/wp\/v2\/media?parent=6181"}],"wp:term":[{"taxonomy":"asiasana","embeddable":true,"href":"https:\/\/tyoelamaan.staging.web-veistamo.fi\/sv\/wp-json\/wp\/v2\/asiasana?post=6181"},{"taxonomy":"omistaja","embeddable":true,"href":"https:\/\/tyoelamaan.staging.web-veistamo.fi\/sv\/wp-json\/wp\/v2\/omistaja?post=6181"}],"curies":[{"name":"wp","href":"https:\/\/api.w.org\/{rel}","templated":true}]}}