{"id":6165,"date":"2022-07-07T10:54:38","date_gmt":"2022-07-07T07:54:38","guid":{"rendered":"https:\/\/tyoelamaan.fi\/?page_id=6165"},"modified":"2024-12-17T06:19:52","modified_gmt":"2024-12-17T04:19:52","slug":"introduktion","status":"publish","type":"page","link":"https:\/\/tyoelamaan.staging.web-veistamo.fi\/sv\/borjan-av-arbetet\/introduktion\/","title":{"rendered":"Introduktion"},"content":{"rendered":"\n<p>Du har lagstadgad r\u00e4tt att f\u00e5 h\u00f6gklassig introduktion n\u00e4r du b\u00f6rjar p\u00e5 ett nytt jobb. Var och en har r\u00e4tt till introduktionsutbildning, \u00e4ven om det handlar om kortjobb eller sommarjobb.&nbsp;<a href=\"https:\/\/www.finlex.fi\/sv\/laki\/ajantasa\/2002\/20020738\" target=\"_blank\" rel=\"noreferrer noopener\">Enligt arbetarskyddslagen<\/a> m\u00e5ste arbetsgivaren erbjuda dig tillr\u00e4cklig introduktionsutbildning om dina arbetsuppgifter, dina arbetsredskap och deras korrekta anv\u00e4ndning. Under introduktionen f\u00e5r du bekanta dig med kulturen, m\u00e4nniskorna, f\u00f6rfarandena och f\u00f6rv\u00e4ntningarna p\u00e5 den nya arbetsplatsen.<\/p>\n\n\n\n<p>N\u00e4r du f\u00e5r din introduktionsutbildning \u00e4r det bra att st\u00e4lla fr\u00e5gor alltid n\u00e4r det \u00e4r n\u00e5got som du undrar \u00f6ver. Du kan t.ex. skriva ner saker och ting s\u00e5 att du inte gl\u00f6mmer bort n\u00e5got viktigt. I b\u00f6rjan av ett nytt arbetsf\u00f6rh\u00e5llande f\u00e5 du mycket ny information p\u00e5 en g\u00e5ng, och du f\u00e5r l\u00e4ra dig nya saker. Du kan ocks\u00e5 f\u00f6ra fram egna observationer och utvecklingsid\u00e9er, om du har s\u00e5dana.<\/p>\n\n\n\n<div class=\"wp-block-group has-secondary-background-color has-background has-global-padding is-layout-constrained wp-container-core-group-is-layout-10bc4538 wp-block-group-is-layout-constrained\" style=\"padding-top:var(--wp--preset--spacing--80);padding-right:var(--wp--preset--spacing--80);padding-bottom:var(--wp--preset--spacing--80);padding-left:var(--wp--preset--spacing--80)\">\n<h2 class=\"wp-block-heading has-h-3-font-size\">Under introduktionen ska den nyanst\u00e4llda f\u00e5 l\u00e4ra sig:<\/h2>\n\n\n\n<div class=\"wp-block-columns is-layout-flex wp-container-core-columns-is-layout-28f84493 wp-block-columns-is-layout-flex\">\n<div class=\"wp-block-column is-layout-flow wp-block-column-is-layout-flow\" style=\"flex-basis:66.66%\">\n<ul class=\"wp-block-list\">\n<li>sina egna arbetsuppgifter<\/li>\n\n\n\n<li>hur arbetsplatsen fungerar<\/li>\n\n\n\n<li>om sina arbetsredskap<\/li>\n\n\n\n<li>om arbetarskyddet<\/li>\n<\/ul>\n<\/div>\n\n\n\n<div class=\"wp-block-column is-layout-flow wp-block-column-is-layout-flow\" style=\"flex-basis:33.33%\"><\/div>\n<\/div>\n<\/div>\n\n\n\n<h2 class=\"wp-block-heading\">Plan f\u00f6r introduktionsutbildningen<\/h2>\n\n\n\n<p>Det \u00e4r vanligtvis den n\u00e4rmaste chefen som ansvarar f\u00f6r den nyanst\u00e4lldas introduktion och handledning. Chefen g\u00f6r upp en skriftlig plan som redog\u00f6r f\u00f6r introduktionens inneh\u00e5ll och struktur. N\u00e4r man g\u00f6r upp en introduktionsplan b\u00f6r man beakta bl.a. arbetsf\u00f6rh\u00e5llandets l\u00e4ngd och den anst\u00e4lldas yrkeskompetens, erfarenhet och utbildning. Chefen beh\u00f6ver inte sj\u00e4lv ta hand om hela introduktionen, utan hen kan ocks\u00e5 delegera ansvaret till andra arbetstagare. Det \u00e4r \u00e4nd\u00e5 alltid ledningen och chefen som har det slutliga ansvaret f\u00f6r introduktionsutbildningen.<\/p>\n\n\n\n<p>Varje ny anst\u00e4lld m\u00e5ste f\u00e5 tillr\u00e4ckligt med information bland annat om arbetet och arbetsplatsen, arbetsplatsens spelregler och gemensamma anvisningar, anv\u00e4ndningen av maskiner och anl\u00e4ggningar, anv\u00e4ndningen av skyddsutrustning, s\u00e4kra arbetsmetoder och faror och risker som anknyter till arbetet. Under introduktionen f\u00e5r den nyanst\u00e4llda l\u00e4ra sig att arbeta p\u00e5 tryggaste m\u00f6jliga s\u00e4tt och att identifiera farliga situationer som kan uppst\u00e5 i arbetet.<\/p>\n\n\n\n<h2 class=\"wp-block-heading\">Vad g\u00f6r du om du inte f\u00e5r en introduktionsutbildning?<\/h2>\n\n\n\n<p>Om du inte upplever att du f\u00e5tt en tillr\u00e4cklig introduktion eller n\u00e5got k\u00e4nns oklart, ta upp saken med din n\u00e4rmaste chef. Om detta inte \u00e4r m\u00f6jligt, kontakta arbetarskyddsfullm\u00e4ktigen eller f\u00f6rtroendemannen p\u00e5 din arbetsplats. Gl\u00f6m inte att du ocks\u00e5 kan be dina arbetskamrater om hj\u00e4lp.<\/p>\n\n\n\n<h2 class=\"wp-block-heading\">Handledning i arbetet<\/h2>\n\n\n\n<p>Introduktionen g\u00e4ller inte endast nyanst\u00e4llda, utan ocks\u00e5 personer som f\u00e5r nya arbetsuppgifter inom samma organisation. D\u00e5 en arbetstagare flyttar till en ny uppgift, hj\u00e4lper handledning i arbetet hen att bekanta sig med sina personliga uppgifter och ansvarsomr\u00e5den samt med arbetets krav och f\u00f6ruts\u00e4ttningar. N\u00e4r uppgifter och arbetsf\u00f6rh\u00e5llanden f\u00f6r\u00e4ndras, m\u00e5ste arbetstagarna f\u00e5 utbildning och handledning om det som \u00e4r nytt. I f\u00f6r\u00e4ndringssituationer blir arbetstagaren tvungen anpassa sig till sin nya situation. \u00c4ven positiva f\u00f6r\u00e4ndringar kan vara psykiskt p\u00e5frestande.<\/p>\n\n\n\n<div class=\"wp-block-group has-secondary-background-color has-background has-global-padding is-layout-constrained wp-container-core-group-is-layout-10bc4538 wp-block-group-is-layout-constrained\" style=\"padding-top:var(--wp--preset--spacing--80);padding-right:var(--wp--preset--spacing--80);padding-bottom:var(--wp--preset--spacing--80);padding-left:var(--wp--preset--spacing--80)\">\n<h2 class=\"wp-block-heading has-h-3-font-size\">Handledning i arbetet beh\u00f6vs, n\u00e4r:<\/h2>\n\n\n\n<div class=\"wp-block-columns is-layout-flex wp-container-core-columns-is-layout-28f84493 wp-block-columns-is-layout-flex\">\n<div class=\"wp-block-column is-layout-flow wp-block-column-is-layout-flow\" style=\"flex-basis:66.66%\">\n<ul class=\"wp-block-list\">\n<li>arbetstagaren f\u00e5r nya arbetsuppgifter<\/li>\n\n\n\n<li>arbetsmetoderna f\u00f6r\u00e4ndras<\/li>\n\n\n\n<li>f\u00f6retaget skaffar och b\u00f6rjar anv\u00e4nda nya maskiner, anl\u00e4ggningar och \u00e4mnen<\/li>\n\n\n\n<li>arbetet s\u00e4llan upprepas<\/li>\n\n\n\n<li>s\u00e4kerhetsanvisningarna f\u00f6rsummas<\/li>\n\n\n\n<li>det sker en arbetsolycka p\u00e5 arbetsplatsen eller man uppt\u00e4cker en yrkessjukdom<\/li>\n\n\n\n<li>introduktionsutbildningen \u00e4r bristf\u00e4llig<\/li>\n\n\n\n<li>i undantagssituationer<\/li>\n\n\n\n<li>brister uppt\u00e4cks i verksamheten och i produkternas eller tj\u00e4nsternas kvalitet<\/li>\n<\/ul>\n<\/div>\n\n\n\n<div class=\"wp-block-column is-layout-flow wp-block-column-is-layout-flow\" style=\"flex-basis:33.33%\"><\/div>\n<\/div>\n<\/div>\n","protected":false},"excerpt":{"rendered":"<p>Du har lagstadgad r\u00e4tt att f\u00e5 h\u00f6gklassig introduktion n\u00e4r du b\u00f6rjar p\u00e5 ett nytt jobb. Var och en har r\u00e4tt till introduktionsutbildning, \u00e4ven om det handlar om kortjobb eller sommarjobb.&nbsp;Enligt arbetarskyddslagen m\u00e5ste arbetsgivaren erbjuda dig tillr\u00e4cklig introduktionsutbildning om dina arbetsuppgifter, dina arbetsredskap och deras korrekta anv\u00e4ndning. Under introduktionen f\u00e5r du bekanta dig med kulturen, m\u00e4nniskorna, [&hellip;]<\/p>\n","protected":false},"author":3,"featured_media":0,"parent":10711,"menu_order":0,"comment_status":"closed","ping_status":"closed","template":"","meta":{"_acf_changed":false,"footnotes":""},"asiasana":[],"omistaja":[55],"class_list":["post-6165","page","type-page","status-publish","hentry","omistaja-katariina-kainu"],"acf":[],"yoast_head":"<!-- This site is optimized with the Yoast SEO plugin v26.5 - https:\/\/yoast.com\/wordpress\/plugins\/seo\/ -->\n<title>Introduktion - Ty\u00f6el\u00e4m\u00e4\u00e4n.fi<\/title>\n<meta name=\"description\" content=\"Arbetsgivaren erbjuder dig tillr\u00e4cklig introduktionsutbildning om dina arbetsuppgifter, dina arbetsredskap och deras korrekta anv\u00e4ndning.\" \/>\n<meta name=\"robots\" content=\"index, follow, max-snippet:-1, max-image-preview:large, max-video-preview:-1\" \/>\n<link rel=\"canonical\" href=\"https:\/\/tyoelamaan.staging.web-veistamo.fi\/tyon-aloitus\/perehdytys\/\" \/>\n<meta property=\"og:locale\" content=\"sv_SE\" \/>\n<meta property=\"og:type\" content=\"article\" \/>\n<meta property=\"og:title\" content=\"Introduktion - Ty\u00f6el\u00e4m\u00e4\u00e4n.fi\" \/>\n<meta property=\"og:description\" content=\"Arbetsgivaren erbjuder dig tillr\u00e4cklig introduktionsutbildning om dina arbetsuppgifter, dina arbetsredskap och deras korrekta anv\u00e4ndning.\" \/>\n<meta property=\"og:url\" content=\"https:\/\/tyoelamaan.staging.web-veistamo.fi\/tyon-aloitus\/perehdytys\/\" \/>\n<meta property=\"og:site_name\" content=\"Ty\u00f6el\u00e4m\u00e4\u00e4n.fi\" \/>\n<meta property=\"article:modified_time\" content=\"2024-12-17T04:19:52+00:00\" \/>\n<meta name=\"twitter:card\" content=\"summary_large_image\" \/>\n<meta name=\"twitter:label1\" content=\"Ber\u00e4knad l\u00e4stid\" \/>\n\t<meta name=\"twitter:data1\" content=\"3 minuter\" \/>\n<script type=\"application\/ld+json\" class=\"yoast-schema-graph\">{\"@context\":\"https:\/\/schema.org\",\"@graph\":[{\"@type\":\"WebPage\",\"@id\":\"https:\/\/tyoelamaan.staging.web-veistamo.fi\/tyon-aloitus\/perehdytys\/\",\"url\":\"https:\/\/tyoelamaan.staging.web-veistamo.fi\/tyon-aloitus\/perehdytys\/\",\"name\":\"Introduktion - Ty\u00f6el\u00e4m\u00e4\u00e4n.fi\",\"isPartOf\":{\"@id\":\"https:\/\/tyoelamaan.staging.web-veistamo.fi\/#website\"},\"datePublished\":\"2022-07-07T07:54:38+00:00\",\"dateModified\":\"2024-12-17T04:19:52+00:00\",\"description\":\"Arbetsgivaren erbjuder dig tillr\u00e4cklig introduktionsutbildning om dina arbetsuppgifter, dina arbetsredskap och deras korrekta anv\u00e4ndning.\",\"breadcrumb\":{\"@id\":\"https:\/\/tyoelamaan.staging.web-veistamo.fi\/tyon-aloitus\/perehdytys\/#breadcrumb\"},\"inLanguage\":\"sv-SE\",\"potentialAction\":[{\"@type\":\"ReadAction\",\"target\":[\"https:\/\/tyoelamaan.staging.web-veistamo.fi\/tyon-aloitus\/perehdytys\/\"]}]},{\"@type\":\"BreadcrumbList\",\"@id\":\"https:\/\/tyoelamaan.staging.web-veistamo.fi\/tyon-aloitus\/perehdytys\/#breadcrumb\",\"itemListElement\":[{\"@type\":\"ListItem\",\"position\":1,\"name\":\"Home\",\"item\":\"https:\/\/tyoelamaan.staging.web-veistamo.fi\/sv\/\"},{\"@type\":\"ListItem\",\"position\":2,\"name\":\"B\u00f6rjan av arbetet\",\"item\":\"https:\/\/tyoelamaan.staging.web-veistamo.fi\/tyon-aloitus\/\"},{\"@type\":\"ListItem\",\"position\":3,\"name\":\"Introduktion\"}]},{\"@type\":\"WebSite\",\"@id\":\"https:\/\/tyoelamaan.staging.web-veistamo.fi\/#website\",\"url\":\"https:\/\/tyoelamaan.staging.web-veistamo.fi\/\",\"name\":\"Ty\u00f6el\u00e4m\u00e4\u00e4n.fi\",\"description\":\"\",\"publisher\":{\"@id\":\"https:\/\/tyoelamaan.staging.web-veistamo.fi\/#organization\"},\"potentialAction\":[{\"@type\":\"SearchAction\",\"target\":{\"@type\":\"EntryPoint\",\"urlTemplate\":\"https:\/\/tyoelamaan.staging.web-veistamo.fi\/?s={search_term_string}\"},\"query-input\":{\"@type\":\"PropertyValueSpecification\",\"valueRequired\":true,\"valueName\":\"search_term_string\"}}],\"inLanguage\":\"sv-SE\"},{\"@type\":\"Organization\",\"@id\":\"https:\/\/tyoelamaan.staging.web-veistamo.fi\/#organization\",\"name\":\"Ty\u00f6el\u00e4m\u00e4\u00e4n.fi\",\"url\":\"https:\/\/tyoelamaan.staging.web-veistamo.fi\/\",\"logo\":{\"@type\":\"ImageObject\",\"inLanguage\":\"sv-SE\",\"@id\":\"https:\/\/tyoelamaan.staging.web-veistamo.fi\/#\/schema\/logo\/image\/\",\"url\":\"https:\/\/tyoelamaan.staging.web-veistamo.fi\/wp-content\/uploads\/2024\/11\/tyoelamaan_logo.svg\",\"contentUrl\":\"https:\/\/tyoelamaan.staging.web-veistamo.fi\/wp-content\/uploads\/2024\/11\/tyoelamaan_logo.svg\",\"width\":131,\"height\":30,\"caption\":\"Ty\u00f6el\u00e4m\u00e4\u00e4n.fi\"},\"image\":{\"@id\":\"https:\/\/tyoelamaan.staging.web-veistamo.fi\/#\/schema\/logo\/image\/\"}}]}<\/script>\n<!-- \/ Yoast SEO plugin. -->","yoast_head_json":{"title":"Introduktion - Ty\u00f6el\u00e4m\u00e4\u00e4n.fi","description":"Arbetsgivaren erbjuder dig tillr\u00e4cklig introduktionsutbildning om dina arbetsuppgifter, dina arbetsredskap och deras korrekta anv\u00e4ndning.","robots":{"index":"index","follow":"follow","max-snippet":"max-snippet:-1","max-image-preview":"max-image-preview:large","max-video-preview":"max-video-preview:-1"},"canonical":"https:\/\/tyoelamaan.staging.web-veistamo.fi\/tyon-aloitus\/perehdytys\/","og_locale":"sv_SE","og_type":"article","og_title":"Introduktion - Ty\u00f6el\u00e4m\u00e4\u00e4n.fi","og_description":"Arbetsgivaren erbjuder dig tillr\u00e4cklig introduktionsutbildning om dina arbetsuppgifter, dina arbetsredskap och deras korrekta anv\u00e4ndning.","og_url":"https:\/\/tyoelamaan.staging.web-veistamo.fi\/tyon-aloitus\/perehdytys\/","og_site_name":"Ty\u00f6el\u00e4m\u00e4\u00e4n.fi","article_modified_time":"2024-12-17T04:19:52+00:00","twitter_card":"summary_large_image","twitter_misc":{"Ber\u00e4knad l\u00e4stid":"3 minuter"},"schema":{"@context":"https:\/\/schema.org","@graph":[{"@type":"WebPage","@id":"https:\/\/tyoelamaan.staging.web-veistamo.fi\/tyon-aloitus\/perehdytys\/","url":"https:\/\/tyoelamaan.staging.web-veistamo.fi\/tyon-aloitus\/perehdytys\/","name":"Introduktion - Ty\u00f6el\u00e4m\u00e4\u00e4n.fi","isPartOf":{"@id":"https:\/\/tyoelamaan.staging.web-veistamo.fi\/#website"},"datePublished":"2022-07-07T07:54:38+00:00","dateModified":"2024-12-17T04:19:52+00:00","description":"Arbetsgivaren erbjuder dig tillr\u00e4cklig introduktionsutbildning om dina arbetsuppgifter, dina arbetsredskap och deras korrekta anv\u00e4ndning.","breadcrumb":{"@id":"https:\/\/tyoelamaan.staging.web-veistamo.fi\/tyon-aloitus\/perehdytys\/#breadcrumb"},"inLanguage":"sv-SE","potentialAction":[{"@type":"ReadAction","target":["https:\/\/tyoelamaan.staging.web-veistamo.fi\/tyon-aloitus\/perehdytys\/"]}]},{"@type":"BreadcrumbList","@id":"https:\/\/tyoelamaan.staging.web-veistamo.fi\/tyon-aloitus\/perehdytys\/#breadcrumb","itemListElement":[{"@type":"ListItem","position":1,"name":"Home","item":"https:\/\/tyoelamaan.staging.web-veistamo.fi\/sv\/"},{"@type":"ListItem","position":2,"name":"B\u00f6rjan av arbetet","item":"https:\/\/tyoelamaan.staging.web-veistamo.fi\/tyon-aloitus\/"},{"@type":"ListItem","position":3,"name":"Introduktion"}]},{"@type":"WebSite","@id":"https:\/\/tyoelamaan.staging.web-veistamo.fi\/#website","url":"https:\/\/tyoelamaan.staging.web-veistamo.fi\/","name":"Ty\u00f6el\u00e4m\u00e4\u00e4n.fi","description":"","publisher":{"@id":"https:\/\/tyoelamaan.staging.web-veistamo.fi\/#organization"},"potentialAction":[{"@type":"SearchAction","target":{"@type":"EntryPoint","urlTemplate":"https:\/\/tyoelamaan.staging.web-veistamo.fi\/?s={search_term_string}"},"query-input":{"@type":"PropertyValueSpecification","valueRequired":true,"valueName":"search_term_string"}}],"inLanguage":"sv-SE"},{"@type":"Organization","@id":"https:\/\/tyoelamaan.staging.web-veistamo.fi\/#organization","name":"Ty\u00f6el\u00e4m\u00e4\u00e4n.fi","url":"https:\/\/tyoelamaan.staging.web-veistamo.fi\/","logo":{"@type":"ImageObject","inLanguage":"sv-SE","@id":"https:\/\/tyoelamaan.staging.web-veistamo.fi\/#\/schema\/logo\/image\/","url":"https:\/\/tyoelamaan.staging.web-veistamo.fi\/wp-content\/uploads\/2024\/11\/tyoelamaan_logo.svg","contentUrl":"https:\/\/tyoelamaan.staging.web-veistamo.fi\/wp-content\/uploads\/2024\/11\/tyoelamaan_logo.svg","width":131,"height":30,"caption":"Ty\u00f6el\u00e4m\u00e4\u00e4n.fi"},"image":{"@id":"https:\/\/tyoelamaan.staging.web-veistamo.fi\/#\/schema\/logo\/image\/"}}]}},"_links":{"self":[{"href":"https:\/\/tyoelamaan.staging.web-veistamo.fi\/sv\/wp-json\/wp\/v2\/pages\/6165","targetHints":{"allow":["GET"]}}],"collection":[{"href":"https:\/\/tyoelamaan.staging.web-veistamo.fi\/sv\/wp-json\/wp\/v2\/pages"}],"about":[{"href":"https:\/\/tyoelamaan.staging.web-veistamo.fi\/sv\/wp-json\/wp\/v2\/types\/page"}],"author":[{"embeddable":true,"href":"https:\/\/tyoelamaan.staging.web-veistamo.fi\/sv\/wp-json\/wp\/v2\/users\/3"}],"replies":[{"embeddable":true,"href":"https:\/\/tyoelamaan.staging.web-veistamo.fi\/sv\/wp-json\/wp\/v2\/comments?post=6165"}],"version-history":[{"count":4,"href":"https:\/\/tyoelamaan.staging.web-veistamo.fi\/sv\/wp-json\/wp\/v2\/pages\/6165\/revisions"}],"predecessor-version":[{"id":12533,"href":"https:\/\/tyoelamaan.staging.web-veistamo.fi\/sv\/wp-json\/wp\/v2\/pages\/6165\/revisions\/12533"}],"up":[{"embeddable":true,"href":"https:\/\/tyoelamaan.staging.web-veistamo.fi\/sv\/wp-json\/wp\/v2\/pages\/10711"}],"wp:attachment":[{"href":"https:\/\/tyoelamaan.staging.web-veistamo.fi\/sv\/wp-json\/wp\/v2\/media?parent=6165"}],"wp:term":[{"taxonomy":"asiasana","embeddable":true,"href":"https:\/\/tyoelamaan.staging.web-veistamo.fi\/sv\/wp-json\/wp\/v2\/asiasana?post=6165"},{"taxonomy":"omistaja","embeddable":true,"href":"https:\/\/tyoelamaan.staging.web-veistamo.fi\/sv\/wp-json\/wp\/v2\/omistaja?post=6165"}],"curies":[{"name":"wp","href":"https:\/\/api.w.org\/{rel}","templated":true}]}}