{"id":6132,"date":"2022-07-06T13:47:06","date_gmt":"2022-07-06T10:47:06","guid":{"rendered":"https:\/\/tyoelamaan.fi\/?page_id=6132"},"modified":"2024-12-17T06:19:50","modified_gmt":"2024-12-17T04:19:50","slug":"anstallningsforhallande","status":"publish","type":"page","link":"https:\/\/tyoelamaan.staging.web-veistamo.fi\/sv\/anstallningsforhallande\/","title":{"rendered":"Anst\u00e4llningsf\u00f6rh\u00e5llande"},"content":{"rendered":"\n<div class=\"wp-block-columns is-layout-flex wp-container-core-columns-is-layout-28f84493 wp-block-columns-is-layout-flex\">\n<div class=\"wp-block-column is-layout-flow wp-block-column-is-layout-flow\">\n<p>Ett anst\u00e4llningsf\u00f6rh\u00e5llande uppkommer n\u00e4r arbetsgivaren och arbetstagaren kommer \u00f6verens om utf\u00f6randet av arbete, arbetet utf\u00f6rs under arbetsgivarens direktion (ledning) och \u00f6vervakning och l\u00f6n betalas f\u00f6r arbetet.<\/p>\n\n\n\n<p>Arbete kan utf\u00f6ras i anst\u00e4llningsf\u00f6rh\u00e5llanden av olika slag, till exempel ordinarie anst\u00e4llning eller anst\u00e4llning p\u00e5 hel-, viss- eller deltid. Det beror p\u00e5 anst\u00e4llningens typ hur din arbetstid och semester best\u00e4ms eller vilka \u00e5tg\u00e4rder som vidtas om du blir sjuk.<\/p>\n\n\n\n<p>N\u00e4r ditt <a href=\"https:\/\/www.tyosuojelu.fi\/web\/sv\/anstallningsforhallande\" target=\"_blank\" rel=\"noreferrer noopener\">arbetsf\u00f6rh\u00e5llande<\/a>&nbsp;b\u00f6rjar, s\u00e4kerst\u00e4ll att dina r\u00e4ttigheter och skyldigheter antecknats r\u00e4tt i ditt arbetsavtal. Kom ocks\u00e5 ih\u00e5g att sk\u00f6ta om att ditt anst\u00e4llningsf\u00f6rh\u00e5llande upph\u00f6r p\u00e5 r\u00e4tt s\u00e4tt, oavsett om det sker p\u00e5 ditt eller p\u00e5 arbetsgivarens initiativ.<\/p>\n<\/div>\n\n\n\n<div class=\"wp-block-column is-layout-flow wp-block-column-is-layout-flow\">\n<ul class=\"wp-block-list has-secondary-background-color has-background\">\n<li><a href=\"https:\/\/tyoelamaan.staging.web-veistamo.fi\/sv\/anstallningsforhallande\/anstallningsforhallanden-av-olika-slag\/\">Anst\u00e4llningsf\u00f6rh\u00e5llanden av olika slag<\/a><\/li>\n\n\n\n<li><a href=\"https:\/\/tyoelamaan.staging.web-veistamo.fi\/sv\/anstallningsforhallande\/anstallningsforhallande-for-en-minderarig-person\/\">Anst\u00e4llningsf\u00f6rh\u00e5llande f\u00f6r en minder\u00e5rig person<\/a><\/li>\n\n\n\n<li><a href=\"https:\/\/tyoelamaan.staging.web-veistamo.fi\/sv\/anstallningsforhallande\/arbetstid\/\">Arbetstid<\/a><\/li>\n\n\n\n<li><a href=\"https:\/\/tyoelamaan.staging.web-veistamo.fi\/sv\/anstallningsforhallande\/lon\/\">L\u00f6n<\/a><\/li>\n\n\n\n<li><a href=\"https:\/\/tyoelamaan.staging.web-veistamo.fi\/sv\/anstallningsforhallande\/ledighet\/\">Ledighet<\/a><\/li>\n\n\n\n<li><a href=\"https:\/\/tyoelamaan.staging.web-veistamo.fi\/sv\/anstallningsforhallande\/semester-och-ledighet\/\">Semester<\/a><\/li>\n\n\n\n<li><a href=\"https:\/\/tyoelamaan.staging.web-veistamo.fi\/sv\/anstallningsforhallande\/sjukdom\/\">Sjukdom<\/a><\/li>\n<\/ul>\n<\/div>\n<\/div>\n","protected":false},"excerpt":{"rendered":"<p>Ett anst\u00e4llningsf\u00f6rh\u00e5llande uppkommer n\u00e4r arbetsgivaren och arbetstagaren kommer \u00f6verens om utf\u00f6randet av arbete, arbetet utf\u00f6rs under arbetsgivarens direktion (ledning) och \u00f6vervakning och l\u00f6n betalas f\u00f6r arbetet. Arbete kan utf\u00f6ras i anst\u00e4llningsf\u00f6rh\u00e5llanden av olika slag, till exempel ordinarie anst\u00e4llning eller anst\u00e4llning p\u00e5 hel-, viss- eller deltid. Det beror p\u00e5 anst\u00e4llningens typ hur din arbetstid och semester [&hellip;]<\/p>\n","protected":false},"author":3,"featured_media":0,"parent":0,"menu_order":0,"comment_status":"closed","ping_status":"closed","template":"","meta":{"_acf_changed":false,"footnotes":""},"asiasana":[],"omistaja":[55],"class_list":["post-6132","page","type-page","status-publish","hentry","omistaja-katariina-kainu"],"acf":[],"yoast_head":"<!-- This site is optimized with the Yoast SEO plugin v26.5 - https:\/\/yoast.com\/wordpress\/plugins\/seo\/ -->\n<title>Anst\u00e4llningsf\u00f6rh\u00e5llande - Ty\u00f6el\u00e4m\u00e4\u00e4n.fi<\/title>\n<meta name=\"description\" content=\"Ett anst\u00e4llningsf\u00f6rh\u00e5llande uppkommer n\u00e4r arbetsgivaren och arbetstagaren kommer \u00f6verens och l\u00f6n betalas f\u00f6r arbetet.\" \/>\n<meta name=\"robots\" content=\"index, follow, max-snippet:-1, max-image-preview:large, max-video-preview:-1\" \/>\n<link rel=\"canonical\" href=\"https:\/\/tyoelamaan.staging.web-veistamo.fi\/tyosuhde\/\" \/>\n<meta property=\"og:locale\" content=\"sv_SE\" \/>\n<meta property=\"og:type\" content=\"article\" \/>\n<meta property=\"og:title\" content=\"Anst\u00e4llningsf\u00f6rh\u00e5llande - Ty\u00f6el\u00e4m\u00e4\u00e4n.fi\" \/>\n<meta property=\"og:description\" content=\"Ett anst\u00e4llningsf\u00f6rh\u00e5llande uppkommer n\u00e4r arbetsgivaren och arbetstagaren kommer \u00f6verens och l\u00f6n betalas f\u00f6r arbetet.\" \/>\n<meta property=\"og:url\" content=\"https:\/\/tyoelamaan.staging.web-veistamo.fi\/tyosuhde\/\" \/>\n<meta property=\"og:site_name\" content=\"Ty\u00f6el\u00e4m\u00e4\u00e4n.fi\" \/>\n<meta property=\"article:modified_time\" content=\"2024-12-17T04:19:50+00:00\" \/>\n<meta name=\"twitter:card\" content=\"summary_large_image\" \/>\n<meta name=\"twitter:label1\" content=\"Ber\u00e4knad l\u00e4stid\" \/>\n\t<meta name=\"twitter:data1\" content=\"1 minut\" \/>\n<script type=\"application\/ld+json\" class=\"yoast-schema-graph\">{\"@context\":\"https:\/\/schema.org\",\"@graph\":[{\"@type\":\"WebPage\",\"@id\":\"https:\/\/tyoelamaan.staging.web-veistamo.fi\/tyosuhde\/\",\"url\":\"https:\/\/tyoelamaan.staging.web-veistamo.fi\/tyosuhde\/\",\"name\":\"Anst\u00e4llningsf\u00f6rh\u00e5llande - Ty\u00f6el\u00e4m\u00e4\u00e4n.fi\",\"isPartOf\":{\"@id\":\"https:\/\/tyoelamaan.staging.web-veistamo.fi\/#website\"},\"datePublished\":\"2022-07-06T10:47:06+00:00\",\"dateModified\":\"2024-12-17T04:19:50+00:00\",\"description\":\"Ett anst\u00e4llningsf\u00f6rh\u00e5llande uppkommer n\u00e4r arbetsgivaren och arbetstagaren kommer \u00f6verens och l\u00f6n betalas f\u00f6r arbetet.\",\"breadcrumb\":{\"@id\":\"https:\/\/tyoelamaan.staging.web-veistamo.fi\/tyosuhde\/#breadcrumb\"},\"inLanguage\":\"sv-SE\",\"potentialAction\":[{\"@type\":\"ReadAction\",\"target\":[\"https:\/\/tyoelamaan.staging.web-veistamo.fi\/tyosuhde\/\"]}]},{\"@type\":\"BreadcrumbList\",\"@id\":\"https:\/\/tyoelamaan.staging.web-veistamo.fi\/tyosuhde\/#breadcrumb\",\"itemListElement\":[{\"@type\":\"ListItem\",\"position\":1,\"name\":\"Home\",\"item\":\"https:\/\/tyoelamaan.staging.web-veistamo.fi\/sv\/\"},{\"@type\":\"ListItem\",\"position\":2,\"name\":\"Anst\u00e4llningsf\u00f6rh\u00e5llande\"}]},{\"@type\":\"WebSite\",\"@id\":\"https:\/\/tyoelamaan.staging.web-veistamo.fi\/#website\",\"url\":\"https:\/\/tyoelamaan.staging.web-veistamo.fi\/\",\"name\":\"Ty\u00f6el\u00e4m\u00e4\u00e4n.fi\",\"description\":\"\",\"publisher\":{\"@id\":\"https:\/\/tyoelamaan.staging.web-veistamo.fi\/#organization\"},\"potentialAction\":[{\"@type\":\"SearchAction\",\"target\":{\"@type\":\"EntryPoint\",\"urlTemplate\":\"https:\/\/tyoelamaan.staging.web-veistamo.fi\/?s={search_term_string}\"},\"query-input\":{\"@type\":\"PropertyValueSpecification\",\"valueRequired\":true,\"valueName\":\"search_term_string\"}}],\"inLanguage\":\"sv-SE\"},{\"@type\":\"Organization\",\"@id\":\"https:\/\/tyoelamaan.staging.web-veistamo.fi\/#organization\",\"name\":\"Ty\u00f6el\u00e4m\u00e4\u00e4n.fi\",\"url\":\"https:\/\/tyoelamaan.staging.web-veistamo.fi\/\",\"logo\":{\"@type\":\"ImageObject\",\"inLanguage\":\"sv-SE\",\"@id\":\"https:\/\/tyoelamaan.staging.web-veistamo.fi\/#\/schema\/logo\/image\/\",\"url\":\"https:\/\/tyoelamaan.staging.web-veistamo.fi\/wp-content\/uploads\/2024\/11\/tyoelamaan_logo.svg\",\"contentUrl\":\"https:\/\/tyoelamaan.staging.web-veistamo.fi\/wp-content\/uploads\/2024\/11\/tyoelamaan_logo.svg\",\"width\":131,\"height\":30,\"caption\":\"Ty\u00f6el\u00e4m\u00e4\u00e4n.fi\"},\"image\":{\"@id\":\"https:\/\/tyoelamaan.staging.web-veistamo.fi\/#\/schema\/logo\/image\/\"}}]}<\/script>\n<!-- \/ Yoast SEO plugin. -->","yoast_head_json":{"title":"Anst\u00e4llningsf\u00f6rh\u00e5llande - Ty\u00f6el\u00e4m\u00e4\u00e4n.fi","description":"Ett anst\u00e4llningsf\u00f6rh\u00e5llande uppkommer n\u00e4r arbetsgivaren och arbetstagaren kommer \u00f6verens och l\u00f6n betalas f\u00f6r arbetet.","robots":{"index":"index","follow":"follow","max-snippet":"max-snippet:-1","max-image-preview":"max-image-preview:large","max-video-preview":"max-video-preview:-1"},"canonical":"https:\/\/tyoelamaan.staging.web-veistamo.fi\/tyosuhde\/","og_locale":"sv_SE","og_type":"article","og_title":"Anst\u00e4llningsf\u00f6rh\u00e5llande - Ty\u00f6el\u00e4m\u00e4\u00e4n.fi","og_description":"Ett anst\u00e4llningsf\u00f6rh\u00e5llande uppkommer n\u00e4r arbetsgivaren och arbetstagaren kommer \u00f6verens och l\u00f6n betalas f\u00f6r arbetet.","og_url":"https:\/\/tyoelamaan.staging.web-veistamo.fi\/tyosuhde\/","og_site_name":"Ty\u00f6el\u00e4m\u00e4\u00e4n.fi","article_modified_time":"2024-12-17T04:19:50+00:00","twitter_card":"summary_large_image","twitter_misc":{"Ber\u00e4knad l\u00e4stid":"1 minut"},"schema":{"@context":"https:\/\/schema.org","@graph":[{"@type":"WebPage","@id":"https:\/\/tyoelamaan.staging.web-veistamo.fi\/tyosuhde\/","url":"https:\/\/tyoelamaan.staging.web-veistamo.fi\/tyosuhde\/","name":"Anst\u00e4llningsf\u00f6rh\u00e5llande - Ty\u00f6el\u00e4m\u00e4\u00e4n.fi","isPartOf":{"@id":"https:\/\/tyoelamaan.staging.web-veistamo.fi\/#website"},"datePublished":"2022-07-06T10:47:06+00:00","dateModified":"2024-12-17T04:19:50+00:00","description":"Ett anst\u00e4llningsf\u00f6rh\u00e5llande uppkommer n\u00e4r arbetsgivaren och arbetstagaren kommer \u00f6verens och l\u00f6n betalas f\u00f6r arbetet.","breadcrumb":{"@id":"https:\/\/tyoelamaan.staging.web-veistamo.fi\/tyosuhde\/#breadcrumb"},"inLanguage":"sv-SE","potentialAction":[{"@type":"ReadAction","target":["https:\/\/tyoelamaan.staging.web-veistamo.fi\/tyosuhde\/"]}]},{"@type":"BreadcrumbList","@id":"https:\/\/tyoelamaan.staging.web-veistamo.fi\/tyosuhde\/#breadcrumb","itemListElement":[{"@type":"ListItem","position":1,"name":"Home","item":"https:\/\/tyoelamaan.staging.web-veistamo.fi\/sv\/"},{"@type":"ListItem","position":2,"name":"Anst\u00e4llningsf\u00f6rh\u00e5llande"}]},{"@type":"WebSite","@id":"https:\/\/tyoelamaan.staging.web-veistamo.fi\/#website","url":"https:\/\/tyoelamaan.staging.web-veistamo.fi\/","name":"Ty\u00f6el\u00e4m\u00e4\u00e4n.fi","description":"","publisher":{"@id":"https:\/\/tyoelamaan.staging.web-veistamo.fi\/#organization"},"potentialAction":[{"@type":"SearchAction","target":{"@type":"EntryPoint","urlTemplate":"https:\/\/tyoelamaan.staging.web-veistamo.fi\/?s={search_term_string}"},"query-input":{"@type":"PropertyValueSpecification","valueRequired":true,"valueName":"search_term_string"}}],"inLanguage":"sv-SE"},{"@type":"Organization","@id":"https:\/\/tyoelamaan.staging.web-veistamo.fi\/#organization","name":"Ty\u00f6el\u00e4m\u00e4\u00e4n.fi","url":"https:\/\/tyoelamaan.staging.web-veistamo.fi\/","logo":{"@type":"ImageObject","inLanguage":"sv-SE","@id":"https:\/\/tyoelamaan.staging.web-veistamo.fi\/#\/schema\/logo\/image\/","url":"https:\/\/tyoelamaan.staging.web-veistamo.fi\/wp-content\/uploads\/2024\/11\/tyoelamaan_logo.svg","contentUrl":"https:\/\/tyoelamaan.staging.web-veistamo.fi\/wp-content\/uploads\/2024\/11\/tyoelamaan_logo.svg","width":131,"height":30,"caption":"Ty\u00f6el\u00e4m\u00e4\u00e4n.fi"},"image":{"@id":"https:\/\/tyoelamaan.staging.web-veistamo.fi\/#\/schema\/logo\/image\/"}}]}},"_links":{"self":[{"href":"https:\/\/tyoelamaan.staging.web-veistamo.fi\/sv\/wp-json\/wp\/v2\/pages\/6132","targetHints":{"allow":["GET"]}}],"collection":[{"href":"https:\/\/tyoelamaan.staging.web-veistamo.fi\/sv\/wp-json\/wp\/v2\/pages"}],"about":[{"href":"https:\/\/tyoelamaan.staging.web-veistamo.fi\/sv\/wp-json\/wp\/v2\/types\/page"}],"author":[{"embeddable":true,"href":"https:\/\/tyoelamaan.staging.web-veistamo.fi\/sv\/wp-json\/wp\/v2\/users\/3"}],"replies":[{"embeddable":true,"href":"https:\/\/tyoelamaan.staging.web-veistamo.fi\/sv\/wp-json\/wp\/v2\/comments?post=6132"}],"version-history":[{"count":5,"href":"https:\/\/tyoelamaan.staging.web-veistamo.fi\/sv\/wp-json\/wp\/v2\/pages\/6132\/revisions"}],"predecessor-version":[{"id":12529,"href":"https:\/\/tyoelamaan.staging.web-veistamo.fi\/sv\/wp-json\/wp\/v2\/pages\/6132\/revisions\/12529"}],"wp:attachment":[{"href":"https:\/\/tyoelamaan.staging.web-veistamo.fi\/sv\/wp-json\/wp\/v2\/media?parent=6132"}],"wp:term":[{"taxonomy":"asiasana","embeddable":true,"href":"https:\/\/tyoelamaan.staging.web-veistamo.fi\/sv\/wp-json\/wp\/v2\/asiasana?post=6132"},{"taxonomy":"omistaja","embeddable":true,"href":"https:\/\/tyoelamaan.staging.web-veistamo.fi\/sv\/wp-json\/wp\/v2\/omistaja?post=6132"}],"curies":[{"name":"wp","href":"https:\/\/api.w.org\/{rel}","templated":true}]}}