{"id":6105,"date":"2022-07-06T12:08:20","date_gmt":"2022-07-06T09:08:20","guid":{"rendered":"https:\/\/tyoelamaan.fi\/?page_id=6105"},"modified":"2024-12-17T06:19:47","modified_gmt":"2024-12-17T04:19:47","slug":"sa-har-kanner-du-igen-en-valmaende-arbetsgemenskap","status":"publish","type":"page","link":"https:\/\/tyoelamaan.staging.web-veistamo.fi\/sv\/arbetslivet\/sa-har-kanner-du-igen-en-valmaende-arbetsgemenskap\/","title":{"rendered":"S\u00e5 h\u00e4r k\u00e4nner du igen en v\u00e4lm\u00e5ende arbetsgemenskap"},"content":{"rendered":"\n<div class=\"wp-block-columns is-layout-flex wp-container-core-columns-is-layout-28f84493 wp-block-columns-is-layout-flex\">\n<div class=\"wp-block-column is-layout-flow wp-block-column-is-layout-flow\">\n<p>Du k\u00e4nner igen en v\u00e4lm\u00e5ende arbetsgemenskap genom att det \u00e4r trevligt att \u00e5terv\u00e4nda till jobbet efter en ledighet eller semester. \u00c4ven om arbete aldrig kan vara roligt hela tiden, borde dina uppgifter och din arbetsmilj\u00f6 i huvudsak v\u00e4cka positiva eller minst neutrala k\u00e4nslor hos dig. En v\u00e4lm\u00e5ende arbetsgemenskap \u00e4r ocks\u00e5 till f\u00f6rdel f\u00f6r arbetsgivaren, eftersom v\u00e4lmotiverade arbetstagare orkar b\u00e4ttre p\u00e5 jobbet och har f\u00e4rre sjukfr\u00e5nvaron.<\/p>\n<\/div>\n\n\n\n<div class=\"wp-block-column is-layout-flow wp-block-column-is-layout-flow\">\n<figure class=\"wp-block-image size-large\"><img decoding=\"async\" src=\"https:\/\/tyoelamaan.staging.web-veistamo.fi\/wp-content\/uploads\/2022\/07\/hauska-kokous.jpg\" alt=\"roligt att arbeta\" class=\"wp-image-6106\"\/><\/figure>\n<\/div>\n<\/div>\n\n\n\n<h2 class=\"wp-block-heading\">Arbetsh\u00e4lsan v\u00e5rdas i arbetsgemenskapens vardag<\/h2>\n\n\n\n<p>God arbetsh\u00e4lsa och trivsel p\u00e5 jobbet skapas i vardagen genom att l\u00e5ngsiktigt utveckla arbetsmilj\u00f6n, arbetsgemenskapen, arbetsprocesserna och ledarskapet. Varje arbetsplats ska ha nolltolerans f\u00f6r mobbning och\u00a0diskriminering. I en v\u00e4lm\u00e5ende arbetsgemenskap uppskattar arbetskamraterna varandra och det arbete som andra g\u00f6r. N\u00e4r man l\u00f6ser problem, blir alla parter h\u00f6rda och behandlade med respekt.<\/p>\n\n\n\n<p>Det \u00e4r viktigt att sk\u00f6ta om att arbetet inte f\u00e5r ett f\u00f6r h\u00f6gt tempo eller blir alltf\u00f6r belastande och anstr\u00e4ngande. I en v\u00e4lm\u00e5ende arbetsgemenskap arbetar man\u00a0i <a href=\"https:\/\/tyoelamaan.staging.web-veistamo.fi\/sv\/arbetsplatsen\/arbetarskyddet-och-sakerheten-pa-arbetsplatsen\/\" target=\"_blank\" rel=\"noreferrer noopener\">h\u00e4lsosamma och trygga f\u00f6rh\u00e5llanden<\/a>. N\u00e4r arbetsgemenskapens medlemmar m\u00e5r bra, ger arbetet resultat och det rycker med sig p\u00e5 ett positivt s\u00e4tt. Chefen st\u00f6djer medarbetarna och hela arbetsgemenskapen drar \u00e5t samma h\u00e5ll. En v\u00e4lm\u00e5ende arbetsgemenskap \u00e4r kreativ och produktiv och dessutom ekonomiskt l\u00f6nsam.<\/p>\n\n\n\n<p>Det \u00e4r l\u00f6nsamt f\u00f6r ett f\u00f6retag eller en organisation att investera i utveckling av arbetsh\u00e4lsan. Enligt uppskattning ger en euro som investerats p\u00e5 arbetsh\u00e4lsa flerfaldig avkastning. Genom ditt eget v\u00e4lbefinnande p\u00e5verkar du hur du orkar p\u00e5 jobbet, och samtidigt bidrar du till hela arbetsgemenskapens v\u00e4lbefinnande.<\/p>\n\n\n\n<h3 class=\"wp-block-heading\">Du kan fr\u00e4mja ditt eget v\u00e4lbefinnande till exempel genom att:<\/h3>\n\n\n\n<ul class=\"wp-block-list\"><li>r\u00f6ra p\u00e5 dig i friska luften<\/li><li>\u00e4gna dig \u00e5t nyttomotion varje dag<\/li><li>\u00e4ta mat som ger dig tillr\u00e4ckligt med vitaminer och annat som du beh\u00f6ver f\u00f6r att orka<\/li><li>\u00e5terh\u00e4mta dig v\u00e4l fr\u00e5n motion och arbete<\/li><li>sova tillr\u00e4ckligt<\/li><\/ul>\n\n\n\n<h3 class=\"wp-block-heading\">En v\u00e4lm\u00e5ende arbetsgemenskap:<\/h3>\n\n\n\n<ul class=\"wp-block-list\"><li>\u00e4r \u00f6ppen och f\u00f6rtroendefull<\/li><li>uppmuntrar och sporrar<\/li><li>drar i samma riktning<\/li><li>ger positiv respons<\/li><li>h\u00e5ller arbetsm\u00e4ngden under kontroll<\/li><li>v\u00e5gar ocks\u00e5 prata om problem<\/li><li>fungerar ocks\u00e5 vid f\u00f6r\u00e4ndringar.<\/li><\/ul>\n\n\n\n<p>K\u00e4lla:&nbsp;<a href=\"https:\/\/www.ttl.fi\/sv\/teman\/arbetshalsa-och-arbetsformaga\" target=\"_blank\" rel=\"noreferrer noopener\">Arbetsh\u00e4lsoinstitutet<\/a><\/p>\n","protected":false},"excerpt":{"rendered":"<p>Du k\u00e4nner igen en v\u00e4lm\u00e5ende arbetsgemenskap genom att det \u00e4r trevligt att \u00e5terv\u00e4nda till jobbet efter en ledighet eller semester. \u00c4ven om arbete aldrig kan vara roligt hela tiden, borde dina uppgifter och din arbetsmilj\u00f6 i huvudsak v\u00e4cka positiva eller minst neutrala k\u00e4nslor hos dig. En v\u00e4lm\u00e5ende arbetsgemenskap \u00e4r ocks\u00e5 till f\u00f6rdel f\u00f6r arbetsgivaren, eftersom [&hellip;]<\/p>\n","protected":false},"author":3,"featured_media":0,"parent":6077,"menu_order":0,"comment_status":"closed","ping_status":"closed","template":"","meta":{"_acf_changed":false,"footnotes":""},"asiasana":[37],"omistaja":[64],"class_list":["post-6105","page","type-page","status-publish","hentry","asiasana-tyohyvinvointi","omistaja-kirsi-suominen"],"acf":[],"yoast_head":"<!-- This site is optimized with the Yoast SEO plugin v26.5 - https:\/\/yoast.com\/wordpress\/plugins\/seo\/ -->\n<title>S\u00e5 h\u00e4r k\u00e4nner du igen en v\u00e4lm\u00e5ende arbetsgemenskap - Ty\u00f6el\u00e4m\u00e4\u00e4n.fi<\/title>\n<meta name=\"description\" content=\"Hur m\u00e5r du och din arbetskamrater? Enligt uppskattning ger en euro som investerats p\u00e5 arbetsh\u00e4lsa flerfaldig avkastning.\" \/>\n<meta name=\"robots\" content=\"index, follow, max-snippet:-1, max-image-preview:large, max-video-preview:-1\" \/>\n<link rel=\"canonical\" href=\"https:\/\/tyoelamaan.staging.web-veistamo.fi\/?page_id=687\" \/>\n<meta property=\"og:locale\" content=\"sv_SE\" \/>\n<meta property=\"og:type\" content=\"article\" \/>\n<meta property=\"og:title\" content=\"S\u00e5 h\u00e4r k\u00e4nner du igen en v\u00e4lm\u00e5ende arbetsgemenskap - Ty\u00f6el\u00e4m\u00e4\u00e4n.fi\" \/>\n<meta property=\"og:description\" content=\"Hur m\u00e5r du och din arbetskamrater? Enligt uppskattning ger en euro som investerats p\u00e5 arbetsh\u00e4lsa flerfaldig avkastning.\" \/>\n<meta property=\"og:url\" content=\"https:\/\/tyoelamaan.staging.web-veistamo.fi\/?page_id=687\" \/>\n<meta property=\"og:site_name\" content=\"Ty\u00f6el\u00e4m\u00e4\u00e4n.fi\" \/>\n<meta property=\"article:modified_time\" content=\"2024-12-17T04:19:47+00:00\" \/>\n<meta name=\"twitter:card\" content=\"summary_large_image\" \/>\n<meta name=\"twitter:label1\" content=\"Ber\u00e4knad l\u00e4stid\" \/>\n\t<meta name=\"twitter:data1\" content=\"2 minuter\" \/>\n<script type=\"application\/ld+json\" class=\"yoast-schema-graph\">{\"@context\":\"https:\/\/schema.org\",\"@graph\":[{\"@type\":\"WebPage\",\"@id\":\"https:\/\/tyoelamaan.staging.web-veistamo.fi\/?page_id=687\",\"url\":\"https:\/\/tyoelamaan.staging.web-veistamo.fi\/?page_id=687\",\"name\":\"S\u00e5 h\u00e4r k\u00e4nner du igen en v\u00e4lm\u00e5ende arbetsgemenskap - Ty\u00f6el\u00e4m\u00e4\u00e4n.fi\",\"isPartOf\":{\"@id\":\"https:\/\/tyoelamaan.staging.web-veistamo.fi\/#website\"},\"primaryImageOfPage\":{\"@id\":\"https:\/\/tyoelamaan.staging.web-veistamo.fi\/?page_id=687#primaryimage\"},\"image\":{\"@id\":\"https:\/\/tyoelamaan.staging.web-veistamo.fi\/?page_id=687#primaryimage\"},\"thumbnailUrl\":\"https:\/\/tyoelamaan.staging.web-veistamo.fi\/wp-content\/uploads\/2022\/07\/hauska-kokous.jpg\",\"datePublished\":\"2022-07-06T09:08:20+00:00\",\"dateModified\":\"2024-12-17T04:19:47+00:00\",\"description\":\"Hur m\u00e5r du och din arbetskamrater? Enligt uppskattning ger en euro som investerats p\u00e5 arbetsh\u00e4lsa flerfaldig avkastning.\",\"breadcrumb\":{\"@id\":\"https:\/\/tyoelamaan.staging.web-veistamo.fi\/?page_id=687#breadcrumb\"},\"inLanguage\":\"sv-SE\",\"potentialAction\":[{\"@type\":\"ReadAction\",\"target\":[\"https:\/\/tyoelamaan.staging.web-veistamo.fi\/?page_id=687\"]}]},{\"@type\":\"ImageObject\",\"inLanguage\":\"sv-SE\",\"@id\":\"https:\/\/tyoelamaan.staging.web-veistamo.fi\/?page_id=687#primaryimage\",\"url\":\"https:\/\/tyoelamaan.staging.web-veistamo.fi\/wp-content\/uploads\/2022\/07\/hauska-kokous.jpg\",\"contentUrl\":\"https:\/\/tyoelamaan.staging.web-veistamo.fi\/wp-content\/uploads\/2022\/07\/hauska-kokous.jpg\"},{\"@type\":\"BreadcrumbList\",\"@id\":\"https:\/\/tyoelamaan.staging.web-veistamo.fi\/?page_id=687#breadcrumb\",\"itemListElement\":[{\"@type\":\"ListItem\",\"position\":1,\"name\":\"Home\",\"item\":\"https:\/\/tyoelamaan.staging.web-veistamo.fi\/sv\/\"},{\"@type\":\"ListItem\",\"position\":2,\"name\":\"Arbetslivet\",\"item\":\"https:\/\/tyoelamaan.staging.web-veistamo.fi\/tyoelama\/\"},{\"@type\":\"ListItem\",\"position\":3,\"name\":\"S\u00e5 h\u00e4r k\u00e4nner du igen en v\u00e4lm\u00e5ende arbetsgemenskap\"}]},{\"@type\":\"WebSite\",\"@id\":\"https:\/\/tyoelamaan.staging.web-veistamo.fi\/#website\",\"url\":\"https:\/\/tyoelamaan.staging.web-veistamo.fi\/\",\"name\":\"Ty\u00f6el\u00e4m\u00e4\u00e4n.fi\",\"description\":\"\",\"publisher\":{\"@id\":\"https:\/\/tyoelamaan.staging.web-veistamo.fi\/#organization\"},\"potentialAction\":[{\"@type\":\"SearchAction\",\"target\":{\"@type\":\"EntryPoint\",\"urlTemplate\":\"https:\/\/tyoelamaan.staging.web-veistamo.fi\/?s={search_term_string}\"},\"query-input\":{\"@type\":\"PropertyValueSpecification\",\"valueRequired\":true,\"valueName\":\"search_term_string\"}}],\"inLanguage\":\"sv-SE\"},{\"@type\":\"Organization\",\"@id\":\"https:\/\/tyoelamaan.staging.web-veistamo.fi\/#organization\",\"name\":\"Ty\u00f6el\u00e4m\u00e4\u00e4n.fi\",\"url\":\"https:\/\/tyoelamaan.staging.web-veistamo.fi\/\",\"logo\":{\"@type\":\"ImageObject\",\"inLanguage\":\"sv-SE\",\"@id\":\"https:\/\/tyoelamaan.staging.web-veistamo.fi\/#\/schema\/logo\/image\/\",\"url\":\"https:\/\/tyoelamaan.staging.web-veistamo.fi\/wp-content\/uploads\/2024\/11\/tyoelamaan_logo.svg\",\"contentUrl\":\"https:\/\/tyoelamaan.staging.web-veistamo.fi\/wp-content\/uploads\/2024\/11\/tyoelamaan_logo.svg\",\"width\":131,\"height\":30,\"caption\":\"Ty\u00f6el\u00e4m\u00e4\u00e4n.fi\"},\"image\":{\"@id\":\"https:\/\/tyoelamaan.staging.web-veistamo.fi\/#\/schema\/logo\/image\/\"}}]}<\/script>\n<!-- \/ Yoast SEO plugin. -->","yoast_head_json":{"title":"S\u00e5 h\u00e4r k\u00e4nner du igen en v\u00e4lm\u00e5ende arbetsgemenskap - Ty\u00f6el\u00e4m\u00e4\u00e4n.fi","description":"Hur m\u00e5r du och din arbetskamrater? Enligt uppskattning ger en euro som investerats p\u00e5 arbetsh\u00e4lsa flerfaldig avkastning.","robots":{"index":"index","follow":"follow","max-snippet":"max-snippet:-1","max-image-preview":"max-image-preview:large","max-video-preview":"max-video-preview:-1"},"canonical":"https:\/\/tyoelamaan.staging.web-veistamo.fi\/?page_id=687","og_locale":"sv_SE","og_type":"article","og_title":"S\u00e5 h\u00e4r k\u00e4nner du igen en v\u00e4lm\u00e5ende arbetsgemenskap - Ty\u00f6el\u00e4m\u00e4\u00e4n.fi","og_description":"Hur m\u00e5r du och din arbetskamrater? Enligt uppskattning ger en euro som investerats p\u00e5 arbetsh\u00e4lsa flerfaldig avkastning.","og_url":"https:\/\/tyoelamaan.staging.web-veistamo.fi\/?page_id=687","og_site_name":"Ty\u00f6el\u00e4m\u00e4\u00e4n.fi","article_modified_time":"2024-12-17T04:19:47+00:00","twitter_card":"summary_large_image","twitter_misc":{"Ber\u00e4knad l\u00e4stid":"2 minuter"},"schema":{"@context":"https:\/\/schema.org","@graph":[{"@type":"WebPage","@id":"https:\/\/tyoelamaan.staging.web-veistamo.fi\/?page_id=687","url":"https:\/\/tyoelamaan.staging.web-veistamo.fi\/?page_id=687","name":"S\u00e5 h\u00e4r k\u00e4nner du igen en v\u00e4lm\u00e5ende arbetsgemenskap - Ty\u00f6el\u00e4m\u00e4\u00e4n.fi","isPartOf":{"@id":"https:\/\/tyoelamaan.staging.web-veistamo.fi\/#website"},"primaryImageOfPage":{"@id":"https:\/\/tyoelamaan.staging.web-veistamo.fi\/?page_id=687#primaryimage"},"image":{"@id":"https:\/\/tyoelamaan.staging.web-veistamo.fi\/?page_id=687#primaryimage"},"thumbnailUrl":"https:\/\/tyoelamaan.staging.web-veistamo.fi\/wp-content\/uploads\/2022\/07\/hauska-kokous.jpg","datePublished":"2022-07-06T09:08:20+00:00","dateModified":"2024-12-17T04:19:47+00:00","description":"Hur m\u00e5r du och din arbetskamrater? Enligt uppskattning ger en euro som investerats p\u00e5 arbetsh\u00e4lsa flerfaldig avkastning.","breadcrumb":{"@id":"https:\/\/tyoelamaan.staging.web-veistamo.fi\/?page_id=687#breadcrumb"},"inLanguage":"sv-SE","potentialAction":[{"@type":"ReadAction","target":["https:\/\/tyoelamaan.staging.web-veistamo.fi\/?page_id=687"]}]},{"@type":"ImageObject","inLanguage":"sv-SE","@id":"https:\/\/tyoelamaan.staging.web-veistamo.fi\/?page_id=687#primaryimage","url":"https:\/\/tyoelamaan.staging.web-veistamo.fi\/wp-content\/uploads\/2022\/07\/hauska-kokous.jpg","contentUrl":"https:\/\/tyoelamaan.staging.web-veistamo.fi\/wp-content\/uploads\/2022\/07\/hauska-kokous.jpg"},{"@type":"BreadcrumbList","@id":"https:\/\/tyoelamaan.staging.web-veistamo.fi\/?page_id=687#breadcrumb","itemListElement":[{"@type":"ListItem","position":1,"name":"Home","item":"https:\/\/tyoelamaan.staging.web-veistamo.fi\/sv\/"},{"@type":"ListItem","position":2,"name":"Arbetslivet","item":"https:\/\/tyoelamaan.staging.web-veistamo.fi\/tyoelama\/"},{"@type":"ListItem","position":3,"name":"S\u00e5 h\u00e4r k\u00e4nner du igen en v\u00e4lm\u00e5ende arbetsgemenskap"}]},{"@type":"WebSite","@id":"https:\/\/tyoelamaan.staging.web-veistamo.fi\/#website","url":"https:\/\/tyoelamaan.staging.web-veistamo.fi\/","name":"Ty\u00f6el\u00e4m\u00e4\u00e4n.fi","description":"","publisher":{"@id":"https:\/\/tyoelamaan.staging.web-veistamo.fi\/#organization"},"potentialAction":[{"@type":"SearchAction","target":{"@type":"EntryPoint","urlTemplate":"https:\/\/tyoelamaan.staging.web-veistamo.fi\/?s={search_term_string}"},"query-input":{"@type":"PropertyValueSpecification","valueRequired":true,"valueName":"search_term_string"}}],"inLanguage":"sv-SE"},{"@type":"Organization","@id":"https:\/\/tyoelamaan.staging.web-veistamo.fi\/#organization","name":"Ty\u00f6el\u00e4m\u00e4\u00e4n.fi","url":"https:\/\/tyoelamaan.staging.web-veistamo.fi\/","logo":{"@type":"ImageObject","inLanguage":"sv-SE","@id":"https:\/\/tyoelamaan.staging.web-veistamo.fi\/#\/schema\/logo\/image\/","url":"https:\/\/tyoelamaan.staging.web-veistamo.fi\/wp-content\/uploads\/2024\/11\/tyoelamaan_logo.svg","contentUrl":"https:\/\/tyoelamaan.staging.web-veistamo.fi\/wp-content\/uploads\/2024\/11\/tyoelamaan_logo.svg","width":131,"height":30,"caption":"Ty\u00f6el\u00e4m\u00e4\u00e4n.fi"},"image":{"@id":"https:\/\/tyoelamaan.staging.web-veistamo.fi\/#\/schema\/logo\/image\/"}}]}},"_links":{"self":[{"href":"https:\/\/tyoelamaan.staging.web-veistamo.fi\/sv\/wp-json\/wp\/v2\/pages\/6105","targetHints":{"allow":["GET"]}}],"collection":[{"href":"https:\/\/tyoelamaan.staging.web-veistamo.fi\/sv\/wp-json\/wp\/v2\/pages"}],"about":[{"href":"https:\/\/tyoelamaan.staging.web-veistamo.fi\/sv\/wp-json\/wp\/v2\/types\/page"}],"author":[{"embeddable":true,"href":"https:\/\/tyoelamaan.staging.web-veistamo.fi\/sv\/wp-json\/wp\/v2\/users\/3"}],"replies":[{"embeddable":true,"href":"https:\/\/tyoelamaan.staging.web-veistamo.fi\/sv\/wp-json\/wp\/v2\/comments?post=6105"}],"version-history":[{"count":3,"href":"https:\/\/tyoelamaan.staging.web-veistamo.fi\/sv\/wp-json\/wp\/v2\/pages\/6105\/revisions"}],"predecessor-version":[{"id":12525,"href":"https:\/\/tyoelamaan.staging.web-veistamo.fi\/sv\/wp-json\/wp\/v2\/pages\/6105\/revisions\/12525"}],"up":[{"embeddable":true,"href":"https:\/\/tyoelamaan.staging.web-veistamo.fi\/sv\/wp-json\/wp\/v2\/pages\/6077"}],"wp:attachment":[{"href":"https:\/\/tyoelamaan.staging.web-veistamo.fi\/sv\/wp-json\/wp\/v2\/media?parent=6105"}],"wp:term":[{"taxonomy":"asiasana","embeddable":true,"href":"https:\/\/tyoelamaan.staging.web-veistamo.fi\/sv\/wp-json\/wp\/v2\/asiasana?post=6105"},{"taxonomy":"omistaja","embeddable":true,"href":"https:\/\/tyoelamaan.staging.web-veistamo.fi\/sv\/wp-json\/wp\/v2\/omistaja?post=6105"}],"curies":[{"name":"wp","href":"https:\/\/api.w.org\/{rel}","templated":true}]}}