{"id":6073,"date":"2022-07-05T14:39:18","date_gmt":"2022-07-05T11:39:18","guid":{"rendered":"https:\/\/tyoelamaan.fi\/?page_id=6073"},"modified":"2024-12-17T06:19:45","modified_gmt":"2024-12-17T04:19:45","slug":"medlem-i-ett-fackforbund","status":"publish","type":"page","link":"https:\/\/tyoelamaan.staging.web-veistamo.fi\/sv\/fackforening\/medlem-i-ett-fackforbund\/","title":{"rendered":"Vilken nytta har man av att vara medlem i ett fackf\u00f6rbund?"},"content":{"rendered":"\n<p>Alla ska k\u00e4nna till arbetslivets spelregler, men ingen beh\u00f6ver klara sig alldeles p\u00e5 egen hand. Du f\u00e5r hj\u00e4lp och st\u00f6d av arbetsplatsens f\u00f6rtroendevalda (vanligen en <a href=\"https:\/\/tyoelamaan.staging.web-veistamo.fi\/sv\/blog\/2022\/07\/11\/fortroendemannen-ger-dig-rad-och-stod-och-bevakar-dina-intressen-pa-arbetsplatsen\/\" target=\"_blank\" rel=\"noreferrer noopener\">f\u00f6rtroendeman<\/a>) och&nbsp;<a href=\"https:\/\/tyoelamaan.staging.web-veistamo.fi\/sv\/blog\/2022\/07\/11\/vilket-forbund-ska-jag-ga-med-i\/\" target=\"_blank\" rel=\"noreferrer noopener\">fr\u00e5n ditt eget fackf\u00f6rbund<\/a>.&nbsp;Arbetstagarna \u00e4r starka genom samarbete.&nbsp;Ju fler arbetstagare \u00e4r medlemmar i fackf\u00f6rbund, desto b\u00e4ttre m\u00f6jligheter har de att f\u00f6rs\u00f6ka f\u00e5 l\u00f6nef\u00f6rh\u00f6jningar och f\u00f6rb\u00e4ttra anst\u00e4llningens villkor genom f\u00f6rhandlingar med arbetsgivarna.&nbsp;&nbsp;<\/p>\n\n\n\n<p>Det \u00e4r fackf\u00f6rbundens uppgift att se till att f\u00f6rm\u00e5ner som blivit etablerade i v\u00e5r vardag, till exempel&nbsp;<a href=\"https:\/\/tyoelamaan.staging.web-veistamo.fi\/sv\/anstallningsforhallande\/semester-och-ledighet\/\" target=\"_blank\" rel=\"noreferrer noopener\">semestrar<\/a> och&nbsp;<a href=\"https:\/\/tyoelamaan.staging.web-veistamo.fi\/sv\/utkomst\/lon\/\" target=\"_blank\" rel=\"noreferrer noopener\">till\u00e4gg f\u00f6r \u00f6vertidsarbete<\/a> finns kvar ocks\u00e5 i framtiden. De erbjuder sina medlemmar en gemenskap som best\u00e5r av proffs i samma bransch, kompetensen hos arbetsplatsens f\u00f6rtroendem\u00e4n och f\u00f6rtroendeombud och sakkunniga juristtj\u00e4nster.&nbsp;&nbsp; <\/p>\n\n\n\n<p>Fackf\u00f6rbundet f\u00f6rhandlar om <a href=\"https:\/\/tyoelamaan.staging.web-veistamo.fi\/sv\/blog\/2022\/07\/11\/vad-ar-ett-kollektivavtal\/\" target=\"_blank\" rel=\"noreferrer noopener\">kollektivavtalen<\/a>, som medlemmarna kan p\u00e5verka. Kollektivavtalen har en positiv inverkan p\u00e5 l\u00f6nerna, och genom att vara medlem i ett fackf\u00f6rbund f\u00e5r du m\u00f6jlighet att p\u00e5verka f\u00f6rbundets m\u00e5l i f\u00f6rhandlingarna. I de flesta branscher har man avtalat om l\u00f6nernas miniminiv\u00e5er, l\u00f6nef\u00f6rh\u00f6jningar och arbetsvillkoren i kollektivavtal, och de s\u00e4kerst\u00e4ller arbetstagarnas minimil\u00f6neniv\u00e5.<\/p>\n\n\n\n<blockquote class=\"wp-block-quote is-layout-flow wp-block-quote-is-layout-flow\">\n<p>Fackf\u00f6rbundet har s\u00e4rskilt stor betydelse n\u00e4r en medlem r\u00e5kar ut f\u00f6r problem i arbetslivet.<\/p>\n<\/blockquote>\n\n\n\n<p><strong>Fackf\u00f6rbundet ger medlemmen st\u00f6d i olika situationer under karri\u00e4ren<\/strong>, till exempel vid jobbs\u00f6kning, arbetsl\u00f6shet, permittering eller familjeledighet, eller d\u00e5 medlemmen \u00f6verv\u00e4ger att utbilda sig till en ny bransch.&nbsp;<a href=\"https:\/\/tyoelamaan.staging.web-veistamo.fi\/sv\/blog\/2022\/07\/11\/vilket-forbund-ska-jag-ga-med-i\/\" target=\"_blank\" rel=\"noreferrer noopener\">Fackf\u00f6rbundet<\/a> \u00e4r ditt st\u00f6d i arbetslivet som du kan kontakta n\u00e4r du beh\u00f6ver hj\u00e4lp till exempel med att kontrollera inneh\u00e5llet i ett nytt arbetsavtal eller best\u00e4mma r\u00e4tt l\u00f6neanspr\u00e5k. Det enda du beh\u00f6ver g\u00f6ra f\u00f6r att f\u00e5 experthj\u00e4lp \u00e4r att \u00f6ppna en chatt, ringa ett samtal eller skicka ett mejl.&nbsp;<\/p>\n\n\n\n<p>Fackf\u00f6rbundet har s\u00e4rskilt stor betydelse n\u00e4r en medlem r\u00e5kar ut f\u00f6r problem i arbetslivet. D\u00e5 f\u00e5r medlemmen fr\u00e5ga om r\u00e5d av arbetsplatsens f\u00f6rtroendeman eller av fackf\u00f6rbundets medlemstj\u00e4nst. Vid behov erbjuder fackf\u00f6rbundet ocks\u00e5 r\u00e4ttshj\u00e4lp.&nbsp;&nbsp;<\/p>\n\n\n\n<h2 class=\"wp-block-heading\">F\u00f6rtroendevaldas uppgifter och val<\/h2>\n\n\n\n<div class=\"wp-block-columns is-layout-flex wp-container-core-columns-is-layout-28f84493 wp-block-columns-is-layout-flex\">\n<div class=\"wp-block-column is-layout-flow wp-block-column-is-layout-flow\">\n<p>Arbetsplatsens f\u00f6rtroendevalda sk\u00f6ter om att arbetstagarna behandlas r\u00e4ttvist och j\u00e4mlikt. Hen ger r\u00e5d och st\u00f6d till medlemmarna i arbetslivet och vid f\u00f6r\u00e4ndringar. Den f\u00f6rtroendevaldas uppgift \u00e4r att \u00f6vervaka att&nbsp;<a href=\"https:\/\/tyoelamaan.staging.web-veistamo.fi\/sv\/blog\/2022\/07\/11\/vad-ar-ett-kollektivavtal\/\" target=\"_blank\" rel=\"noreferrer noopener\">kollektivavtalet<\/a> och lagstiftningen om arbetslivet iakttas p\u00e5 arbetsplatsen och att ingripa i problemsituationer. Den f\u00f6rtroendevalda kallas i allm\u00e4nhet f\u00f6r <a href=\"https:\/\/tyoelamaan.staging.web-veistamo.fi\/sv\/blog\/2022\/07\/11\/fortroendemannen-ger-dig-rad-och-stod-och-bevakar-dina-intressen-pa-arbetsplatsen\/\">f\u00f6rtroendeman<\/a>.<\/p>\n\n\n\n<p>Om det inte finns en f\u00f6rtroendevald p\u00e5 arbetsplatsen kan du utreda tillsammans med f\u00f6rbundets experter hur en f\u00f6rtroendeman v\u00e4ljs. Om det inte \u00e4r m\u00f6jligt att v\u00e4lja en f\u00f6rtroendeman p\u00e5 arbetsplatsen kan arbetstagarna v\u00e4lja ett f\u00f6rtroendeombud. F\u00f6rtroendeombudets uppgifter och beh\u00f6righet best\u00e4ms i&nbsp;<a href=\"https:\/\/www.finlex.fi\/sv\/laki\/ajantasa\/2001\/20010055\" target=\"_blank\" rel=\"noreferrer noopener\">arbetsavtalslagen<\/a>&nbsp;och den \u00f6vriga arbetslagstiftningen. De \u00e4r inte lika omfattande som f\u00f6rtroendemannens.<\/p>\n<\/div>\n<\/div>\n\n\n\n<h2 class=\"wp-block-heading\">Lokalt avtal<\/h2>\n\n\n\n<p>Med lokalt avtal avses i allm\u00e4nhet en i arbets- eller tj\u00e4nstekollektivavtalet beviljad r\u00e4tt att avtala om vissa \u00e4renden p\u00e5 arbetsplatsen. Det kan handla till exempel om r\u00e4tten att avtala om flexibla arbetstidsarrangemang p\u00e5 arbetsplatsen inom de ramar som best\u00e4ms i kollektivavtalet. Om man inte avtalar om \u00e4rendet lokalt, iakttas kollektivavtalets best\u00e4mmelse som s\u00e5dan.&nbsp;<\/p>\n\n\n\n<p>Arbets- och kollektivavtalen till\u00e5ter allt fler m\u00f6jligheter f\u00f6r lokala avtal. Det \u00e4r m\u00f6jligt att delvis avtala lokalt till exempel om l\u00f6nesystem, bed\u00f6mning av arbetets kravniv\u00e5 och resultatl\u00f6n. Det \u00e4r ocks\u00e5 m\u00f6jligt att l\u00e5ta arbetsplatserna avtala om en del av de l\u00f6nef\u00f6rh\u00f6jningar som avtalats i kollektivavtalen. \u00c4ven arbetslagstiftningen, till exempel arbetstids- och semesterlagen, erbjuder stora m\u00f6jligheter till lokala avtal.&nbsp;<\/p>\n\n\n\n<p>F\u00f6r att det ska vara m\u00f6jligt att avtala lokalt ska arbetsgivaren, personalrepresentanten och personalen ha f\u00f6rtroendefulla relationer. Lokala avtal p\u00e5 arbetsplatsniv\u00e5 kr\u00e4ver f\u00f6rhandlingsf\u00f6rm\u00e5ga och att parterna \u00e4r s\u00e5 j\u00e4mlika som m\u00f6jligt. Lokala avtal f\u00f6ruts\u00e4tter ocks\u00e5 f\u00f6rtrogenhet med arbets- och kollektivavtalen och arbetslagstiftningen. F\u00f6rtroendem\u00e4nnen och de \u00f6vriga personalrepresentanterna som f\u00f6rbunden utbildat har s\u00e5dana kunskaper.&nbsp;<\/p>\n\n\n\n<div class=\"wp-block-group has-secondary-background-color has-background has-global-padding is-layout-constrained wp-container-core-group-is-layout-10bc4538 wp-block-group-is-layout-constrained\" style=\"padding-top:var(--wp--preset--spacing--80);padding-right:var(--wp--preset--spacing--80);padding-bottom:var(--wp--preset--spacing--80);padding-left:var(--wp--preset--spacing--80)\">\n<h2 class=\"wp-block-heading has-h-3-font-size\">Lokala avtal f\u00f6ruts\u00e4tter:<\/h2>\n\n\n\n<div class=\"wp-block-columns is-layout-flex wp-container-core-columns-is-layout-28f84493 wp-block-columns-is-layout-flex\">\n<div class=\"wp-block-column is-layout-flow wp-block-column-is-layout-flow\" style=\"flex-basis:66.66%\">\n<ul class=\"wp-block-list\">\n<li>F\u00f6rtroende och en j\u00e4mlik st\u00e4llning<\/li>\n\n\n\n<li>F\u00f6rhandlingsf\u00f6rm\u00e5ga<\/li>\n\n\n\n<li>F\u00f6rtrogenhet med arbets- och kollektivavtal<\/li>\n\n\n\n<li>F\u00f6rtrogenhet med arbetslagstiftningen<\/li>\n<\/ul>\n<\/div>\n\n\n\n<div class=\"wp-block-column is-layout-flow wp-block-column-is-layout-flow\" style=\"flex-basis:33.33%\"><\/div>\n<\/div>\n<\/div>\n","protected":false},"excerpt":{"rendered":"<p>Alla ska k\u00e4nna till arbetslivets spelregler, men ingen beh\u00f6ver klara sig alldeles p\u00e5 egen hand. Du f\u00e5r hj\u00e4lp och st\u00f6d av arbetsplatsens f\u00f6rtroendevalda (vanligen en f\u00f6rtroendeman) och&nbsp;fr\u00e5n ditt eget fackf\u00f6rbund.&nbsp;Arbetstagarna \u00e4r starka genom samarbete.&nbsp;Ju fler arbetstagare \u00e4r medlemmar i fackf\u00f6rbund, desto b\u00e4ttre m\u00f6jligheter har de att f\u00f6rs\u00f6ka f\u00e5 l\u00f6nef\u00f6rh\u00f6jningar och f\u00f6rb\u00e4ttra anst\u00e4llningens villkor genom f\u00f6rhandlingar [&hellip;]<\/p>\n","protected":false},"author":3,"featured_media":0,"parent":10704,"menu_order":0,"comment_status":"closed","ping_status":"closed","template":"","meta":{"_acf_changed":false,"footnotes":""},"asiasana":[],"omistaja":[],"class_list":["post-6073","page","type-page","status-publish","hentry"],"acf":[],"yoast_head":"<!-- This site is optimized with the Yoast SEO plugin v26.5 - https:\/\/yoast.com\/wordpress\/plugins\/seo\/ -->\n<title>Vilken nytta har man av att vara medlem i ett fackf\u00f6rbund? - Ty\u00f6el\u00e4m\u00e4\u00e4n.fi<\/title>\n<meta name=\"description\" content=\"Nyttar att vara medlem? Fackf\u00f6rbundet har s\u00e4rskilt stor betydelse n\u00e4r en medlem r\u00e5kar ut f\u00f6r problem i arbetslivet.\" \/>\n<meta name=\"robots\" content=\"index, follow, max-snippet:-1, max-image-preview:large, max-video-preview:-1\" \/>\n<link rel=\"canonical\" href=\"https:\/\/tyoelamaan.staging.web-veistamo.fi\/ammattiliitot\/miksiliittoon\/\" \/>\n<meta property=\"og:locale\" content=\"sv_SE\" \/>\n<meta property=\"og:type\" content=\"article\" \/>\n<meta property=\"og:title\" content=\"Vilken nytta har man av att vara medlem i ett fackf\u00f6rbund? - Ty\u00f6el\u00e4m\u00e4\u00e4n.fi\" \/>\n<meta property=\"og:description\" content=\"Nyttar att vara medlem? Fackf\u00f6rbundet har s\u00e4rskilt stor betydelse n\u00e4r en medlem r\u00e5kar ut f\u00f6r problem i arbetslivet.\" \/>\n<meta property=\"og:url\" content=\"https:\/\/tyoelamaan.staging.web-veistamo.fi\/ammattiliitot\/miksiliittoon\/\" \/>\n<meta property=\"og:site_name\" content=\"Ty\u00f6el\u00e4m\u00e4\u00e4n.fi\" \/>\n<meta property=\"article:modified_time\" content=\"2024-12-17T04:19:45+00:00\" \/>\n<meta name=\"twitter:card\" content=\"summary_large_image\" \/>\n<meta name=\"twitter:label1\" content=\"Ber\u00e4knad l\u00e4stid\" \/>\n\t<meta name=\"twitter:data1\" content=\"3 minuter\" \/>\n<script type=\"application\/ld+json\" class=\"yoast-schema-graph\">{\"@context\":\"https:\/\/schema.org\",\"@graph\":[{\"@type\":\"WebPage\",\"@id\":\"https:\/\/tyoelamaan.staging.web-veistamo.fi\/ammattiliitot\/miksiliittoon\/\",\"url\":\"https:\/\/tyoelamaan.staging.web-veistamo.fi\/ammattiliitot\/miksiliittoon\/\",\"name\":\"Vilken nytta har man av att vara medlem i ett fackf\u00f6rbund? - Ty\u00f6el\u00e4m\u00e4\u00e4n.fi\",\"isPartOf\":{\"@id\":\"https:\/\/tyoelamaan.staging.web-veistamo.fi\/#website\"},\"datePublished\":\"2022-07-05T11:39:18+00:00\",\"dateModified\":\"2024-12-17T04:19:45+00:00\",\"description\":\"Nyttar att vara medlem? Fackf\u00f6rbundet har s\u00e4rskilt stor betydelse n\u00e4r en medlem r\u00e5kar ut f\u00f6r problem i arbetslivet.\",\"breadcrumb\":{\"@id\":\"https:\/\/tyoelamaan.staging.web-veistamo.fi\/ammattiliitot\/miksiliittoon\/#breadcrumb\"},\"inLanguage\":\"sv-SE\",\"potentialAction\":[{\"@type\":\"ReadAction\",\"target\":[\"https:\/\/tyoelamaan.staging.web-veistamo.fi\/ammattiliitot\/miksiliittoon\/\"]}]},{\"@type\":\"BreadcrumbList\",\"@id\":\"https:\/\/tyoelamaan.staging.web-veistamo.fi\/ammattiliitot\/miksiliittoon\/#breadcrumb\",\"itemListElement\":[{\"@type\":\"ListItem\",\"position\":1,\"name\":\"Home\",\"item\":\"https:\/\/tyoelamaan.staging.web-veistamo.fi\/sv\/\"},{\"@type\":\"ListItem\",\"position\":2,\"name\":\"Fackf\u00f6rbund\",\"item\":\"https:\/\/tyoelamaan.staging.web-veistamo.fi\/ammattiliitot\/\"},{\"@type\":\"ListItem\",\"position\":3,\"name\":\"Vilken nytta har man av att vara medlem i ett fackf\u00f6rbund?\"}]},{\"@type\":\"WebSite\",\"@id\":\"https:\/\/tyoelamaan.staging.web-veistamo.fi\/#website\",\"url\":\"https:\/\/tyoelamaan.staging.web-veistamo.fi\/\",\"name\":\"Ty\u00f6el\u00e4m\u00e4\u00e4n.fi\",\"description\":\"\",\"publisher\":{\"@id\":\"https:\/\/tyoelamaan.staging.web-veistamo.fi\/#organization\"},\"potentialAction\":[{\"@type\":\"SearchAction\",\"target\":{\"@type\":\"EntryPoint\",\"urlTemplate\":\"https:\/\/tyoelamaan.staging.web-veistamo.fi\/?s={search_term_string}\"},\"query-input\":{\"@type\":\"PropertyValueSpecification\",\"valueRequired\":true,\"valueName\":\"search_term_string\"}}],\"inLanguage\":\"sv-SE\"},{\"@type\":\"Organization\",\"@id\":\"https:\/\/tyoelamaan.staging.web-veistamo.fi\/#organization\",\"name\":\"Ty\u00f6el\u00e4m\u00e4\u00e4n.fi\",\"url\":\"https:\/\/tyoelamaan.staging.web-veistamo.fi\/\",\"logo\":{\"@type\":\"ImageObject\",\"inLanguage\":\"sv-SE\",\"@id\":\"https:\/\/tyoelamaan.staging.web-veistamo.fi\/#\/schema\/logo\/image\/\",\"url\":\"https:\/\/tyoelamaan.staging.web-veistamo.fi\/wp-content\/uploads\/2024\/11\/tyoelamaan_logo.svg\",\"contentUrl\":\"https:\/\/tyoelamaan.staging.web-veistamo.fi\/wp-content\/uploads\/2024\/11\/tyoelamaan_logo.svg\",\"width\":131,\"height\":30,\"caption\":\"Ty\u00f6el\u00e4m\u00e4\u00e4n.fi\"},\"image\":{\"@id\":\"https:\/\/tyoelamaan.staging.web-veistamo.fi\/#\/schema\/logo\/image\/\"}}]}<\/script>\n<!-- \/ Yoast SEO plugin. -->","yoast_head_json":{"title":"Vilken nytta har man av att vara medlem i ett fackf\u00f6rbund? - Ty\u00f6el\u00e4m\u00e4\u00e4n.fi","description":"Nyttar att vara medlem? Fackf\u00f6rbundet har s\u00e4rskilt stor betydelse n\u00e4r en medlem r\u00e5kar ut f\u00f6r problem i arbetslivet.","robots":{"index":"index","follow":"follow","max-snippet":"max-snippet:-1","max-image-preview":"max-image-preview:large","max-video-preview":"max-video-preview:-1"},"canonical":"https:\/\/tyoelamaan.staging.web-veistamo.fi\/ammattiliitot\/miksiliittoon\/","og_locale":"sv_SE","og_type":"article","og_title":"Vilken nytta har man av att vara medlem i ett fackf\u00f6rbund? - Ty\u00f6el\u00e4m\u00e4\u00e4n.fi","og_description":"Nyttar att vara medlem? Fackf\u00f6rbundet har s\u00e4rskilt stor betydelse n\u00e4r en medlem r\u00e5kar ut f\u00f6r problem i arbetslivet.","og_url":"https:\/\/tyoelamaan.staging.web-veistamo.fi\/ammattiliitot\/miksiliittoon\/","og_site_name":"Ty\u00f6el\u00e4m\u00e4\u00e4n.fi","article_modified_time":"2024-12-17T04:19:45+00:00","twitter_card":"summary_large_image","twitter_misc":{"Ber\u00e4knad l\u00e4stid":"3 minuter"},"schema":{"@context":"https:\/\/schema.org","@graph":[{"@type":"WebPage","@id":"https:\/\/tyoelamaan.staging.web-veistamo.fi\/ammattiliitot\/miksiliittoon\/","url":"https:\/\/tyoelamaan.staging.web-veistamo.fi\/ammattiliitot\/miksiliittoon\/","name":"Vilken nytta har man av att vara medlem i ett fackf\u00f6rbund? - Ty\u00f6el\u00e4m\u00e4\u00e4n.fi","isPartOf":{"@id":"https:\/\/tyoelamaan.staging.web-veistamo.fi\/#website"},"datePublished":"2022-07-05T11:39:18+00:00","dateModified":"2024-12-17T04:19:45+00:00","description":"Nyttar att vara medlem? Fackf\u00f6rbundet har s\u00e4rskilt stor betydelse n\u00e4r en medlem r\u00e5kar ut f\u00f6r problem i arbetslivet.","breadcrumb":{"@id":"https:\/\/tyoelamaan.staging.web-veistamo.fi\/ammattiliitot\/miksiliittoon\/#breadcrumb"},"inLanguage":"sv-SE","potentialAction":[{"@type":"ReadAction","target":["https:\/\/tyoelamaan.staging.web-veistamo.fi\/ammattiliitot\/miksiliittoon\/"]}]},{"@type":"BreadcrumbList","@id":"https:\/\/tyoelamaan.staging.web-veistamo.fi\/ammattiliitot\/miksiliittoon\/#breadcrumb","itemListElement":[{"@type":"ListItem","position":1,"name":"Home","item":"https:\/\/tyoelamaan.staging.web-veistamo.fi\/sv\/"},{"@type":"ListItem","position":2,"name":"Fackf\u00f6rbund","item":"https:\/\/tyoelamaan.staging.web-veistamo.fi\/ammattiliitot\/"},{"@type":"ListItem","position":3,"name":"Vilken nytta har man av att vara medlem i ett fackf\u00f6rbund?"}]},{"@type":"WebSite","@id":"https:\/\/tyoelamaan.staging.web-veistamo.fi\/#website","url":"https:\/\/tyoelamaan.staging.web-veistamo.fi\/","name":"Ty\u00f6el\u00e4m\u00e4\u00e4n.fi","description":"","publisher":{"@id":"https:\/\/tyoelamaan.staging.web-veistamo.fi\/#organization"},"potentialAction":[{"@type":"SearchAction","target":{"@type":"EntryPoint","urlTemplate":"https:\/\/tyoelamaan.staging.web-veistamo.fi\/?s={search_term_string}"},"query-input":{"@type":"PropertyValueSpecification","valueRequired":true,"valueName":"search_term_string"}}],"inLanguage":"sv-SE"},{"@type":"Organization","@id":"https:\/\/tyoelamaan.staging.web-veistamo.fi\/#organization","name":"Ty\u00f6el\u00e4m\u00e4\u00e4n.fi","url":"https:\/\/tyoelamaan.staging.web-veistamo.fi\/","logo":{"@type":"ImageObject","inLanguage":"sv-SE","@id":"https:\/\/tyoelamaan.staging.web-veistamo.fi\/#\/schema\/logo\/image\/","url":"https:\/\/tyoelamaan.staging.web-veistamo.fi\/wp-content\/uploads\/2024\/11\/tyoelamaan_logo.svg","contentUrl":"https:\/\/tyoelamaan.staging.web-veistamo.fi\/wp-content\/uploads\/2024\/11\/tyoelamaan_logo.svg","width":131,"height":30,"caption":"Ty\u00f6el\u00e4m\u00e4\u00e4n.fi"},"image":{"@id":"https:\/\/tyoelamaan.staging.web-veistamo.fi\/#\/schema\/logo\/image\/"}}]}},"_links":{"self":[{"href":"https:\/\/tyoelamaan.staging.web-veistamo.fi\/sv\/wp-json\/wp\/v2\/pages\/6073","targetHints":{"allow":["GET"]}}],"collection":[{"href":"https:\/\/tyoelamaan.staging.web-veistamo.fi\/sv\/wp-json\/wp\/v2\/pages"}],"about":[{"href":"https:\/\/tyoelamaan.staging.web-veistamo.fi\/sv\/wp-json\/wp\/v2\/types\/page"}],"author":[{"embeddable":true,"href":"https:\/\/tyoelamaan.staging.web-veistamo.fi\/sv\/wp-json\/wp\/v2\/users\/3"}],"replies":[{"embeddable":true,"href":"https:\/\/tyoelamaan.staging.web-veistamo.fi\/sv\/wp-json\/wp\/v2\/comments?post=6073"}],"version-history":[{"count":6,"href":"https:\/\/tyoelamaan.staging.web-veistamo.fi\/sv\/wp-json\/wp\/v2\/pages\/6073\/revisions"}],"predecessor-version":[{"id":12521,"href":"https:\/\/tyoelamaan.staging.web-veistamo.fi\/sv\/wp-json\/wp\/v2\/pages\/6073\/revisions\/12521"}],"up":[{"embeddable":true,"href":"https:\/\/tyoelamaan.staging.web-veistamo.fi\/sv\/wp-json\/wp\/v2\/pages\/10704"}],"wp:attachment":[{"href":"https:\/\/tyoelamaan.staging.web-veistamo.fi\/sv\/wp-json\/wp\/v2\/media?parent=6073"}],"wp:term":[{"taxonomy":"asiasana","embeddable":true,"href":"https:\/\/tyoelamaan.staging.web-veistamo.fi\/sv\/wp-json\/wp\/v2\/asiasana?post=6073"},{"taxonomy":"omistaja","embeddable":true,"href":"https:\/\/tyoelamaan.staging.web-veistamo.fi\/sv\/wp-json\/wp\/v2\/omistaja?post=6073"}],"curies":[{"name":"wp","href":"https:\/\/api.w.org\/{rel}","templated":true}]}}