{"id":6070,"date":"2022-07-05T14:29:37","date_gmt":"2022-07-05T11:29:37","guid":{"rendered":"https:\/\/tyoelamaan.fi\/?page_id=6070"},"modified":"2024-12-17T06:19:44","modified_gmt":"2024-12-17T04:19:44","slug":"arbetsloshet","status":"publish","type":"page","link":"https:\/\/tyoelamaan.staging.web-veistamo.fi\/sv\/i-slutet-av-arbetet\/arbetsloshet\/","title":{"rendered":"Arbetsl\u00f6shet"},"content":{"rendered":"\n<p>I dag \u00e4r det vanligare med perioder av arbetsl\u00f6shet eftersom arbetslivet \u00e4r mer splittrat \u00e4n tidigare. I dagens l\u00e4ge b\u00f6rjar man inte genast leta efter en arbetsplats f\u00f6r \u00e5terstoden av livet omedelbart efter att man f\u00e5tt sin examen. I st\u00e4llet samlar vi arbetserfarenhet i m\u00e5nga olika arbetsmilj\u00f6er, n\u00e4r vi bygger upp v\u00e5r karri\u00e4r. Dessutom har <a href=\"https:\/\/tyoelamaan.staging.web-veistamo.fi\/sv\/anstallningsforhallande\/anstallningsforhallanden-av-olika-slag\/\" target=\"_blank\" rel=\"noreferrer noopener\">anst\u00e4llningar f\u00f6r viss tid<\/a>&nbsp;och&nbsp;<a href=\"https:\/\/tyoelamaan.staging.web-veistamo.fi\/sv\/arbetsplatsen\/olika-satt-att-arbeta\/\" target=\"_blank\" rel=\"noreferrer noopener\">str\u00f6jobb<\/a>&nbsp;blivit vanligare, vilket p\u00e5verkar antalet arbetsl\u00f6shetsperioder. Arbetsl\u00f6shet kan erbjuda m\u00f6jlighet att byta riktning och att hitta n\u00e5gonting nytt och inspirerande. <\/p>\n\n\n\n<h2 class=\"wp-block-heading\">Utkomst f\u00f6r arbetsl\u00f6sa<\/h2>\n\n\n\n<p>Som arbetsl\u00f6s betraktas en person vars arbetss\u00f6kande \u00e4r i kraft p\u00e5 det s\u00e4tt som f\u00f6reskrivs i lag och som inte st\u00e5r i anst\u00e4llningsf\u00f6rh\u00e5llande eller \u00e4r sysselsatt p\u00e5 heltid som f\u00f6retagare eller i eget arbete mer \u00e4n tv\u00e5 veckor utan avbrott p\u00e5 det s\u00e4tt som avses i lagen om utkomstskydd f\u00f6r arbetsl\u00f6sa. Som arbetsl\u00f6s betraktas i princip ocks\u00e5 en arbetstagare som \u00e4r permitterad eller som har r\u00e4tt till anpassad arbetsl\u00f6shetsf\u00f6rm\u00e5n.<\/p>\n\n\n\n<p>En person som blivit arbetsl\u00f6s ska anm\u00e4la sig hos <a href=\"https:\/\/tyomarkkinatori.fi\/sv\" target=\"_blank\" rel=\"noreferrer noopener\">arbets- och n\u00e4ringsbyr\u00e5n (TE-byr\u00e5n)<\/a>&nbsp;som arbetss\u00f6kande som s\u00f6ker heltidsarbete. En viktig f\u00f6ruts\u00e4ttning f\u00f6r att den arbetsl\u00f6sa arbetss\u00f6kande ska f\u00e5 arbetsl\u00f6shetsers\u00e4ttning \u00e4r att hen \u00e4r tillg\u00e4nglig f\u00f6r arbetsmarknaden och hens jobbs\u00f6kning \u00e4r i kraft i enlighet med arbets- och n\u00e4ringsbyr\u00e5ns anvisningar.<\/p>\n\n\n\n<h3 class=\"wp-block-heading\">Arbetsl\u00f6shetsf\u00f6rm\u00e5ner<\/h3>\n\n\n\n<p>Arbetsl\u00f6shetsf\u00f6rm\u00e5nerna best\u00e5r av den inkomstrelaterade dagpenningen, som arbetsl\u00f6shetskassorna betalar ut, samt av <a href=\"https:\/\/www.kela.fi\/web\/sv\/grunddagpenning\" target=\"_blank\" rel=\"noreferrer noopener\">grunddagpenningen<\/a>&nbsp;och&nbsp;<a href=\"https:\/\/www.kela.fi\/web\/sv\/arbetsmarknadsstod\" target=\"_blank\" rel=\"noreferrer noopener\">arbetsmarknadsst\u00f6det<\/a> som Fpa betalar. Grunddagpenningen och arbetsmarknadsst\u00f6det har samma belopp.<\/p>\n\n\n\n<p>Arbetsl\u00f6shetskassan \u00e4r en sammanslutning d\u00e4r medlemmarna \u00e4r antingen arbetstagare eller f\u00f6retagare. Den producerar inkomstskydd under arbetsl\u00f6shetstid f\u00f6r sina medlemmar. Det b\u00e4sta s\u00e4ttet att trygga sin utkomst under arbetsl\u00f6shet \u00e4r att vara medlem i en arbetsl\u00f6shetskassa. D\u00e5 p\u00e5verkar l\u00f6neinkomsterna arbetsl\u00f6shetsf\u00f6rm\u00e5nens storlek. Det betyder att arbetsl\u00f6shetsers\u00e4ttningen \u00e4r desto b\u00e4ttre ju st\u00f6rre inkomster du haft. <\/p>\n\n\n\n<p>Arbetsl\u00f6shetsf\u00f6rm\u00e5nen betalas anpassad, om du syssels\u00e4tts p\u00e5 deltid. Om du varit fr\u00e5nvarande fr\u00e5n arbetsmarknaden utan en godtagbar orsak i mer \u00e4n sex m\u00e5nader har du inte r\u00e4tt till arbetsl\u00f6shetsdagpenning innan arbetsvillkoret har uppfyllts igen.&nbsp;<a href=\"https:\/\/www.kela.fi\/web\/sv\/snabbguide-for-arbetslosa\" target=\"_blank\" rel=\"noreferrer noopener\">L\u00e4s mer om arbetsl\u00f6shetsf\u00f6rm\u00e5nerna h\u00e4r<\/a>.<\/p>\n\n\n\n<div class=\"wp-block-as-blocks-accordion-block\"><div class=\"accordion\"><div class=\"accordion-item\"><h4 class=\"accordion-header\" id=\"block-ea90f006-06cd-4d4e-944f-4127e9369307heading\"><button class=\"accordion-button collapsed\" type=\"button\" data-bs-toggle=\"collapse\" data-bs-target=\"#block-ea90f006-06cd-4d4e-944f-4127e9369307\" aria-expanded=\"false\" aria-controls=\"block-ea90f006-06cd-4d4e-944f-4127e9369307\">Inkomstrelaterad dagpenning<\/button><\/h4><div id=\"block-ea90f006-06cd-4d4e-944f-4127e9369307\" class=\"accordion-collapse collapse\" aria-labelledby=\"block-ea90f006-06cd-4d4e-944f-4127e9369307heading\"><div class=\"accordion-body\">\n<p>F\u00f6r att du ska ha r\u00e4tt till inkomstrelaterad dagpenning ska du ha varit medlem i en arbetsl\u00f6shetskassa i 26 veckors tid. Dessutom ska du betala medlemsavgift till arbetsl\u00f6shetskassan.&nbsp;Om du \u00e4r medlem i ett&nbsp;<a href=\"https:\/\/tyoelamaan.staging.web-veistamo.fi\/sv\/jag-i-arbetslivet\/medlem-i-ett-fackforbund\/\">fackf\u00f6rbund<\/a>, \u00e4r du i allm\u00e4nhet ocks\u00e5 samtidigt medlem i en arbetsl\u00f6shetskassa. Kontrollera \u00e4nd\u00e5 att du ocks\u00e5 \u00e4r medlem i en arbetsl\u00f6shetskassa.<\/p>\n\n\n\n<p>Den inkomstrelaterade dagpenningen best\u00e5r av en grunddel samt av en f\u00f6rtj\u00e4nstdel som r\u00e4knas ut utifr\u00e5n dina inkomster. Ber\u00e4kningsmetoden f\u00f6reskrivs i lag, och den \u00e4r alltid densamma oberoende av bransch eller yrke. Du ska ans\u00f6ka om inkomstrelaterad dagpenning hos din egen arbetsl\u00f6shetskassa.<\/p>\n\n\n\n<p>Mer information om inkomstrelaterad dagpenning f\u00e5r du fr\u00e5n din egen arbetsl\u00f6shetskassa och p\u00e5 adressen&nbsp;<a href=\"https:\/\/www.tyj.fi\/sv\/\">tyj.fi<\/a>.<\/p>\n<\/div><\/div><\/div><\/div><\/div>\n\n\n\n<div class=\"wp-block-as-blocks-accordion-block\"><div class=\"accordion\"><div class=\"accordion-item\"><h4 class=\"accordion-header\" id=\"block-18b2f361-2402-40a5-9660-e1c5117860daheading\"><button class=\"accordion-button collapsed\" type=\"button\" data-bs-toggle=\"collapse\" data-bs-target=\"#block-18b2f361-2402-40a5-9660-e1c5117860da\" aria-expanded=\"false\" aria-controls=\"block-18b2f361-2402-40a5-9660-e1c5117860da\">Grunddagpenning<\/button><\/h4><div id=\"block-18b2f361-2402-40a5-9660-e1c5117860da\" class=\"accordion-collapse collapse\" aria-labelledby=\"block-18b2f361-2402-40a5-9660-e1c5117860daheading\"><div class=\"accordion-body\">\n<p>Du betalas grunddagpenning om du uppfyllt arbetsvillkoret men inte har varit medlem i en arbetsl\u00f6shetskassa i minst 26 veckor. Grunddagpenningens belopp \u00e4ndras \u00e5rligen. Grunddagpenning ska s\u00f6kas hos Fpa.<\/p>\n\n\n\n<p>Mer information om grunddagpenningen finns&nbsp;<a href=\"https:\/\/www.kela.fi\/web\/sv\/grunddagpenning\">h\u00e4r<\/a>.<\/p>\n<\/div><\/div><\/div><\/div><\/div>\n\n\n\n<div class=\"wp-block-as-blocks-accordion-block\"><div class=\"accordion\"><div class=\"accordion-item\"><h4 class=\"accordion-header\" id=\"block-57750cd1-7bcc-470f-9beb-992edcc1dec0heading\"><button class=\"accordion-button collapsed\" type=\"button\" data-bs-toggle=\"collapse\" data-bs-target=\"#block-57750cd1-7bcc-470f-9beb-992edcc1dec0\" aria-expanded=\"false\" aria-controls=\"block-57750cd1-7bcc-470f-9beb-992edcc1dec0\">Arbetsmarknadsst\u00f6d<\/button><\/h4><div id=\"block-57750cd1-7bcc-470f-9beb-992edcc1dec0\" class=\"accordion-collapse collapse\" aria-labelledby=\"block-57750cd1-7bcc-470f-9beb-992edcc1dec0heading\"><div class=\"accordion-body\">\n<p>Arbetsmarknadsst\u00f6det \u00e4r avsett f\u00f6r arbetsl\u00f6sa som f\u00f6rsta g\u00e5ngen kommer ut p\u00e5 arbetsmarknaden, som inte l\u00e4ngre kan f\u00e5 arbetsl\u00f6shetsdagpenning eftersom maximitiden l\u00f6pt ut eller som inte har arbetat tillr\u00e4ckligt l\u00e4nge f\u00f6r att uppfylla arbetsvillkoret Arbetsmarknadsst\u00f6det \u00e4r lika stort som grunddagpenningen och det \u00e4r behovspr\u00f6vat. Det inneb\u00e4r att st\u00f6dets storlek p\u00e5verkas av s\u00e5v\u00e4l dina egna inkomster som av dina f\u00f6r\u00e4ldrars inkomster.<\/p>\n\n\n\n<p>F\u00f6ruts\u00e4ttning f\u00f6r betalning av arbetsmarknadsst\u00f6d till en person som \u00e4r under 25 \u00e5r och som inte har avlagt en examensutbildning efter grundskolan eller gymnasiet \u00e4r att personen s\u00f6kt minst tv\u00e5 studieplatser till studier som b\u00f6rjar p\u00e5 h\u00f6sten. Om den s\u00f6kande inte har yrkesutbildning och inte har uppfyllt arbetsvillkoret \u00e4r v\u00e4ntetiden f\u00f6r arbetsmarknadsst\u00f6d 21 veckor.<\/p>\n\n\n\n<p>Mer information om arbetsmarknadsst\u00f6det finns&nbsp;<a href=\"https:\/\/www.kela.fi\/web\/sv\/arbetsmarknadsstod\">h\u00e4r<\/a>.<\/p>\n<\/div><\/div><\/div><\/div><\/div>\n\n\n\n<div class=\"wp-block-group has-global-padding is-layout-constrained wp-block-group-is-layout-constrained\">\n<h3 class=\"wp-block-heading\">Arbetsvillkoret<\/h3>\n\n\n\n<p>Erh\u00e5llandet av arbetsl\u00f6shetsdagpenning f\u00f6ruts\u00e4tter att du uppfyllt arbetsvillkoret. Ditt arbetsvillkor uppfylls n\u00e4r du f\u00f6rv\u00e4rvsarbetat sammanlagt 26 kalenderveckor (cirka sex m\u00e5nader) under de 28 m\u00e5nader som f\u00f6regick arbetsl\u00f6sheten och arbetstiden varit minst 18 timmar per vecka. L\u00f6nen ska vara f\u00f6renlig med kollektivavtalet. Arbetet beh\u00f6ver inte vara sammanh\u00e4ngande, utan perioden av 26 kalenderveckor kan best\u00e5 av flera kortare anst\u00e4llningar.&nbsp; <\/p>\n\n\n\n<h3 class=\"wp-block-heading\">Karens<\/h3>\n\n\n\n<p>Den som f\u00e5r arbetsl\u00f6shetsf\u00f6rm\u00e5n har den allm\u00e4nna skyldigheten att aktivt s\u00f6ka jobb och utbildning och att genomf\u00f6ra syssels\u00e4ttningsplanen. Syssels\u00e4ttningsplanen \u00e4r en plan som arbets- och n\u00e4ringsbyr\u00e5n g\u00f6r upp tillsammans med den jobbs\u00f6kande. Det \u00e4r en god id\u00e9 att sj\u00e4lv aktivt p\u00e5verka planens inneh\u00e5ll.<\/p>\n\n\n\n<p><strong>En karens \u00e4r en period utan ers\u00e4ttning, dvs. under karensen \u00e4r det inte m\u00f6jligt att betala ut n\u00e5gon arbetsl\u00f6shetsf\u00f6rm\u00e5n.<\/strong>&nbsp;Best\u00e4mmelser om karens finns i lagen om utkomstskydd f\u00f6r arbetsl\u00f6sa. En arbetsl\u00f6s person f\u00f6rel\u00e4ggs en karens, om personen agerat p\u00e5 ett s\u00e4tt som \u00e4r arbetskraftspolitiskt klanderv\u00e4rt, till exempel v\u00e4grat att ta emot arbete eller l\u00e4mnat arbetet utan giltig orsak. Karenser f\u00f6rel\u00e4ggs ocks\u00e5 d\u00e5 en arbetsl\u00f6s arbetss\u00f6kande inte iakttar arbets- och n\u00e4ringsbyr\u00e5ns syssels\u00e4ttningsplan eller v\u00e4grar ta emot syssels\u00e4ttningsfr\u00e4mjande tj\u00e4nster.<\/p>\n\n\n\n<h2 class=\"wp-block-heading\">Studier som arbetsl\u00f6s<\/h2>\n\n\n\n<p>Om du studerar p\u00e5 heltid \u00e4r du i regel inte ber\u00e4ttigad till arbetsl\u00f6shetsf\u00f6rm\u00e5n. Studiest\u00f6det \u00e4r det prim\u00e4ra st\u00f6det till studerande p\u00e5 heltid. Det finns dock undantag till huvudregeln, och om du vill b\u00f6rja studera n\u00e4r du \u00e4r arbetsl\u00f6s \u00e4r det en god id\u00e9 att du bekantar dig med arbetskraftsutbildningar, l\u00e4roavtalsutbildning, m\u00f6jlighet till korta studier eller studier p\u00e5 deltid och med frivilliga studier med arbetsl\u00f6shetsf\u00f6rm\u00e5n. Om du planerar att b\u00f6rja studera som arbetsl\u00f6s arbetss\u00f6kande, ta f\u00f6rst kontakt med arbets- och n\u00e4ringsbyr\u00e5n (TE-byr\u00e5n).<\/p>\n\n\n\n<p>Med arbetskraftsutbildning avses vanligen yrkesinriktad utbildning efter grundskolan. Under arbetskraftsutbildning som arbets- och n\u00e4ringsbyr\u00e5n ordnar f\u00e5r du samma f\u00f6rm\u00e5n som n\u00e4r du \u00e4r arbetsl\u00f6s, och om utbildningen avtalats i din syssels\u00e4ttningsplan, kan du f\u00e5 f\u00f6rm\u00e5nen med f\u00f6rh\u00f6jning.<\/p>\n\n\n\n<p>Genom l\u00e4roavtalsutbildning \u00e4r det m\u00f6jligt att skaffa sig ett yrke och att avl\u00e4gga en yrkesexamen eller examensdelar. Huvuddelen av studierna ordnas i anslutning till arbetsuppgifter p\u00e5 arbetsplatsen. L\u00e4roavtalsstudier sker p\u00e5 heltid och bygger p\u00e5 ett arbetsavtal f\u00f6r viss tid. Arbetsgivaren betalar dig l\u00f6n under l\u00e4roavtalsutbildningen.<\/p>\n\n\n\n<p>Studier p\u00e5 deltid f\u00f6rhindrar dig inte fr\u00e5n att f\u00e5 arbetsl\u00f6shetsf\u00f6rm\u00e5n. Heltids- och deltidsstudier definieras i lagen om utkomstskydd f\u00f6r arbetsl\u00f6sa. Om du planerar att studera som arbetsl\u00f6s, b\u00f6rja med att ta kontakt med arbets- och n\u00e4ringsbyr\u00e5n. D\u00e4r f\u00e5r du information om huruvida de studier som du planerar \u00e4r p\u00e5 hel- eller deltid.<\/p>\n\n\n\n<p>Om du \u00e4r minst 25 \u00e5r kan du avl\u00e4gga kortvariga studier, dvs. studier som varar i h\u00f6gst sex m\u00e5nader, med arbetsl\u00f6shetsf\u00f6rm\u00e5n. F\u00f6ruts\u00e4ttningen \u00e4r att studierna ger yrkesm\u00e4ssiga f\u00e4rdigheter eller st\u00f6djer f\u00f6retagsverksamhet. Om du \u00e4r minst 25 \u00e5r kan du ocks\u00e5 ha r\u00e4tt till frivilliga studier som st\u00f6ds med arbetsl\u00f6shetsf\u00f6rm\u00e5n. Arbets- och n\u00e4ringsbyr\u00e5n g\u00f6r en bed\u00f6mning av detta, och d\u00e4rf\u00f6r ska du f\u00f6rst ta kontakt med arbets- och n\u00e4ringsbyr\u00e5n n\u00e4r du planerar dina studier.<\/p>\n<\/div>\n","protected":false},"excerpt":{"rendered":"<p>I dag \u00e4r det vanligare med perioder av arbetsl\u00f6shet eftersom arbetslivet \u00e4r mer splittrat \u00e4n tidigare. I dagens l\u00e4ge b\u00f6rjar man inte genast leta efter en arbetsplats f\u00f6r \u00e5terstoden av livet omedelbart efter att man f\u00e5tt sin examen. I st\u00e4llet samlar vi arbetserfarenhet i m\u00e5nga olika arbetsmilj\u00f6er, n\u00e4r vi bygger upp v\u00e5r karri\u00e4r. Dessutom har [&hellip;]<\/p>\n","protected":false},"author":3,"featured_media":0,"parent":10639,"menu_order":0,"comment_status":"closed","ping_status":"closed","template":"","meta":{"_acf_changed":false,"footnotes":""},"asiasana":[],"omistaja":[],"class_list":["post-6070","page","type-page","status-publish","hentry"],"acf":[],"yoast_head":"<!-- This site is optimized with the Yoast SEO plugin v26.5 - https:\/\/yoast.com\/wordpress\/plugins\/seo\/ -->\n<title>Arbetsl\u00f6shet - Ty\u00f6el\u00e4m\u00e4\u00e4n.fi<\/title>\n<meta name=\"description\" content=\"N\u00e4stan alla r\u00e5kar ut f\u00f6r minst en arbetsl\u00f6shetsperiod i n\u00e5got skede av sin karri\u00e4r. Ingen fara - h\u00e4r f\u00f6r du n\u00e5gra tips!\" \/>\n<meta name=\"robots\" content=\"index, follow, max-snippet:-1, max-image-preview:large, max-video-preview:-1\" \/>\n<link rel=\"canonical\" href=\"https:\/\/tyoelamaan.staging.web-veistamo.fi\/tyon-paattyessa\/tyottomyys\/\" \/>\n<meta property=\"og:locale\" content=\"sv_SE\" \/>\n<meta property=\"og:type\" content=\"article\" \/>\n<meta property=\"og:title\" content=\"Arbetsl\u00f6shet - Ty\u00f6el\u00e4m\u00e4\u00e4n.fi\" \/>\n<meta property=\"og:description\" content=\"N\u00e4stan alla r\u00e5kar ut f\u00f6r minst en arbetsl\u00f6shetsperiod i n\u00e5got skede av sin karri\u00e4r. Ingen fara - h\u00e4r f\u00f6r du n\u00e5gra tips!\" \/>\n<meta property=\"og:url\" content=\"https:\/\/tyoelamaan.staging.web-veistamo.fi\/tyon-paattyessa\/tyottomyys\/\" \/>\n<meta property=\"og:site_name\" content=\"Ty\u00f6el\u00e4m\u00e4\u00e4n.fi\" \/>\n<meta property=\"article:modified_time\" content=\"2024-12-17T04:19:44+00:00\" \/>\n<meta name=\"twitter:card\" content=\"summary_large_image\" \/>\n<meta name=\"twitter:label1\" content=\"Ber\u00e4knad l\u00e4stid\" \/>\n\t<meta name=\"twitter:data1\" content=\"5 minuter\" \/>\n<script type=\"application\/ld+json\" class=\"yoast-schema-graph\">{\"@context\":\"https:\/\/schema.org\",\"@graph\":[{\"@type\":\"WebPage\",\"@id\":\"https:\/\/tyoelamaan.staging.web-veistamo.fi\/tyon-paattyessa\/tyottomyys\/\",\"url\":\"https:\/\/tyoelamaan.staging.web-veistamo.fi\/tyon-paattyessa\/tyottomyys\/\",\"name\":\"Arbetsl\u00f6shet - Ty\u00f6el\u00e4m\u00e4\u00e4n.fi\",\"isPartOf\":{\"@id\":\"https:\/\/tyoelamaan.staging.web-veistamo.fi\/#website\"},\"datePublished\":\"2022-07-05T11:29:37+00:00\",\"dateModified\":\"2024-12-17T04:19:44+00:00\",\"description\":\"N\u00e4stan alla r\u00e5kar ut f\u00f6r minst en arbetsl\u00f6shetsperiod i n\u00e5got skede av sin karri\u00e4r. Ingen fara - h\u00e4r f\u00f6r du n\u00e5gra tips!\",\"breadcrumb\":{\"@id\":\"https:\/\/tyoelamaan.staging.web-veistamo.fi\/tyon-paattyessa\/tyottomyys\/#breadcrumb\"},\"inLanguage\":\"sv-SE\",\"potentialAction\":[{\"@type\":\"ReadAction\",\"target\":[\"https:\/\/tyoelamaan.staging.web-veistamo.fi\/tyon-paattyessa\/tyottomyys\/\"]}]},{\"@type\":\"BreadcrumbList\",\"@id\":\"https:\/\/tyoelamaan.staging.web-veistamo.fi\/tyon-paattyessa\/tyottomyys\/#breadcrumb\",\"itemListElement\":[{\"@type\":\"ListItem\",\"position\":1,\"name\":\"Home\",\"item\":\"https:\/\/tyoelamaan.staging.web-veistamo.fi\/sv\/\"},{\"@type\":\"ListItem\",\"position\":2,\"name\":\"I slutet av arbetet\",\"item\":\"https:\/\/tyoelamaan.staging.web-veistamo.fi\/tyon-paattyessa\/\"},{\"@type\":\"ListItem\",\"position\":3,\"name\":\"Arbetsl\u00f6shet\"}]},{\"@type\":\"WebSite\",\"@id\":\"https:\/\/tyoelamaan.staging.web-veistamo.fi\/#website\",\"url\":\"https:\/\/tyoelamaan.staging.web-veistamo.fi\/\",\"name\":\"Ty\u00f6el\u00e4m\u00e4\u00e4n.fi\",\"description\":\"\",\"publisher\":{\"@id\":\"https:\/\/tyoelamaan.staging.web-veistamo.fi\/#organization\"},\"potentialAction\":[{\"@type\":\"SearchAction\",\"target\":{\"@type\":\"EntryPoint\",\"urlTemplate\":\"https:\/\/tyoelamaan.staging.web-veistamo.fi\/?s={search_term_string}\"},\"query-input\":{\"@type\":\"PropertyValueSpecification\",\"valueRequired\":true,\"valueName\":\"search_term_string\"}}],\"inLanguage\":\"sv-SE\"},{\"@type\":\"Organization\",\"@id\":\"https:\/\/tyoelamaan.staging.web-veistamo.fi\/#organization\",\"name\":\"Ty\u00f6el\u00e4m\u00e4\u00e4n.fi\",\"url\":\"https:\/\/tyoelamaan.staging.web-veistamo.fi\/\",\"logo\":{\"@type\":\"ImageObject\",\"inLanguage\":\"sv-SE\",\"@id\":\"https:\/\/tyoelamaan.staging.web-veistamo.fi\/#\/schema\/logo\/image\/\",\"url\":\"https:\/\/tyoelamaan.staging.web-veistamo.fi\/wp-content\/uploads\/2024\/11\/tyoelamaan_logo.svg\",\"contentUrl\":\"https:\/\/tyoelamaan.staging.web-veistamo.fi\/wp-content\/uploads\/2024\/11\/tyoelamaan_logo.svg\",\"width\":131,\"height\":30,\"caption\":\"Ty\u00f6el\u00e4m\u00e4\u00e4n.fi\"},\"image\":{\"@id\":\"https:\/\/tyoelamaan.staging.web-veistamo.fi\/#\/schema\/logo\/image\/\"}}]}<\/script>\n<!-- \/ Yoast SEO plugin. -->","yoast_head_json":{"title":"Arbetsl\u00f6shet - Ty\u00f6el\u00e4m\u00e4\u00e4n.fi","description":"N\u00e4stan alla r\u00e5kar ut f\u00f6r minst en arbetsl\u00f6shetsperiod i n\u00e5got skede av sin karri\u00e4r. Ingen fara - h\u00e4r f\u00f6r du n\u00e5gra tips!","robots":{"index":"index","follow":"follow","max-snippet":"max-snippet:-1","max-image-preview":"max-image-preview:large","max-video-preview":"max-video-preview:-1"},"canonical":"https:\/\/tyoelamaan.staging.web-veistamo.fi\/tyon-paattyessa\/tyottomyys\/","og_locale":"sv_SE","og_type":"article","og_title":"Arbetsl\u00f6shet - Ty\u00f6el\u00e4m\u00e4\u00e4n.fi","og_description":"N\u00e4stan alla r\u00e5kar ut f\u00f6r minst en arbetsl\u00f6shetsperiod i n\u00e5got skede av sin karri\u00e4r. Ingen fara - h\u00e4r f\u00f6r du n\u00e5gra tips!","og_url":"https:\/\/tyoelamaan.staging.web-veistamo.fi\/tyon-paattyessa\/tyottomyys\/","og_site_name":"Ty\u00f6el\u00e4m\u00e4\u00e4n.fi","article_modified_time":"2024-12-17T04:19:44+00:00","twitter_card":"summary_large_image","twitter_misc":{"Ber\u00e4knad l\u00e4stid":"5 minuter"},"schema":{"@context":"https:\/\/schema.org","@graph":[{"@type":"WebPage","@id":"https:\/\/tyoelamaan.staging.web-veistamo.fi\/tyon-paattyessa\/tyottomyys\/","url":"https:\/\/tyoelamaan.staging.web-veistamo.fi\/tyon-paattyessa\/tyottomyys\/","name":"Arbetsl\u00f6shet - Ty\u00f6el\u00e4m\u00e4\u00e4n.fi","isPartOf":{"@id":"https:\/\/tyoelamaan.staging.web-veistamo.fi\/#website"},"datePublished":"2022-07-05T11:29:37+00:00","dateModified":"2024-12-17T04:19:44+00:00","description":"N\u00e4stan alla r\u00e5kar ut f\u00f6r minst en arbetsl\u00f6shetsperiod i n\u00e5got skede av sin karri\u00e4r. Ingen fara - h\u00e4r f\u00f6r du n\u00e5gra tips!","breadcrumb":{"@id":"https:\/\/tyoelamaan.staging.web-veistamo.fi\/tyon-paattyessa\/tyottomyys\/#breadcrumb"},"inLanguage":"sv-SE","potentialAction":[{"@type":"ReadAction","target":["https:\/\/tyoelamaan.staging.web-veistamo.fi\/tyon-paattyessa\/tyottomyys\/"]}]},{"@type":"BreadcrumbList","@id":"https:\/\/tyoelamaan.staging.web-veistamo.fi\/tyon-paattyessa\/tyottomyys\/#breadcrumb","itemListElement":[{"@type":"ListItem","position":1,"name":"Home","item":"https:\/\/tyoelamaan.staging.web-veistamo.fi\/sv\/"},{"@type":"ListItem","position":2,"name":"I slutet av arbetet","item":"https:\/\/tyoelamaan.staging.web-veistamo.fi\/tyon-paattyessa\/"},{"@type":"ListItem","position":3,"name":"Arbetsl\u00f6shet"}]},{"@type":"WebSite","@id":"https:\/\/tyoelamaan.staging.web-veistamo.fi\/#website","url":"https:\/\/tyoelamaan.staging.web-veistamo.fi\/","name":"Ty\u00f6el\u00e4m\u00e4\u00e4n.fi","description":"","publisher":{"@id":"https:\/\/tyoelamaan.staging.web-veistamo.fi\/#organization"},"potentialAction":[{"@type":"SearchAction","target":{"@type":"EntryPoint","urlTemplate":"https:\/\/tyoelamaan.staging.web-veistamo.fi\/?s={search_term_string}"},"query-input":{"@type":"PropertyValueSpecification","valueRequired":true,"valueName":"search_term_string"}}],"inLanguage":"sv-SE"},{"@type":"Organization","@id":"https:\/\/tyoelamaan.staging.web-veistamo.fi\/#organization","name":"Ty\u00f6el\u00e4m\u00e4\u00e4n.fi","url":"https:\/\/tyoelamaan.staging.web-veistamo.fi\/","logo":{"@type":"ImageObject","inLanguage":"sv-SE","@id":"https:\/\/tyoelamaan.staging.web-veistamo.fi\/#\/schema\/logo\/image\/","url":"https:\/\/tyoelamaan.staging.web-veistamo.fi\/wp-content\/uploads\/2024\/11\/tyoelamaan_logo.svg","contentUrl":"https:\/\/tyoelamaan.staging.web-veistamo.fi\/wp-content\/uploads\/2024\/11\/tyoelamaan_logo.svg","width":131,"height":30,"caption":"Ty\u00f6el\u00e4m\u00e4\u00e4n.fi"},"image":{"@id":"https:\/\/tyoelamaan.staging.web-veistamo.fi\/#\/schema\/logo\/image\/"}}]}},"_links":{"self":[{"href":"https:\/\/tyoelamaan.staging.web-veistamo.fi\/sv\/wp-json\/wp\/v2\/pages\/6070","targetHints":{"allow":["GET"]}}],"collection":[{"href":"https:\/\/tyoelamaan.staging.web-veistamo.fi\/sv\/wp-json\/wp\/v2\/pages"}],"about":[{"href":"https:\/\/tyoelamaan.staging.web-veistamo.fi\/sv\/wp-json\/wp\/v2\/types\/page"}],"author":[{"embeddable":true,"href":"https:\/\/tyoelamaan.staging.web-veistamo.fi\/sv\/wp-json\/wp\/v2\/users\/3"}],"replies":[{"embeddable":true,"href":"https:\/\/tyoelamaan.staging.web-veistamo.fi\/sv\/wp-json\/wp\/v2\/comments?post=6070"}],"version-history":[{"count":8,"href":"https:\/\/tyoelamaan.staging.web-veistamo.fi\/sv\/wp-json\/wp\/v2\/pages\/6070\/revisions"}],"predecessor-version":[{"id":12520,"href":"https:\/\/tyoelamaan.staging.web-veistamo.fi\/sv\/wp-json\/wp\/v2\/pages\/6070\/revisions\/12520"}],"up":[{"embeddable":true,"href":"https:\/\/tyoelamaan.staging.web-veistamo.fi\/sv\/wp-json\/wp\/v2\/pages\/10639"}],"wp:attachment":[{"href":"https:\/\/tyoelamaan.staging.web-veistamo.fi\/sv\/wp-json\/wp\/v2\/media?parent=6070"}],"wp:term":[{"taxonomy":"asiasana","embeddable":true,"href":"https:\/\/tyoelamaan.staging.web-veistamo.fi\/sv\/wp-json\/wp\/v2\/asiasana?post=6070"},{"taxonomy":"omistaja","embeddable":true,"href":"https:\/\/tyoelamaan.staging.web-veistamo.fi\/sv\/wp-json\/wp\/v2\/omistaja?post=6070"}],"curies":[{"name":"wp","href":"https:\/\/api.w.org\/{rel}","templated":true}]}}