{"id":6067,"date":"2022-07-05T13:31:20","date_gmt":"2022-07-05T10:31:20","guid":{"rendered":"https:\/\/tyoelamaan.fi\/?page_id=6067"},"modified":"2024-12-17T06:19:43","modified_gmt":"2024-12-17T04:19:43","slug":"foretagande","status":"publish","type":"page","link":"https:\/\/tyoelamaan.staging.web-veistamo.fi\/sv\/jag-i-arbetslivet\/foretagande\/","title":{"rendered":"F\u00f6retagande"},"content":{"rendered":"\n<p>F\u00f6retagande kr\u00e4ver en id\u00e9 som man vill helhj\u00e4rtat satsa p\u00e5, och tro p\u00e5 att det h\u00e4r kommer att lyckas. N\u00e4r du har bildat dig en klar uppfattning om f\u00f6retagsverksamheten, \u00e4r det dags att v\u00e4lja r\u00e4tt f\u00f6retagsform med vilken du kan g\u00f6ra verklighet av din egen grej.<\/p>\n\n\n\n<p>I Finland finns fem olika f\u00f6retagsformer: enskild n\u00e4ringsidkare (firma), aktiebolag, kommanditbolag, \u00f6ppet bolag och andelslag.<\/p>\n\n\n\n<p>Ofta pratar man ocks\u00e5 om egenf\u00f6retagare. De f\u00f6rs\u00f6rjer sig med sitt eget arbete utan ett <a href=\"https:\/\/tyoelamaan.staging.web-veistamo.fi\/sv\/anstallningsforhallande\/\" target=\"_blank\" rel=\"noreferrer noopener\">anst\u00e4llningsf\u00f6rh\u00e5llande<\/a>. De kallas ocks\u00e5 f\u00f6r sj\u00e4lvsyssels\u00e4ttande yrkesut\u00f6vare.<\/p>\n\n\n\n<h2 class=\"wp-block-heading\">F\u00f6retagande eller l\u00f6nearbete?<\/h2>\n\n\n\n<p>F\u00f6retagandet f\u00f6rknippas med b\u00e5de f\u00f6rdelar och nackdelar, precis som vilket jobb som helst. F\u00f6retagarens inkomster kommer fr\u00e5n f\u00f6retagets resultat och kan variera till och med r\u00e4tt mycket i m\u00e5naden. En l\u00f6ntagare f\u00e5r d\u00e4remot det penningbelopp som avtalas i arbetsavtalet till exempel per gjorda arbetstimmar eller per m\u00e5nad. <\/p>\n\n\n\n<p>\u00c5 andra sidan kan en <a href=\"https:\/\/www.sttk.staging.web-veistamo.fi\/subject\/yrittajyys\/\" target=\"_blank\" rel=\"noreferrer noopener\">f\u00f6retagare<\/a>&nbsp;sj\u00e4lv besluta om sitt arbete. F\u00f6retagaren kan best\u00e4mma arbetstiderna, priss\u00e4ttningen och arbetsmetoderna sj\u00e4lv. L\u00f6ntagaren kan inte best\u00e4mma sj\u00e4lv om dem, utan det \u00e4r arbetsgivaren som g\u00f6r det.<\/p>\n\n\n\n<div class=\"wp-block-image\"><figure class=\"aligncenter size-large\"><img decoding=\"async\" src=\"https:\/\/tyoelamaan.staging.web-veistamo.fi\/wp-content\/uploads\/2020\/03\/edellakavija.jpg\" alt=\"Ihminen surffaamassa aalloilla\" class=\"wp-image-1598\"\/><\/figure><\/div>\n\n\n\n<p>En f\u00f6retagare i huvudsyssla \u00e4r i regel inte ber\u00e4ttigad att f\u00e5 utkomstskydd vid arbetsl\u00f6shet, \u00e4ven om inkomsterna fr\u00e5n f\u00f6retagandet \u00e4r sm\u00e5 eller slutar helt. En f\u00f6retagare i bisyssla \u00e4r d\u00e4remot i allm\u00e4nhet ber\u00e4ttigad att f\u00e5 utkomstskydd vid arbetsl\u00f6shet. En l\u00f6ntagare har r\u00e4tt att f\u00e5 <a href=\"https:\/\/tyoelamaan.staging.web-veistamo.fi\/sv\/utkomst\/utkomst-for-arbetslosa\/\">utkomstskydd vid arbetsl\u00f6shet<\/a> om arbetet tar slut, om personen inte sj\u00e4lv orsakat att arbetet slutat. <\/p>\n\n\n\n<p>En f\u00f6retagare betalar sitt socialskydd och sina pensionsavgifter sj\u00e4lv. I fr\u00e5ga om en l\u00f6ntagare betalar arbetsgivaren en betydande del av dem.<\/p>\n\n\n\n<h2 class=\"wp-block-heading\">Olika f\u00f6retagsformer<\/h2>\n\n\n\n\n\n<h2 class=\"wp-block-heading\">L\u00e4ttf\u00f6retagande<\/h2>\n\n\n\n<p>L\u00e4ttf\u00f6retagande \u00e4r ingen officiell f\u00f6retagsform, utan begreppet st\u00e5r vanligen f\u00f6r en ensamf\u00f6retagare som sk\u00f6ter sin penningtrafik genom en faktureringstj\u00e4nst. En l\u00e4ttf\u00f6retagare beh\u00f6ver inte ha ett FO-nummer. F\u00f6retagaren f\u00e5r sin l\u00f6neinkomst via faktureringstj\u00e4nsten.<\/p>\n\n\n\n<p><strong>L\u00e4ttf\u00f6retagande \u00e4r ingen officiell term, och enligt lagen \u00e4r \u00e4ven en l\u00e4ttf\u00f6retagare en f\u00f6retagare.<\/strong> I praktiken betyder det att l\u00e4ttf\u00f6retagaren behandlas som en f\u00f6retagare i \u00e4renden som g\u00e4ller den sociala tryggheten. I fr\u00e5ga om skattebetalningen behandlas hen som en l\u00f6ntagare, om hen f\u00e5r sina inkomster som l\u00f6neinkomst via faktureringstj\u00e4nsten.<\/p>\n\n\n\n<h2 class=\"wp-block-heading\">Frilans<\/h2>\n\n\n\n<p>Med frilans avses ett proffs som tar emot uppdrag med FO-nummer och f\u00e5r sina inkomster genom att fakturera sina kunder f\u00f6r utf\u00f6rt arbete. Den som \u00e4r frilans har vanligen inte samtidigt ett l\u00f6nearbete. En person som samtidigt utf\u00f6r l\u00f6nearbete och \u00e4r ensamf\u00f6retagare kallas f\u00f6r m\u00e5ngsysslare.<\/p>\n\n\n\n<h2 class=\"wp-block-heading\">Sj\u00e4lvsyssels\u00e4ttande yrkesut\u00f6vare<\/h2>\n\n\n\n<p>En sj\u00e4lvsyssels\u00e4ttande yrkesut\u00f6vare \u00e4r en ensamf\u00f6retagare som f\u00f6rs\u00f6rjer sig med sitt eget arbete utan anst\u00e4llning.&nbsp;Personen kan samtidigt utf\u00f6ra flera olika uppdrag till olika f\u00f6retag. Sj\u00e4lvsyssels\u00e4ttning \u00e4r typiskt till exempel i mediebranschen, i kreativa branscherna och i byggbranschen.&nbsp;L\u00e4ttf\u00f6retagare och frilansar \u00e4r sj\u00e4lvsyssels\u00e4ttande.<\/p>\n\n\n\n<p>Tv\u00e5ngsf\u00f6retagande kallas f\u00f6r en situation d\u00e4r en arbetstagare blivit sj\u00e4lvsyssels\u00e4ttande av tv\u00e5ng. Det kan h\u00e4nda om arbetsgivaren b\u00f6rjar l\u00e5ta personen g\u00f6ra arbete som uppdrag i st\u00e4llet f\u00f6r l\u00f6nearbete.<\/p>\n\n\n\n<h2 class=\"wp-block-heading\">Plattformsarbete<\/h2>\n\n\n\n<p>Plattformsarbete betyder att en m\u00e4nniska tar emot uppdrag via en elektronisk plattform. Plattformsarbete \u00e4r vanligt till exempel inom mattransporter.<\/p>\n\n\n\n<p>I m\u00e5nga l\u00e4nder har man f\u00f6rt en juridisk diskussion om huruvida plattformsarbetare borde behandlas som l\u00f6ntagare. I Finland betraktas de f\u00f6r n\u00e4rvarande som f\u00f6retagare trots att de saknar m\u00f6jligheten att sj\u00e4lva best\u00e4mma om sitt arbete, till exempel om sin priss\u00e4ttning, vilket \u00e4r typiskt f\u00f6r f\u00f6retagare.<\/p>\n","protected":false},"excerpt":{"rendered":"<p>F\u00f6retagande kr\u00e4ver en id\u00e9 som man vill helhj\u00e4rtat satsa p\u00e5, och tro p\u00e5 att det h\u00e4r kommer att lyckas. N\u00e4r du har bildat dig en klar uppfattning om f\u00f6retagsverksamheten, \u00e4r det dags att v\u00e4lja r\u00e4tt f\u00f6retagsform med vilken du kan g\u00f6ra verklighet av din egen grej. I Finland finns fem olika f\u00f6retagsformer: enskild n\u00e4ringsidkare (firma), [&hellip;]<\/p>\n","protected":false},"author":3,"featured_media":0,"parent":6059,"menu_order":0,"comment_status":"closed","ping_status":"closed","template":"","meta":{"_acf_changed":false,"footnotes":""},"asiasana":[],"omistaja":[],"class_list":["post-6067","page","type-page","status-publish","hentry"],"acf":[],"yoast_head":"<!-- This site is optimized with the Yoast SEO plugin v26.5 - https:\/\/yoast.com\/wordpress\/plugins\/seo\/ -->\n<title>F\u00f6retagande - Ty\u00f6el\u00e4m\u00e4\u00e4n.fi<\/title>\n<meta name=\"description\" content=\"F\u00f6retagande eller l\u00f6nearbete? F\u00f6retagande kr\u00e4ver en id\u00e9 som man vill helhj\u00e4rtat satsa p\u00e5, och tro p\u00e5 att det h\u00e4r kommer att lyckas.\" \/>\n<meta name=\"robots\" content=\"index, follow, max-snippet:-1, max-image-preview:large, max-video-preview:-1\" \/>\n<link rel=\"canonical\" href=\"https:\/\/tyoelamaan.staging.web-veistamo.fi\/?page_id=689\" \/>\n<meta property=\"og:locale\" content=\"sv_SE\" \/>\n<meta property=\"og:type\" content=\"article\" \/>\n<meta property=\"og:title\" content=\"F\u00f6retagande - Ty\u00f6el\u00e4m\u00e4\u00e4n.fi\" \/>\n<meta property=\"og:description\" content=\"F\u00f6retagande eller l\u00f6nearbete? F\u00f6retagande kr\u00e4ver en id\u00e9 som man vill helhj\u00e4rtat satsa p\u00e5, och tro p\u00e5 att det h\u00e4r kommer att lyckas.\" \/>\n<meta property=\"og:url\" content=\"https:\/\/tyoelamaan.staging.web-veistamo.fi\/?page_id=689\" \/>\n<meta property=\"og:site_name\" content=\"Ty\u00f6el\u00e4m\u00e4\u00e4n.fi\" \/>\n<meta property=\"article:modified_time\" content=\"2024-12-17T04:19:43+00:00\" \/>\n<meta name=\"twitter:card\" content=\"summary_large_image\" \/>\n<meta name=\"twitter:label1\" content=\"Ber\u00e4knad l\u00e4stid\" \/>\n\t<meta name=\"twitter:data1\" content=\"3 minuter\" \/>\n<script type=\"application\/ld+json\" class=\"yoast-schema-graph\">{\"@context\":\"https:\/\/schema.org\",\"@graph\":[{\"@type\":\"WebPage\",\"@id\":\"https:\/\/tyoelamaan.staging.web-veistamo.fi\/?page_id=689\",\"url\":\"https:\/\/tyoelamaan.staging.web-veistamo.fi\/?page_id=689\",\"name\":\"F\u00f6retagande - Ty\u00f6el\u00e4m\u00e4\u00e4n.fi\",\"isPartOf\":{\"@id\":\"https:\/\/tyoelamaan.staging.web-veistamo.fi\/#website\"},\"primaryImageOfPage\":{\"@id\":\"https:\/\/tyoelamaan.staging.web-veistamo.fi\/?page_id=689#primaryimage\"},\"image\":{\"@id\":\"https:\/\/tyoelamaan.staging.web-veistamo.fi\/?page_id=689#primaryimage\"},\"thumbnailUrl\":\"https:\/\/tyoelamaan.staging.web-veistamo.fi\/wp-content\/uploads\/2020\/03\/edellakavija.jpg\",\"datePublished\":\"2022-07-05T10:31:20+00:00\",\"dateModified\":\"2024-12-17T04:19:43+00:00\",\"description\":\"F\u00f6retagande eller l\u00f6nearbete? F\u00f6retagande kr\u00e4ver en id\u00e9 som man vill helhj\u00e4rtat satsa p\u00e5, och tro p\u00e5 att det h\u00e4r kommer att lyckas.\",\"breadcrumb\":{\"@id\":\"https:\/\/tyoelamaan.staging.web-veistamo.fi\/?page_id=689#breadcrumb\"},\"inLanguage\":\"sv-SE\",\"potentialAction\":[{\"@type\":\"ReadAction\",\"target\":[\"https:\/\/tyoelamaan.staging.web-veistamo.fi\/?page_id=689\"]}]},{\"@type\":\"ImageObject\",\"inLanguage\":\"sv-SE\",\"@id\":\"https:\/\/tyoelamaan.staging.web-veistamo.fi\/?page_id=689#primaryimage\",\"url\":\"https:\/\/tyoelamaan.staging.web-veistamo.fi\/wp-content\/uploads\/2020\/03\/edellakavija.jpg\",\"contentUrl\":\"https:\/\/tyoelamaan.staging.web-veistamo.fi\/wp-content\/uploads\/2020\/03\/edellakavija.jpg\"},{\"@type\":\"BreadcrumbList\",\"@id\":\"https:\/\/tyoelamaan.staging.web-veistamo.fi\/?page_id=689#breadcrumb\",\"itemListElement\":[{\"@type\":\"ListItem\",\"position\":1,\"name\":\"Home\",\"item\":\"https:\/\/tyoelamaan.staging.web-veistamo.fi\/sv\/\"},{\"@type\":\"ListItem\",\"position\":2,\"name\":\"Jag i arbetslivet\",\"item\":\"https:\/\/tyoelamaan.staging.web-veistamo.fi\/mina-tyoelamassa\/\"},{\"@type\":\"ListItem\",\"position\":3,\"name\":\"F\u00f6retagande\"}]},{\"@type\":\"WebSite\",\"@id\":\"https:\/\/tyoelamaan.staging.web-veistamo.fi\/#website\",\"url\":\"https:\/\/tyoelamaan.staging.web-veistamo.fi\/\",\"name\":\"Ty\u00f6el\u00e4m\u00e4\u00e4n.fi\",\"description\":\"\",\"publisher\":{\"@id\":\"https:\/\/tyoelamaan.staging.web-veistamo.fi\/#organization\"},\"potentialAction\":[{\"@type\":\"SearchAction\",\"target\":{\"@type\":\"EntryPoint\",\"urlTemplate\":\"https:\/\/tyoelamaan.staging.web-veistamo.fi\/?s={search_term_string}\"},\"query-input\":{\"@type\":\"PropertyValueSpecification\",\"valueRequired\":true,\"valueName\":\"search_term_string\"}}],\"inLanguage\":\"sv-SE\"},{\"@type\":\"Organization\",\"@id\":\"https:\/\/tyoelamaan.staging.web-veistamo.fi\/#organization\",\"name\":\"Ty\u00f6el\u00e4m\u00e4\u00e4n.fi\",\"url\":\"https:\/\/tyoelamaan.staging.web-veistamo.fi\/\",\"logo\":{\"@type\":\"ImageObject\",\"inLanguage\":\"sv-SE\",\"@id\":\"https:\/\/tyoelamaan.staging.web-veistamo.fi\/#\/schema\/logo\/image\/\",\"url\":\"https:\/\/tyoelamaan.staging.web-veistamo.fi\/wp-content\/uploads\/2024\/11\/tyoelamaan_logo.svg\",\"contentUrl\":\"https:\/\/tyoelamaan.staging.web-veistamo.fi\/wp-content\/uploads\/2024\/11\/tyoelamaan_logo.svg\",\"width\":131,\"height\":30,\"caption\":\"Ty\u00f6el\u00e4m\u00e4\u00e4n.fi\"},\"image\":{\"@id\":\"https:\/\/tyoelamaan.staging.web-veistamo.fi\/#\/schema\/logo\/image\/\"}}]}<\/script>\n<!-- \/ Yoast SEO plugin. -->","yoast_head_json":{"title":"F\u00f6retagande - Ty\u00f6el\u00e4m\u00e4\u00e4n.fi","description":"F\u00f6retagande eller l\u00f6nearbete? F\u00f6retagande kr\u00e4ver en id\u00e9 som man vill helhj\u00e4rtat satsa p\u00e5, och tro p\u00e5 att det h\u00e4r kommer att lyckas.","robots":{"index":"index","follow":"follow","max-snippet":"max-snippet:-1","max-image-preview":"max-image-preview:large","max-video-preview":"max-video-preview:-1"},"canonical":"https:\/\/tyoelamaan.staging.web-veistamo.fi\/?page_id=689","og_locale":"sv_SE","og_type":"article","og_title":"F\u00f6retagande - Ty\u00f6el\u00e4m\u00e4\u00e4n.fi","og_description":"F\u00f6retagande eller l\u00f6nearbete? F\u00f6retagande kr\u00e4ver en id\u00e9 som man vill helhj\u00e4rtat satsa p\u00e5, och tro p\u00e5 att det h\u00e4r kommer att lyckas.","og_url":"https:\/\/tyoelamaan.staging.web-veistamo.fi\/?page_id=689","og_site_name":"Ty\u00f6el\u00e4m\u00e4\u00e4n.fi","article_modified_time":"2024-12-17T04:19:43+00:00","twitter_card":"summary_large_image","twitter_misc":{"Ber\u00e4knad l\u00e4stid":"3 minuter"},"schema":{"@context":"https:\/\/schema.org","@graph":[{"@type":"WebPage","@id":"https:\/\/tyoelamaan.staging.web-veistamo.fi\/?page_id=689","url":"https:\/\/tyoelamaan.staging.web-veistamo.fi\/?page_id=689","name":"F\u00f6retagande - Ty\u00f6el\u00e4m\u00e4\u00e4n.fi","isPartOf":{"@id":"https:\/\/tyoelamaan.staging.web-veistamo.fi\/#website"},"primaryImageOfPage":{"@id":"https:\/\/tyoelamaan.staging.web-veistamo.fi\/?page_id=689#primaryimage"},"image":{"@id":"https:\/\/tyoelamaan.staging.web-veistamo.fi\/?page_id=689#primaryimage"},"thumbnailUrl":"https:\/\/tyoelamaan.staging.web-veistamo.fi\/wp-content\/uploads\/2020\/03\/edellakavija.jpg","datePublished":"2022-07-05T10:31:20+00:00","dateModified":"2024-12-17T04:19:43+00:00","description":"F\u00f6retagande eller l\u00f6nearbete? F\u00f6retagande kr\u00e4ver en id\u00e9 som man vill helhj\u00e4rtat satsa p\u00e5, och tro p\u00e5 att det h\u00e4r kommer att lyckas.","breadcrumb":{"@id":"https:\/\/tyoelamaan.staging.web-veistamo.fi\/?page_id=689#breadcrumb"},"inLanguage":"sv-SE","potentialAction":[{"@type":"ReadAction","target":["https:\/\/tyoelamaan.staging.web-veistamo.fi\/?page_id=689"]}]},{"@type":"ImageObject","inLanguage":"sv-SE","@id":"https:\/\/tyoelamaan.staging.web-veistamo.fi\/?page_id=689#primaryimage","url":"https:\/\/tyoelamaan.staging.web-veistamo.fi\/wp-content\/uploads\/2020\/03\/edellakavija.jpg","contentUrl":"https:\/\/tyoelamaan.staging.web-veistamo.fi\/wp-content\/uploads\/2020\/03\/edellakavija.jpg"},{"@type":"BreadcrumbList","@id":"https:\/\/tyoelamaan.staging.web-veistamo.fi\/?page_id=689#breadcrumb","itemListElement":[{"@type":"ListItem","position":1,"name":"Home","item":"https:\/\/tyoelamaan.staging.web-veistamo.fi\/sv\/"},{"@type":"ListItem","position":2,"name":"Jag i arbetslivet","item":"https:\/\/tyoelamaan.staging.web-veistamo.fi\/mina-tyoelamassa\/"},{"@type":"ListItem","position":3,"name":"F\u00f6retagande"}]},{"@type":"WebSite","@id":"https:\/\/tyoelamaan.staging.web-veistamo.fi\/#website","url":"https:\/\/tyoelamaan.staging.web-veistamo.fi\/","name":"Ty\u00f6el\u00e4m\u00e4\u00e4n.fi","description":"","publisher":{"@id":"https:\/\/tyoelamaan.staging.web-veistamo.fi\/#organization"},"potentialAction":[{"@type":"SearchAction","target":{"@type":"EntryPoint","urlTemplate":"https:\/\/tyoelamaan.staging.web-veistamo.fi\/?s={search_term_string}"},"query-input":{"@type":"PropertyValueSpecification","valueRequired":true,"valueName":"search_term_string"}}],"inLanguage":"sv-SE"},{"@type":"Organization","@id":"https:\/\/tyoelamaan.staging.web-veistamo.fi\/#organization","name":"Ty\u00f6el\u00e4m\u00e4\u00e4n.fi","url":"https:\/\/tyoelamaan.staging.web-veistamo.fi\/","logo":{"@type":"ImageObject","inLanguage":"sv-SE","@id":"https:\/\/tyoelamaan.staging.web-veistamo.fi\/#\/schema\/logo\/image\/","url":"https:\/\/tyoelamaan.staging.web-veistamo.fi\/wp-content\/uploads\/2024\/11\/tyoelamaan_logo.svg","contentUrl":"https:\/\/tyoelamaan.staging.web-veistamo.fi\/wp-content\/uploads\/2024\/11\/tyoelamaan_logo.svg","width":131,"height":30,"caption":"Ty\u00f6el\u00e4m\u00e4\u00e4n.fi"},"image":{"@id":"https:\/\/tyoelamaan.staging.web-veistamo.fi\/#\/schema\/logo\/image\/"}}]}},"_links":{"self":[{"href":"https:\/\/tyoelamaan.staging.web-veistamo.fi\/sv\/wp-json\/wp\/v2\/pages\/6067","targetHints":{"allow":["GET"]}}],"collection":[{"href":"https:\/\/tyoelamaan.staging.web-veistamo.fi\/sv\/wp-json\/wp\/v2\/pages"}],"about":[{"href":"https:\/\/tyoelamaan.staging.web-veistamo.fi\/sv\/wp-json\/wp\/v2\/types\/page"}],"author":[{"embeddable":true,"href":"https:\/\/tyoelamaan.staging.web-veistamo.fi\/sv\/wp-json\/wp\/v2\/users\/3"}],"replies":[{"embeddable":true,"href":"https:\/\/tyoelamaan.staging.web-veistamo.fi\/sv\/wp-json\/wp\/v2\/comments?post=6067"}],"version-history":[{"count":6,"href":"https:\/\/tyoelamaan.staging.web-veistamo.fi\/sv\/wp-json\/wp\/v2\/pages\/6067\/revisions"}],"predecessor-version":[{"id":12519,"href":"https:\/\/tyoelamaan.staging.web-veistamo.fi\/sv\/wp-json\/wp\/v2\/pages\/6067\/revisions\/12519"}],"up":[{"embeddable":true,"href":"https:\/\/tyoelamaan.staging.web-veistamo.fi\/sv\/wp-json\/wp\/v2\/pages\/6059"}],"wp:attachment":[{"href":"https:\/\/tyoelamaan.staging.web-veistamo.fi\/sv\/wp-json\/wp\/v2\/media?parent=6067"}],"wp:term":[{"taxonomy":"asiasana","embeddable":true,"href":"https:\/\/tyoelamaan.staging.web-veistamo.fi\/sv\/wp-json\/wp\/v2\/asiasana?post=6067"},{"taxonomy":"omistaja","embeddable":true,"href":"https:\/\/tyoelamaan.staging.web-veistamo.fi\/sv\/wp-json\/wp\/v2\/omistaja?post=6067"}],"curies":[{"name":"wp","href":"https:\/\/api.w.org\/{rel}","templated":true}]}}