{"id":6063,"date":"2022-07-05T13:11:14","date_gmt":"2022-07-05T10:11:14","guid":{"rendered":"https:\/\/tyoelamaan.fi\/?page_id=6063"},"modified":"2024-12-17T06:19:42","modified_gmt":"2024-12-17T04:19:42","slug":"arbetskarriaren","status":"publish","type":"page","link":"https:\/\/tyoelamaan.staging.web-veistamo.fi\/sv\/arbetskarriaren\/","title":{"rendered":"Arbetskarri\u00e4ren"},"content":{"rendered":"\n<p>Arbetskarri\u00e4ren \u00e4r mer f\u00f6r oss \u00e4n bara ett s\u00e4tt att tj\u00e4na pengar. Det \u00e4r viktigt att du hittar ett jobb som inspirerar och intresserar dig. Du tillbringar en stor del av din dag p\u00e5 arbetsplatsen, d\u00e5 varf\u00f6r inte ha ett jobb som du gillar? Hur din arbetskarri\u00e4r utvecklas och vart den f\u00f6r dig beror p\u00e5 dig sj\u00e4lv.<\/p>\n\n\n\n<div class=\"wp-block-columns is-layout-flex wp-container-core-columns-is-layout-28f84493 wp-block-columns-is-layout-flex\">\n<div class=\"wp-block-column is-layout-flow wp-block-column-is-layout-flow\">\n<p>Du m\u00f6ter m\u00e5nga utmaningar och m\u00f6jligheter under arbetskarri\u00e4ren. Du kan g\u00f6ra planer som inneh\u00e5ller olika kort- och l\u00e5ngsiktiga alternativ f\u00f6r din karri\u00e4rstig. I dag best\u00e5r arbetskarri\u00e4ren allt oftare av flera anst\u00e4llningar under arbetslivets g\u00e5ng. Det finns vanligen inga snabba l\u00f6sningar, men n\u00e4r du \u00e4r flitig och \u00e4ven lite modig, kan du ta dig fram\u00e5t mot dina m\u00e5l.<\/p>\n<\/div>\n\n\n\n<div class=\"wp-block-column is-layout-flow wp-block-column-is-layout-flow\">\n<figure class=\"wp-block-image size-large\"><img decoding=\"async\" src=\"https:\/\/tyoelamaan.staging.web-veistamo.fi\/wp-content\/uploads\/2020\/03\/uraputki-1024x867.jpg\" alt=\"Kuvituskuva; Kaksi ihmist\u00e4 putkessa\" class=\"wp-image-9494\"\/><\/figure>\n<\/div>\n<\/div>\n\n\n\n<h2 class=\"wp-block-heading\"><strong>Portf\u00f6lj och meritf\u00f6rteckning<\/strong><\/h2>\n\n\n\n<p>Meritf\u00f6rteckningen, dvs. Curriculum Vitae, dvs. CV \u00e4r en f\u00f6rteckning \u00f6ver din utbildning och dina tidigare arbetsuppgifter. Meritf\u00f6rteckningen \u00e4r vanligen mer begr\u00e4nsad \u00e4n portf\u00f6ljen. I portf\u00f6ljen presenterar du dina kunskaper och f\u00e4rdigheter mer kreativt med hj\u00e4lp av bilder, publikationer och annat som ber\u00e4ttar om allt som du kan. Meritf\u00f6rteckningen ber\u00e4ttar i sin tur om dina prestationer, t.ex. om din examen, din erfarenhet av projektarbete, dina spr\u00e5kkunskaper osv. Syftet med meritf\u00f6rteckningen \u00e4r att informera den potentiella arbetsgivaren om hur din karri\u00e4r ser ut i det h\u00e4r skedet och i vilken riktning den m\u00f6jligen \u00e4r p\u00e5 v\u00e4g.<\/p>\n\n\n\n<p>I din portf\u00f6lj, dvs. din meritmapp, kan du l\u00e4gga alla dina skolbetyg och arbetsintyg, och eventuella andra intyg till exempel om f\u00f6rtroendeuppdrag som du haft. I portf\u00f6ljen ska ocks\u00e5 finnas arbetsprover, dvs. exempel p\u00e5 jobb som du gjort i dina studier eller p\u00e5 tidigare arbetsplatser. Portf\u00f6ljen \u00e4r ett bra s\u00e4tt att \u00f6vertyga arbetsgivaren om ditt kunnande redan innan du hunnit skaffa arbetserfarenhet. Med portf\u00f6ljen kan du presentera ditt kunnande, dina kunskaper och f\u00e4rdigheter under friare former.<\/p>\n\n\n\n<p>Portf\u00f6ljen kan vara till exempel en webbportf\u00f6lj, en traditionell mapp, eller en video. Om det \u00e4r m\u00f6jligt, skapa en digital portf\u00f6lj, s\u00e5 att alla potentiella arbetsgivare kan se den p\u00e5 webben. Ett alternativ \u00e4r att skapa en egen webbplats d\u00e4r du kan presentera ditt kunnande med text, bilder och videoklipp. Om det k\u00e4nns besv\u00e4rligt att ta fram en webbplats, kan till exempel <a href=\"https:\/\/www.instagram.com\/\" target=\"_blank\" rel=\"noreferrer noopener\">Instagram<\/a> vara ett l\u00e4mpligt alternativ, d\u00e4r du kan presentera din kompetens med hj\u00e4lp av bilder och korta videoklipp. Om du har en elektronisk portf\u00f6lj, \u00e4r det viktigt att du n\u00e4mner den i din ans\u00f6kan och meritf\u00f6rteckning.<\/p>\n\n\n\n<h2 class=\"wp-block-heading\"><strong>Utveckla ditt kunnande<\/strong><\/h2>\n\n\n\n<p><a href=\"https:\/\/tyoelamaan.staging.web-veistamo.fi\/sv\/kunnande\/\" target=\"_blank\" rel=\"noreferrer noopener\">Kompetensutveckling<\/a>\u00a0\u00e4r en del av arbetslivet och du ska hela tiden vara beredd att l\u00e4ra dig nytt. Ingenting \u00e4r lika s\u00e4kert i arbetslivet som f\u00f6r\u00e4ndring. Gl\u00f6m inte att f\u00f6lja med utvecklingen i din bransch och s\u00f6k aktivt olika s\u00e4tt att utveckla ditt eget arbete och dina arbetsmetoder. En bra kanal f\u00f6r det \u00e4r till exempel <a href=\"https:\/\/www.linkedin.com\/\" target=\"_blank\" rel=\"noreferrer noopener\">LinkedIn<\/a>, om \u00e4r utvecklad f\u00f6r yrkesinriktad n\u00e4tverksbildning.<\/p>\n\n\n\n<p>Om dina arbetsuppgifter eller branschen d\u00e4r du jobbar inte k\u00e4nns som din egen, kan du alltid b\u00f6rja studera n\u00e5gonting nytt. Du beh\u00f6ver inte alltid en ny examen f\u00f6r att kunna byta till en annan arbetsuppgift. Ibland r\u00e4cker det med att du kompletterar dina studier till exempel genom att avl\u00e4gga specialiseringsstudier eller kurser. Det finns \u00e4nd\u00e5 branscher som kr\u00e4ver en examen uttryckligen i den branschen. D\u00e5 ska du f\u00f6rbereda dig p\u00e5 flera \u00e5rs studier p\u00e5 heltid eller vid sidan av arbetet. Framtidens arbetskarri\u00e4rer kr\u00e4ver m\u00e5ngsidigt kunnande, och d\u00e4rf\u00f6r \u00e4r det bra att hela tiden utveckla sin kompetens.<\/p>\n\n\n\n<h2 class=\"wp-block-heading\"><strong>Yrkesidentitet<\/strong><\/h2>\n\n\n\n<p>Din yrkesidentitet definierar vem du \u00e4r och vart du \u00e4r p\u00e5 v\u00e4g i din karri\u00e4r. Den hj\u00e4lper dig att uttrycka ditt kunnande i ord och g\u00f6r det l\u00e4ttare f\u00f6r dig att klara dig i jobbs\u00f6kningssituationer. Yrkesidentiteten handlar om att du vet vad som g\u00f6r dig till en bra arbetstagare och vilka dina styrkor \u00e4r.<\/p>\n\n\n\n<p>Det \u00e4r viktigt att du sj\u00e4lv satsar p\u00e5 utvecklingen av din karri\u00e4r. Jobben och uppgifterna \u00e4ndras, och det g\u00e4ller att h\u00e5lla sitt kunnande uppdaterat. Du ska dessutom kunna &#8221;s\u00e4lja&#8221; ditt kunnande, f\u00f6r det kan h\u00e4nda att du m\u00e5ste konkurrera om arbetsuppgifter p\u00e5 din arbetsplats. Det \u00e4r viktigt med flexibilitet, eftersom du m\u00e5ste ha f\u00f6rm\u00e5ga att lyfta fram din yrkesidentitet p\u00e5 olika s\u00e4tt beroende p\u00e5 vilket jobb du s\u00f6ker.<\/p>\n\n\n\n<p>En del av yrkesidentiteten \u00e4r ditt personliga varum\u00e4rke, dvs. den uppfattning som f\u00f6rmedlas till arbetsgivaren om hur du \u00e4r som m\u00e4nniska. Det \u00e4r viktigt f\u00f6r arbetsgivaren att rekrytera arbetstagare som har r\u00e4tt attityd. Den nya arbetstagaren m\u00e5ste passa in i arbetsgemenskapen och -kulturen p\u00e5 arbetsplatsen.<\/p>\n\n\n\n<h2 class=\"wp-block-heading\"><strong>LinkedIn<\/strong><\/h2>\n\n\n\n<p>Skapa och uppdatera din profil p\u00e5 <a href=\"https:\/\/www.linkedin.com\/\" target=\"_blank\" rel=\"noreferrer noopener\">LinkedIn<\/a> p\u00e5 s\u00e5 s\u00e4tt att en potentiell arbetsgivare f\u00e5r en helhetsbild av allt som du gjort under dina studier och din karri\u00e4r. G\u00f6r omsorgsfullt upp profilen p\u00e5 LinkedIn redan innan du b\u00f6rjar s\u00f6ka jobb.&nbsp;V\u00e4lj g\u00e4rna en h\u00f6gklassig profilbild och en omslagsbild som l\u00e4mpar sig f\u00f6r din yrkesidentitet. Profilen p\u00e5 LinkedIn best\u00e5r av m\u00e5nga olika delar som handlar om din arbetshistorik, utbildning och kompetens. Det \u00e4r bra att omsorgsfullt fylla i alla avsnitt och att be att tidigare och nuvarande arbetskamrater och arbetsgivare st\u00e4ller upp med rekommendationer.<\/p>\n\n\n\n<p>Det \u00e4r bra att komplettera profilen hela tiden och att l\u00e4nka arbetsprover, till exempel blogginl\u00e4gg, till den. I LinkedIn \u00e4r det ocks\u00e5 m\u00f6jligt att publicera egna texter om arbetslivet och yrket, dela inl\u00e4gg och gilla andras inl\u00e4gg. En helt\u00e4ckande profil som uppdateras v\u00e4cker intresse hos potentiella arbetsgivare.&nbsp;<\/p>\n\n\n\n<p>P\u00e5 LinkedIn kan du bygga ditt eget n\u00e4tverk och g\u00e5 med i grupper f\u00f6r ditt eget yrkesomr\u00e5de. Grupper \u00e4r ett bra s\u00e4tt att l\u00e4ra k\u00e4nna andra som arbetar i samma bransch, prata med dem och f\u00e5 information om aktuella \u00e4renden i branschen. Om du har ett omfattande n\u00e4tverk, kan du f\u00e5 arbetserbjudanden eller information om arbetsplatser som inte ledigf\u00f6rklaras offentligt (s\u00e5 kallade dolda arbetsplatser).<\/p>\n\n\n\n<h2 class=\"wp-block-heading\">Arbeta eller studera utomlands<\/h2>\n\n\n\n<p>Vill du skaffa erfarenhet och spr\u00e5kkunskaper genom att jobba eller studera utomlands? Du kan s\u00f6ka dig utomlands f\u00f6r studier, arbetspraktik, jobb eller frivilligarbete. Du har garanterat nytta av den internationella arbetserfarenheten i forts\u00e4ttningen.<\/p>\n\n\n\n<p>Att s\u00f6ka jobb \u00e4r enklast i Europa. Som finl\u00e4ndare beh\u00f6ver du inte arbetstillst\u00e5nd f\u00f6r att jobba i ett annat EU- eller EES-land. Som EU-medborgare har du samma r\u00e4ttigheter som landets egna medborgare. Nyttig information om ans\u00f6kan till utlandet hittar du p\u00e5 <a href=\"https:\/\/tyomarkkinatori.fi\/sv\" target=\"_blank\" rel=\"noreferrer noopener\">arbets- och n\u00e4ringstj\u00e4nsternas<\/a>\u00a0webbplats.<\/p>\n","protected":false},"excerpt":{"rendered":"<p>Arbetskarri\u00e4ren \u00e4r mer f\u00f6r oss \u00e4n bara ett s\u00e4tt att tj\u00e4na pengar. Det \u00e4r viktigt att du hittar ett jobb som inspirerar och intresserar dig. Du tillbringar en stor del av din dag p\u00e5 arbetsplatsen, d\u00e5 varf\u00f6r inte ha ett jobb som du gillar? Hur din arbetskarri\u00e4r utvecklas och vart den f\u00f6r dig beror p\u00e5 [&hellip;]<\/p>\n","protected":false},"author":3,"featured_media":0,"parent":0,"menu_order":0,"comment_status":"closed","ping_status":"closed","template":"","meta":{"_acf_changed":false,"footnotes":""},"asiasana":[],"omistaja":[],"class_list":["post-6063","page","type-page","status-publish","hentry"],"acf":[],"yoast_head":"<!-- This site is optimized with the Yoast SEO plugin v26.5 - https:\/\/yoast.com\/wordpress\/plugins\/seo\/ -->\n<title>Arbetskarri\u00e4ren - Ty\u00f6el\u00e4m\u00e4\u00e4n.fi<\/title>\n<meta name=\"description\" content=\"Syftet med CV \u00e4r att informera den potentiella arbetsgivaren om hur din karri\u00e4r ser ut och i vilken riktning den m\u00f6jligen \u00e4r p\u00e5 v\u00e4g.\" \/>\n<meta name=\"robots\" content=\"index, follow, max-snippet:-1, max-image-preview:large, max-video-preview:-1\" \/>\n<link rel=\"canonical\" href=\"https:\/\/tyoelamaan.staging.web-veistamo.fi\/sv\/jag-i-arbetslivet\/arbetskarriaren\/\" \/>\n<meta property=\"og:locale\" content=\"sv_SE\" \/>\n<meta property=\"og:type\" content=\"article\" \/>\n<meta property=\"og:title\" content=\"Arbetskarri\u00e4ren - Ty\u00f6el\u00e4m\u00e4\u00e4n.fi\" \/>\n<meta property=\"og:description\" content=\"Syftet med CV \u00e4r att informera den potentiella arbetsgivaren om hur din karri\u00e4r ser ut och i vilken riktning den m\u00f6jligen \u00e4r p\u00e5 v\u00e4g.\" \/>\n<meta property=\"og:url\" content=\"https:\/\/tyoelamaan.staging.web-veistamo.fi\/sv\/jag-i-arbetslivet\/arbetskarriaren\/\" \/>\n<meta property=\"og:site_name\" content=\"Ty\u00f6el\u00e4m\u00e4\u00e4n.fi\" \/>\n<meta property=\"article:modified_time\" content=\"2024-12-17T04:19:42+00:00\" \/>\n<meta name=\"twitter:card\" content=\"summary_large_image\" \/>\n<meta name=\"twitter:label1\" content=\"Ber\u00e4knad l\u00e4stid\" \/>\n\t<meta name=\"twitter:data1\" content=\"5 minuter\" \/>\n<script type=\"application\/ld+json\" class=\"yoast-schema-graph\">{\"@context\":\"https:\/\/schema.org\",\"@graph\":[{\"@type\":\"WebPage\",\"@id\":\"https:\/\/tyoelamaan.staging.web-veistamo.fi\/sv\/jag-i-arbetslivet\/arbetskarriaren\/\",\"url\":\"https:\/\/tyoelamaan.staging.web-veistamo.fi\/sv\/jag-i-arbetslivet\/arbetskarriaren\/\",\"name\":\"Arbetskarri\u00e4ren - Ty\u00f6el\u00e4m\u00e4\u00e4n.fi\",\"isPartOf\":{\"@id\":\"https:\/\/tyoelamaan.staging.web-veistamo.fi\/#website\"},\"primaryImageOfPage\":{\"@id\":\"https:\/\/tyoelamaan.staging.web-veistamo.fi\/sv\/jag-i-arbetslivet\/arbetskarriaren\/#primaryimage\"},\"image\":{\"@id\":\"https:\/\/tyoelamaan.staging.web-veistamo.fi\/sv\/jag-i-arbetslivet\/arbetskarriaren\/#primaryimage\"},\"thumbnailUrl\":\"https:\/\/tyoelamaan.staging.web-veistamo.fi\/wp-content\/uploads\/2020\/03\/uraputki-1024x867.jpg\",\"datePublished\":\"2022-07-05T10:11:14+00:00\",\"dateModified\":\"2024-12-17T04:19:42+00:00\",\"description\":\"Syftet med CV \u00e4r att informera den potentiella arbetsgivaren om hur din karri\u00e4r ser ut och i vilken riktning den m\u00f6jligen \u00e4r p\u00e5 v\u00e4g.\",\"breadcrumb\":{\"@id\":\"https:\/\/tyoelamaan.staging.web-veistamo.fi\/sv\/jag-i-arbetslivet\/arbetskarriaren\/#breadcrumb\"},\"inLanguage\":\"sv-SE\",\"potentialAction\":[{\"@type\":\"ReadAction\",\"target\":[\"https:\/\/tyoelamaan.staging.web-veistamo.fi\/sv\/jag-i-arbetslivet\/arbetskarriaren\/\"]}]},{\"@type\":\"ImageObject\",\"inLanguage\":\"sv-SE\",\"@id\":\"https:\/\/tyoelamaan.staging.web-veistamo.fi\/sv\/jag-i-arbetslivet\/arbetskarriaren\/#primaryimage\",\"url\":\"https:\/\/tyoelamaan.staging.web-veistamo.fi\/wp-content\/uploads\/2020\/03\/uraputki-1024x867.jpg\",\"contentUrl\":\"https:\/\/tyoelamaan.staging.web-veistamo.fi\/wp-content\/uploads\/2020\/03\/uraputki-1024x867.jpg\"},{\"@type\":\"BreadcrumbList\",\"@id\":\"https:\/\/tyoelamaan.staging.web-veistamo.fi\/sv\/jag-i-arbetslivet\/arbetskarriaren\/#breadcrumb\",\"itemListElement\":[{\"@type\":\"ListItem\",\"position\":1,\"name\":\"Home\",\"item\":\"https:\/\/tyoelamaan.staging.web-veistamo.fi\/sv\/\"},{\"@type\":\"ListItem\",\"position\":2,\"name\":\"Jag i arbetslivet\",\"item\":\"https:\/\/tyoelamaan.staging.web-veistamo.fi\/mina-tyoelamassa\/\"},{\"@type\":\"ListItem\",\"position\":3,\"name\":\"Arbetskarri\u00e4ren\"}]},{\"@type\":\"WebSite\",\"@id\":\"https:\/\/tyoelamaan.staging.web-veistamo.fi\/#website\",\"url\":\"https:\/\/tyoelamaan.staging.web-veistamo.fi\/\",\"name\":\"Ty\u00f6el\u00e4m\u00e4\u00e4n.fi\",\"description\":\"\",\"publisher\":{\"@id\":\"https:\/\/tyoelamaan.staging.web-veistamo.fi\/#organization\"},\"potentialAction\":[{\"@type\":\"SearchAction\",\"target\":{\"@type\":\"EntryPoint\",\"urlTemplate\":\"https:\/\/tyoelamaan.staging.web-veistamo.fi\/?s={search_term_string}\"},\"query-input\":{\"@type\":\"PropertyValueSpecification\",\"valueRequired\":true,\"valueName\":\"search_term_string\"}}],\"inLanguage\":\"sv-SE\"},{\"@type\":\"Organization\",\"@id\":\"https:\/\/tyoelamaan.staging.web-veistamo.fi\/#organization\",\"name\":\"Ty\u00f6el\u00e4m\u00e4\u00e4n.fi\",\"url\":\"https:\/\/tyoelamaan.staging.web-veistamo.fi\/\",\"logo\":{\"@type\":\"ImageObject\",\"inLanguage\":\"sv-SE\",\"@id\":\"https:\/\/tyoelamaan.staging.web-veistamo.fi\/#\/schema\/logo\/image\/\",\"url\":\"https:\/\/tyoelamaan.staging.web-veistamo.fi\/wp-content\/uploads\/2024\/11\/tyoelamaan_logo.svg\",\"contentUrl\":\"https:\/\/tyoelamaan.staging.web-veistamo.fi\/wp-content\/uploads\/2024\/11\/tyoelamaan_logo.svg\",\"width\":131,\"height\":30,\"caption\":\"Ty\u00f6el\u00e4m\u00e4\u00e4n.fi\"},\"image\":{\"@id\":\"https:\/\/tyoelamaan.staging.web-veistamo.fi\/#\/schema\/logo\/image\/\"}}]}<\/script>\n<!-- \/ Yoast SEO plugin. -->","yoast_head_json":{"title":"Arbetskarri\u00e4ren - Ty\u00f6el\u00e4m\u00e4\u00e4n.fi","description":"Syftet med CV \u00e4r att informera den potentiella arbetsgivaren om hur din karri\u00e4r ser ut och i vilken riktning den m\u00f6jligen \u00e4r p\u00e5 v\u00e4g.","robots":{"index":"index","follow":"follow","max-snippet":"max-snippet:-1","max-image-preview":"max-image-preview:large","max-video-preview":"max-video-preview:-1"},"canonical":"https:\/\/tyoelamaan.staging.web-veistamo.fi\/sv\/jag-i-arbetslivet\/arbetskarriaren\/","og_locale":"sv_SE","og_type":"article","og_title":"Arbetskarri\u00e4ren - Ty\u00f6el\u00e4m\u00e4\u00e4n.fi","og_description":"Syftet med CV \u00e4r att informera den potentiella arbetsgivaren om hur din karri\u00e4r ser ut och i vilken riktning den m\u00f6jligen \u00e4r p\u00e5 v\u00e4g.","og_url":"https:\/\/tyoelamaan.staging.web-veistamo.fi\/sv\/jag-i-arbetslivet\/arbetskarriaren\/","og_site_name":"Ty\u00f6el\u00e4m\u00e4\u00e4n.fi","article_modified_time":"2024-12-17T04:19:42+00:00","twitter_card":"summary_large_image","twitter_misc":{"Ber\u00e4knad l\u00e4stid":"5 minuter"},"schema":{"@context":"https:\/\/schema.org","@graph":[{"@type":"WebPage","@id":"https:\/\/tyoelamaan.staging.web-veistamo.fi\/sv\/jag-i-arbetslivet\/arbetskarriaren\/","url":"https:\/\/tyoelamaan.staging.web-veistamo.fi\/sv\/jag-i-arbetslivet\/arbetskarriaren\/","name":"Arbetskarri\u00e4ren - Ty\u00f6el\u00e4m\u00e4\u00e4n.fi","isPartOf":{"@id":"https:\/\/tyoelamaan.staging.web-veistamo.fi\/#website"},"primaryImageOfPage":{"@id":"https:\/\/tyoelamaan.staging.web-veistamo.fi\/sv\/jag-i-arbetslivet\/arbetskarriaren\/#primaryimage"},"image":{"@id":"https:\/\/tyoelamaan.staging.web-veistamo.fi\/sv\/jag-i-arbetslivet\/arbetskarriaren\/#primaryimage"},"thumbnailUrl":"https:\/\/tyoelamaan.staging.web-veistamo.fi\/wp-content\/uploads\/2020\/03\/uraputki-1024x867.jpg","datePublished":"2022-07-05T10:11:14+00:00","dateModified":"2024-12-17T04:19:42+00:00","description":"Syftet med CV \u00e4r att informera den potentiella arbetsgivaren om hur din karri\u00e4r ser ut och i vilken riktning den m\u00f6jligen \u00e4r p\u00e5 v\u00e4g.","breadcrumb":{"@id":"https:\/\/tyoelamaan.staging.web-veistamo.fi\/sv\/jag-i-arbetslivet\/arbetskarriaren\/#breadcrumb"},"inLanguage":"sv-SE","potentialAction":[{"@type":"ReadAction","target":["https:\/\/tyoelamaan.staging.web-veistamo.fi\/sv\/jag-i-arbetslivet\/arbetskarriaren\/"]}]},{"@type":"ImageObject","inLanguage":"sv-SE","@id":"https:\/\/tyoelamaan.staging.web-veistamo.fi\/sv\/jag-i-arbetslivet\/arbetskarriaren\/#primaryimage","url":"https:\/\/tyoelamaan.staging.web-veistamo.fi\/wp-content\/uploads\/2020\/03\/uraputki-1024x867.jpg","contentUrl":"https:\/\/tyoelamaan.staging.web-veistamo.fi\/wp-content\/uploads\/2020\/03\/uraputki-1024x867.jpg"},{"@type":"BreadcrumbList","@id":"https:\/\/tyoelamaan.staging.web-veistamo.fi\/sv\/jag-i-arbetslivet\/arbetskarriaren\/#breadcrumb","itemListElement":[{"@type":"ListItem","position":1,"name":"Home","item":"https:\/\/tyoelamaan.staging.web-veistamo.fi\/sv\/"},{"@type":"ListItem","position":2,"name":"Jag i arbetslivet","item":"https:\/\/tyoelamaan.staging.web-veistamo.fi\/mina-tyoelamassa\/"},{"@type":"ListItem","position":3,"name":"Arbetskarri\u00e4ren"}]},{"@type":"WebSite","@id":"https:\/\/tyoelamaan.staging.web-veistamo.fi\/#website","url":"https:\/\/tyoelamaan.staging.web-veistamo.fi\/","name":"Ty\u00f6el\u00e4m\u00e4\u00e4n.fi","description":"","publisher":{"@id":"https:\/\/tyoelamaan.staging.web-veistamo.fi\/#organization"},"potentialAction":[{"@type":"SearchAction","target":{"@type":"EntryPoint","urlTemplate":"https:\/\/tyoelamaan.staging.web-veistamo.fi\/?s={search_term_string}"},"query-input":{"@type":"PropertyValueSpecification","valueRequired":true,"valueName":"search_term_string"}}],"inLanguage":"sv-SE"},{"@type":"Organization","@id":"https:\/\/tyoelamaan.staging.web-veistamo.fi\/#organization","name":"Ty\u00f6el\u00e4m\u00e4\u00e4n.fi","url":"https:\/\/tyoelamaan.staging.web-veistamo.fi\/","logo":{"@type":"ImageObject","inLanguage":"sv-SE","@id":"https:\/\/tyoelamaan.staging.web-veistamo.fi\/#\/schema\/logo\/image\/","url":"https:\/\/tyoelamaan.staging.web-veistamo.fi\/wp-content\/uploads\/2024\/11\/tyoelamaan_logo.svg","contentUrl":"https:\/\/tyoelamaan.staging.web-veistamo.fi\/wp-content\/uploads\/2024\/11\/tyoelamaan_logo.svg","width":131,"height":30,"caption":"Ty\u00f6el\u00e4m\u00e4\u00e4n.fi"},"image":{"@id":"https:\/\/tyoelamaan.staging.web-veistamo.fi\/#\/schema\/logo\/image\/"}}]}},"_links":{"self":[{"href":"https:\/\/tyoelamaan.staging.web-veistamo.fi\/sv\/wp-json\/wp\/v2\/pages\/6063","targetHints":{"allow":["GET"]}}],"collection":[{"href":"https:\/\/tyoelamaan.staging.web-veistamo.fi\/sv\/wp-json\/wp\/v2\/pages"}],"about":[{"href":"https:\/\/tyoelamaan.staging.web-veistamo.fi\/sv\/wp-json\/wp\/v2\/types\/page"}],"author":[{"embeddable":true,"href":"https:\/\/tyoelamaan.staging.web-veistamo.fi\/sv\/wp-json\/wp\/v2\/users\/3"}],"replies":[{"embeddable":true,"href":"https:\/\/tyoelamaan.staging.web-veistamo.fi\/sv\/wp-json\/wp\/v2\/comments?post=6063"}],"version-history":[{"count":5,"href":"https:\/\/tyoelamaan.staging.web-veistamo.fi\/sv\/wp-json\/wp\/v2\/pages\/6063\/revisions"}],"predecessor-version":[{"id":12517,"href":"https:\/\/tyoelamaan.staging.web-veistamo.fi\/sv\/wp-json\/wp\/v2\/pages\/6063\/revisions\/12517"}],"wp:attachment":[{"href":"https:\/\/tyoelamaan.staging.web-veistamo.fi\/sv\/wp-json\/wp\/v2\/media?parent=6063"}],"wp:term":[{"taxonomy":"asiasana","embeddable":true,"href":"https:\/\/tyoelamaan.staging.web-veistamo.fi\/sv\/wp-json\/wp\/v2\/asiasana?post=6063"},{"taxonomy":"omistaja","embeddable":true,"href":"https:\/\/tyoelamaan.staging.web-veistamo.fi\/sv\/wp-json\/wp\/v2\/omistaja?post=6063"}],"curies":[{"name":"wp","href":"https:\/\/api.w.org\/{rel}","templated":true}]}}