{"id":5667,"date":"2022-02-24T16:55:49","date_gmt":"2022-02-24T14:55:49","guid":{"rendered":"https:\/\/tyoelamaan.fi\/?page_id=5667"},"modified":"2024-12-17T06:19:41","modified_gmt":"2024-12-17T04:19:41","slug":"tyottoman-toimeentulo","status":"publish","type":"page","link":"https:\/\/tyoelamaan.staging.web-veistamo.fi\/selko\/toimeentulo\/tyottoman-toimeentulo\/","title":{"rendered":"Ty\u00f6tt\u00f6m\u00e4n toimeentulo"},"content":{"rendered":"\n<p>Ty\u00f6ntekij\u00e4 voi menett\u00e4\u00e4 ty\u00f6ns\u00e4&nbsp;irtisanomisen&nbsp;tai lomautuksen takia. Ty\u00f6nantaja voi my\u00f6s tarjota vain osa-aikaty\u00f6t\u00e4.<\/p>\n\n\n\n<p>Ty\u00f6tt\u00f6m\u00e4ksi j\u00e4\u00e4neen henkil\u00f6n pit\u00e4\u00e4 ilmoittautua&nbsp;TE-toimistoon&nbsp;ty\u00f6nhakijaksi. Ty\u00f6tt\u00f6myyskorvausta saa vain, jos ty\u00f6nhaku on voimassa TE-toimistossa.<\/p>\n\n\n\n<h2 class=\"wp-block-heading\">Ty\u00f6tt\u00f6myysetuudet<\/h2>\n\n\n\n<p>Ty\u00f6tt\u00f6myysetuuksia ovat ty\u00f6tt\u00f6myyskassojen maksama ansiop\u00e4iv\u00e4raha&nbsp;sek\u00e4 Kelan maksama&nbsp;perusp\u00e4iv\u00e4raha&nbsp;ja&nbsp;ty\u00f6markkinatuki. Perusp\u00e4iv\u00e4raha ja ty\u00f6markkinatuki ovat samansuuruisia.<\/p>\n\n\n\n<p>Ty\u00f6tt\u00f6myyskassan j\u00e4senin\u00e4 on joko ty\u00f6ntekij\u00f6it\u00e4 tai yritt\u00e4ji\u00e4. Kassa maksaa j\u00e4senilleen rahaa ty\u00f6tt\u00f6myyden ajalta. Ty\u00f6tt\u00f6myyskassan j\u00e4senen\u00e4 saat parhaan toimeentulon ty\u00f6tt\u00f6myyden aikana. Palkkasi vaikuttaa ty\u00f6tt\u00f6myyskorvauksen m\u00e4\u00e4r\u00e4\u00e4n. Korvaus on sit\u00e4 parempi, mit\u00e4 suurempi palkka sinulla on ollut.<\/p>\n\n\n\n<p>Jos ty\u00f6llistyt osa-aikaisesti, saat soviteltua p\u00e4iv\u00e4rahaa. Jos olet poissa ty\u00f6markkinoilta ilman hyv\u00e4ksytt\u00e4v\u00e4\u00e4 syyt\u00e4 yli kuusi kuukautta, et saa ty\u00f6tt\u00f6myysp\u00e4iv\u00e4rahaa, ennen kuin ilmoittaudut taas ty\u00f6nhakijaksi ja t\u00e4yt\u00e4t p\u00e4iv\u00e4rahan ehdot.<\/p>\n\n\n\n\n\n<h2 class=\"wp-block-heading\"><span class='tooltipsall tooltipsincontent classtoolTips32'>Ty\u00f6ss\u00e4oloehto<\/span><\/h2>\n\n\n\n<p>Ty\u00f6tt\u00f6myysp\u00e4iv\u00e4rahan saaminen edellytt\u00e4\u00e4, ett\u00e4 t\u00e4yt\u00e4t ty\u00f6ss\u00e4oloehdon. Se t\u00e4yttyy, kun olet ollut palkkaty\u00f6ss\u00e4 yhteens\u00e4 26 viikkoa eli noin kuusi kuukautta edelt\u00e4v\u00e4n 28 kuukauden aikana. Ty\u00f6ajan&nbsp;pit\u00e4\u00e4 olla ollut v\u00e4hint\u00e4\u00e4n 18 tuntia viikossa ja palkan ty\u00f6ehtosopimuksen mukainen. Tarvittava 26 viikkoa voi kerty\u00e4 useasta lyhyest\u00e4 ty\u00f6st\u00e4.&nbsp;<\/p>\n\n\n\n<h2 class=\"wp-block-heading\"><span class='tooltipsall tooltipsincontent classtoolTips56'>Karenssi<\/span><\/h2>\n\n\n\n<p>Ty\u00f6tt\u00f6myystuen saajan velvollisuutena on hakea aktiivisesti ty\u00f6t\u00e4 ja koulutusta. <span class='tooltipsall tooltipsincontent classtoolTips46'>TE-toimisto<\/span> laatii yhdess\u00e4 ty\u00f6nhakijan kanssa ty\u00f6llistymissuunnitelman, jonka sis\u00e4lt\u00f6\u00f6n voi itse vaikuttaa.<\/p>\n\n\n\n<p>Karenssi on aika, jonka ajalta ty\u00f6tt\u00f6myystukea ei makseta.&nbsp;Karensseista on s\u00e4\u00e4detty laissa. Ty\u00f6tt\u00f6m\u00e4lle asetetaan karenssi, jos h\u00e4n on kielt\u00e4ytynyt tai eronnut ty\u00f6st\u00e4 ilman p\u00e4tev\u00e4\u00e4 syyt\u00e4. Karensseja m\u00e4\u00e4r\u00e4t\u00e4\u00e4n my\u00f6s silloin, kun ty\u00f6t\u00f6n ei noudata TE-toimiston ty\u00f6llistymissuunnitelmaa.<\/p>\n\n\n\n<p><strong>Hy\u00f6dyllisi\u00e4 linkkej\u00e4:<\/strong><\/p>\n\n\n\n<p><a href=\"https:\/\/tyoelamaan.staging.web-veistamo.fi\/selko\/tyosuhde\/irtisanominen-ja-irtisanoutuminen\/\">Ty\u00f6suhteen irtisanominen<\/a><\/p>\n\n\n\n<p><a href=\"https:\/\/www.te-palvelut.fi\/te\/fi\/nain_asioit_kanssamme\/te_palvelut\/yhteystiedot\/paikalliset\/index.html\" target=\"_blank\" rel=\"noreferrer noopener\">Asioi TE-toimistossa<\/a>&nbsp;<\/p>\n\n\n\n<p><a href=\"https:\/\/www.kela.fi\/peruspaivaraha\" target=\"_blank\" rel=\"noreferrer noopener\">Kelan perusp\u00e4iv\u00e4raha<\/a><\/p>\n\n\n\n<p><a href=\"https:\/\/www.kela.fi\/tyomarkkinatuki\" target=\"_blank\" rel=\"noreferrer noopener\">Kelan ty\u00f6markkinatuki<\/a><\/p>\n\n\n\n<p><a href=\"https:\/\/www.kela.fi\/tyottoman-pikaopas\" target=\"_blank\" rel=\"noreferrer noopener\">Lue lis\u00e4\u00e4 ty\u00f6tt\u00f6myysetuuksista<\/a><\/p>\n<script type=\"text\/javascript\"> toolTips('.classtoolTips6','<span class=\"TextRun SCXW243143067 BCX9\" lang=\"FI-FI\" xml:lang=\"FI-FI\" data-contrast=\"none\"><span class=\"NormalTextRun SCXW243143067 BCX9\"><span class='tooltipsall tooltipsincontent classtoolTips6'>Ty\u00f6llistymissuunnitelma<\/span> on TE-toimiston yhdess\u00e4 ty\u00f6nhakijan kanssa laatima suunnitelma, jonka sis\u00e4lt\u00f6\u00f6n kannattaa itse aktiivisesti vaikuttaa.<\/span><\/span><span class=\"EOP SCXW243143067 BCX9\" data-ccp-props=\"{&quot;201341983&quot;:0,&quot;335559739&quot;:160,&quot;335559740&quot;:259}\">\u00a0<\/span>'); <\/script><script type=\"text\/javascript\"> toolTips('.classtoolTips19','<span class=\"TextRun SCXW161225013 BCX9\" lang=\"FI-FI\" xml:lang=\"FI-FI\" data-contrast=\"none\"><span class=\"NormalTextRun SCXW161225013 BCX9\"><span class='tooltipsall tooltipsincontent classtoolTips19'>Ty\u00f6tt\u00f6myyskassa<\/span> on yhteis\u00f6, jonka j\u00e4senin\u00e4 on joko ty\u00f6ntekij\u00f6it\u00e4 tai yritt\u00e4ji\u00e4. Se tuottaa j\u00e4senilleen ansioturvaa ty\u00f6tt\u00f6myyden ajalta.<\/span><\/span><span class=\"EOP SCXW161225013 BCX9\" data-ccp-props=\"{&quot;201341983&quot;:0,&quot;335559739&quot;:160,&quot;335559740&quot;:259}\">\u00a0<\/span>'); <\/script><script type=\"text\/javascript\"> toolTips('.classtoolTips32','Ty\u00f6ss\u00e4oloehtosi t\u00e4yttyy, kun olet ollut palkkaty\u00f6ss\u00e4 yhteens\u00e4 26 kalenteriviikkoa (noin kuusi kuukautta) ty\u00f6tt\u00f6myytt\u00e4 edelt\u00e4neiden 28 kuukauden aikana ja\u00a0<span class=\"tooltipsall tooltipsincontent classtoolTips46\" data-hasqtip=\"2\"><span class='tooltipsall tooltipsincontent classtoolTips59'>Ty\u00f6aika<\/span><\/span>\u00a0on ollut v\u00e4hint\u00e4\u00e4n 18 tuntia viikossa.'); <\/script><script type=\"text\/javascript\"> toolTips('.classtoolTips46','<span class=\"TextRun SCXW192067295 BCX9\" lang=\"FI-FI\" xml:lang=\"FI-FI\" data-contrast=\"none\"><span class=\"NormalTextRun SCXW192067295 BCX9\">Ty\u00f6tt\u00f6m\u00e4ksi j\u00e4\u00e4v\u00e4n pit\u00e4\u00e4 ilmoittautua ty\u00f6- ja elinkeinopalvelussa ty\u00f6tt\u00f6m\u00e4ksi ty\u00f6nhakijaksi.<\/span><\/span><span class=\"TextRun SCXW192067295 BCX9\" lang=\"FI-FI\" xml:lang=\"FI-FI\" data-contrast=\"auto\"><span class=\"NormalTextRun SCXW192067295 BCX9\"> TE-palvelusta saa tukea ty\u00f6nhakuun ja ty\u00f6llistymiseen, kuten esimerkiksi neuvontaa, erilaisia koulutuksia ja ohjeet ty\u00f6tt\u00f6myysetuuden hakemiseen.<\/span><\/span>'); <\/script><script type=\"text\/javascript\"> toolTips('.classtoolTips56','<span class=\"NormalTextRun SCXW75054794 BCX9\">Karenssi on korvaukseton m\u00e4\u00e4r\u00e4aika, jonka ajalta ty\u00f6tt\u00f6myysetuutta ei voida maksaa.<\/span><span class=\"NormalTextRun SCXW75054794 BCX9\">\u00a0<\/span>'); <\/script>","protected":false},"excerpt":{"rendered":"<p>Ty\u00f6ntekij\u00e4 voi menett\u00e4\u00e4 ty\u00f6ns\u00e4&nbsp;irtisanomisen&nbsp;tai lomautuksen takia. Ty\u00f6nantaja voi my\u00f6s tarjota vain osa-aikaty\u00f6t\u00e4. Ty\u00f6tt\u00f6m\u00e4ksi j\u00e4\u00e4neen henkil\u00f6n pit\u00e4\u00e4 ilmoittautua&nbsp;TE-toimistoon&nbsp;ty\u00f6nhakijaksi. Ty\u00f6tt\u00f6myyskorvausta saa vain, jos ty\u00f6nhaku on voimassa TE-toimistossa. Ty\u00f6tt\u00f6myysetuudet Ty\u00f6tt\u00f6myysetuuksia ovat ty\u00f6tt\u00f6myyskassojen maksama ansiop\u00e4iv\u00e4raha&nbsp;sek\u00e4 Kelan maksama&nbsp;perusp\u00e4iv\u00e4raha&nbsp;ja&nbsp;ty\u00f6markkinatuki. Perusp\u00e4iv\u00e4raha ja ty\u00f6markkinatuki ovat samansuuruisia. Ty\u00f6tt\u00f6myyskassan j\u00e4senin\u00e4 on joko ty\u00f6ntekij\u00f6it\u00e4 tai yritt\u00e4ji\u00e4. Kassa maksaa j\u00e4senilleen rahaa ty\u00f6tt\u00f6myyden ajalta. Ty\u00f6tt\u00f6myyskassan j\u00e4senen\u00e4 saat parhaan [&hellip;]<\/p>\n","protected":false},"author":2,"featured_media":0,"parent":5654,"menu_order":0,"comment_status":"closed","ping_status":"closed","template":"","meta":{"_acf_changed":false,"footnotes":""},"asiasana":[28],"omistaja":[],"class_list":["post-5667","page","type-page","status-publish","hentry","asiasana-tyottomyys"],"acf":[],"yoast_head":"<!-- This site is optimized with the Yoast SEO plugin v26.5 - https:\/\/yoast.com\/wordpress\/plugins\/seo\/ -->\n<title>Ty\u00f6tt\u00f6m\u00e4n toimeentulo - Ty\u00f6el\u00e4m\u00e4\u00e4n.fi<\/title>\n<meta name=\"robots\" content=\"index, follow, max-snippet:-1, max-image-preview:large, max-video-preview:-1\" \/>\n<link rel=\"canonical\" href=\"https:\/\/tyoelamaan.staging.web-veistamo.fi\/?page_id=650\" \/>\n<meta property=\"og:locale\" content=\"fi_FI\" \/>\n<meta property=\"og:type\" content=\"article\" \/>\n<meta property=\"og:title\" content=\"Ty\u00f6tt\u00f6m\u00e4n toimeentulo - Ty\u00f6el\u00e4m\u00e4\u00e4n.fi\" \/>\n<meta property=\"og:description\" content=\"Ty\u00f6ntekij\u00e4 voi menett\u00e4\u00e4 ty\u00f6ns\u00e4&nbsp;irtisanomisen&nbsp;tai lomautuksen takia. Ty\u00f6nantaja voi my\u00f6s tarjota vain osa-aikaty\u00f6t\u00e4. Ty\u00f6tt\u00f6m\u00e4ksi j\u00e4\u00e4neen henkil\u00f6n pit\u00e4\u00e4 ilmoittautua&nbsp;TE-toimistoon&nbsp;ty\u00f6nhakijaksi. Ty\u00f6tt\u00f6myyskorvausta saa vain, jos ty\u00f6nhaku on voimassa TE-toimistossa. Ty\u00f6tt\u00f6myysetuudet Ty\u00f6tt\u00f6myysetuuksia ovat ty\u00f6tt\u00f6myyskassojen maksama ansiop\u00e4iv\u00e4raha&nbsp;sek\u00e4 Kelan maksama&nbsp;perusp\u00e4iv\u00e4raha&nbsp;ja&nbsp;ty\u00f6markkinatuki. Perusp\u00e4iv\u00e4raha ja ty\u00f6markkinatuki ovat samansuuruisia. Ty\u00f6tt\u00f6myyskassan j\u00e4senin\u00e4 on joko ty\u00f6ntekij\u00f6it\u00e4 tai yritt\u00e4ji\u00e4. Kassa maksaa j\u00e4senilleen rahaa ty\u00f6tt\u00f6myyden ajalta. Ty\u00f6tt\u00f6myyskassan j\u00e4senen\u00e4 saat parhaan [&hellip;]\" \/>\n<meta property=\"og:url\" content=\"https:\/\/tyoelamaan.staging.web-veistamo.fi\/?page_id=650\" \/>\n<meta property=\"og:site_name\" content=\"Ty\u00f6el\u00e4m\u00e4\u00e4n.fi\" \/>\n<meta property=\"article:modified_time\" content=\"2024-12-17T04:19:41+00:00\" \/>\n<meta name=\"twitter:card\" content=\"summary_large_image\" \/>\n<meta name=\"twitter:label1\" content=\"Est. reading time\" \/>\n\t<meta name=\"twitter:data1\" content=\"1 minute\" \/>\n<script type=\"application\/ld+json\" class=\"yoast-schema-graph\">{\"@context\":\"https:\/\/schema.org\",\"@graph\":[{\"@type\":\"WebPage\",\"@id\":\"https:\/\/tyoelamaan.staging.web-veistamo.fi\/?page_id=650\",\"url\":\"https:\/\/tyoelamaan.staging.web-veistamo.fi\/?page_id=650\",\"name\":\"Ty\u00f6tt\u00f6m\u00e4n toimeentulo - Ty\u00f6el\u00e4m\u00e4\u00e4n.fi\",\"isPartOf\":{\"@id\":\"https:\/\/tyoelamaan.staging.web-veistamo.fi\/#website\"},\"datePublished\":\"2022-02-24T14:55:49+00:00\",\"dateModified\":\"2024-12-17T04:19:41+00:00\",\"breadcrumb\":{\"@id\":\"https:\/\/tyoelamaan.staging.web-veistamo.fi\/?page_id=650#breadcrumb\"},\"inLanguage\":\"fi-selko\",\"potentialAction\":[{\"@type\":\"ReadAction\",\"target\":[\"https:\/\/tyoelamaan.staging.web-veistamo.fi\/?page_id=650\"]}]},{\"@type\":\"BreadcrumbList\",\"@id\":\"https:\/\/tyoelamaan.staging.web-veistamo.fi\/?page_id=650#breadcrumb\",\"itemListElement\":[{\"@type\":\"ListItem\",\"position\":1,\"name\":\"Home\",\"item\":\"https:\/\/tyoelamaan.staging.web-veistamo.fi\/selko\/\"},{\"@type\":\"ListItem\",\"position\":2,\"name\":\"Toimeentulo\",\"item\":\"https:\/\/tyoelamaan.staging.web-veistamo.fi\/toimeentulo\/\"},{\"@type\":\"ListItem\",\"position\":3,\"name\":\"Ty\u00f6tt\u00f6m\u00e4n toimeentulo\"}]},{\"@type\":\"WebSite\",\"@id\":\"https:\/\/tyoelamaan.staging.web-veistamo.fi\/#website\",\"url\":\"https:\/\/tyoelamaan.staging.web-veistamo.fi\/\",\"name\":\"Ty\u00f6el\u00e4m\u00e4\u00e4n.fi\",\"description\":\"\",\"publisher\":{\"@id\":\"https:\/\/tyoelamaan.staging.web-veistamo.fi\/#organization\"},\"potentialAction\":[{\"@type\":\"SearchAction\",\"target\":{\"@type\":\"EntryPoint\",\"urlTemplate\":\"https:\/\/tyoelamaan.staging.web-veistamo.fi\/?s={search_term_string}\"},\"query-input\":{\"@type\":\"PropertyValueSpecification\",\"valueRequired\":true,\"valueName\":\"search_term_string\"}}],\"inLanguage\":\"fi-selko\"},{\"@type\":\"Organization\",\"@id\":\"https:\/\/tyoelamaan.staging.web-veistamo.fi\/#organization\",\"name\":\"Ty\u00f6el\u00e4m\u00e4\u00e4n.fi\",\"url\":\"https:\/\/tyoelamaan.staging.web-veistamo.fi\/\",\"logo\":{\"@type\":\"ImageObject\",\"inLanguage\":\"fi-selko\",\"@id\":\"https:\/\/tyoelamaan.staging.web-veistamo.fi\/#\/schema\/logo\/image\/\",\"url\":\"https:\/\/tyoelamaan.staging.web-veistamo.fi\/wp-content\/uploads\/2024\/11\/tyoelamaan_logo.svg\",\"contentUrl\":\"https:\/\/tyoelamaan.staging.web-veistamo.fi\/wp-content\/uploads\/2024\/11\/tyoelamaan_logo.svg\",\"width\":131,\"height\":30,\"caption\":\"Ty\u00f6el\u00e4m\u00e4\u00e4n.fi\"},\"image\":{\"@id\":\"https:\/\/tyoelamaan.staging.web-veistamo.fi\/#\/schema\/logo\/image\/\"}}]}<\/script>\n<!-- \/ Yoast SEO plugin. -->","yoast_head_json":{"title":"Ty\u00f6tt\u00f6m\u00e4n toimeentulo - Ty\u00f6el\u00e4m\u00e4\u00e4n.fi","robots":{"index":"index","follow":"follow","max-snippet":"max-snippet:-1","max-image-preview":"max-image-preview:large","max-video-preview":"max-video-preview:-1"},"canonical":"https:\/\/tyoelamaan.staging.web-veistamo.fi\/?page_id=650","og_locale":"fi_FI","og_type":"article","og_title":"Ty\u00f6tt\u00f6m\u00e4n toimeentulo - Ty\u00f6el\u00e4m\u00e4\u00e4n.fi","og_description":"Ty\u00f6ntekij\u00e4 voi menett\u00e4\u00e4 ty\u00f6ns\u00e4&nbsp;irtisanomisen&nbsp;tai lomautuksen takia. Ty\u00f6nantaja voi my\u00f6s tarjota vain osa-aikaty\u00f6t\u00e4. Ty\u00f6tt\u00f6m\u00e4ksi j\u00e4\u00e4neen henkil\u00f6n pit\u00e4\u00e4 ilmoittautua&nbsp;TE-toimistoon&nbsp;ty\u00f6nhakijaksi. Ty\u00f6tt\u00f6myyskorvausta saa vain, jos ty\u00f6nhaku on voimassa TE-toimistossa. Ty\u00f6tt\u00f6myysetuudet Ty\u00f6tt\u00f6myysetuuksia ovat ty\u00f6tt\u00f6myyskassojen maksama ansiop\u00e4iv\u00e4raha&nbsp;sek\u00e4 Kelan maksama&nbsp;perusp\u00e4iv\u00e4raha&nbsp;ja&nbsp;ty\u00f6markkinatuki. Perusp\u00e4iv\u00e4raha ja ty\u00f6markkinatuki ovat samansuuruisia. Ty\u00f6tt\u00f6myyskassan j\u00e4senin\u00e4 on joko ty\u00f6ntekij\u00f6it\u00e4 tai yritt\u00e4ji\u00e4. Kassa maksaa j\u00e4senilleen rahaa ty\u00f6tt\u00f6myyden ajalta. Ty\u00f6tt\u00f6myyskassan j\u00e4senen\u00e4 saat parhaan [&hellip;]","og_url":"https:\/\/tyoelamaan.staging.web-veistamo.fi\/?page_id=650","og_site_name":"Ty\u00f6el\u00e4m\u00e4\u00e4n.fi","article_modified_time":"2024-12-17T04:19:41+00:00","twitter_card":"summary_large_image","twitter_misc":{"Est. reading time":"1 minute"},"schema":{"@context":"https:\/\/schema.org","@graph":[{"@type":"WebPage","@id":"https:\/\/tyoelamaan.staging.web-veistamo.fi\/?page_id=650","url":"https:\/\/tyoelamaan.staging.web-veistamo.fi\/?page_id=650","name":"Ty\u00f6tt\u00f6m\u00e4n toimeentulo - Ty\u00f6el\u00e4m\u00e4\u00e4n.fi","isPartOf":{"@id":"https:\/\/tyoelamaan.staging.web-veistamo.fi\/#website"},"datePublished":"2022-02-24T14:55:49+00:00","dateModified":"2024-12-17T04:19:41+00:00","breadcrumb":{"@id":"https:\/\/tyoelamaan.staging.web-veistamo.fi\/?page_id=650#breadcrumb"},"inLanguage":"fi-selko","potentialAction":[{"@type":"ReadAction","target":["https:\/\/tyoelamaan.staging.web-veistamo.fi\/?page_id=650"]}]},{"@type":"BreadcrumbList","@id":"https:\/\/tyoelamaan.staging.web-veistamo.fi\/?page_id=650#breadcrumb","itemListElement":[{"@type":"ListItem","position":1,"name":"Home","item":"https:\/\/tyoelamaan.staging.web-veistamo.fi\/selko\/"},{"@type":"ListItem","position":2,"name":"Toimeentulo","item":"https:\/\/tyoelamaan.staging.web-veistamo.fi\/toimeentulo\/"},{"@type":"ListItem","position":3,"name":"Ty\u00f6tt\u00f6m\u00e4n toimeentulo"}]},{"@type":"WebSite","@id":"https:\/\/tyoelamaan.staging.web-veistamo.fi\/#website","url":"https:\/\/tyoelamaan.staging.web-veistamo.fi\/","name":"Ty\u00f6el\u00e4m\u00e4\u00e4n.fi","description":"","publisher":{"@id":"https:\/\/tyoelamaan.staging.web-veistamo.fi\/#organization"},"potentialAction":[{"@type":"SearchAction","target":{"@type":"EntryPoint","urlTemplate":"https:\/\/tyoelamaan.staging.web-veistamo.fi\/?s={search_term_string}"},"query-input":{"@type":"PropertyValueSpecification","valueRequired":true,"valueName":"search_term_string"}}],"inLanguage":"fi-selko"},{"@type":"Organization","@id":"https:\/\/tyoelamaan.staging.web-veistamo.fi\/#organization","name":"Ty\u00f6el\u00e4m\u00e4\u00e4n.fi","url":"https:\/\/tyoelamaan.staging.web-veistamo.fi\/","logo":{"@type":"ImageObject","inLanguage":"fi-selko","@id":"https:\/\/tyoelamaan.staging.web-veistamo.fi\/#\/schema\/logo\/image\/","url":"https:\/\/tyoelamaan.staging.web-veistamo.fi\/wp-content\/uploads\/2024\/11\/tyoelamaan_logo.svg","contentUrl":"https:\/\/tyoelamaan.staging.web-veistamo.fi\/wp-content\/uploads\/2024\/11\/tyoelamaan_logo.svg","width":131,"height":30,"caption":"Ty\u00f6el\u00e4m\u00e4\u00e4n.fi"},"image":{"@id":"https:\/\/tyoelamaan.staging.web-veistamo.fi\/#\/schema\/logo\/image\/"}}]}},"_links":{"self":[{"href":"https:\/\/tyoelamaan.staging.web-veistamo.fi\/selko\/wp-json\/wp\/v2\/pages\/5667","targetHints":{"allow":["GET"]}}],"collection":[{"href":"https:\/\/tyoelamaan.staging.web-veistamo.fi\/selko\/wp-json\/wp\/v2\/pages"}],"about":[{"href":"https:\/\/tyoelamaan.staging.web-veistamo.fi\/selko\/wp-json\/wp\/v2\/types\/page"}],"author":[{"embeddable":true,"href":"https:\/\/tyoelamaan.staging.web-veistamo.fi\/selko\/wp-json\/wp\/v2\/users\/2"}],"replies":[{"embeddable":true,"href":"https:\/\/tyoelamaan.staging.web-veistamo.fi\/selko\/wp-json\/wp\/v2\/comments?post=5667"}],"version-history":[{"count":6,"href":"https:\/\/tyoelamaan.staging.web-veistamo.fi\/selko\/wp-json\/wp\/v2\/pages\/5667\/revisions"}],"predecessor-version":[{"id":12514,"href":"https:\/\/tyoelamaan.staging.web-veistamo.fi\/selko\/wp-json\/wp\/v2\/pages\/5667\/revisions\/12514"}],"up":[{"embeddable":true,"href":"https:\/\/tyoelamaan.staging.web-veistamo.fi\/selko\/wp-json\/wp\/v2\/pages\/5654"}],"wp:attachment":[{"href":"https:\/\/tyoelamaan.staging.web-veistamo.fi\/selko\/wp-json\/wp\/v2\/media?parent=5667"}],"wp:term":[{"taxonomy":"asiasana","embeddable":true,"href":"https:\/\/tyoelamaan.staging.web-veistamo.fi\/selko\/wp-json\/wp\/v2\/asiasana?post=5667"},{"taxonomy":"omistaja","embeddable":true,"href":"https:\/\/tyoelamaan.staging.web-veistamo.fi\/selko\/wp-json\/wp\/v2\/omistaja?post=5667"}],"curies":[{"name":"wp","href":"https:\/\/api.w.org\/{rel}","templated":true}]}}