{"id":5623,"date":"2022-02-24T14:00:27","date_gmt":"2022-02-24T12:00:27","guid":{"rendered":"https:\/\/tyoelamaan.fi\/?page_id=5623"},"modified":"2024-12-17T06:19:36","modified_gmt":"2024-12-17T04:19:36","slug":"lomat-ja-vapaat","status":"publish","type":"page","link":"https:\/\/tyoelamaan.staging.web-veistamo.fi\/selko\/tyosuhde\/lomat-ja-vapaat\/","title":{"rendered":"Lomat"},"content":{"rendered":"\n<p>Ammattiliitot ovat Suomessa neuvotelleet ty\u00f6ntekij\u00f6iden lomat. Ne on m\u00e4\u00e4ritelty laissa. Ty\u00f6- ja virkaehtosopimuksissa on voitu sopia pidemmist\u00e4 lomista ja paremmista korvauksista (esim. lomaraha) kuin laissa. <\/p>\n\n\n\n<h2 class=\"wp-block-heading\">Vuosiloma<\/h2>\n\n\n\n<p>Laissa on m\u00e4\u00e4r\u00e4tty viiden viikon vuosilomasta, mutta oman alasi ty\u00f6ehtosopimuksessa on voitu sopia pidemm\u00e4st\u00e4 palkallisesta lomasta. Sopimuksissa voi olla my\u00f6s muita m\u00e4\u00e4r\u00e4yksi\u00e4 vuosilomasta ja sen korvauksista.<\/p>\n\n\n\n<div class=\"wp-block-as-blocks-accordion-block\"><div class=\"accordion\"><div class=\"accordion-item\"><h4 class=\"accordion-header\" id=\"block-49a6af53-4d37-4b48-aeb7-594d6c390658heading\"><button class=\"accordion-button collapsed\" type=\"button\" data-bs-toggle=\"collapse\" data-bs-target=\"#block-49a6af53-4d37-4b48-aeb7-594d6c390658\" aria-expanded=\"false\" aria-controls=\"block-49a6af53-4d37-4b48-aeb7-594d6c390658\">Kuinka paljon vuosilomaa kertyy?<\/button><\/h4><div id=\"block-49a6af53-4d37-4b48-aeb7-594d6c390658\" class=\"accordion-collapse collapse\" aria-labelledby=\"block-49a6af53-4d37-4b48-aeb7-594d6c390658heading\"><div class=\"accordion-body\">\n<p>Alle vuoden ty\u00f6suhteessa lomaa ansaitaan kaksi p\u00e4iv\u00e4\u00e4 jokaiselta ty\u00f6ss\u00e4olokuukaudelta. Yli vuoden ty\u00f6suhteessa lomap\u00e4ivi\u00e4 ansaitaan 2,5 jokaista kuukautta kohti. Puolikas p\u00e4iv\u00e4 py\u00f6ristet\u00e4\u00e4n t\u00e4ydeksi, kun lomaa lasketaan.<\/p>\n\n\n\n<p>T\u00e4ysi lomaoikeus tarkoittaa 4 viikon kes\u00e4lomaa ja viikon talvilomaa.<\/p>\n\n\n\n<p>Saatat olla oikeutettu pitemp\u00e4\u00e4nkin vuosilomaan, jos siit\u00e4 on sovittu ty\u00f6paikalla tai ty\u00f6ehtosopimuksessa.<\/p>\n<\/div><\/div><\/div><\/div><\/div>\n\n\n\n<div class=\"wp-block-as-blocks-accordion-block\"><div class=\"accordion\"><div class=\"accordion-item\"><h4 class=\"accordion-header\" id=\"block-0ff2482d-f09e-4fec-b0e7-c421a3da5b15heading\"><button class=\"accordion-button collapsed\" type=\"button\" data-bs-toggle=\"collapse\" data-bs-target=\"#block-0ff2482d-f09e-4fec-b0e7-c421a3da5b15\" aria-expanded=\"false\" aria-controls=\"block-0ff2482d-f09e-4fec-b0e7-c421a3da5b15\">Milloin voin pit\u00e4\u00e4 vuosiloman?<\/button><\/h4><div id=\"block-0ff2482d-f09e-4fec-b0e7-c421a3da5b15\" class=\"accordion-collapse collapse\" aria-labelledby=\"block-0ff2482d-f09e-4fec-b0e7-c421a3da5b15heading\"><div class=\"accordion-body\">\n<p>Ty\u00f6nantajan pit\u00e4\u00e4 kuulla ty\u00f6ntekij\u00f6iden mielipidett\u00e4 loman ajankohdasta. Mahdollisuuksien mukaan ty\u00f6ntekij\u00f6iden toiveet t\u00e4ytyy ottaa huomioon. Lomien sijoittamisessa tulee olla tasapuolinen.<\/p>\n\n\n\n<p>Lain mukaan 24 p\u00e4iv\u00e4\u00e4 vuosilomasta pidet\u00e4\u00e4n lomakauden aikana eli touko-syyskuussa, jos se ei haittaa toimintaa.<\/p>\n\n\n\n<p>Loman ajankohta pit\u00e4\u00e4 ilmoittaa ty\u00f6ntekij\u00e4lle kuukautta ennen sen alkamista. Kaikissa tapauksissa ty\u00f6ntekij\u00e4n pit\u00e4\u00e4 saada tieto kaksi viikkoa ennen loman alkua.<\/p>\n<\/div><\/div><\/div><\/div><\/div>\n\n\n\n<div class=\"wp-block-as-blocks-accordion-block\"><div class=\"accordion\"><div class=\"accordion-item\"><h4 class=\"accordion-header\" id=\"block-08ad60c9-21ca-4e15-aa2f-9c21501fd830heading\"><button class=\"accordion-button collapsed\" type=\"button\" data-bs-toggle=\"collapse\" data-bs-target=\"#block-08ad60c9-21ca-4e15-aa2f-9c21501fd830\" aria-expanded=\"false\" aria-controls=\"block-08ad60c9-21ca-4e15-aa2f-9c21501fd830\">Kuinka monessa osassa voin pit\u00e4\u00e4 lomani?<\/button><\/h4><div id=\"block-08ad60c9-21ca-4e15-aa2f-9c21501fd830\" class=\"accordion-collapse collapse\" aria-labelledby=\"block-08ad60c9-21ca-4e15-aa2f-9c21501fd830heading\"><div class=\"accordion-body\">\n<p>Yleens\u00e4 kes\u00e4loma ja talviloma pidet\u00e4\u00e4n yht\u00e4 mittaa. Lain mukaan kes\u00e4lomasta on pidett\u00e4v\u00e4 v\u00e4hint\u00e4\u00e4n 12 p\u00e4iv\u00e4\u00e4 eli kaksi viikkoa yhdenjaksoisesti. Muuten lomat voidaan jakaa moneen osaan. Jos kuitenkin itse tahdot pit\u00e4\u00e4 lomasi lyhyiss\u00e4 jaksoissa, sovi siit\u00e4 ty\u00f6nantajasi kanssa.<\/p>\n\n\n\n<p>Yhdenjaksoinen kes\u00e4- ja talviloma auttavat sinua palautumaan ja jaksamaan paremmin. Lain mukaan sinulla on oikeus yhdenjaksoiseen lomaan, ellei se ole ty\u00f6n kannalta mahdotonta.<\/p>\n<\/div><\/div><\/div><\/div><\/div>\n\n\n\n<h3 class=\"wp-block-heading\">Miten vuosilomaa kertyy?<\/h3>\n\n\n\n<p>Ty\u00f6ss\u00e4 ansaitset vuosilomaa alusta alkaen ty\u00f6kuukausien mukaan. Lomaa kertyy my\u00f6s ty\u00f6ss\u00e4olon veroisilta p\u00e4ivilt\u00e4.<\/p>\n\n\n\n<p>Ty\u00f6ss\u00e4olon veroisena pidet\u00e4\u00e4n p\u00e4iv\u00e4\u00e4, jolloin olet poissa t\u00f6ist\u00e4, mutta ty\u00f6nantaja maksaa palkkaa. Ty\u00f6ss\u00e4olon veroisia p\u00e4ivi\u00e4 ovat \u00e4itiys-, isyys- tai vanhempainvapaat, sairauslomat ja lomautusajat.<\/p>\n\n\n\n<h3 class=\"wp-block-heading\">Lomaraha<\/h3>\n\n\n\n<p>Ty\u00f6ehtosopimuksissa on sovittu lomarahasta. Lomaraha on yleens\u00e4 50 prosenttia loma-ajan palkasta. Se maksetaan lomapalkan tai lomakorvauksen lis\u00e4ksi.<\/p>\n\n\n\n<h3 class=\"wp-block-heading\">Vuosiloma ty\u00f6n p\u00e4\u00e4ttyess\u00e4<\/h3>\n\n\n\n<p>Pit\u00e4m\u00e4tt\u00e4 j\u00e4\u00e4nyt loma maksetaan rahana, kun ty\u00f6 p\u00e4\u00e4ttyy. Palkkalaskelmasta voi tarkistaa, ett\u00e4 pit\u00e4m\u00e4tt\u00f6m\u00e4t lomat ja <span class='tooltipsall tooltipsincontent classtoolTips48'>Lomakorvaus<\/span> on maksettu loppupalkassa oikein.<\/p>\n\n\n\n<h2 class=\"wp-block-heading\">Kaikilla on oikeus vapaaseen<\/h2>\n\n\n\n<p>Sinulle ei v\u00e4ltt\u00e4m\u00e4tt\u00e4 kerry vuosilomaa lainkaan, jos ty\u00f6skentelet satunnaisesti tai sinulla on v\u00e4h\u00e4n ty\u00f6tunteja. T\u00e4llaisia tilanteita varten laissa on s\u00e4\u00e4detty oikeus vapaaseen. T\u00e4m\u00e4 takaa kaikille ty\u00f6t\u00e4 tekeville loman. Ansaitset vapaata, jos ty\u00f6 kest\u00e4\u00e4 2 p\u00e4iv\u00e4\u00e4 kuussa. Ty\u00f6p\u00e4ivien tai -tuntien m\u00e4\u00e4r\u00e4ll\u00e4 ei ole merkityst\u00e4.<\/p>\n\n\n\n<p>Sinulle kertyy siis aina 2 lomap\u00e4iv\u00e4\u00e4 kuukaudessa. Olet oikeutettu nelj\u00e4n viikon vapaaseen, kun ty\u00f6 on jatkunut vuoden. Vapaan ajalta ei makseta palkkaa, mutta saat lainmukaisen lomakorvauksen. Saat itse p\u00e4\u00e4tt\u00e4\u00e4, pid\u00e4tk\u00f6 vapaata.<\/p>\n<script type=\"text\/javascript\"> toolTips('.classtoolTips35','Ty\u00f6ntekij\u00e4 n\u00e4kee palkkalaskelmasta esimerkiksi palkan suuruuden ja sen m\u00e4\u00e4r\u00e4ytymisen perusteet, palkan lis\u00e4t ja ty\u00f6suhde-edut.'); <\/script><script type=\"text\/javascript\"> toolTips('.classtoolTips48','Maksetaan ty\u00f6suhteen p\u00e4\u00e4ttyess\u00e4 pit\u00e4m\u00e4tt\u00f6mist\u00e4 lomap\u00e4ivist\u00e4'); <\/script>","protected":false},"excerpt":{"rendered":"<p>Ammattiliitot ovat Suomessa neuvotelleet ty\u00f6ntekij\u00f6iden lomat. Ne on m\u00e4\u00e4ritelty laissa. Ty\u00f6- ja virkaehtosopimuksissa on voitu sopia pidemmist\u00e4 lomista ja paremmista korvauksista (esim. lomaraha) kuin laissa. Vuosiloma Laissa on m\u00e4\u00e4r\u00e4tty viiden viikon vuosilomasta, mutta oman alasi ty\u00f6ehtosopimuksessa on voitu sopia pidemm\u00e4st\u00e4 palkallisesta lomasta. Sopimuksissa voi olla my\u00f6s muita m\u00e4\u00e4r\u00e4yksi\u00e4 vuosilomasta ja sen korvauksista. Miten vuosilomaa kertyy? [&hellip;]<\/p>\n","protected":false},"author":2,"featured_media":0,"parent":5603,"menu_order":0,"comment_status":"closed","ping_status":"closed","template":"","meta":{"_acf_changed":false,"footnotes":""},"asiasana":[30,34],"omistaja":[],"class_list":["post-5623","page","type-page","status-publish","hentry","asiasana-osaaminen","asiasana-tyosuhde"],"acf":[],"yoast_head":"<!-- This site is optimized with the Yoast SEO plugin v26.5 - https:\/\/yoast.com\/wordpress\/plugins\/seo\/ -->\n<title>Lomat - Ty\u00f6el\u00e4m\u00e4\u00e4n.fi<\/title>\n<meta name=\"robots\" content=\"index, follow, max-snippet:-1, max-image-preview:large, max-video-preview:-1\" \/>\n<link rel=\"canonical\" href=\"https:\/\/tyoelamaan.staging.web-veistamo.fi\/tyosuhde\/vuosiloma\/\" \/>\n<meta property=\"og:locale\" content=\"fi_FI\" \/>\n<meta property=\"og:type\" content=\"article\" \/>\n<meta property=\"og:title\" content=\"Lomat - Ty\u00f6el\u00e4m\u00e4\u00e4n.fi\" \/>\n<meta property=\"og:description\" content=\"Ammattiliitot ovat Suomessa neuvotelleet ty\u00f6ntekij\u00f6iden lomat. Ne on m\u00e4\u00e4ritelty laissa. Ty\u00f6- ja virkaehtosopimuksissa on voitu sopia pidemmist\u00e4 lomista ja paremmista korvauksista (esim. lomaraha) kuin laissa. Vuosiloma Laissa on m\u00e4\u00e4r\u00e4tty viiden viikon vuosilomasta, mutta oman alasi ty\u00f6ehtosopimuksessa on voitu sopia pidemm\u00e4st\u00e4 palkallisesta lomasta. Sopimuksissa voi olla my\u00f6s muita m\u00e4\u00e4r\u00e4yksi\u00e4 vuosilomasta ja sen korvauksista. Miten vuosilomaa kertyy? [&hellip;]\" \/>\n<meta property=\"og:url\" content=\"https:\/\/tyoelamaan.staging.web-veistamo.fi\/tyosuhde\/vuosiloma\/\" \/>\n<meta property=\"og:site_name\" content=\"Ty\u00f6el\u00e4m\u00e4\u00e4n.fi\" \/>\n<meta property=\"article:modified_time\" content=\"2024-12-17T04:19:36+00:00\" \/>\n<meta name=\"twitter:card\" content=\"summary_large_image\" \/>\n<meta name=\"twitter:label1\" content=\"Est. reading time\" \/>\n\t<meta name=\"twitter:data1\" content=\"2 minutes\" \/>\n<script type=\"application\/ld+json\" class=\"yoast-schema-graph\">{\"@context\":\"https:\/\/schema.org\",\"@graph\":[{\"@type\":\"WebPage\",\"@id\":\"https:\/\/tyoelamaan.staging.web-veistamo.fi\/tyosuhde\/vuosiloma\/\",\"url\":\"https:\/\/tyoelamaan.staging.web-veistamo.fi\/tyosuhde\/vuosiloma\/\",\"name\":\"Lomat - Ty\u00f6el\u00e4m\u00e4\u00e4n.fi\",\"isPartOf\":{\"@id\":\"https:\/\/tyoelamaan.staging.web-veistamo.fi\/#website\"},\"datePublished\":\"2022-02-24T12:00:27+00:00\",\"dateModified\":\"2024-12-17T04:19:36+00:00\",\"breadcrumb\":{\"@id\":\"https:\/\/tyoelamaan.staging.web-veistamo.fi\/tyosuhde\/vuosiloma\/#breadcrumb\"},\"inLanguage\":\"fi-selko\",\"potentialAction\":[{\"@type\":\"ReadAction\",\"target\":[\"https:\/\/tyoelamaan.staging.web-veistamo.fi\/tyosuhde\/vuosiloma\/\"]}]},{\"@type\":\"BreadcrumbList\",\"@id\":\"https:\/\/tyoelamaan.staging.web-veistamo.fi\/tyosuhde\/vuosiloma\/#breadcrumb\",\"itemListElement\":[{\"@type\":\"ListItem\",\"position\":1,\"name\":\"Home\",\"item\":\"https:\/\/tyoelamaan.staging.web-veistamo.fi\/selko\/\"},{\"@type\":\"ListItem\",\"position\":2,\"name\":\"Ty\u00f6suhde\",\"item\":\"https:\/\/tyoelamaan.staging.web-veistamo.fi\/tyosuhde\/\"},{\"@type\":\"ListItem\",\"position\":3,\"name\":\"Lomat\"}]},{\"@type\":\"WebSite\",\"@id\":\"https:\/\/tyoelamaan.staging.web-veistamo.fi\/#website\",\"url\":\"https:\/\/tyoelamaan.staging.web-veistamo.fi\/\",\"name\":\"Ty\u00f6el\u00e4m\u00e4\u00e4n.fi\",\"description\":\"\",\"publisher\":{\"@id\":\"https:\/\/tyoelamaan.staging.web-veistamo.fi\/#organization\"},\"potentialAction\":[{\"@type\":\"SearchAction\",\"target\":{\"@type\":\"EntryPoint\",\"urlTemplate\":\"https:\/\/tyoelamaan.staging.web-veistamo.fi\/?s={search_term_string}\"},\"query-input\":{\"@type\":\"PropertyValueSpecification\",\"valueRequired\":true,\"valueName\":\"search_term_string\"}}],\"inLanguage\":\"fi-selko\"},{\"@type\":\"Organization\",\"@id\":\"https:\/\/tyoelamaan.staging.web-veistamo.fi\/#organization\",\"name\":\"Ty\u00f6el\u00e4m\u00e4\u00e4n.fi\",\"url\":\"https:\/\/tyoelamaan.staging.web-veistamo.fi\/\",\"logo\":{\"@type\":\"ImageObject\",\"inLanguage\":\"fi-selko\",\"@id\":\"https:\/\/tyoelamaan.staging.web-veistamo.fi\/#\/schema\/logo\/image\/\",\"url\":\"https:\/\/tyoelamaan.staging.web-veistamo.fi\/wp-content\/uploads\/2024\/11\/tyoelamaan_logo.svg\",\"contentUrl\":\"https:\/\/tyoelamaan.staging.web-veistamo.fi\/wp-content\/uploads\/2024\/11\/tyoelamaan_logo.svg\",\"width\":131,\"height\":30,\"caption\":\"Ty\u00f6el\u00e4m\u00e4\u00e4n.fi\"},\"image\":{\"@id\":\"https:\/\/tyoelamaan.staging.web-veistamo.fi\/#\/schema\/logo\/image\/\"}}]}<\/script>\n<!-- \/ Yoast SEO plugin. -->","yoast_head_json":{"title":"Lomat - Ty\u00f6el\u00e4m\u00e4\u00e4n.fi","robots":{"index":"index","follow":"follow","max-snippet":"max-snippet:-1","max-image-preview":"max-image-preview:large","max-video-preview":"max-video-preview:-1"},"canonical":"https:\/\/tyoelamaan.staging.web-veistamo.fi\/tyosuhde\/vuosiloma\/","og_locale":"fi_FI","og_type":"article","og_title":"Lomat - Ty\u00f6el\u00e4m\u00e4\u00e4n.fi","og_description":"Ammattiliitot ovat Suomessa neuvotelleet ty\u00f6ntekij\u00f6iden lomat. Ne on m\u00e4\u00e4ritelty laissa. Ty\u00f6- ja virkaehtosopimuksissa on voitu sopia pidemmist\u00e4 lomista ja paremmista korvauksista (esim. lomaraha) kuin laissa. Vuosiloma Laissa on m\u00e4\u00e4r\u00e4tty viiden viikon vuosilomasta, mutta oman alasi ty\u00f6ehtosopimuksessa on voitu sopia pidemm\u00e4st\u00e4 palkallisesta lomasta. Sopimuksissa voi olla my\u00f6s muita m\u00e4\u00e4r\u00e4yksi\u00e4 vuosilomasta ja sen korvauksista. Miten vuosilomaa kertyy? [&hellip;]","og_url":"https:\/\/tyoelamaan.staging.web-veistamo.fi\/tyosuhde\/vuosiloma\/","og_site_name":"Ty\u00f6el\u00e4m\u00e4\u00e4n.fi","article_modified_time":"2024-12-17T04:19:36+00:00","twitter_card":"summary_large_image","twitter_misc":{"Est. reading time":"2 minutes"},"schema":{"@context":"https:\/\/schema.org","@graph":[{"@type":"WebPage","@id":"https:\/\/tyoelamaan.staging.web-veistamo.fi\/tyosuhde\/vuosiloma\/","url":"https:\/\/tyoelamaan.staging.web-veistamo.fi\/tyosuhde\/vuosiloma\/","name":"Lomat - Ty\u00f6el\u00e4m\u00e4\u00e4n.fi","isPartOf":{"@id":"https:\/\/tyoelamaan.staging.web-veistamo.fi\/#website"},"datePublished":"2022-02-24T12:00:27+00:00","dateModified":"2024-12-17T04:19:36+00:00","breadcrumb":{"@id":"https:\/\/tyoelamaan.staging.web-veistamo.fi\/tyosuhde\/vuosiloma\/#breadcrumb"},"inLanguage":"fi-selko","potentialAction":[{"@type":"ReadAction","target":["https:\/\/tyoelamaan.staging.web-veistamo.fi\/tyosuhde\/vuosiloma\/"]}]},{"@type":"BreadcrumbList","@id":"https:\/\/tyoelamaan.staging.web-veistamo.fi\/tyosuhde\/vuosiloma\/#breadcrumb","itemListElement":[{"@type":"ListItem","position":1,"name":"Home","item":"https:\/\/tyoelamaan.staging.web-veistamo.fi\/selko\/"},{"@type":"ListItem","position":2,"name":"Ty\u00f6suhde","item":"https:\/\/tyoelamaan.staging.web-veistamo.fi\/tyosuhde\/"},{"@type":"ListItem","position":3,"name":"Lomat"}]},{"@type":"WebSite","@id":"https:\/\/tyoelamaan.staging.web-veistamo.fi\/#website","url":"https:\/\/tyoelamaan.staging.web-veistamo.fi\/","name":"Ty\u00f6el\u00e4m\u00e4\u00e4n.fi","description":"","publisher":{"@id":"https:\/\/tyoelamaan.staging.web-veistamo.fi\/#organization"},"potentialAction":[{"@type":"SearchAction","target":{"@type":"EntryPoint","urlTemplate":"https:\/\/tyoelamaan.staging.web-veistamo.fi\/?s={search_term_string}"},"query-input":{"@type":"PropertyValueSpecification","valueRequired":true,"valueName":"search_term_string"}}],"inLanguage":"fi-selko"},{"@type":"Organization","@id":"https:\/\/tyoelamaan.staging.web-veistamo.fi\/#organization","name":"Ty\u00f6el\u00e4m\u00e4\u00e4n.fi","url":"https:\/\/tyoelamaan.staging.web-veistamo.fi\/","logo":{"@type":"ImageObject","inLanguage":"fi-selko","@id":"https:\/\/tyoelamaan.staging.web-veistamo.fi\/#\/schema\/logo\/image\/","url":"https:\/\/tyoelamaan.staging.web-veistamo.fi\/wp-content\/uploads\/2024\/11\/tyoelamaan_logo.svg","contentUrl":"https:\/\/tyoelamaan.staging.web-veistamo.fi\/wp-content\/uploads\/2024\/11\/tyoelamaan_logo.svg","width":131,"height":30,"caption":"Ty\u00f6el\u00e4m\u00e4\u00e4n.fi"},"image":{"@id":"https:\/\/tyoelamaan.staging.web-veistamo.fi\/#\/schema\/logo\/image\/"}}]}},"_links":{"self":[{"href":"https:\/\/tyoelamaan.staging.web-veistamo.fi\/selko\/wp-json\/wp\/v2\/pages\/5623","targetHints":{"allow":["GET"]}}],"collection":[{"href":"https:\/\/tyoelamaan.staging.web-veistamo.fi\/selko\/wp-json\/wp\/v2\/pages"}],"about":[{"href":"https:\/\/tyoelamaan.staging.web-veistamo.fi\/selko\/wp-json\/wp\/v2\/types\/page"}],"author":[{"embeddable":true,"href":"https:\/\/tyoelamaan.staging.web-veistamo.fi\/selko\/wp-json\/wp\/v2\/users\/2"}],"replies":[{"embeddable":true,"href":"https:\/\/tyoelamaan.staging.web-veistamo.fi\/selko\/wp-json\/wp\/v2\/comments?post=5623"}],"version-history":[{"count":6,"href":"https:\/\/tyoelamaan.staging.web-veistamo.fi\/selko\/wp-json\/wp\/v2\/pages\/5623\/revisions"}],"predecessor-version":[{"id":12510,"href":"https:\/\/tyoelamaan.staging.web-veistamo.fi\/selko\/wp-json\/wp\/v2\/pages\/5623\/revisions\/12510"}],"up":[{"embeddable":true,"href":"https:\/\/tyoelamaan.staging.web-veistamo.fi\/selko\/wp-json\/wp\/v2\/pages\/5603"}],"wp:attachment":[{"href":"https:\/\/tyoelamaan.staging.web-veistamo.fi\/selko\/wp-json\/wp\/v2\/media?parent=5623"}],"wp:term":[{"taxonomy":"asiasana","embeddable":true,"href":"https:\/\/tyoelamaan.staging.web-veistamo.fi\/selko\/wp-json\/wp\/v2\/asiasana?post=5623"},{"taxonomy":"omistaja","embeddable":true,"href":"https:\/\/tyoelamaan.staging.web-veistamo.fi\/selko\/wp-json\/wp\/v2\/omistaja?post=5623"}],"curies":[{"name":"wp","href":"https:\/\/api.w.org\/{rel}","templated":true}]}}