{"id":5613,"date":"2022-02-24T11:32:47","date_gmt":"2022-02-24T09:32:47","guid":{"rendered":"https:\/\/tyoelamaan.fi\/?page_id=5613"},"modified":"2024-12-17T06:19:34","modified_gmt":"2024-12-17T04:19:34","slug":"alaikaisena-toihin","status":"publish","type":"page","link":"https:\/\/tyoelamaan.staging.web-veistamo.fi\/selko\/tyosuhde\/alaikaisena-toihin\/","title":{"rendered":"Alaik\u00e4isen\u00e4 t\u00f6ihin"},"content":{"rendered":"\n<p>Vakituiseen ty\u00f6h\u00f6n voidaan ottaa p\u00e4\u00e4s\u00e4\u00e4nt\u00f6isesti nuori, joka on t\u00e4ytt\u00e4nyt 15 vuotta ja suorittanut perusopetuksen oppim\u00e4\u00e4r\u00e4n eli peruskoulun. Kevytt\u00e4 ty\u00f6t\u00e4 voi tehd\u00e4 jo 14-vuotiaana.<\/p>\n\n\n\n<p>Alle 18-vuotiaan nuoren ty\u00f6suhteeseen sovelletaan lakia nuorista ty\u00f6ntekij\u00f6ist\u00e4. N\u00e4in ollen nuoren oikeudet ja velvollisuudet m\u00e4\u00e4r\u00e4ytyv\u00e4t toisin kuin t\u00e4ysi-ik\u00e4isen.<\/p>\n\n\n\n<h2 class=\"wp-block-heading\">14-vuotiaana kes\u00e4t\u00f6ihin<\/h2>\n\n\n\n<p>Jo 14-vuotiaana voi tehd\u00e4 kevytt\u00e4 ty\u00f6t\u00e4. Riitt\u00e4\u00e4, ett\u00e4 t\u00e4ytt\u00e4\u00e4 14 saman vuoden aikana. Kevyell\u00e4 ty\u00f6ll\u00e4 tarkoitetaan ty\u00f6t\u00e4, joka ei vahingoita nuoren terveytt\u00e4 tai kehityst\u00e4 eik\u00e4 aiheuta haittaa nuoren koulunk\u00e4ynnille. Alaik\u00e4isen ty\u00f6suhde on t\u00e4rke\u00e4 ensikosketus ty\u00f6el\u00e4m\u00e4\u00e4n.<\/p>\n\n\n<div class=\"editor-bg pink\">\n<h3>Ty\u00f6suhteen kesto<\/h3>\n<ul>\n<li>Enint\u00e4\u00e4n puolet kulloinkin koulusta annettavasta loma-ajasta.<\/li>\n<li>Kouluty\u00f6n aikana alaik\u00e4inen saa ty\u00f6skennell\u00e4 tilap\u00e4isesti tai muutoin kestoltaan lyhytaikaisia ty\u00f6suorituksia.<\/li>\n<\/ul>\n<\/div>\n\n\n<p>Alle 14-vuotias nuori saa ty\u00f6skennell\u00e4 tilap\u00e4isesti esiintyj\u00e4n\u00e4 tai avustajana taide-esityksiss\u00e4 aluehallintoviraston luvalla.<\/p>\n\n\n\n<h2 class=\"wp-block-heading\">15-vuotiaana pidempiaikaisiin t\u00f6ihin<\/h2>\n\n\n\n<p>15-vuotias perusopetuksen oppim\u00e4\u00e4r\u00e4n suorittanut voidaan ottaa vakituisiin t\u00f6ihin. Ty\u00f6sopimus kannattaa aina tehd\u00e4 kirjallisena, jotta ep\u00e4selviss\u00e4 tilanteissa on helppo tarkistaa mit\u00e4 on sovittu. Ty\u00f6sopimuksessa on hyv\u00e4 sopia ainakin palkasta, ty\u00f6ajasta, ty\u00f6teht\u00e4vist\u00e4 ja ty\u00f6suhteen kestosta.<\/p>\n\n\n<div class=\"editor-bg blue\">\n<h3>Ty\u00f6sopimuksen tekeminen<\/h3>\n<ul>\n<li>15-vuotias saa itse tehd\u00e4, irtisanoa ja purkaa ty\u00f6sopimuksensa.<\/li>\n<li>Alle 15-vuotiaan ty\u00f6sopimuksen tekee huoltaja tai huoltajan luvalla nuori itse.<\/li>\n<li>Huoltajalla on oikeus purkaa nuoren ty\u00f6ntekij\u00e4n ty\u00f6sopimus, jos purkaminen on tarpeellista nuoren kasvatuksen, kehityksen tai terveyden takia.<\/li>\n<li>Ty\u00f6nantajan on esitett\u00e4v\u00e4 nuorelle ty\u00f6ntekij\u00e4lle t\u00e4m\u00e4n tai ty\u00f6ntekij\u00e4n huoltajan pyynn\u00f6st\u00e4 kirjallinen selvitys ty\u00f6sopimuksen ehdoista ennen sopimuksen tekemist\u00e4, jollei sopimusta tehd\u00e4 kirjallisesti tai kysymys ole vain yht\u00e4 p\u00e4iv\u00e4\u00e4 koskevasta kotitalousty\u00f6st\u00e4 ty\u00f6nantajan kodissa.<\/li>\n<\/ul>\n<\/div>\n\n\n<div class=\"wp-block-group has-global-padding is-layout-constrained wp-block-group-is-layout-constrained\">\n<h2 class=\"wp-block-heading\">Aiheeseen liittyv\u00e4\u00e4<\/h2>\n\n\n\n<div class=\"wp-block-buttons is-layout-flex wp-block-buttons-is-layout-flex\">\n<div class=\"wp-block-button is-style-black-with-arrow\"><a class=\"wp-block-button__link wp-element-button\" href=\"https:\/\/www.finlex.fi\/fi\/laki\/ajantasa\/1993\/19930998\">Laki nuorista ty\u00f6ntekij\u00f6ist\u00e4<\/a><\/div>\n<\/div>\n\n\n\n<p><\/p>\n<\/div>\n","protected":false},"excerpt":{"rendered":"<p>Vakituiseen ty\u00f6h\u00f6n voidaan ottaa p\u00e4\u00e4s\u00e4\u00e4nt\u00f6isesti nuori, joka on t\u00e4ytt\u00e4nyt 15 vuotta ja suorittanut perusopetuksen oppim\u00e4\u00e4r\u00e4n eli peruskoulun. Kevytt\u00e4 ty\u00f6t\u00e4 voi tehd\u00e4 jo 14-vuotiaana. Alle 18-vuotiaan nuoren ty\u00f6suhteeseen sovelletaan lakia nuorista ty\u00f6ntekij\u00f6ist\u00e4. N\u00e4in ollen nuoren oikeudet ja velvollisuudet m\u00e4\u00e4r\u00e4ytyv\u00e4t toisin kuin t\u00e4ysi-ik\u00e4isen. 14-vuotiaana kes\u00e4t\u00f6ihin Jo 14-vuotiaana voi tehd\u00e4 kevytt\u00e4 ty\u00f6t\u00e4. Riitt\u00e4\u00e4, ett\u00e4 t\u00e4ytt\u00e4\u00e4 14 saman vuoden [&hellip;]<\/p>\n","protected":false},"author":2,"featured_media":0,"parent":5603,"menu_order":2,"comment_status":"closed","ping_status":"closed","template":"","meta":{"_acf_changed":false,"footnotes":""},"asiasana":[34],"omistaja":[],"class_list":["post-5613","page","type-page","status-publish","hentry","asiasana-tyosuhde"],"acf":[],"yoast_head":"<!-- This site is optimized with the Yoast SEO plugin v26.5 - https:\/\/yoast.com\/wordpress\/plugins\/seo\/ -->\n<title>Alaik\u00e4isen\u00e4 t\u00f6ihin - Ty\u00f6el\u00e4m\u00e4\u00e4n.fi<\/title>\n<meta name=\"robots\" content=\"index, follow, max-snippet:-1, max-image-preview:large, max-video-preview:-1\" \/>\n<link rel=\"canonical\" href=\"https:\/\/tyoelamaan.staging.web-veistamo.fi\/tyosuhde\/alaikaisen-tyosuhde\/\" \/>\n<meta property=\"og:locale\" content=\"fi_FI\" \/>\n<meta property=\"og:type\" content=\"article\" \/>\n<meta property=\"og:title\" content=\"Alaik\u00e4isen\u00e4 t\u00f6ihin - Ty\u00f6el\u00e4m\u00e4\u00e4n.fi\" \/>\n<meta property=\"og:description\" content=\"Vakituiseen ty\u00f6h\u00f6n voidaan ottaa p\u00e4\u00e4s\u00e4\u00e4nt\u00f6isesti nuori, joka on t\u00e4ytt\u00e4nyt 15 vuotta ja suorittanut perusopetuksen oppim\u00e4\u00e4r\u00e4n eli peruskoulun. Kevytt\u00e4 ty\u00f6t\u00e4 voi tehd\u00e4 jo 14-vuotiaana. Alle 18-vuotiaan nuoren ty\u00f6suhteeseen sovelletaan lakia nuorista ty\u00f6ntekij\u00f6ist\u00e4. N\u00e4in ollen nuoren oikeudet ja velvollisuudet m\u00e4\u00e4r\u00e4ytyv\u00e4t toisin kuin t\u00e4ysi-ik\u00e4isen. 14-vuotiaana kes\u00e4t\u00f6ihin Jo 14-vuotiaana voi tehd\u00e4 kevytt\u00e4 ty\u00f6t\u00e4. Riitt\u00e4\u00e4, ett\u00e4 t\u00e4ytt\u00e4\u00e4 14 saman vuoden [&hellip;]\" \/>\n<meta property=\"og:url\" content=\"https:\/\/tyoelamaan.staging.web-veistamo.fi\/tyosuhde\/alaikaisen-tyosuhde\/\" \/>\n<meta property=\"og:site_name\" content=\"Ty\u00f6el\u00e4m\u00e4\u00e4n.fi\" \/>\n<meta property=\"article:modified_time\" content=\"2024-12-17T04:19:34+00:00\" \/>\n<meta name=\"twitter:card\" content=\"summary_large_image\" \/>\n<meta name=\"twitter:label1\" content=\"Est. reading time\" \/>\n\t<meta name=\"twitter:data1\" content=\"1 minute\" \/>\n<script type=\"application\/ld+json\" class=\"yoast-schema-graph\">{\"@context\":\"https:\/\/schema.org\",\"@graph\":[{\"@type\":\"WebPage\",\"@id\":\"https:\/\/tyoelamaan.staging.web-veistamo.fi\/tyosuhde\/alaikaisen-tyosuhde\/\",\"url\":\"https:\/\/tyoelamaan.staging.web-veistamo.fi\/tyosuhde\/alaikaisen-tyosuhde\/\",\"name\":\"Alaik\u00e4isen\u00e4 t\u00f6ihin - Ty\u00f6el\u00e4m\u00e4\u00e4n.fi\",\"isPartOf\":{\"@id\":\"https:\/\/tyoelamaan.staging.web-veistamo.fi\/#website\"},\"datePublished\":\"2022-02-24T09:32:47+00:00\",\"dateModified\":\"2024-12-17T04:19:34+00:00\",\"breadcrumb\":{\"@id\":\"https:\/\/tyoelamaan.staging.web-veistamo.fi\/tyosuhde\/alaikaisen-tyosuhde\/#breadcrumb\"},\"inLanguage\":\"fi-selko\",\"potentialAction\":[{\"@type\":\"ReadAction\",\"target\":[\"https:\/\/tyoelamaan.staging.web-veistamo.fi\/tyosuhde\/alaikaisen-tyosuhde\/\"]}]},{\"@type\":\"BreadcrumbList\",\"@id\":\"https:\/\/tyoelamaan.staging.web-veistamo.fi\/tyosuhde\/alaikaisen-tyosuhde\/#breadcrumb\",\"itemListElement\":[{\"@type\":\"ListItem\",\"position\":1,\"name\":\"Home\",\"item\":\"https:\/\/tyoelamaan.staging.web-veistamo.fi\/selko\/\"},{\"@type\":\"ListItem\",\"position\":2,\"name\":\"Ty\u00f6suhde\",\"item\":\"https:\/\/tyoelamaan.staging.web-veistamo.fi\/tyosuhde\/\"},{\"@type\":\"ListItem\",\"position\":3,\"name\":\"Alaik\u00e4isen\u00e4 t\u00f6ihin\"}]},{\"@type\":\"WebSite\",\"@id\":\"https:\/\/tyoelamaan.staging.web-veistamo.fi\/#website\",\"url\":\"https:\/\/tyoelamaan.staging.web-veistamo.fi\/\",\"name\":\"Ty\u00f6el\u00e4m\u00e4\u00e4n.fi\",\"description\":\"\",\"publisher\":{\"@id\":\"https:\/\/tyoelamaan.staging.web-veistamo.fi\/#organization\"},\"potentialAction\":[{\"@type\":\"SearchAction\",\"target\":{\"@type\":\"EntryPoint\",\"urlTemplate\":\"https:\/\/tyoelamaan.staging.web-veistamo.fi\/?s={search_term_string}\"},\"query-input\":{\"@type\":\"PropertyValueSpecification\",\"valueRequired\":true,\"valueName\":\"search_term_string\"}}],\"inLanguage\":\"fi-selko\"},{\"@type\":\"Organization\",\"@id\":\"https:\/\/tyoelamaan.staging.web-veistamo.fi\/#organization\",\"name\":\"Ty\u00f6el\u00e4m\u00e4\u00e4n.fi\",\"url\":\"https:\/\/tyoelamaan.staging.web-veistamo.fi\/\",\"logo\":{\"@type\":\"ImageObject\",\"inLanguage\":\"fi-selko\",\"@id\":\"https:\/\/tyoelamaan.staging.web-veistamo.fi\/#\/schema\/logo\/image\/\",\"url\":\"https:\/\/tyoelamaan.staging.web-veistamo.fi\/wp-content\/uploads\/2024\/11\/tyoelamaan_logo.svg\",\"contentUrl\":\"https:\/\/tyoelamaan.staging.web-veistamo.fi\/wp-content\/uploads\/2024\/11\/tyoelamaan_logo.svg\",\"width\":131,\"height\":30,\"caption\":\"Ty\u00f6el\u00e4m\u00e4\u00e4n.fi\"},\"image\":{\"@id\":\"https:\/\/tyoelamaan.staging.web-veistamo.fi\/#\/schema\/logo\/image\/\"}}]}<\/script>\n<!-- \/ Yoast SEO plugin. -->","yoast_head_json":{"title":"Alaik\u00e4isen\u00e4 t\u00f6ihin - Ty\u00f6el\u00e4m\u00e4\u00e4n.fi","robots":{"index":"index","follow":"follow","max-snippet":"max-snippet:-1","max-image-preview":"max-image-preview:large","max-video-preview":"max-video-preview:-1"},"canonical":"https:\/\/tyoelamaan.staging.web-veistamo.fi\/tyosuhde\/alaikaisen-tyosuhde\/","og_locale":"fi_FI","og_type":"article","og_title":"Alaik\u00e4isen\u00e4 t\u00f6ihin - Ty\u00f6el\u00e4m\u00e4\u00e4n.fi","og_description":"Vakituiseen ty\u00f6h\u00f6n voidaan ottaa p\u00e4\u00e4s\u00e4\u00e4nt\u00f6isesti nuori, joka on t\u00e4ytt\u00e4nyt 15 vuotta ja suorittanut perusopetuksen oppim\u00e4\u00e4r\u00e4n eli peruskoulun. Kevytt\u00e4 ty\u00f6t\u00e4 voi tehd\u00e4 jo 14-vuotiaana. Alle 18-vuotiaan nuoren ty\u00f6suhteeseen sovelletaan lakia nuorista ty\u00f6ntekij\u00f6ist\u00e4. N\u00e4in ollen nuoren oikeudet ja velvollisuudet m\u00e4\u00e4r\u00e4ytyv\u00e4t toisin kuin t\u00e4ysi-ik\u00e4isen. 14-vuotiaana kes\u00e4t\u00f6ihin Jo 14-vuotiaana voi tehd\u00e4 kevytt\u00e4 ty\u00f6t\u00e4. Riitt\u00e4\u00e4, ett\u00e4 t\u00e4ytt\u00e4\u00e4 14 saman vuoden [&hellip;]","og_url":"https:\/\/tyoelamaan.staging.web-veistamo.fi\/tyosuhde\/alaikaisen-tyosuhde\/","og_site_name":"Ty\u00f6el\u00e4m\u00e4\u00e4n.fi","article_modified_time":"2024-12-17T04:19:34+00:00","twitter_card":"summary_large_image","twitter_misc":{"Est. reading time":"1 minute"},"schema":{"@context":"https:\/\/schema.org","@graph":[{"@type":"WebPage","@id":"https:\/\/tyoelamaan.staging.web-veistamo.fi\/tyosuhde\/alaikaisen-tyosuhde\/","url":"https:\/\/tyoelamaan.staging.web-veistamo.fi\/tyosuhde\/alaikaisen-tyosuhde\/","name":"Alaik\u00e4isen\u00e4 t\u00f6ihin - Ty\u00f6el\u00e4m\u00e4\u00e4n.fi","isPartOf":{"@id":"https:\/\/tyoelamaan.staging.web-veistamo.fi\/#website"},"datePublished":"2022-02-24T09:32:47+00:00","dateModified":"2024-12-17T04:19:34+00:00","breadcrumb":{"@id":"https:\/\/tyoelamaan.staging.web-veistamo.fi\/tyosuhde\/alaikaisen-tyosuhde\/#breadcrumb"},"inLanguage":"fi-selko","potentialAction":[{"@type":"ReadAction","target":["https:\/\/tyoelamaan.staging.web-veistamo.fi\/tyosuhde\/alaikaisen-tyosuhde\/"]}]},{"@type":"BreadcrumbList","@id":"https:\/\/tyoelamaan.staging.web-veistamo.fi\/tyosuhde\/alaikaisen-tyosuhde\/#breadcrumb","itemListElement":[{"@type":"ListItem","position":1,"name":"Home","item":"https:\/\/tyoelamaan.staging.web-veistamo.fi\/selko\/"},{"@type":"ListItem","position":2,"name":"Ty\u00f6suhde","item":"https:\/\/tyoelamaan.staging.web-veistamo.fi\/tyosuhde\/"},{"@type":"ListItem","position":3,"name":"Alaik\u00e4isen\u00e4 t\u00f6ihin"}]},{"@type":"WebSite","@id":"https:\/\/tyoelamaan.staging.web-veistamo.fi\/#website","url":"https:\/\/tyoelamaan.staging.web-veistamo.fi\/","name":"Ty\u00f6el\u00e4m\u00e4\u00e4n.fi","description":"","publisher":{"@id":"https:\/\/tyoelamaan.staging.web-veistamo.fi\/#organization"},"potentialAction":[{"@type":"SearchAction","target":{"@type":"EntryPoint","urlTemplate":"https:\/\/tyoelamaan.staging.web-veistamo.fi\/?s={search_term_string}"},"query-input":{"@type":"PropertyValueSpecification","valueRequired":true,"valueName":"search_term_string"}}],"inLanguage":"fi-selko"},{"@type":"Organization","@id":"https:\/\/tyoelamaan.staging.web-veistamo.fi\/#organization","name":"Ty\u00f6el\u00e4m\u00e4\u00e4n.fi","url":"https:\/\/tyoelamaan.staging.web-veistamo.fi\/","logo":{"@type":"ImageObject","inLanguage":"fi-selko","@id":"https:\/\/tyoelamaan.staging.web-veistamo.fi\/#\/schema\/logo\/image\/","url":"https:\/\/tyoelamaan.staging.web-veistamo.fi\/wp-content\/uploads\/2024\/11\/tyoelamaan_logo.svg","contentUrl":"https:\/\/tyoelamaan.staging.web-veistamo.fi\/wp-content\/uploads\/2024\/11\/tyoelamaan_logo.svg","width":131,"height":30,"caption":"Ty\u00f6el\u00e4m\u00e4\u00e4n.fi"},"image":{"@id":"https:\/\/tyoelamaan.staging.web-veistamo.fi\/#\/schema\/logo\/image\/"}}]}},"_links":{"self":[{"href":"https:\/\/tyoelamaan.staging.web-veistamo.fi\/selko\/wp-json\/wp\/v2\/pages\/5613","targetHints":{"allow":["GET"]}}],"collection":[{"href":"https:\/\/tyoelamaan.staging.web-veistamo.fi\/selko\/wp-json\/wp\/v2\/pages"}],"about":[{"href":"https:\/\/tyoelamaan.staging.web-veistamo.fi\/selko\/wp-json\/wp\/v2\/types\/page"}],"author":[{"embeddable":true,"href":"https:\/\/tyoelamaan.staging.web-veistamo.fi\/selko\/wp-json\/wp\/v2\/users\/2"}],"replies":[{"embeddable":true,"href":"https:\/\/tyoelamaan.staging.web-veistamo.fi\/selko\/wp-json\/wp\/v2\/comments?post=5613"}],"version-history":[{"count":4,"href":"https:\/\/tyoelamaan.staging.web-veistamo.fi\/selko\/wp-json\/wp\/v2\/pages\/5613\/revisions"}],"predecessor-version":[{"id":12507,"href":"https:\/\/tyoelamaan.staging.web-veistamo.fi\/selko\/wp-json\/wp\/v2\/pages\/5613\/revisions\/12507"}],"up":[{"embeddable":true,"href":"https:\/\/tyoelamaan.staging.web-veistamo.fi\/selko\/wp-json\/wp\/v2\/pages\/5603"}],"wp:attachment":[{"href":"https:\/\/tyoelamaan.staging.web-veistamo.fi\/selko\/wp-json\/wp\/v2\/media?parent=5613"}],"wp:term":[{"taxonomy":"asiasana","embeddable":true,"href":"https:\/\/tyoelamaan.staging.web-veistamo.fi\/selko\/wp-json\/wp\/v2\/asiasana?post=5613"},{"taxonomy":"omistaja","embeddable":true,"href":"https:\/\/tyoelamaan.staging.web-veistamo.fi\/selko\/wp-json\/wp\/v2\/omistaja?post=5613"}],"curies":[{"name":"wp","href":"https:\/\/api.w.org\/{rel}","templated":true}]}}