{"id":4629,"date":"2021-05-04T09:14:19","date_gmt":"2021-05-04T06:14:19","guid":{"rendered":"https:\/\/tyoelamaan.fi\/?page_id=4629"},"modified":"2024-12-17T06:19:30","modified_gmt":"2024-12-17T04:19:30","slug":"millainen-on-hyva-tyoyhteiso","status":"publish","type":"page","link":"https:\/\/tyoelamaan.staging.web-veistamo.fi\/selko\/tyoelama\/millainen-on-hyva-tyoyhteiso\/","title":{"rendered":"Millainen on hyv\u00e4 ty\u00f6yhteis\u00f6?"},"content":{"rendered":"\n<div class=\"wp-block-columns is-layout-flex wp-container-core-columns-is-layout-28f84493 wp-block-columns-is-layout-flex\">\n<div class=\"wp-block-column is-layout-flow wp-block-column-is-layout-flow\">\n<p>Ty\u00f6yhteis\u00f6 voi hyvin, jos ty\u00f6ntekij\u00e4n on kiva palata t\u00f6ihin loman j\u00e4lkeen. Hyvinvoiva ty\u00f6yhteis\u00f6 on my\u00f6s ty\u00f6nantajan etu: ty\u00f6ntekij\u00e4t jaksavat paremmin ja ovat v\u00e4hemm\u00e4n sairaana.<\/p>\n\n\n\n<p>Ty\u00f6hyvinvointia rakennetaan niin, ett\u00e4 kehitet\u00e4\u00e4n ty\u00f6n tekemisen tapoja ja johtamista. Kiusaamista ja syrjint\u00e4\u00e4 ei saa hyv\u00e4ksy\u00e4. Hyv\u00e4ss\u00e4 yhteis\u00f6ss\u00e4 ty\u00f6kaverit arvostavat toisiaan ja toistensa ty\u00f6t\u00e4. Ongelmat ratkotaan kaikkia kuunnellen ja kunnioittaen.<\/p>\n<\/div>\n\n\n\n<div class=\"wp-block-column is-layout-flow wp-block-column-is-layout-flow\">\n<figure class=\"wp-block-image size-large\"><img decoding=\"async\" class=\"wp-image-4321\" src=\"https:\/\/tyoelamaan.staging.web-veistamo.fi\/wp-content\/uploads\/2020\/03\/hauska-kokous.jpg\" alt=\"Hyvinvoiva ty\u00f6yhteis\u00f6\"><\/figure>\n<\/div>\n<\/div>\n\n\n\n<div class=\"wp-block-columns is-layout-flex wp-container-core-columns-is-layout-28f84493 wp-block-columns-is-layout-flex\">\n<div class=\"wp-block-column is-layout-flow wp-block-column-is-layout-flow\">\n<h2 class=\"wp-block-heading\">Ty\u00f6 ja terveys<\/h2>\n\n\n\n<p>Ty\u00f6 ei saa olla liian kiivastahtista tai kuormittavaa. Ty\u00f6olojen pit\u00e4\u00e4 olla terveelliset ja turvalliset. Esimiehen tulee tukea alaisiaan. Kun ty\u00f6yhteis\u00f6 voi hyvin, tulosta syntyy. On arvioitu, ett\u00e4 yksi ty\u00f6hyvinvointiin sijoitettu euro tuottaa itsens\u00e4 moninkertaisena takaisin.<\/p>\n\n\n\n<p><\/p>\n<\/div>\n\n\n\n<div class=\"wp-block-column is-layout-flow wp-block-column-is-layout-flow\">\n<h3 class=\"wp-block-heading\">Omaa hyvinvointiasi edist\u00e4t:<\/h3>\n\n\n\n<ul class=\"wp-block-list\"><li>liikkumalla raittiissa ilmassa<\/li><li>sy\u00f6m\u00e4ll\u00e4 terveellisesti<\/li><li>huolehtimalla palautumisesta<\/li><li>nukkumalla tarpeeksi.<\/li><\/ul>\n<\/div>\n<\/div>\n\n\n<div class=\"editor-bg blue\">\n<h3>Hyvinvoivassa ty\u00f6yhteis\u00f6ss\u00e4:<\/h3>\n<ul>\n<li>luotetaan<\/li>\n<li>kannustetaan<\/li>\n<li>ajatellaan yhteist\u00e4 hyv\u00e4\u00e4<\/li>\n<li>annetaan my\u00f6nteist\u00e4 palautetta<\/li>\n<li>pidet\u00e4\u00e4n ty\u00f6m\u00e4\u00e4r\u00e4 aisoissa<\/li>\n<li>uskalletaan puhua ongelmista<\/li>\n<li>s\u00e4ilytet\u00e4\u00e4n toimintakyky muutoksissa.<\/li>\n<\/ul>\n<\/div>\n\n\n\n\n<p>Yll\u00e4olevat linkit viev\u00e4t pois selkosuomenkielisilt\u00e4 sivuilta. <\/p>\n\n\n\n<p>L\u00e4hde: <a href=\"https:\/\/www.ttl.fi\/tyoyhteiso\/tyohyvinvointi\/\" target=\"_blank\" rel=\"noreferrer noopener\">Ty\u00f6terveyslaitos<\/a><\/p>\n\n\n\n<p><em>Kuva: Unsplash<\/em><\/p>\n","protected":false},"excerpt":{"rendered":"<p>Ty\u00f6yhteis\u00f6 voi hyvin, jos ty\u00f6ntekij\u00e4n on kiva palata t\u00f6ihin loman j\u00e4lkeen. Hyvinvoiva ty\u00f6yhteis\u00f6 on my\u00f6s ty\u00f6nantajan etu: ty\u00f6ntekij\u00e4t jaksavat paremmin ja ovat v\u00e4hemm\u00e4n sairaana. Ty\u00f6hyvinvointia rakennetaan niin, ett\u00e4 kehitet\u00e4\u00e4n ty\u00f6n tekemisen tapoja ja johtamista. Kiusaamista ja syrjint\u00e4\u00e4 ei saa hyv\u00e4ksy\u00e4. Hyv\u00e4ss\u00e4 yhteis\u00f6ss\u00e4 ty\u00f6kaverit arvostavat toisiaan ja toistensa ty\u00f6t\u00e4. Ongelmat ratkotaan kaikkia kuunnellen ja kunnioittaen. Ty\u00f6 [&hellip;]<\/p>\n","protected":false},"author":2,"featured_media":0,"parent":9757,"menu_order":0,"comment_status":"closed","ping_status":"closed","template":"","meta":{"_acf_changed":false,"footnotes":""},"asiasana":[37],"omistaja":[],"class_list":["post-4629","page","type-page","status-publish","hentry","asiasana-tyohyvinvointi"],"acf":[],"yoast_head":"<!-- This site is optimized with the Yoast SEO plugin v26.5 - https:\/\/yoast.com\/wordpress\/plugins\/seo\/ -->\n<title>Millainen on hyv\u00e4 ty\u00f6yhteis\u00f6? - Ty\u00f6el\u00e4m\u00e4\u00e4n.fi<\/title>\n<meta name=\"robots\" content=\"index, follow, max-snippet:-1, max-image-preview:large, max-video-preview:-1\" \/>\n<link rel=\"canonical\" href=\"https:\/\/tyoelamaan.staging.web-veistamo.fi\/?page_id=687\" \/>\n<meta property=\"og:locale\" content=\"fi_FI\" \/>\n<meta property=\"og:type\" content=\"article\" \/>\n<meta property=\"og:title\" content=\"Millainen on hyv\u00e4 ty\u00f6yhteis\u00f6? - Ty\u00f6el\u00e4m\u00e4\u00e4n.fi\" \/>\n<meta property=\"og:description\" content=\"Ty\u00f6yhteis\u00f6 voi hyvin, jos ty\u00f6ntekij\u00e4n on kiva palata t\u00f6ihin loman j\u00e4lkeen. Hyvinvoiva ty\u00f6yhteis\u00f6 on my\u00f6s ty\u00f6nantajan etu: ty\u00f6ntekij\u00e4t jaksavat paremmin ja ovat v\u00e4hemm\u00e4n sairaana. Ty\u00f6hyvinvointia rakennetaan niin, ett\u00e4 kehitet\u00e4\u00e4n ty\u00f6n tekemisen tapoja ja johtamista. Kiusaamista ja syrjint\u00e4\u00e4 ei saa hyv\u00e4ksy\u00e4. Hyv\u00e4ss\u00e4 yhteis\u00f6ss\u00e4 ty\u00f6kaverit arvostavat toisiaan ja toistensa ty\u00f6t\u00e4. Ongelmat ratkotaan kaikkia kuunnellen ja kunnioittaen. Ty\u00f6 [&hellip;]\" \/>\n<meta property=\"og:url\" content=\"https:\/\/tyoelamaan.staging.web-veistamo.fi\/?page_id=687\" \/>\n<meta property=\"og:site_name\" content=\"Ty\u00f6el\u00e4m\u00e4\u00e4n.fi\" \/>\n<meta property=\"article:modified_time\" content=\"2024-12-17T04:19:30+00:00\" \/>\n<meta name=\"twitter:card\" content=\"summary_large_image\" \/>\n<meta name=\"twitter:label1\" content=\"Est. reading time\" \/>\n\t<meta name=\"twitter:data1\" content=\"1 minute\" \/>\n<script type=\"application\/ld+json\" class=\"yoast-schema-graph\">{\"@context\":\"https:\/\/schema.org\",\"@graph\":[{\"@type\":\"WebPage\",\"@id\":\"https:\/\/tyoelamaan.staging.web-veistamo.fi\/?page_id=687\",\"url\":\"https:\/\/tyoelamaan.staging.web-veistamo.fi\/?page_id=687\",\"name\":\"Millainen on hyv\u00e4 ty\u00f6yhteis\u00f6? - Ty\u00f6el\u00e4m\u00e4\u00e4n.fi\",\"isPartOf\":{\"@id\":\"https:\/\/tyoelamaan.staging.web-veistamo.fi\/#website\"},\"primaryImageOfPage\":{\"@id\":\"https:\/\/tyoelamaan.staging.web-veistamo.fi\/?page_id=687#primaryimage\"},\"image\":{\"@id\":\"https:\/\/tyoelamaan.staging.web-veistamo.fi\/?page_id=687#primaryimage\"},\"thumbnailUrl\":\"https:\/\/tyoelamaan.staging.web-veistamo.fi\/wp-content\/uploads\/2020\/03\/hauska-kokous.jpg\",\"datePublished\":\"2021-05-04T06:14:19+00:00\",\"dateModified\":\"2024-12-17T04:19:30+00:00\",\"breadcrumb\":{\"@id\":\"https:\/\/tyoelamaan.staging.web-veistamo.fi\/?page_id=687#breadcrumb\"},\"inLanguage\":\"fi-selko\",\"potentialAction\":[{\"@type\":\"ReadAction\",\"target\":[\"https:\/\/tyoelamaan.staging.web-veistamo.fi\/?page_id=687\"]}]},{\"@type\":\"ImageObject\",\"inLanguage\":\"fi-selko\",\"@id\":\"https:\/\/tyoelamaan.staging.web-veistamo.fi\/?page_id=687#primaryimage\",\"url\":\"https:\/\/tyoelamaan.staging.web-veistamo.fi\/wp-content\/uploads\/2020\/03\/hauska-kokous.jpg\",\"contentUrl\":\"https:\/\/tyoelamaan.staging.web-veistamo.fi\/wp-content\/uploads\/2020\/03\/hauska-kokous.jpg\"},{\"@type\":\"BreadcrumbList\",\"@id\":\"https:\/\/tyoelamaan.staging.web-veistamo.fi\/?page_id=687#breadcrumb\",\"itemListElement\":[{\"@type\":\"ListItem\",\"position\":1,\"name\":\"Home\",\"item\":\"https:\/\/tyoelamaan.staging.web-veistamo.fi\/selko\/\"},{\"@type\":\"ListItem\",\"position\":2,\"name\":\"Ty\u00f6el\u00e4m\u00e4\",\"item\":\"https:\/\/tyoelamaan.staging.web-veistamo.fi\/tyoelama\/\"},{\"@type\":\"ListItem\",\"position\":3,\"name\":\"Millainen on hyv\u00e4 ty\u00f6yhteis\u00f6?\"}]},{\"@type\":\"WebSite\",\"@id\":\"https:\/\/tyoelamaan.staging.web-veistamo.fi\/#website\",\"url\":\"https:\/\/tyoelamaan.staging.web-veistamo.fi\/\",\"name\":\"Ty\u00f6el\u00e4m\u00e4\u00e4n.fi\",\"description\":\"\",\"publisher\":{\"@id\":\"https:\/\/tyoelamaan.staging.web-veistamo.fi\/#organization\"},\"potentialAction\":[{\"@type\":\"SearchAction\",\"target\":{\"@type\":\"EntryPoint\",\"urlTemplate\":\"https:\/\/tyoelamaan.staging.web-veistamo.fi\/?s={search_term_string}\"},\"query-input\":{\"@type\":\"PropertyValueSpecification\",\"valueRequired\":true,\"valueName\":\"search_term_string\"}}],\"inLanguage\":\"fi-selko\"},{\"@type\":\"Organization\",\"@id\":\"https:\/\/tyoelamaan.staging.web-veistamo.fi\/#organization\",\"name\":\"Ty\u00f6el\u00e4m\u00e4\u00e4n.fi\",\"url\":\"https:\/\/tyoelamaan.staging.web-veistamo.fi\/\",\"logo\":{\"@type\":\"ImageObject\",\"inLanguage\":\"fi-selko\",\"@id\":\"https:\/\/tyoelamaan.staging.web-veistamo.fi\/#\/schema\/logo\/image\/\",\"url\":\"https:\/\/tyoelamaan.staging.web-veistamo.fi\/wp-content\/uploads\/2024\/11\/tyoelamaan_logo.svg\",\"contentUrl\":\"https:\/\/tyoelamaan.staging.web-veistamo.fi\/wp-content\/uploads\/2024\/11\/tyoelamaan_logo.svg\",\"width\":131,\"height\":30,\"caption\":\"Ty\u00f6el\u00e4m\u00e4\u00e4n.fi\"},\"image\":{\"@id\":\"https:\/\/tyoelamaan.staging.web-veistamo.fi\/#\/schema\/logo\/image\/\"}}]}<\/script>\n<!-- \/ Yoast SEO plugin. -->","yoast_head_json":{"title":"Millainen on hyv\u00e4 ty\u00f6yhteis\u00f6? - Ty\u00f6el\u00e4m\u00e4\u00e4n.fi","robots":{"index":"index","follow":"follow","max-snippet":"max-snippet:-1","max-image-preview":"max-image-preview:large","max-video-preview":"max-video-preview:-1"},"canonical":"https:\/\/tyoelamaan.staging.web-veistamo.fi\/?page_id=687","og_locale":"fi_FI","og_type":"article","og_title":"Millainen on hyv\u00e4 ty\u00f6yhteis\u00f6? - Ty\u00f6el\u00e4m\u00e4\u00e4n.fi","og_description":"Ty\u00f6yhteis\u00f6 voi hyvin, jos ty\u00f6ntekij\u00e4n on kiva palata t\u00f6ihin loman j\u00e4lkeen. Hyvinvoiva ty\u00f6yhteis\u00f6 on my\u00f6s ty\u00f6nantajan etu: ty\u00f6ntekij\u00e4t jaksavat paremmin ja ovat v\u00e4hemm\u00e4n sairaana. Ty\u00f6hyvinvointia rakennetaan niin, ett\u00e4 kehitet\u00e4\u00e4n ty\u00f6n tekemisen tapoja ja johtamista. Kiusaamista ja syrjint\u00e4\u00e4 ei saa hyv\u00e4ksy\u00e4. Hyv\u00e4ss\u00e4 yhteis\u00f6ss\u00e4 ty\u00f6kaverit arvostavat toisiaan ja toistensa ty\u00f6t\u00e4. Ongelmat ratkotaan kaikkia kuunnellen ja kunnioittaen. Ty\u00f6 [&hellip;]","og_url":"https:\/\/tyoelamaan.staging.web-veistamo.fi\/?page_id=687","og_site_name":"Ty\u00f6el\u00e4m\u00e4\u00e4n.fi","article_modified_time":"2024-12-17T04:19:30+00:00","twitter_card":"summary_large_image","twitter_misc":{"Est. reading time":"1 minute"},"schema":{"@context":"https:\/\/schema.org","@graph":[{"@type":"WebPage","@id":"https:\/\/tyoelamaan.staging.web-veistamo.fi\/?page_id=687","url":"https:\/\/tyoelamaan.staging.web-veistamo.fi\/?page_id=687","name":"Millainen on hyv\u00e4 ty\u00f6yhteis\u00f6? - Ty\u00f6el\u00e4m\u00e4\u00e4n.fi","isPartOf":{"@id":"https:\/\/tyoelamaan.staging.web-veistamo.fi\/#website"},"primaryImageOfPage":{"@id":"https:\/\/tyoelamaan.staging.web-veistamo.fi\/?page_id=687#primaryimage"},"image":{"@id":"https:\/\/tyoelamaan.staging.web-veistamo.fi\/?page_id=687#primaryimage"},"thumbnailUrl":"https:\/\/tyoelamaan.staging.web-veistamo.fi\/wp-content\/uploads\/2020\/03\/hauska-kokous.jpg","datePublished":"2021-05-04T06:14:19+00:00","dateModified":"2024-12-17T04:19:30+00:00","breadcrumb":{"@id":"https:\/\/tyoelamaan.staging.web-veistamo.fi\/?page_id=687#breadcrumb"},"inLanguage":"fi-selko","potentialAction":[{"@type":"ReadAction","target":["https:\/\/tyoelamaan.staging.web-veistamo.fi\/?page_id=687"]}]},{"@type":"ImageObject","inLanguage":"fi-selko","@id":"https:\/\/tyoelamaan.staging.web-veistamo.fi\/?page_id=687#primaryimage","url":"https:\/\/tyoelamaan.staging.web-veistamo.fi\/wp-content\/uploads\/2020\/03\/hauska-kokous.jpg","contentUrl":"https:\/\/tyoelamaan.staging.web-veistamo.fi\/wp-content\/uploads\/2020\/03\/hauska-kokous.jpg"},{"@type":"BreadcrumbList","@id":"https:\/\/tyoelamaan.staging.web-veistamo.fi\/?page_id=687#breadcrumb","itemListElement":[{"@type":"ListItem","position":1,"name":"Home","item":"https:\/\/tyoelamaan.staging.web-veistamo.fi\/selko\/"},{"@type":"ListItem","position":2,"name":"Ty\u00f6el\u00e4m\u00e4","item":"https:\/\/tyoelamaan.staging.web-veistamo.fi\/tyoelama\/"},{"@type":"ListItem","position":3,"name":"Millainen on hyv\u00e4 ty\u00f6yhteis\u00f6?"}]},{"@type":"WebSite","@id":"https:\/\/tyoelamaan.staging.web-veistamo.fi\/#website","url":"https:\/\/tyoelamaan.staging.web-veistamo.fi\/","name":"Ty\u00f6el\u00e4m\u00e4\u00e4n.fi","description":"","publisher":{"@id":"https:\/\/tyoelamaan.staging.web-veistamo.fi\/#organization"},"potentialAction":[{"@type":"SearchAction","target":{"@type":"EntryPoint","urlTemplate":"https:\/\/tyoelamaan.staging.web-veistamo.fi\/?s={search_term_string}"},"query-input":{"@type":"PropertyValueSpecification","valueRequired":true,"valueName":"search_term_string"}}],"inLanguage":"fi-selko"},{"@type":"Organization","@id":"https:\/\/tyoelamaan.staging.web-veistamo.fi\/#organization","name":"Ty\u00f6el\u00e4m\u00e4\u00e4n.fi","url":"https:\/\/tyoelamaan.staging.web-veistamo.fi\/","logo":{"@type":"ImageObject","inLanguage":"fi-selko","@id":"https:\/\/tyoelamaan.staging.web-veistamo.fi\/#\/schema\/logo\/image\/","url":"https:\/\/tyoelamaan.staging.web-veistamo.fi\/wp-content\/uploads\/2024\/11\/tyoelamaan_logo.svg","contentUrl":"https:\/\/tyoelamaan.staging.web-veistamo.fi\/wp-content\/uploads\/2024\/11\/tyoelamaan_logo.svg","width":131,"height":30,"caption":"Ty\u00f6el\u00e4m\u00e4\u00e4n.fi"},"image":{"@id":"https:\/\/tyoelamaan.staging.web-veistamo.fi\/#\/schema\/logo\/image\/"}}]}},"_links":{"self":[{"href":"https:\/\/tyoelamaan.staging.web-veistamo.fi\/selko\/wp-json\/wp\/v2\/pages\/4629","targetHints":{"allow":["GET"]}}],"collection":[{"href":"https:\/\/tyoelamaan.staging.web-veistamo.fi\/selko\/wp-json\/wp\/v2\/pages"}],"about":[{"href":"https:\/\/tyoelamaan.staging.web-veistamo.fi\/selko\/wp-json\/wp\/v2\/types\/page"}],"author":[{"embeddable":true,"href":"https:\/\/tyoelamaan.staging.web-veistamo.fi\/selko\/wp-json\/wp\/v2\/users\/2"}],"replies":[{"embeddable":true,"href":"https:\/\/tyoelamaan.staging.web-veistamo.fi\/selko\/wp-json\/wp\/v2\/comments?post=4629"}],"version-history":[{"count":10,"href":"https:\/\/tyoelamaan.staging.web-veistamo.fi\/selko\/wp-json\/wp\/v2\/pages\/4629\/revisions"}],"predecessor-version":[{"id":12500,"href":"https:\/\/tyoelamaan.staging.web-veistamo.fi\/selko\/wp-json\/wp\/v2\/pages\/4629\/revisions\/12500"}],"up":[{"embeddable":true,"href":"https:\/\/tyoelamaan.staging.web-veistamo.fi\/selko\/wp-json\/wp\/v2\/pages\/9757"}],"wp:attachment":[{"href":"https:\/\/tyoelamaan.staging.web-veistamo.fi\/selko\/wp-json\/wp\/v2\/media?parent=4629"}],"wp:term":[{"taxonomy":"asiasana","embeddable":true,"href":"https:\/\/tyoelamaan.staging.web-veistamo.fi\/selko\/wp-json\/wp\/v2\/asiasana?post=4629"},{"taxonomy":"omistaja","embeddable":true,"href":"https:\/\/tyoelamaan.staging.web-veistamo.fi\/selko\/wp-json\/wp\/v2\/omistaja?post=4629"}],"curies":[{"name":"wp","href":"https:\/\/api.w.org\/{rel}","templated":true}]}}