{"id":4625,"date":"2021-05-03T15:49:03","date_gmt":"2021-05-03T12:49:03","guid":{"rendered":"https:\/\/tyoelamaan.fi\/?page_id=4625"},"modified":"2024-12-17T06:19:29","modified_gmt":"2024-12-17T04:19:29","slug":"tyon-tekemisen-tavat","status":"publish","type":"page","link":"https:\/\/tyoelamaan.staging.web-veistamo.fi\/selko\/tyoelama\/tyon-tekemisen-tavat\/","title":{"rendered":"Ty\u00f6n tekemisen tavat"},"content":{"rendered":"\n<p>Ty\u00f6n tekemisen tavat ovat muuttuneet. Ty\u00f6el\u00e4m\u00e4 on nyky\u00e4\u00e4n joustavaa, ja moni ty\u00f6nantaja tarjoaa mahdollisuutta <strong>et\u00e4ty\u00f6h\u00f6n<\/strong>. Ty\u00f6t\u00e4 tehd\u00e4\u00e4n entist\u00e4 useammin my\u00f6s <strong>yritt\u00e4j\u00e4n\u00e4<\/strong>.<\/p>\n\n\n\n<p>Ota yhteytt\u00e4 ammattiliittoon, jos et ole varma siit\u00e4, onko kyseess\u00e4 <strong>ty\u00f6suhde <\/strong>vai <strong>itsen\u00e4inen ammatinharjoittaminen<\/strong>. T\u00e4m\u00e4 vaikuttaa merkitt\u00e4v\u00e4sti oikeuksiin ja velvoitteisiin.<\/p>\n\n\n\n<h2 class=\"wp-block-heading\"><span class='tooltipsall tooltipsincontent classtoolTips52'>Vuokraty\u00f6<\/span><\/h2>\n\n\n\n<p>Vuokraty\u00f6ss\u00e4 teet ty\u00f6sopimuksen ty\u00f6voimaa vuokraavan yrityksen kanssa. Vuokraty\u00f6nantaja saa siirt\u00e4\u00e4 sinut haluamaansa ty\u00f6paikkaan, jolle siirtyy samalla my\u00f6s ty\u00f6njohto ja perehdytys.<\/p>\n\n\n\n<p>Vuokrayritys sen sijaan maksaa palkan ja huolehtii vuosilomasta. Palkka maksetaan ty\u00f6ehtosopimuksen mukaan. Ty\u00f6todistuksen antaa ty\u00f6n p\u00e4\u00e4ttyess\u00e4 vuokraty\u00f6nantaja.<\/p>\n\n\n\n<p>Vuokraty\u00f6ss\u00e4 saa tehd\u00e4 m\u00e4\u00e4r\u00e4aikaisen ty\u00f6sopimuksen, jos siihen on lainmukainen peruste. Ty\u00f6sopimuksessa pit\u00e4\u00e4 kertoa ty\u00f6n p\u00e4\u00e4ttymisaika tai arvio siit\u00e4. Vuokraty\u00f6h\u00f6n sovelletaan samoja s\u00e4\u00e4nn\u00f6ksi\u00e4 kuin muihinkin ty\u00f6suhteisiin.<\/p>\n\n\n\n<h2 class=\"wp-block-heading\">Alustaty\u00f6<\/h2>\n\n\n\n<p>Alustaty\u00f6ss\u00e4 otat vastaan toimeksiantoja jonkin s\u00e4hk\u00f6isen alustan kautta. Alustaty\u00f6 on yleist\u00e4 esimerkiksi ruokakuljetuksissa.<\/p>\n\n\n\n<p>Monessa maassa on keskusteltu siit\u00e4, pit\u00e4isik\u00f6 alustaty\u00f6ntekij\u00f6it\u00e4 kohdella palkansaajina. Suomessa he ovat t\u00e4ll\u00e4 hetkell\u00e4 yritt\u00e4ji\u00e4, vaikka he eiv\u00e4t saa itse p\u00e4\u00e4tt\u00e4\u00e4 ty\u00f6ajoista ja hinnoista.<\/p>\n\n\n\n<h2 class=\"wp-block-heading\"><span class='tooltipsall tooltipsincontent classtoolTips51'>Keikkaty\u00f6<\/span><\/h2>\n\n\n\n<p>Ty\u00f6nantaja voi palkata sinut tekem\u00e4\u00e4n lyhyen keikkaty\u00f6n. Keikkaty\u00f6kin on m\u00e4\u00e4r\u00e4aikainen ty\u00f6suhde, vaikka kesto olisi lyhyt ja ty\u00f6 teht\u00e4isiin kotona. My\u00f6s keikkaty\u00f6ss\u00e4 ty\u00f6sopimus kannattaa tehd\u00e4 kirjallisesti.<\/p>\n<script type=\"text\/javascript\"> toolTips('.classtoolTips38','<span class='tooltipsall tooltipsincontent classtoolTips38'>Ammattiliitto<\/span> parantaa ja puolustaa ty\u00f6ntekij\u00f6iden ty\u00f6ehtoja ja oikeuksia. Ammattiliiton keskeinen idea on, ett\u00e4 isona joukkona ty\u00f6ntekij\u00f6ill\u00e4 on parempi neuvotteluasema ty\u00f6nantajien kanssa verrattuna siihen, ett\u00e4 jokainen ty\u00f6ntekij\u00e4 neuvottelisi ty\u00f6ehdoistaan itse.<br\/><br\/>Ammattiliitto neuvottelee j\u00e4sentens\u00e4 ja heid\u00e4n ammattiryhm\u00e4ns\u00e4 tai toimialansa ty\u00f6ehdoista ty\u00f6nantajien edustajien kanssa. Ammattiliitto voi edist\u00e4\u00e4 ty\u00f6nantajille esitt\u00e4mi\u00e4\u00e4n vaatimuksia uhkaamalla lakolla ja tarvittaessa my\u00f6s toteuttaa t\u00e4m\u00e4n uhan.'); <\/script><script type=\"text\/javascript\"> toolTips('.classtoolTips51','Joustavaa tilap\u00e4ist\u00e4 ty\u00f6t\u00e4, jota tehd\u00e4\u00e4n usein lyhytaikaisissa projekteissa tai keikkaluonteisesti eri ty\u00f6nantajien palveluksessa. Keikkaty\u00f6 voi olla esimerkiksi satunnaista p\u00e4tk\u00e4ty\u00f6t\u00e4, vuokraty\u00f6t\u00e4 tai freelancer-ty\u00f6t\u00e4.'); <\/script><script type=\"text\/javascript\"> toolTips('.classtoolTips52','Vuokraty\u00f6yritys palkkaa vuokraty\u00f6h\u00f6n ty\u00f6ntekij\u00e4n, jonka yritys v\u00e4litt\u00e4\u00e4 k\u00e4ytt\u00e4j\u00e4yritykseen. Ty\u00f6ntekij\u00e4 saa palkkansa ja muut ty\u00f6suhteeseen liittyv\u00e4t asiat vuokraty\u00f6yrityksest\u00e4, kun taas k\u00e4ytt\u00e4j\u00e4yritys huolehtii ty\u00f6n tekemisest\u00e4 ja sen j\u00e4rjestelyist\u00e4.<br\/><br\/>&nbsp;'); <\/script><script type=\"text\/javascript\"> toolTips('.classtoolTips58','Et\u00e4ty\u00f6 on kiinte\u00e4n ty\u00f6pisteen ulkopuolella teht\u00e4v\u00e4\u00e4 ty\u00f6t\u00e4.'); <\/script>","protected":false},"excerpt":{"rendered":"<p>Ty\u00f6n tekemisen tavat ovat muuttuneet. Ty\u00f6el\u00e4m\u00e4 on nyky\u00e4\u00e4n joustavaa, ja moni ty\u00f6nantaja tarjoaa mahdollisuutta et\u00e4ty\u00f6h\u00f6n. Ty\u00f6t\u00e4 tehd\u00e4\u00e4n entist\u00e4 useammin my\u00f6s yritt\u00e4j\u00e4n\u00e4. Ota yhteytt\u00e4 ammattiliittoon, jos et ole varma siit\u00e4, onko kyseess\u00e4 ty\u00f6suhde vai itsen\u00e4inen ammatinharjoittaminen. T\u00e4m\u00e4 vaikuttaa merkitt\u00e4v\u00e4sti oikeuksiin ja velvoitteisiin. Vuokraty\u00f6 Vuokraty\u00f6ss\u00e4 teet ty\u00f6sopimuksen ty\u00f6voimaa vuokraavan yrityksen kanssa. Vuokraty\u00f6nantaja saa siirt\u00e4\u00e4 sinut haluamaansa ty\u00f6paikkaan, [&hellip;]<\/p>\n","protected":false},"author":2,"featured_media":0,"parent":9757,"menu_order":0,"comment_status":"closed","ping_status":"closed","template":"","meta":{"_acf_changed":false,"footnotes":""},"asiasana":[34,31],"omistaja":[],"class_list":["post-4625","page","type-page","status-publish","hentry","asiasana-tyosuhde","asiasana-yrittajyys"],"acf":[],"yoast_head":"<!-- This site is optimized with the Yoast SEO plugin v26.5 - https:\/\/yoast.com\/wordpress\/plugins\/seo\/ -->\n<title>Ty\u00f6n tekemisen tavat - Ty\u00f6el\u00e4m\u00e4\u00e4n.fi<\/title>\n<meta name=\"robots\" content=\"index, follow, max-snippet:-1, max-image-preview:large, max-video-preview:-1\" \/>\n<link rel=\"canonical\" href=\"https:\/\/tyoelamaan.staging.web-veistamo.fi\/tyoelama\/tyon-tekemisen-tavat\/\" \/>\n<meta property=\"og:locale\" content=\"fi_FI\" \/>\n<meta property=\"og:type\" content=\"article\" \/>\n<meta property=\"og:title\" content=\"Ty\u00f6n tekemisen tavat - Ty\u00f6el\u00e4m\u00e4\u00e4n.fi\" \/>\n<meta property=\"og:description\" content=\"Ty\u00f6n tekemisen tavat ovat muuttuneet. Ty\u00f6el\u00e4m\u00e4 on nyky\u00e4\u00e4n joustavaa, ja moni ty\u00f6nantaja tarjoaa mahdollisuutta et\u00e4ty\u00f6h\u00f6n. Ty\u00f6t\u00e4 tehd\u00e4\u00e4n entist\u00e4 useammin my\u00f6s yritt\u00e4j\u00e4n\u00e4. Ota yhteytt\u00e4 ammattiliittoon, jos et ole varma siit\u00e4, onko kyseess\u00e4 ty\u00f6suhde vai itsen\u00e4inen ammatinharjoittaminen. T\u00e4m\u00e4 vaikuttaa merkitt\u00e4v\u00e4sti oikeuksiin ja velvoitteisiin. Vuokraty\u00f6 Vuokraty\u00f6ss\u00e4 teet ty\u00f6sopimuksen ty\u00f6voimaa vuokraavan yrityksen kanssa. Vuokraty\u00f6nantaja saa siirt\u00e4\u00e4 sinut haluamaansa ty\u00f6paikkaan, [&hellip;]\" \/>\n<meta property=\"og:url\" content=\"https:\/\/tyoelamaan.staging.web-veistamo.fi\/tyoelama\/tyon-tekemisen-tavat\/\" \/>\n<meta property=\"og:site_name\" content=\"Ty\u00f6el\u00e4m\u00e4\u00e4n.fi\" \/>\n<meta property=\"article:modified_time\" content=\"2024-12-17T04:19:29+00:00\" \/>\n<meta name=\"twitter:card\" content=\"summary_large_image\" \/>\n<meta name=\"twitter:label1\" content=\"Est. reading time\" \/>\n\t<meta name=\"twitter:data1\" content=\"2 minutes\" \/>\n<script type=\"application\/ld+json\" class=\"yoast-schema-graph\">{\"@context\":\"https:\/\/schema.org\",\"@graph\":[{\"@type\":\"WebPage\",\"@id\":\"https:\/\/tyoelamaan.staging.web-veistamo.fi\/tyoelama\/tyon-tekemisen-tavat\/\",\"url\":\"https:\/\/tyoelamaan.staging.web-veistamo.fi\/tyoelama\/tyon-tekemisen-tavat\/\",\"name\":\"Ty\u00f6n tekemisen tavat - Ty\u00f6el\u00e4m\u00e4\u00e4n.fi\",\"isPartOf\":{\"@id\":\"https:\/\/tyoelamaan.staging.web-veistamo.fi\/#website\"},\"datePublished\":\"2021-05-03T12:49:03+00:00\",\"dateModified\":\"2024-12-17T04:19:29+00:00\",\"breadcrumb\":{\"@id\":\"https:\/\/tyoelamaan.staging.web-veistamo.fi\/tyoelama\/tyon-tekemisen-tavat\/#breadcrumb\"},\"inLanguage\":\"fi-selko\",\"potentialAction\":[{\"@type\":\"ReadAction\",\"target\":[\"https:\/\/tyoelamaan.staging.web-veistamo.fi\/tyoelama\/tyon-tekemisen-tavat\/\"]}]},{\"@type\":\"BreadcrumbList\",\"@id\":\"https:\/\/tyoelamaan.staging.web-veistamo.fi\/tyoelama\/tyon-tekemisen-tavat\/#breadcrumb\",\"itemListElement\":[{\"@type\":\"ListItem\",\"position\":1,\"name\":\"Home\",\"item\":\"https:\/\/tyoelamaan.staging.web-veistamo.fi\/selko\/\"},{\"@type\":\"ListItem\",\"position\":2,\"name\":\"Ty\u00f6el\u00e4m\u00e4\",\"item\":\"https:\/\/tyoelamaan.staging.web-veistamo.fi\/tyoelama\/\"},{\"@type\":\"ListItem\",\"position\":3,\"name\":\"Ty\u00f6n tekemisen tavat\"}]},{\"@type\":\"WebSite\",\"@id\":\"https:\/\/tyoelamaan.staging.web-veistamo.fi\/#website\",\"url\":\"https:\/\/tyoelamaan.staging.web-veistamo.fi\/\",\"name\":\"Ty\u00f6el\u00e4m\u00e4\u00e4n.fi\",\"description\":\"\",\"publisher\":{\"@id\":\"https:\/\/tyoelamaan.staging.web-veistamo.fi\/#organization\"},\"potentialAction\":[{\"@type\":\"SearchAction\",\"target\":{\"@type\":\"EntryPoint\",\"urlTemplate\":\"https:\/\/tyoelamaan.staging.web-veistamo.fi\/?s={search_term_string}\"},\"query-input\":{\"@type\":\"PropertyValueSpecification\",\"valueRequired\":true,\"valueName\":\"search_term_string\"}}],\"inLanguage\":\"fi-selko\"},{\"@type\":\"Organization\",\"@id\":\"https:\/\/tyoelamaan.staging.web-veistamo.fi\/#organization\",\"name\":\"Ty\u00f6el\u00e4m\u00e4\u00e4n.fi\",\"url\":\"https:\/\/tyoelamaan.staging.web-veistamo.fi\/\",\"logo\":{\"@type\":\"ImageObject\",\"inLanguage\":\"fi-selko\",\"@id\":\"https:\/\/tyoelamaan.staging.web-veistamo.fi\/#\/schema\/logo\/image\/\",\"url\":\"https:\/\/tyoelamaan.staging.web-veistamo.fi\/wp-content\/uploads\/2024\/11\/tyoelamaan_logo.svg\",\"contentUrl\":\"https:\/\/tyoelamaan.staging.web-veistamo.fi\/wp-content\/uploads\/2024\/11\/tyoelamaan_logo.svg\",\"width\":131,\"height\":30,\"caption\":\"Ty\u00f6el\u00e4m\u00e4\u00e4n.fi\"},\"image\":{\"@id\":\"https:\/\/tyoelamaan.staging.web-veistamo.fi\/#\/schema\/logo\/image\/\"}}]}<\/script>\n<!-- \/ Yoast SEO plugin. -->","yoast_head_json":{"title":"Ty\u00f6n tekemisen tavat - Ty\u00f6el\u00e4m\u00e4\u00e4n.fi","robots":{"index":"index","follow":"follow","max-snippet":"max-snippet:-1","max-image-preview":"max-image-preview:large","max-video-preview":"max-video-preview:-1"},"canonical":"https:\/\/tyoelamaan.staging.web-veistamo.fi\/tyoelama\/tyon-tekemisen-tavat\/","og_locale":"fi_FI","og_type":"article","og_title":"Ty\u00f6n tekemisen tavat - Ty\u00f6el\u00e4m\u00e4\u00e4n.fi","og_description":"Ty\u00f6n tekemisen tavat ovat muuttuneet. Ty\u00f6el\u00e4m\u00e4 on nyky\u00e4\u00e4n joustavaa, ja moni ty\u00f6nantaja tarjoaa mahdollisuutta et\u00e4ty\u00f6h\u00f6n. Ty\u00f6t\u00e4 tehd\u00e4\u00e4n entist\u00e4 useammin my\u00f6s yritt\u00e4j\u00e4n\u00e4. Ota yhteytt\u00e4 ammattiliittoon, jos et ole varma siit\u00e4, onko kyseess\u00e4 ty\u00f6suhde vai itsen\u00e4inen ammatinharjoittaminen. T\u00e4m\u00e4 vaikuttaa merkitt\u00e4v\u00e4sti oikeuksiin ja velvoitteisiin. Vuokraty\u00f6 Vuokraty\u00f6ss\u00e4 teet ty\u00f6sopimuksen ty\u00f6voimaa vuokraavan yrityksen kanssa. Vuokraty\u00f6nantaja saa siirt\u00e4\u00e4 sinut haluamaansa ty\u00f6paikkaan, [&hellip;]","og_url":"https:\/\/tyoelamaan.staging.web-veistamo.fi\/tyoelama\/tyon-tekemisen-tavat\/","og_site_name":"Ty\u00f6el\u00e4m\u00e4\u00e4n.fi","article_modified_time":"2024-12-17T04:19:29+00:00","twitter_card":"summary_large_image","twitter_misc":{"Est. reading time":"2 minutes"},"schema":{"@context":"https:\/\/schema.org","@graph":[{"@type":"WebPage","@id":"https:\/\/tyoelamaan.staging.web-veistamo.fi\/tyoelama\/tyon-tekemisen-tavat\/","url":"https:\/\/tyoelamaan.staging.web-veistamo.fi\/tyoelama\/tyon-tekemisen-tavat\/","name":"Ty\u00f6n tekemisen tavat - Ty\u00f6el\u00e4m\u00e4\u00e4n.fi","isPartOf":{"@id":"https:\/\/tyoelamaan.staging.web-veistamo.fi\/#website"},"datePublished":"2021-05-03T12:49:03+00:00","dateModified":"2024-12-17T04:19:29+00:00","breadcrumb":{"@id":"https:\/\/tyoelamaan.staging.web-veistamo.fi\/tyoelama\/tyon-tekemisen-tavat\/#breadcrumb"},"inLanguage":"fi-selko","potentialAction":[{"@type":"ReadAction","target":["https:\/\/tyoelamaan.staging.web-veistamo.fi\/tyoelama\/tyon-tekemisen-tavat\/"]}]},{"@type":"BreadcrumbList","@id":"https:\/\/tyoelamaan.staging.web-veistamo.fi\/tyoelama\/tyon-tekemisen-tavat\/#breadcrumb","itemListElement":[{"@type":"ListItem","position":1,"name":"Home","item":"https:\/\/tyoelamaan.staging.web-veistamo.fi\/selko\/"},{"@type":"ListItem","position":2,"name":"Ty\u00f6el\u00e4m\u00e4","item":"https:\/\/tyoelamaan.staging.web-veistamo.fi\/tyoelama\/"},{"@type":"ListItem","position":3,"name":"Ty\u00f6n tekemisen tavat"}]},{"@type":"WebSite","@id":"https:\/\/tyoelamaan.staging.web-veistamo.fi\/#website","url":"https:\/\/tyoelamaan.staging.web-veistamo.fi\/","name":"Ty\u00f6el\u00e4m\u00e4\u00e4n.fi","description":"","publisher":{"@id":"https:\/\/tyoelamaan.staging.web-veistamo.fi\/#organization"},"potentialAction":[{"@type":"SearchAction","target":{"@type":"EntryPoint","urlTemplate":"https:\/\/tyoelamaan.staging.web-veistamo.fi\/?s={search_term_string}"},"query-input":{"@type":"PropertyValueSpecification","valueRequired":true,"valueName":"search_term_string"}}],"inLanguage":"fi-selko"},{"@type":"Organization","@id":"https:\/\/tyoelamaan.staging.web-veistamo.fi\/#organization","name":"Ty\u00f6el\u00e4m\u00e4\u00e4n.fi","url":"https:\/\/tyoelamaan.staging.web-veistamo.fi\/","logo":{"@type":"ImageObject","inLanguage":"fi-selko","@id":"https:\/\/tyoelamaan.staging.web-veistamo.fi\/#\/schema\/logo\/image\/","url":"https:\/\/tyoelamaan.staging.web-veistamo.fi\/wp-content\/uploads\/2024\/11\/tyoelamaan_logo.svg","contentUrl":"https:\/\/tyoelamaan.staging.web-veistamo.fi\/wp-content\/uploads\/2024\/11\/tyoelamaan_logo.svg","width":131,"height":30,"caption":"Ty\u00f6el\u00e4m\u00e4\u00e4n.fi"},"image":{"@id":"https:\/\/tyoelamaan.staging.web-veistamo.fi\/#\/schema\/logo\/image\/"}}]}},"_links":{"self":[{"href":"https:\/\/tyoelamaan.staging.web-veistamo.fi\/selko\/wp-json\/wp\/v2\/pages\/4625","targetHints":{"allow":["GET"]}}],"collection":[{"href":"https:\/\/tyoelamaan.staging.web-veistamo.fi\/selko\/wp-json\/wp\/v2\/pages"}],"about":[{"href":"https:\/\/tyoelamaan.staging.web-veistamo.fi\/selko\/wp-json\/wp\/v2\/types\/page"}],"author":[{"embeddable":true,"href":"https:\/\/tyoelamaan.staging.web-veistamo.fi\/selko\/wp-json\/wp\/v2\/users\/2"}],"replies":[{"embeddable":true,"href":"https:\/\/tyoelamaan.staging.web-veistamo.fi\/selko\/wp-json\/wp\/v2\/comments?post=4625"}],"version-history":[{"count":5,"href":"https:\/\/tyoelamaan.staging.web-veistamo.fi\/selko\/wp-json\/wp\/v2\/pages\/4625\/revisions"}],"predecessor-version":[{"id":11005,"href":"https:\/\/tyoelamaan.staging.web-veistamo.fi\/selko\/wp-json\/wp\/v2\/pages\/4625\/revisions\/11005"}],"up":[{"embeddable":true,"href":"https:\/\/tyoelamaan.staging.web-veistamo.fi\/selko\/wp-json\/wp\/v2\/pages\/9757"}],"wp:attachment":[{"href":"https:\/\/tyoelamaan.staging.web-veistamo.fi\/selko\/wp-json\/wp\/v2\/media?parent=4625"}],"wp:term":[{"taxonomy":"asiasana","embeddable":true,"href":"https:\/\/tyoelamaan.staging.web-veistamo.fi\/selko\/wp-json\/wp\/v2\/asiasana?post=4625"},{"taxonomy":"omistaja","embeddable":true,"href":"https:\/\/tyoelamaan.staging.web-veistamo.fi\/selko\/wp-json\/wp\/v2\/omistaja?post=4625"}],"curies":[{"name":"wp","href":"https:\/\/api.w.org\/{rel}","templated":true}]}}