{"id":4614,"date":"2021-04-29T15:34:46","date_gmt":"2021-04-29T12:34:46","guid":{"rendered":"https:\/\/tyoelamaan.fi\/?page_id=4614"},"modified":"2024-12-17T06:19:29","modified_gmt":"2024-12-17T04:19:29","slug":"tyonhaku","status":"publish","type":"page","link":"https:\/\/tyoelamaan.staging.web-veistamo.fi\/selko\/tyon-aloitus\/tyonhaku\/","title":{"rendered":"Ty\u00f6nhaku"},"content":{"rendered":"\n<p>Ty\u00f6t\u00e4 saattaa joutua hakemaan jopa useita kertoja vuodessa. Oma ura etenee ty\u00f6 kerrallaan.<\/p>\n\n\n\n<h2 class=\"wp-block-heading\">Mit\u00e4 tarvitset ty\u00f6nhaussa?<\/h2>\n\n\n\n<h3 class=\"wp-block-heading\">Ty\u00f6hakemus<\/h3>\n\n\n\n<p>Ty\u00f6hakemuksessa osoitat, ett\u00e4 sovit ilmoituksessa kuvattuun ty\u00f6h\u00f6n. Korosta omia vahvuuksiasi, jotka tekev\u00e4t sinusta teht\u00e4v\u00e4\u00e4n sopivan. Nuorelta ty\u00f6nhakijalta puuttuu ty\u00f6kokemusta, mutta sen voi korvata osoittamalla intoa uuden oppimiseen.<\/p>\n\n\n\n<p>Ty\u00f6hakemus pit\u00e4\u00e4 kirjoittaa jokaiseen paikkaan erikseen. Korosta hakemuksessa juuri niit\u00e4 asioita, joita kyseisess\u00e4 paikassa tarvitaan. Samaa hakemusta ei kannata l\u00e4hett\u00e4\u00e4 moneen paikkaan.<\/p>\n\n\n\n<p>Hakemuksessa perustelet, miksi haluat kyseiseen teht\u00e4v\u00e4\u00e4n. Kerro hakemuksessa koulutuksesi ja ty\u00f6kokemuksesi. Jos sinulla ei ole ty\u00f6kokemusta, kerro harrastuksista ja luottamusteht\u00e4vist\u00e4.<\/p>\n\n\n\n<p>Ty\u00f6hakemuksessa ei saa olla turhan vaatimaton, mutta pit\u00e4\u00e4 pysy\u00e4 totuudessa. Hakemuksen sopiva pituus on yksi sivu (A4).<\/p>\n\n\n\n<h3 class=\"wp-block-heading\">Videohakemus<\/h3>\n\n\n\n<p>Hakemuksen voi tehd\u00e4 videona. Video tuo esiin omaa persoonaa, ja asenne v\u00e4littyy hyvin ty\u00f6nantajalle. Videohakemukset ovat yleistyneet, ja ty\u00f6nantaja voi pyyt\u00e4\u00e4 sit\u00e4 kirjallisen hakemuksen sijaan. Videon voi my\u00f6s tehd\u00e4 kirjallisen hakemuksen liitteeksi. Sill\u00e4 erottuu muista hakijoista.<\/p>\n\n\n\n<p>Hyv\u00e4 videohakemus on lyhyt ja ytimek\u00e4s. Korosta videolla samoja asioita kuin tavallisessa hakemuksessa. My\u00f6s video on syyt\u00e4 tehd\u00e4 joka paikkaan erikseen.<\/p>\n\n\n\n<p>Kiinnit\u00e4 videossa huomiota valaistukseen ja \u00e4\u00e4nen laatuun. Erityisi\u00e4 laitteita ei tarvita, sill\u00e4 hyv\u00e4\u00e4 j\u00e4lke\u00e4 saa aikaan my\u00f6s \u00e4lypuhelimella. Kuvaa video valoisassa ja hiljaisessa tilassa.<\/p>\n\n\n\n<p>Pyyd\u00e4 apua, jos et itse osaa kuvata ja editoida videota. Yst\u00e4vist\u00e4 l\u00f6ytyy varmasti joku, joka on innostunut videoiden tekemisest\u00e4.<\/p>\n\n\n\n<div class=\"wp-block-as-blocks-accordion-block\"><div class=\"accordion\"><div class=\"accordion-item\"><h4 class=\"accordion-header\" id=\"block-55bbf990-bb92-4157-9f95-fccc3aa017caheading\"><button class=\"accordion-button collapsed\" type=\"button\" data-bs-toggle=\"collapse\" data-bs-target=\"#block-55bbf990-bb92-4157-9f95-fccc3aa017ca\" aria-expanded=\"false\" aria-controls=\"block-55bbf990-bb92-4157-9f95-fccc3aa017ca\">Ansioluettelo<\/button><\/h4><div id=\"block-55bbf990-bb92-4157-9f95-fccc3aa017ca\" class=\"accordion-collapse collapse\" aria-labelledby=\"block-55bbf990-bb92-4157-9f95-fccc3aa017caheading\"><div class=\"accordion-body\">\n<p>Ansioluettelo eli CV t\u00e4ydent\u00e4\u00e4 ty\u00f6hakemusta. Siit\u00e4 ilmenee osaaminen, koulutus ja ty\u00f6kokemus. Ansioluettelon tiedot esitet\u00e4\u00e4n uusimmasta vanhimpaan eli tuorein tieto ensin.<\/p>\n\n\n\n<p>Hyv\u00e4 ansioluettelo on virheet\u00f6n ja selke\u00e4. Se korostaa ty\u00f6n kannalta olennaisia asioita. Ansioluettelon sopiva pituus on kaksi sivua (A4). Mainitse ansioluettelossa ensin kaikki ty\u00f6kokemus. Lis\u00e4ksi voit kertoa vapaaehtoist\u00f6ist\u00e4 ja kursseista.<\/p>\n\n\n\n<p><a href=\"https:\/\/tyoelamaan.staging.web-veistamo.fi\/blog\/materiaali\/ansioluettelomalli\/\" target=\"_blank\" rel=\"noreferrer noopener\">Lataa itsellesi ilmainen ansioluettelon malli.<\/a><\/p>\n<\/div><\/div><\/div><\/div><\/div>\n\n\n\n<div class=\"wp-block-as-blocks-accordion-block\"><div class=\"accordion\"><div class=\"accordion-item\"><h4 class=\"accordion-header\" id=\"block-9c14cc17-62c6-404a-a7b5-23f4f6e8b238heading\"><button class=\"accordion-button collapsed\" type=\"button\" data-bs-toggle=\"collapse\" data-bs-target=\"#block-9c14cc17-62c6-404a-a7b5-23f4f6e8b238\" aria-expanded=\"false\" aria-controls=\"block-9c14cc17-62c6-404a-a7b5-23f4f6e8b238\">Visuaalinen ansioluettelo<\/button><\/h4><div id=\"block-9c14cc17-62c6-404a-a7b5-23f4f6e8b238\" class=\"accordion-collapse collapse\" aria-labelledby=\"block-9c14cc17-62c6-404a-a7b5-23f4f6e8b238heading\"><div class=\"accordion-body\">\n<p>Tavallinen ansioluettelo voi j\u00e4\u00e4d\u00e4 huomiotta, jos hakijoita on paljon. Ilmaisella Canva-sivustolla voit tehd\u00e4 ansioluetteloosi n\u00e4ytt\u00e4v\u00e4n ulkoasun. Mieti kuitenkin, millainen tyyli sopii hakemaasi ty\u00f6paikkaan.<\/p>\n\n\n\n<p><strong>Hy\u00f6dyllisi\u00e4 linkkej\u00e4:<\/strong><\/p>\n\n\n\n<p><a href=\"https:\/\/www.canva.com\/\">Canva<\/a><\/p>\n<\/div><\/div><\/div><\/div><\/div>\n\n\n\n<div class=\"wp-block-as-blocks-accordion-block\"><div class=\"accordion\"><div class=\"accordion-item\"><h4 class=\"accordion-header\" id=\"block-a574ee9d-7ae5-4fcd-859e-3ea1ce010d9bheading\"><button class=\"accordion-button collapsed\" type=\"button\" data-bs-toggle=\"collapse\" data-bs-target=\"#block-a574ee9d-7ae5-4fcd-859e-3ea1ce010d9b\" aria-expanded=\"false\" aria-controls=\"block-a574ee9d-7ae5-4fcd-859e-3ea1ce010d9b\">Portfolio<\/button><\/h4><div id=\"block-a574ee9d-7ae5-4fcd-859e-3ea1ce010d9b\" class=\"accordion-collapse collapse\" aria-labelledby=\"block-a574ee9d-7ae5-4fcd-859e-3ea1ce010d9bheading\"><div class=\"accordion-body\">\n<p>Ker\u00e4\u00e4 ty\u00f6n\u00e4ytteit\u00e4si talteen. Ty\u00f6kansio eli portfolio on hyv\u00e4 tapa vakuuttaa ty\u00f6nantaja osaamisestaan, kun ty\u00f6kokemusta ei viel\u00e4 ole kertynyt.<\/p>\n<\/div><\/div><\/div><\/div><\/div>\n\n\n\n<div class=\"wp-block-as-blocks-accordion-block\"><div class=\"accordion\"><div class=\"accordion-item\"><h4 class=\"accordion-header\" id=\"block-76d7000f-4862-4ee5-88dc-2d86e23eee9eheading\"><button class=\"accordion-button collapsed\" type=\"button\" data-bs-toggle=\"collapse\" data-bs-target=\"#block-76d7000f-4862-4ee5-88dc-2d86e23eee9e\" aria-expanded=\"false\" aria-controls=\"block-76d7000f-4862-4ee5-88dc-2d86e23eee9e\">Suosittelijat<\/button><\/h4><div id=\"block-76d7000f-4862-4ee5-88dc-2d86e23eee9e\" class=\"accordion-collapse collapse\" aria-labelledby=\"block-76d7000f-4862-4ee5-88dc-2d86e23eee9eheading\"><div class=\"accordion-body\">\n<p>Ty\u00f6nhaun aikana sinulta pyydet\u00e4\u00e4n usein suosittelijoita. Suosittelija voi olla esimies tai opettaja. Suosittelijalla pit\u00e4\u00e4 olla kokemusta ty\u00f6skentelyst\u00e4 kanssasi. \u00c4l\u00e4 siis pane suosittelijaksi ihmist\u00e4, joka ei ole seurannut ty\u00f6ntekoasi. Muista pyyt\u00e4\u00e4 suosittelijalta etuk\u00e4teen lupa.<\/p>\n<\/div><\/div><\/div><\/div><\/div>\n","protected":false},"excerpt":{"rendered":"<p>Ty\u00f6t\u00e4 saattaa joutua hakemaan jopa useita kertoja vuodessa. Oma ura etenee ty\u00f6 kerrallaan. Mit\u00e4 tarvitset ty\u00f6nhaussa? Ty\u00f6hakemus Ty\u00f6hakemuksessa osoitat, ett\u00e4 sovit ilmoituksessa kuvattuun ty\u00f6h\u00f6n. Korosta omia vahvuuksiasi, jotka tekev\u00e4t sinusta teht\u00e4v\u00e4\u00e4n sopivan. Nuorelta ty\u00f6nhakijalta puuttuu ty\u00f6kokemusta, mutta sen voi korvata osoittamalla intoa uuden oppimiseen. Ty\u00f6hakemus pit\u00e4\u00e4 kirjoittaa jokaiseen paikkaan erikseen. Korosta hakemuksessa juuri niit\u00e4 asioita, [&hellip;]<\/p>\n","protected":false},"author":2,"featured_media":0,"parent":10842,"menu_order":2,"comment_status":"closed","ping_status":"closed","template":"","meta":{"_acf_changed":false,"footnotes":""},"asiasana":[27],"omistaja":[],"class_list":["post-4614","page","type-page","status-publish","hentry","asiasana-tyonhaku"],"acf":[],"yoast_head":"<!-- This site is optimized with the Yoast SEO plugin v26.5 - https:\/\/yoast.com\/wordpress\/plugins\/seo\/ -->\n<title>Ty\u00f6hakemus ja haastattelu<\/title>\n<meta name=\"description\" content=\"Ty\u00f6t\u00e4 saattaa joutua hakemaan jopa useita kertoja vuodessa. Ty\u00f6hakemuksessa osoitat, ett\u00e4 sovit ilmoituksessa kuvattuun ty\u00f6h\u00f6n.\" \/>\n<meta name=\"robots\" content=\"index, follow, max-snippet:-1, max-image-preview:large, max-video-preview:-1\" \/>\n<link rel=\"canonical\" href=\"https:\/\/tyoelamaan.staging.web-veistamo.fi\/tyon-aloitus\/tyonhaku\/\" \/>\n<meta property=\"og:locale\" content=\"fi_FI\" \/>\n<meta property=\"og:type\" content=\"article\" \/>\n<meta property=\"og:title\" content=\"Ty\u00f6hakemus ja haastattelu\" \/>\n<meta property=\"og:description\" content=\"Ty\u00f6t\u00e4 saattaa joutua hakemaan jopa useita kertoja vuodessa. Ty\u00f6hakemuksessa osoitat, ett\u00e4 sovit ilmoituksessa kuvattuun ty\u00f6h\u00f6n.\" \/>\n<meta property=\"og:url\" content=\"https:\/\/tyoelamaan.staging.web-veistamo.fi\/tyon-aloitus\/tyonhaku\/\" \/>\n<meta property=\"og:site_name\" content=\"Ty\u00f6el\u00e4m\u00e4\u00e4n.fi\" \/>\n<meta property=\"article:modified_time\" content=\"2024-12-17T04:19:29+00:00\" \/>\n<meta name=\"twitter:card\" content=\"summary_large_image\" \/>\n<meta name=\"twitter:label1\" content=\"Est. reading time\" \/>\n\t<meta name=\"twitter:data1\" content=\"2 minutes\" \/>\n<script type=\"application\/ld+json\" class=\"yoast-schema-graph\">{\"@context\":\"https:\/\/schema.org\",\"@graph\":[{\"@type\":\"WebPage\",\"@id\":\"https:\/\/tyoelamaan.staging.web-veistamo.fi\/tyon-aloitus\/tyonhaku\/\",\"url\":\"https:\/\/tyoelamaan.staging.web-veistamo.fi\/tyon-aloitus\/tyonhaku\/\",\"name\":\"Ty\u00f6hakemus ja haastattelu\",\"isPartOf\":{\"@id\":\"https:\/\/tyoelamaan.staging.web-veistamo.fi\/#website\"},\"datePublished\":\"2021-04-29T12:34:46+00:00\",\"dateModified\":\"2024-12-17T04:19:29+00:00\",\"description\":\"Ty\u00f6t\u00e4 saattaa joutua hakemaan jopa useita kertoja vuodessa. Ty\u00f6hakemuksessa osoitat, ett\u00e4 sovit ilmoituksessa kuvattuun ty\u00f6h\u00f6n.\",\"breadcrumb\":{\"@id\":\"https:\/\/tyoelamaan.staging.web-veistamo.fi\/tyon-aloitus\/tyonhaku\/#breadcrumb\"},\"inLanguage\":\"fi-selko\",\"potentialAction\":[{\"@type\":\"ReadAction\",\"target\":[\"https:\/\/tyoelamaan.staging.web-veistamo.fi\/tyon-aloitus\/tyonhaku\/\"]}]},{\"@type\":\"BreadcrumbList\",\"@id\":\"https:\/\/tyoelamaan.staging.web-veistamo.fi\/tyon-aloitus\/tyonhaku\/#breadcrumb\",\"itemListElement\":[{\"@type\":\"ListItem\",\"position\":1,\"name\":\"Home\",\"item\":\"https:\/\/tyoelamaan.staging.web-veistamo.fi\/selko\/\"},{\"@type\":\"ListItem\",\"position\":2,\"name\":\"Ty\u00f6n aloitus\",\"item\":\"https:\/\/tyoelamaan.staging.web-veistamo.fi\/tyon-aloitus\/\"},{\"@type\":\"ListItem\",\"position\":3,\"name\":\"Ty\u00f6nhaku\"}]},{\"@type\":\"WebSite\",\"@id\":\"https:\/\/tyoelamaan.staging.web-veistamo.fi\/#website\",\"url\":\"https:\/\/tyoelamaan.staging.web-veistamo.fi\/\",\"name\":\"Ty\u00f6el\u00e4m\u00e4\u00e4n.fi\",\"description\":\"\",\"publisher\":{\"@id\":\"https:\/\/tyoelamaan.staging.web-veistamo.fi\/#organization\"},\"potentialAction\":[{\"@type\":\"SearchAction\",\"target\":{\"@type\":\"EntryPoint\",\"urlTemplate\":\"https:\/\/tyoelamaan.staging.web-veistamo.fi\/?s={search_term_string}\"},\"query-input\":{\"@type\":\"PropertyValueSpecification\",\"valueRequired\":true,\"valueName\":\"search_term_string\"}}],\"inLanguage\":\"fi-selko\"},{\"@type\":\"Organization\",\"@id\":\"https:\/\/tyoelamaan.staging.web-veistamo.fi\/#organization\",\"name\":\"Ty\u00f6el\u00e4m\u00e4\u00e4n.fi\",\"url\":\"https:\/\/tyoelamaan.staging.web-veistamo.fi\/\",\"logo\":{\"@type\":\"ImageObject\",\"inLanguage\":\"fi-selko\",\"@id\":\"https:\/\/tyoelamaan.staging.web-veistamo.fi\/#\/schema\/logo\/image\/\",\"url\":\"https:\/\/tyoelamaan.staging.web-veistamo.fi\/wp-content\/uploads\/2024\/11\/tyoelamaan_logo.svg\",\"contentUrl\":\"https:\/\/tyoelamaan.staging.web-veistamo.fi\/wp-content\/uploads\/2024\/11\/tyoelamaan_logo.svg\",\"width\":131,\"height\":30,\"caption\":\"Ty\u00f6el\u00e4m\u00e4\u00e4n.fi\"},\"image\":{\"@id\":\"https:\/\/tyoelamaan.staging.web-veistamo.fi\/#\/schema\/logo\/image\/\"}}]}<\/script>\n<!-- \/ Yoast SEO plugin. -->","yoast_head_json":{"title":"Ty\u00f6hakemus ja haastattelu","description":"Ty\u00f6t\u00e4 saattaa joutua hakemaan jopa useita kertoja vuodessa. Ty\u00f6hakemuksessa osoitat, ett\u00e4 sovit ilmoituksessa kuvattuun ty\u00f6h\u00f6n.","robots":{"index":"index","follow":"follow","max-snippet":"max-snippet:-1","max-image-preview":"max-image-preview:large","max-video-preview":"max-video-preview:-1"},"canonical":"https:\/\/tyoelamaan.staging.web-veistamo.fi\/tyon-aloitus\/tyonhaku\/","og_locale":"fi_FI","og_type":"article","og_title":"Ty\u00f6hakemus ja haastattelu","og_description":"Ty\u00f6t\u00e4 saattaa joutua hakemaan jopa useita kertoja vuodessa. Ty\u00f6hakemuksessa osoitat, ett\u00e4 sovit ilmoituksessa kuvattuun ty\u00f6h\u00f6n.","og_url":"https:\/\/tyoelamaan.staging.web-veistamo.fi\/tyon-aloitus\/tyonhaku\/","og_site_name":"Ty\u00f6el\u00e4m\u00e4\u00e4n.fi","article_modified_time":"2024-12-17T04:19:29+00:00","twitter_card":"summary_large_image","twitter_misc":{"Est. reading time":"2 minutes"},"schema":{"@context":"https:\/\/schema.org","@graph":[{"@type":"WebPage","@id":"https:\/\/tyoelamaan.staging.web-veistamo.fi\/tyon-aloitus\/tyonhaku\/","url":"https:\/\/tyoelamaan.staging.web-veistamo.fi\/tyon-aloitus\/tyonhaku\/","name":"Ty\u00f6hakemus ja haastattelu","isPartOf":{"@id":"https:\/\/tyoelamaan.staging.web-veistamo.fi\/#website"},"datePublished":"2021-04-29T12:34:46+00:00","dateModified":"2024-12-17T04:19:29+00:00","description":"Ty\u00f6t\u00e4 saattaa joutua hakemaan jopa useita kertoja vuodessa. Ty\u00f6hakemuksessa osoitat, ett\u00e4 sovit ilmoituksessa kuvattuun ty\u00f6h\u00f6n.","breadcrumb":{"@id":"https:\/\/tyoelamaan.staging.web-veistamo.fi\/tyon-aloitus\/tyonhaku\/#breadcrumb"},"inLanguage":"fi-selko","potentialAction":[{"@type":"ReadAction","target":["https:\/\/tyoelamaan.staging.web-veistamo.fi\/tyon-aloitus\/tyonhaku\/"]}]},{"@type":"BreadcrumbList","@id":"https:\/\/tyoelamaan.staging.web-veistamo.fi\/tyon-aloitus\/tyonhaku\/#breadcrumb","itemListElement":[{"@type":"ListItem","position":1,"name":"Home","item":"https:\/\/tyoelamaan.staging.web-veistamo.fi\/selko\/"},{"@type":"ListItem","position":2,"name":"Ty\u00f6n aloitus","item":"https:\/\/tyoelamaan.staging.web-veistamo.fi\/tyon-aloitus\/"},{"@type":"ListItem","position":3,"name":"Ty\u00f6nhaku"}]},{"@type":"WebSite","@id":"https:\/\/tyoelamaan.staging.web-veistamo.fi\/#website","url":"https:\/\/tyoelamaan.staging.web-veistamo.fi\/","name":"Ty\u00f6el\u00e4m\u00e4\u00e4n.fi","description":"","publisher":{"@id":"https:\/\/tyoelamaan.staging.web-veistamo.fi\/#organization"},"potentialAction":[{"@type":"SearchAction","target":{"@type":"EntryPoint","urlTemplate":"https:\/\/tyoelamaan.staging.web-veistamo.fi\/?s={search_term_string}"},"query-input":{"@type":"PropertyValueSpecification","valueRequired":true,"valueName":"search_term_string"}}],"inLanguage":"fi-selko"},{"@type":"Organization","@id":"https:\/\/tyoelamaan.staging.web-veistamo.fi\/#organization","name":"Ty\u00f6el\u00e4m\u00e4\u00e4n.fi","url":"https:\/\/tyoelamaan.staging.web-veistamo.fi\/","logo":{"@type":"ImageObject","inLanguage":"fi-selko","@id":"https:\/\/tyoelamaan.staging.web-veistamo.fi\/#\/schema\/logo\/image\/","url":"https:\/\/tyoelamaan.staging.web-veistamo.fi\/wp-content\/uploads\/2024\/11\/tyoelamaan_logo.svg","contentUrl":"https:\/\/tyoelamaan.staging.web-veistamo.fi\/wp-content\/uploads\/2024\/11\/tyoelamaan_logo.svg","width":131,"height":30,"caption":"Ty\u00f6el\u00e4m\u00e4\u00e4n.fi"},"image":{"@id":"https:\/\/tyoelamaan.staging.web-veistamo.fi\/#\/schema\/logo\/image\/"}}]}},"_links":{"self":[{"href":"https:\/\/tyoelamaan.staging.web-veistamo.fi\/selko\/wp-json\/wp\/v2\/pages\/4614","targetHints":{"allow":["GET"]}}],"collection":[{"href":"https:\/\/tyoelamaan.staging.web-veistamo.fi\/selko\/wp-json\/wp\/v2\/pages"}],"about":[{"href":"https:\/\/tyoelamaan.staging.web-veistamo.fi\/selko\/wp-json\/wp\/v2\/types\/page"}],"author":[{"embeddable":true,"href":"https:\/\/tyoelamaan.staging.web-veistamo.fi\/selko\/wp-json\/wp\/v2\/users\/2"}],"replies":[{"embeddable":true,"href":"https:\/\/tyoelamaan.staging.web-veistamo.fi\/selko\/wp-json\/wp\/v2\/comments?post=4614"}],"version-history":[{"count":10,"href":"https:\/\/tyoelamaan.staging.web-veistamo.fi\/selko\/wp-json\/wp\/v2\/pages\/4614\/revisions"}],"predecessor-version":[{"id":12499,"href":"https:\/\/tyoelamaan.staging.web-veistamo.fi\/selko\/wp-json\/wp\/v2\/pages\/4614\/revisions\/12499"}],"up":[{"embeddable":true,"href":"https:\/\/tyoelamaan.staging.web-veistamo.fi\/selko\/wp-json\/wp\/v2\/pages\/10842"}],"wp:attachment":[{"href":"https:\/\/tyoelamaan.staging.web-veistamo.fi\/selko\/wp-json\/wp\/v2\/media?parent=4614"}],"wp:term":[{"taxonomy":"asiasana","embeddable":true,"href":"https:\/\/tyoelamaan.staging.web-veistamo.fi\/selko\/wp-json\/wp\/v2\/asiasana?post=4614"},{"taxonomy":"omistaja","embeddable":true,"href":"https:\/\/tyoelamaan.staging.web-veistamo.fi\/selko\/wp-json\/wp\/v2\/omistaja?post=4614"}],"curies":[{"name":"wp","href":"https:\/\/api.w.org\/{rel}","templated":true}]}}