{"id":4588,"date":"2021-04-29T15:00:19","date_gmt":"2021-04-29T12:00:19","guid":{"rendered":"https:\/\/tyoelamaan.fi\/?page_id=4588"},"modified":"2024-12-17T10:28:57","modified_gmt":"2024-12-17T08:28:57","slug":"mita-hyotya-on-ammattiliittoon-kuulumisesta","status":"publish","type":"page","link":"https:\/\/tyoelamaan.staging.web-veistamo.fi\/selko\/ammattiliitot\/mita-hyotya-on-ammattiliittoon-kuulumisesta\/","title":{"rendered":"Mit\u00e4 hy\u00f6ty\u00e4 on ammattiliittoon kuulumisesta?"},"content":{"rendered":"\n<div class=\"wp-block-columns is-layout-flex wp-container-core-columns-is-layout-28f84493 wp-block-columns-is-layout-flex\">\n<div class=\"wp-block-column is-layout-flow wp-block-column-is-layout-flow\">\n<p>Ty\u00f6el\u00e4m\u00e4n pelis\u00e4\u00e4nn\u00f6t kannattaa jokaisen tuntea, mutta yksin ei silti tarvitse p\u00e4rj\u00e4t\u00e4. Apua saat ty\u00f6paikan luottamusmiehelt\u00e4 ja omasta ammattiliitosta.<\/p>\n\n\n\n<p>Ty\u00f6ntekij\u00e4t ovat vahvoja, kun tekev\u00e4t yhteisty\u00f6t\u00e4. Mit\u00e4 enemm\u00e4n ty\u00f6ntekij\u00f6it\u00e4 liitossa on, sit\u00e4 helpompaa on neuvotella lis\u00e4\u00e4 palkkaa ja etuja.&nbsp;<\/p>\n<\/div>\n<\/div>\n\n\n\n<h2 class=\"wp-block-heading\"><span class='tooltipsall tooltipsincontent classtoolTips38'>Ammattiliitto<\/span> huolehtii eduistasi<\/h2>\n\n\n\n<p>Ammattiliitto huolehtii, ett\u00e4 lomat ja oikeudenmukainen palkka s\u00e4ilyv\u00e4t my\u00f6s tulevaisuudessa. Liitto tarjoaa saman alan ammattilaisista koostuvan yhteis\u00f6n ja asiantuntevaa apua.&nbsp;<\/p>\n\n\n\n<p>Ammattiliitot neuvottelevat ty\u00f6nantajien kanssa ty\u00f6ehtosopimukset eli tessit. Niiss\u00e4 sovitaan v\u00e4himm\u00e4ispalkoista, palkankorotuksista ja muista ty\u00f6ehdoista.<\/p>\n\n\n\n<h2 class=\"wp-block-heading\">Ammattiliitto tarjoaa tukea ja apua<\/h2>\n\n\n\n<p>J\u00e4sen saa liitostaan tukea ty\u00f6nhaussa, opinnoissa, ty\u00f6tt\u00f6m\u00e4n\u00e4 tai perhevapaalla. Voit ottaa yhteytt\u00e4, kun tarvitset apua ty\u00f6sopimuksen tarkistamisessa tai palkkatoiveen m\u00e4\u00e4ritt\u00e4misess\u00e4. Asiantuntija-apu on vain chatin, puhelun tai s\u00e4hk\u00f6postin p\u00e4\u00e4ss\u00e4.<\/p>\n\n\n\n<p>Erityisesti ammattiliiton merkitys korostuu, kun ty\u00f6ntekij\u00e4 kohtaa ongelmia. Silloin voi kysy\u00e4 apua ty\u00f6paikan luottamusmiehelt\u00e4 tai liiton j\u00e4senpalvelusta. Ammattiliitto tarjoaa my\u00f6s oikeusapua.&nbsp;<\/p>\n\n\n\n<h2 class=\"wp-block-heading\">Luottamusmiehen teht\u00e4v\u00e4t ja valinta<\/h2>\n\n\n\n<p>Ty\u00f6paikan <span class='tooltipsall tooltipsincontent classtoolTips39'>Luottamusmies<\/span> huolehtii siit\u00e4, ett\u00e4 ty\u00f6ntekij\u00f6it\u00e4 kohdellaan oikeudenmukaisesti ja tasa-arvoisesti. H\u00e4n valvoo, ett\u00e4 sopimuksia ja lakeja noudatetaan ja puuttuu ongelmiin.<\/p>\n\n\n\n<p>Jos ty\u00f6paikalla ei ole luottamusmiest\u00e4, kannattaa asia selvitt\u00e4\u00e4 liiton kanssa. Jos luottamusmiest\u00e4 ei ole mahdollista valita, voivat ty\u00f6ntekij\u00e4t valita keskuudestaan luottamusvaltuutetun. Valtuutetun teht\u00e4v\u00e4t m\u00e4\u00e4r\u00e4ytyv\u00e4t lain perusteella.<\/p>\n\n\n\n<h2 class=\"wp-block-heading\"><span class='tooltipsall tooltipsincontent classtoolTips10'>Paikallinen sopiminen<\/span><\/h2>\n\n\n\n<p>Ty\u00f6ehtosopimuksen mukaan tietyist\u00e4 asioista voi sopia omalla ty\u00f6paikalla. Jos asiasta ei paikallisesti sovita, noudatetaan ty\u00f6ehtosopimusta.<\/p>\n\n\n\n<p>Paikallisesti voidaan sopia jossain m\u00e4\u00e4rin palkoista ja ty\u00f6n vaativuuden arvioinnista. Samoin osa palkankorotuksista on voitu j\u00e4tt\u00e4\u00e4 ty\u00f6paikalla sovittavaksi. My\u00f6s ty\u00f6ajoista ja vuosilomista on mahdollista sopia paikallisesti.<\/p>\n\n\n\n<p>Jotta sopiminen onnistuu, ty\u00f6paikalla pit\u00e4\u00e4 olla luottamukselliset v\u00e4lit ty\u00f6nantajan ja henkil\u00f6st\u00f6n v\u00e4lill\u00e4. Sopiminen vaatii neuvottelutaitoja ja osapuolten tasavertaista asemaa. Luottamusmiehet tuntevat sopimukset ja lain, sill\u00e4 liitto kouluttaa heid\u00e4t. &nbsp;<\/p>\n\n\n<div class=\"editor-bg pink\">\n<h4 id=\"block-26c8c68b-abb4-4143-9f5e-da51514d2a57\" class=\"block-editor-rich-text__editable block-editor-block-list__block wp-block is-selected is-focused is-focus-mode rich-text\" role=\"group\" aria-label=\"Lohko: Heading\" data-block=\"26c8c68b-abb4-4143-9f5e-da51514d2a57\" data-type=\"core\/heading\" data-title=\"Heading\">Paikallinen sopiminen edellytt\u00e4\u00e4:<\/h4>\n<ul id=\"block-97410172-b0f6-47a8-a6ef-a33db4dd5be6\" class=\"block-editor-rich-text__editable block-editor-block-list__block wp-block is-selected is-focused is-focus-mode rich-text\" role=\"group\" aria-label=\"Lohko: List\" data-block=\"97410172-b0f6-47a8-a6ef-a33db4dd5be6\" data-type=\"core\/list\" data-title=\"List\">\n<li>luottamusta ja tasavertaista asemaa<\/li>\n<li>neuvottelutaitoja<\/li>\n<li>ty\u00f6ehtosopimusten tuntemusta<\/li>\n<li>ty\u00f6lains\u00e4\u00e4d\u00e4nn\u00f6n tuntemista.<\/li>\n<\/ul>\n<\/div>\n\n\n<p>Yll\u00e4olevat linkit viev\u00e4t pois selkosuomenkielisilt\u00e4 sivuilta.<\/p>\n<script type=\"text\/javascript\"> toolTips('.classtoolTips10','<span class=\"TextRun SCXW237268431 BCX9\" lang=\"FI-FI\" xml:lang=\"FI-FI\" data-contrast=\"none\"><span class=\"NormalTextRun SCXW237268431 BCX9\" data-ccp-parastyle=\"Normal (Web)\">Ty\u00f6- ja virkaehtosopimuksessa annettu oikeus sopia jostakin toisin ty\u00f6paikalla.<\/span><\/span><span class=\"EOP SCXW237268431 BCX9\" data-ccp-props=\"{&quot;134233117&quot;:false,&quot;134233118&quot;:true,&quot;201341983&quot;:0,&quot;335559738&quot;:0,&quot;335559740&quot;:240}\"> Paikallisella sopimisella tarkoitetaan ty\u00f6ntekij\u00f6iden ja ty\u00f6nantajien kesken ty\u00f6paikoilla ja yrityksiss\u00e4 tapahtuvaa ty\u00f6ehtoja koskevaa sopimista.<\/span>'); <\/script><script type=\"text\/javascript\"> toolTips('.classtoolTips38','Ammattiliitto parantaa ja puolustaa ty\u00f6ntekij\u00f6iden ty\u00f6ehtoja ja oikeuksia. Ammattiliiton keskeinen idea on, ett\u00e4 isona joukkona ty\u00f6ntekij\u00f6ill\u00e4 on parempi neuvotteluasema ty\u00f6nantajien kanssa verrattuna siihen, ett\u00e4 jokainen ty\u00f6ntekij\u00e4 neuvottelisi ty\u00f6ehdoistaan itse.<br\/><br\/>Ammattiliitto neuvottelee j\u00e4sentens\u00e4 ja heid\u00e4n ammattiryhm\u00e4ns\u00e4 tai toimialansa ty\u00f6ehdoista ty\u00f6nantajien edustajien kanssa. Ammattiliitto voi edist\u00e4\u00e4 ty\u00f6nantajille esitt\u00e4mi\u00e4\u00e4n vaatimuksia uhkaamalla lakolla ja tarvittaessa my\u00f6s toteuttaa t\u00e4m\u00e4n uhan.'); <\/script><script type=\"text\/javascript\"> toolTips('.classtoolTips39','<span class=\"TextRun SCXW49140076 BCX9\" lang=\"FI-FI\" xml:lang=\"FI-FI\" data-contrast=\"none\"><span class=\"NormalTextRun SCXW49140076 BCX9\" data-ccp-parastyle=\"Normal (Web)\">Luottamusmi<\/span><span class=\"NormalTextRun SCXW49140076 BCX9\" data-ccp-parastyle=\"Normal (Web)\">ehen <\/span><span class=\"NormalTextRun SCXW49140076 BCX9\" data-ccp-parastyle=\"Normal (Web)\">teht\u00e4v\u00e4n\u00e4 on valvoa ty\u00f6ehtosopimuksen ja ty\u00f6lakien noudattamista ty\u00f6paikalla. Usein luottamusmies on mukana selvittelem\u00e4ss\u00e4 ty\u00f6paikan tai yksitt\u00e4isten ty\u00f6ntekij\u00f6iden ongelmia. <\/span><\/span><br\/><br\/><span class=\"EOP SCXW49140076 BCX9\" data-ccp-props=\"{&quot;134233117&quot;:false,&quot;134233118&quot;:true,&quot;201341983&quot;:0,&quot;335559738&quot;:0,&quot;335559740&quot;:240}\">Luottamusmies on ammattiliiton kouluttama <span class='tooltipsall tooltipsincontent classtoolTips8'>Henkil\u00f6st\u00f6n edustaja<\/span>. Luottamushenkil\u00f6ll\u00e4 voidaan tarkoittaa sek\u00e4 luottamusmiest\u00e4 ett\u00e4 ty\u00f6suojeluvaltuutettua tai muuta luottamusteht\u00e4v\u00e4ss\u00e4 toimivaa henkil\u00f6\u00e4, joka ei ole saanut ammattiliiton j\u00e4rjest\u00e4m\u00e4\u00e4 koulutusta teht\u00e4v\u00e4\u00e4ns\u00e4.<\/span>'); <\/script>","protected":false},"excerpt":{"rendered":"<p>Ty\u00f6el\u00e4m\u00e4n pelis\u00e4\u00e4nn\u00f6t kannattaa jokaisen tuntea, mutta yksin ei silti tarvitse p\u00e4rj\u00e4t\u00e4. Apua saat ty\u00f6paikan luottamusmiehelt\u00e4 ja omasta ammattiliitosta. Ty\u00f6ntekij\u00e4t ovat vahvoja, kun tekev\u00e4t yhteisty\u00f6t\u00e4. Mit\u00e4 enemm\u00e4n ty\u00f6ntekij\u00f6it\u00e4 liitossa on, sit\u00e4 helpompaa on neuvotella lis\u00e4\u00e4 palkkaa ja etuja.&nbsp; Ammattiliitto huolehtii eduistasi Ammattiliitto huolehtii, ett\u00e4 lomat ja oikeudenmukainen palkka s\u00e4ilyv\u00e4t my\u00f6s tulevaisuudessa. Liitto tarjoaa saman alan ammattilaisista [&hellip;]<\/p>\n","protected":false},"author":2,"featured_media":0,"parent":10837,"menu_order":0,"comment_status":"closed","ping_status":"closed","template":"","meta":{"_acf_changed":false,"footnotes":""},"asiasana":[33],"omistaja":[],"class_list":["post-4588","page","type-page","status-publish","hentry","asiasana-ammattiliitto"],"acf":[],"yoast_head":"<!-- This site is optimized with the Yoast SEO plugin v26.5 - https:\/\/yoast.com\/wordpress\/plugins\/seo\/ -->\n<title>Mit\u00e4 hy\u00f6ty\u00e4 on ammattiliittoon kuulumisesta? - Ty\u00f6el\u00e4m\u00e4\u00e4n.fi<\/title>\n<meta name=\"robots\" content=\"index, follow, max-snippet:-1, max-image-preview:large, max-video-preview:-1\" \/>\n<link rel=\"canonical\" href=\"https:\/\/tyoelamaan.staging.web-veistamo.fi\/selko\/ammattiliitot\/mita-hyotya-on-ammattiliittoon-kuulumisesta\/\" \/>\n<meta property=\"og:locale\" content=\"fi_FI\" \/>\n<meta property=\"og:type\" content=\"article\" \/>\n<meta property=\"og:title\" content=\"Mit\u00e4 hy\u00f6ty\u00e4 on ammattiliittoon kuulumisesta? - Ty\u00f6el\u00e4m\u00e4\u00e4n.fi\" \/>\n<meta property=\"og:description\" content=\"Ty\u00f6el\u00e4m\u00e4n pelis\u00e4\u00e4nn\u00f6t kannattaa jokaisen tuntea, mutta yksin ei silti tarvitse p\u00e4rj\u00e4t\u00e4. Apua saat ty\u00f6paikan luottamusmiehelt\u00e4 ja omasta ammattiliitosta. Ty\u00f6ntekij\u00e4t ovat vahvoja, kun tekev\u00e4t yhteisty\u00f6t\u00e4. Mit\u00e4 enemm\u00e4n ty\u00f6ntekij\u00f6it\u00e4 liitossa on, sit\u00e4 helpompaa on neuvotella lis\u00e4\u00e4 palkkaa ja etuja.&nbsp; Ammattiliitto huolehtii eduistasi Ammattiliitto huolehtii, ett\u00e4 lomat ja oikeudenmukainen palkka s\u00e4ilyv\u00e4t my\u00f6s tulevaisuudessa. Liitto tarjoaa saman alan ammattilaisista [&hellip;]\" \/>\n<meta property=\"og:url\" content=\"https:\/\/tyoelamaan.staging.web-veistamo.fi\/selko\/ammattiliitot\/mita-hyotya-on-ammattiliittoon-kuulumisesta\/\" \/>\n<meta property=\"og:site_name\" content=\"Ty\u00f6el\u00e4m\u00e4\u00e4n.fi\" \/>\n<meta property=\"article:modified_time\" content=\"2024-12-17T08:28:57+00:00\" \/>\n<meta name=\"twitter:card\" content=\"summary_large_image\" \/>\n<meta name=\"twitter:label1\" content=\"Est. reading time\" \/>\n\t<meta name=\"twitter:data1\" content=\"2 minutes\" \/>\n<script type=\"application\/ld+json\" class=\"yoast-schema-graph\">{\"@context\":\"https:\/\/schema.org\",\"@graph\":[{\"@type\":\"WebPage\",\"@id\":\"https:\/\/tyoelamaan.staging.web-veistamo.fi\/selko\/ammattiliitot\/mita-hyotya-on-ammattiliittoon-kuulumisesta\/\",\"url\":\"https:\/\/tyoelamaan.staging.web-veistamo.fi\/selko\/ammattiliitot\/mita-hyotya-on-ammattiliittoon-kuulumisesta\/\",\"name\":\"Mit\u00e4 hy\u00f6ty\u00e4 on ammattiliittoon kuulumisesta? - Ty\u00f6el\u00e4m\u00e4\u00e4n.fi\",\"isPartOf\":{\"@id\":\"https:\/\/tyoelamaan.staging.web-veistamo.fi\/#website\"},\"datePublished\":\"2021-04-29T12:00:19+00:00\",\"dateModified\":\"2024-12-17T08:28:57+00:00\",\"breadcrumb\":{\"@id\":\"https:\/\/tyoelamaan.staging.web-veistamo.fi\/selko\/ammattiliitot\/mita-hyotya-on-ammattiliittoon-kuulumisesta\/#breadcrumb\"},\"inLanguage\":\"fi-selko\",\"potentialAction\":[{\"@type\":\"ReadAction\",\"target\":[\"https:\/\/tyoelamaan.staging.web-veistamo.fi\/selko\/ammattiliitot\/mita-hyotya-on-ammattiliittoon-kuulumisesta\/\"]}]},{\"@type\":\"BreadcrumbList\",\"@id\":\"https:\/\/tyoelamaan.staging.web-veistamo.fi\/selko\/ammattiliitot\/mita-hyotya-on-ammattiliittoon-kuulumisesta\/#breadcrumb\",\"itemListElement\":[{\"@type\":\"ListItem\",\"position\":1,\"name\":\"Home\",\"item\":\"https:\/\/tyoelamaan.staging.web-veistamo.fi\/selko\/\"},{\"@type\":\"ListItem\",\"position\":2,\"name\":\"Ammattiliitot\",\"item\":\"https:\/\/tyoelamaan.staging.web-veistamo.fi\/ammattiliitot\/\"},{\"@type\":\"ListItem\",\"position\":3,\"name\":\"Mit\u00e4 hy\u00f6ty\u00e4 on ammattiliittoon kuulumisesta?\"}]},{\"@type\":\"WebSite\",\"@id\":\"https:\/\/tyoelamaan.staging.web-veistamo.fi\/#website\",\"url\":\"https:\/\/tyoelamaan.staging.web-veistamo.fi\/\",\"name\":\"Ty\u00f6el\u00e4m\u00e4\u00e4n.fi\",\"description\":\"\",\"publisher\":{\"@id\":\"https:\/\/tyoelamaan.staging.web-veistamo.fi\/#organization\"},\"potentialAction\":[{\"@type\":\"SearchAction\",\"target\":{\"@type\":\"EntryPoint\",\"urlTemplate\":\"https:\/\/tyoelamaan.staging.web-veistamo.fi\/?s={search_term_string}\"},\"query-input\":{\"@type\":\"PropertyValueSpecification\",\"valueRequired\":true,\"valueName\":\"search_term_string\"}}],\"inLanguage\":\"fi-selko\"},{\"@type\":\"Organization\",\"@id\":\"https:\/\/tyoelamaan.staging.web-veistamo.fi\/#organization\",\"name\":\"Ty\u00f6el\u00e4m\u00e4\u00e4n.fi\",\"url\":\"https:\/\/tyoelamaan.staging.web-veistamo.fi\/\",\"logo\":{\"@type\":\"ImageObject\",\"inLanguage\":\"fi-selko\",\"@id\":\"https:\/\/tyoelamaan.staging.web-veistamo.fi\/#\/schema\/logo\/image\/\",\"url\":\"https:\/\/tyoelamaan.staging.web-veistamo.fi\/wp-content\/uploads\/2024\/11\/tyoelamaan_logo.svg\",\"contentUrl\":\"https:\/\/tyoelamaan.staging.web-veistamo.fi\/wp-content\/uploads\/2024\/11\/tyoelamaan_logo.svg\",\"width\":131,\"height\":30,\"caption\":\"Ty\u00f6el\u00e4m\u00e4\u00e4n.fi\"},\"image\":{\"@id\":\"https:\/\/tyoelamaan.staging.web-veistamo.fi\/#\/schema\/logo\/image\/\"}}]}<\/script>\n<!-- \/ Yoast SEO plugin. -->","yoast_head_json":{"title":"Mit\u00e4 hy\u00f6ty\u00e4 on ammattiliittoon kuulumisesta? - Ty\u00f6el\u00e4m\u00e4\u00e4n.fi","robots":{"index":"index","follow":"follow","max-snippet":"max-snippet:-1","max-image-preview":"max-image-preview:large","max-video-preview":"max-video-preview:-1"},"canonical":"https:\/\/tyoelamaan.staging.web-veistamo.fi\/selko\/ammattiliitot\/mita-hyotya-on-ammattiliittoon-kuulumisesta\/","og_locale":"fi_FI","og_type":"article","og_title":"Mit\u00e4 hy\u00f6ty\u00e4 on ammattiliittoon kuulumisesta? - Ty\u00f6el\u00e4m\u00e4\u00e4n.fi","og_description":"Ty\u00f6el\u00e4m\u00e4n pelis\u00e4\u00e4nn\u00f6t kannattaa jokaisen tuntea, mutta yksin ei silti tarvitse p\u00e4rj\u00e4t\u00e4. Apua saat ty\u00f6paikan luottamusmiehelt\u00e4 ja omasta ammattiliitosta. Ty\u00f6ntekij\u00e4t ovat vahvoja, kun tekev\u00e4t yhteisty\u00f6t\u00e4. Mit\u00e4 enemm\u00e4n ty\u00f6ntekij\u00f6it\u00e4 liitossa on, sit\u00e4 helpompaa on neuvotella lis\u00e4\u00e4 palkkaa ja etuja.&nbsp; Ammattiliitto huolehtii eduistasi Ammattiliitto huolehtii, ett\u00e4 lomat ja oikeudenmukainen palkka s\u00e4ilyv\u00e4t my\u00f6s tulevaisuudessa. Liitto tarjoaa saman alan ammattilaisista [&hellip;]","og_url":"https:\/\/tyoelamaan.staging.web-veistamo.fi\/selko\/ammattiliitot\/mita-hyotya-on-ammattiliittoon-kuulumisesta\/","og_site_name":"Ty\u00f6el\u00e4m\u00e4\u00e4n.fi","article_modified_time":"2024-12-17T08:28:57+00:00","twitter_card":"summary_large_image","twitter_misc":{"Est. reading time":"2 minutes"},"schema":{"@context":"https:\/\/schema.org","@graph":[{"@type":"WebPage","@id":"https:\/\/tyoelamaan.staging.web-veistamo.fi\/selko\/ammattiliitot\/mita-hyotya-on-ammattiliittoon-kuulumisesta\/","url":"https:\/\/tyoelamaan.staging.web-veistamo.fi\/selko\/ammattiliitot\/mita-hyotya-on-ammattiliittoon-kuulumisesta\/","name":"Mit\u00e4 hy\u00f6ty\u00e4 on ammattiliittoon kuulumisesta? - Ty\u00f6el\u00e4m\u00e4\u00e4n.fi","isPartOf":{"@id":"https:\/\/tyoelamaan.staging.web-veistamo.fi\/#website"},"datePublished":"2021-04-29T12:00:19+00:00","dateModified":"2024-12-17T08:28:57+00:00","breadcrumb":{"@id":"https:\/\/tyoelamaan.staging.web-veistamo.fi\/selko\/ammattiliitot\/mita-hyotya-on-ammattiliittoon-kuulumisesta\/#breadcrumb"},"inLanguage":"fi-selko","potentialAction":[{"@type":"ReadAction","target":["https:\/\/tyoelamaan.staging.web-veistamo.fi\/selko\/ammattiliitot\/mita-hyotya-on-ammattiliittoon-kuulumisesta\/"]}]},{"@type":"BreadcrumbList","@id":"https:\/\/tyoelamaan.staging.web-veistamo.fi\/selko\/ammattiliitot\/mita-hyotya-on-ammattiliittoon-kuulumisesta\/#breadcrumb","itemListElement":[{"@type":"ListItem","position":1,"name":"Home","item":"https:\/\/tyoelamaan.staging.web-veistamo.fi\/selko\/"},{"@type":"ListItem","position":2,"name":"Ammattiliitot","item":"https:\/\/tyoelamaan.staging.web-veistamo.fi\/ammattiliitot\/"},{"@type":"ListItem","position":3,"name":"Mit\u00e4 hy\u00f6ty\u00e4 on ammattiliittoon kuulumisesta?"}]},{"@type":"WebSite","@id":"https:\/\/tyoelamaan.staging.web-veistamo.fi\/#website","url":"https:\/\/tyoelamaan.staging.web-veistamo.fi\/","name":"Ty\u00f6el\u00e4m\u00e4\u00e4n.fi","description":"","publisher":{"@id":"https:\/\/tyoelamaan.staging.web-veistamo.fi\/#organization"},"potentialAction":[{"@type":"SearchAction","target":{"@type":"EntryPoint","urlTemplate":"https:\/\/tyoelamaan.staging.web-veistamo.fi\/?s={search_term_string}"},"query-input":{"@type":"PropertyValueSpecification","valueRequired":true,"valueName":"search_term_string"}}],"inLanguage":"fi-selko"},{"@type":"Organization","@id":"https:\/\/tyoelamaan.staging.web-veistamo.fi\/#organization","name":"Ty\u00f6el\u00e4m\u00e4\u00e4n.fi","url":"https:\/\/tyoelamaan.staging.web-veistamo.fi\/","logo":{"@type":"ImageObject","inLanguage":"fi-selko","@id":"https:\/\/tyoelamaan.staging.web-veistamo.fi\/#\/schema\/logo\/image\/","url":"https:\/\/tyoelamaan.staging.web-veistamo.fi\/wp-content\/uploads\/2024\/11\/tyoelamaan_logo.svg","contentUrl":"https:\/\/tyoelamaan.staging.web-veistamo.fi\/wp-content\/uploads\/2024\/11\/tyoelamaan_logo.svg","width":131,"height":30,"caption":"Ty\u00f6el\u00e4m\u00e4\u00e4n.fi"},"image":{"@id":"https:\/\/tyoelamaan.staging.web-veistamo.fi\/#\/schema\/logo\/image\/"}}]}},"_links":{"self":[{"href":"https:\/\/tyoelamaan.staging.web-veistamo.fi\/selko\/wp-json\/wp\/v2\/pages\/4588","targetHints":{"allow":["GET"]}}],"collection":[{"href":"https:\/\/tyoelamaan.staging.web-veistamo.fi\/selko\/wp-json\/wp\/v2\/pages"}],"about":[{"href":"https:\/\/tyoelamaan.staging.web-veistamo.fi\/selko\/wp-json\/wp\/v2\/types\/page"}],"author":[{"embeddable":true,"href":"https:\/\/tyoelamaan.staging.web-veistamo.fi\/selko\/wp-json\/wp\/v2\/users\/2"}],"replies":[{"embeddable":true,"href":"https:\/\/tyoelamaan.staging.web-veistamo.fi\/selko\/wp-json\/wp\/v2\/comments?post=4588"}],"version-history":[{"count":10,"href":"https:\/\/tyoelamaan.staging.web-veistamo.fi\/selko\/wp-json\/wp\/v2\/pages\/4588\/revisions"}],"predecessor-version":[{"id":13267,"href":"https:\/\/tyoelamaan.staging.web-veistamo.fi\/selko\/wp-json\/wp\/v2\/pages\/4588\/revisions\/13267"}],"up":[{"embeddable":true,"href":"https:\/\/tyoelamaan.staging.web-veistamo.fi\/selko\/wp-json\/wp\/v2\/pages\/10837"}],"wp:attachment":[{"href":"https:\/\/tyoelamaan.staging.web-veistamo.fi\/selko\/wp-json\/wp\/v2\/media?parent=4588"}],"wp:term":[{"taxonomy":"asiasana","embeddable":true,"href":"https:\/\/tyoelamaan.staging.web-veistamo.fi\/selko\/wp-json\/wp\/v2\/asiasana?post=4588"},{"taxonomy":"omistaja","embeddable":true,"href":"https:\/\/tyoelamaan.staging.web-veistamo.fi\/selko\/wp-json\/wp\/v2\/omistaja?post=4588"}],"curies":[{"name":"wp","href":"https:\/\/api.w.org\/{rel}","templated":true}]}}