{"id":4251,"date":"2021-03-30T15:41:34","date_gmt":"2021-03-30T12:41:34","guid":{"rendered":"https:\/\/tyoelamaan.fi\/?page_id=4251"},"modified":"2024-12-17T06:19:24","modified_gmt":"2024-12-17T04:19:24","slug":"tyoura-koostuu-monista-osista","status":"publish","type":"page","link":"https:\/\/tyoelamaan.staging.web-veistamo.fi\/selko\/tyoura-koostuu-monista-osista\/","title":{"rendered":"Ty\u00f6ura koostuu monista osista"},"content":{"rendered":"\n<div class=\"wp-block-columns is-layout-flex wp-container-core-columns-is-layout-28f84493 wp-block-columns-is-layout-flex\">\n<div class=\"wp-block-column is-layout-flow wp-block-column-is-layout-flow\">\n<p>Ty\u00f6 on muutakin kuin tapa ansaita rahaa. Viet\u00e4t ison osan p\u00e4iv\u00e4st\u00e4si ty\u00f6paikalla, siksi ty\u00f6n pit\u00e4isi my\u00f6s kiinnostaa sinua.<\/p>\n\n\n\n<p>Tee suunnitelmia, joissa luot lyhyen ja pitk\u00e4n ajan vaihtoehtoja urallesi. Ura koostuu nyky\u00e4\u00e4n useista t\u00f6ist\u00e4. Ahkeruus ja sinnikkyys vie sinua eteenp\u00e4in kohti tavoitteitasi.<\/p>\n<\/div>\n\n\n\n<div class=\"wp-block-column is-layout-flow wp-block-column-is-layout-flow\">\n<figure class=\"wp-block-image size-large\"><img decoding=\"async\" src=\"https:\/\/tyoelamaan.staging.web-veistamo.fi\/wp-content\/uploads\/2020\/03\/uraputki-1024x867.jpg\" alt=\"uraputki\" class=\"wp-image-4377\"\/><\/figure>\n<\/div>\n<\/div>\n\n\n\n<h2 class=\"wp-block-heading\"><strong>Kokoa portfolio ja ansioluettelo<\/strong><\/h2>\n\n\n\n<p>Portfolio on kansio, johon ker\u00e4\u00e4t kaikki koulu- ja ty\u00f6todistukset. Lis\u00e4ksi portfolioon voi koota n\u00e4ytteeksi opinnoissa, t\u00f6iss\u00e4 ja harrastuksissa tehtyj\u00e4 t\u00f6it\u00e4. N\u00e4m\u00e4 kaikki vakuuttavat ty\u00f6nantajan osaamisestasi, kun ty\u00f6kokemusta ei viel\u00e4 ole kertynyt.<\/p>\n\n\n\n<p>Portfolio on kansio, video tai verkkosivu. Sit\u00e4 voi esitell\u00e4 ty\u00f6nantajille internetiss\u00e4. Omaa osaamista voi tuoda esiin tekstin, kuvien ja videoiden avulla. Jos oman sivuston luominen tuntuu hankalalta, voi kuvia ja videoita jakaa esimerkiksi Instagramissa.<\/p>\n\n\n\n<p>Ansioluettelo eli CV tiivist\u00e4\u00e4 koulutuksesi ja aikaisemmat ty\u00f6si. Ansioluettelo on yleens\u00e4 suppeampi kuin portfolio. Portfoliossa esittelet taitojasi, ansioluettelo kertoo tutkinnot, ty\u00f6paikat ja kielitaidon.<\/p>\n\n\n\n<p><strong>Hy\u00f6dyllisi\u00e4 linkkej\u00e4:<\/strong><br><a href=\"https:\/\/www.canva.com\/resumes\/templates\/\" target=\"_blank\" rel=\"noreferrer noopener\">Ansioluettelo-malleja Canvassa<\/a><br><a href=\"https:\/\/templates.office.com\/fi-fi\/ansioluettelot-ja-saatekirjeet\" target=\"_blank\" rel=\"noreferrer noopener\">Ansioluettelo-malleja Wordiss\u00e4<\/a><\/p>\n\n\n\n<h2 class=\"wp-block-heading\"><strong>Seuraa omaa alaasi<\/strong><\/h2>\n\n\n\n<p>Muista seurata omaa alaasi. Hyv\u00e4 kanava t\u00e4h\u00e4n on esimerkiksi LinkedIn. My\u00f6s <span class='tooltipsall tooltipsincontent classtoolTips38'>Ammattiliitto<\/span> tarjoaa paljon oman alasi uutisia nettisivuillaan ja sosiaalisessa mediassa. <\/p>\n\n\n\n<p>Jos oma alasi lakkaa kiinnostamasta, opiskele uutta. Uusi teht\u00e4v\u00e4 ei aina vaadi uutta tutkintoa. Joskus riitt\u00e4\u00e4, ett\u00e4 t\u00e4ydenn\u00e4t opintojasi kursseilla. Tulevaisuuden ty\u00f6uralla tarvitaan monipuolista osaamista, joten kaikki opiskelu kannattaa.<\/p>\n\n\n\n<p>Osaamista t\u00e4ytyy pit\u00e4\u00e4 yll\u00e4. Lis\u00e4ksi sinun pit\u00e4\u00e4 myyd\u00e4 omaa osaamistasi, sill\u00e4 teht\u00e4vist\u00e4 kilpaillaan. Ty\u00f6ntekij\u00e4n t\u00e4ytyy my\u00f6s sopeutua porukkaan.<\/p>\n\n\n\n<h3 class=\"wp-block-heading\"><strong>LinkedIn ja henkil\u00f6br\u00e4ndi<\/strong><\/h3>\n\n\n\n<p>Rakenna LinkedIn-esittelysi siten, ett\u00e4 ty\u00f6nantaja saa kuvan kaikesta, mit\u00e4 olet tehnyt. Valitse profiiliin hyv\u00e4 omakuva ja kansikuva, joka sopii omaan ammattiin. LinkedIn-esittelyn kaikki osat kannattaa t\u00e4ytt\u00e4\u00e4 huolellisesti. Suosittelijoiksi saat toivottavasti ty\u00f6kavereita ja ty\u00f6nantajia.<\/p>\n\n\n\n<p>Esittely\u00e4 kannattaa t\u00e4ydent\u00e4\u00e4 koko ajan. Linkit\u00e4 siihen ty\u00f6n\u00e4ytteit\u00e4, kuten blogikirjoituksia. LinkedIniss\u00e4 voi my\u00f6s julkaista ty\u00f6h\u00f6n liittyvi\u00e4 kirjoituksia ja jakaa muiden p\u00e4ivityksi\u00e4. P\u00e4ivitykset her\u00e4tt\u00e4v\u00e4t ty\u00f6nantajien kiinnostuksen.<\/p>\n\n\n\n<p>LinkedIniss\u00e4 voi rakentaa verkostoa ja liitty\u00e4 oman alan ryhmiin. Ryhmiss\u00e4 tutustuu saman alan ihmisiin ja kuulee alan tapahtumista. Laaja verkosto voi tuoda ty\u00f6tarjouksia ja tietoa sellaisista ty\u00f6paikoista, joita ei ole pantu avoimeen hakuun.<\/p>\n\n\n\n<p><strong>Hy\u00f6dyllisi\u00e4 linkkej\u00e4:<\/strong><br><a href=\"https:\/\/www.linkedin.com\/\" target=\"_blank\" rel=\"noreferrer noopener\">Verkostoidu LinkedIniss\u00e4<\/a><br><\/p>\n<script type=\"text\/javascript\"> toolTips('.classtoolTips38','Ammattiliitto parantaa ja puolustaa ty\u00f6ntekij\u00f6iden ty\u00f6ehtoja ja oikeuksia. Ammattiliiton keskeinen idea on, ett\u00e4 isona joukkona ty\u00f6ntekij\u00f6ill\u00e4 on parempi neuvotteluasema ty\u00f6nantajien kanssa verrattuna siihen, ett\u00e4 jokainen ty\u00f6ntekij\u00e4 neuvottelisi ty\u00f6ehdoistaan itse.<br\/><br\/>Ammattiliitto neuvottelee j\u00e4sentens\u00e4 ja heid\u00e4n ammattiryhm\u00e4ns\u00e4 tai toimialansa ty\u00f6ehdoista ty\u00f6nantajien edustajien kanssa. Ammattiliitto voi edist\u00e4\u00e4 ty\u00f6nantajille esitt\u00e4mi\u00e4\u00e4n vaatimuksia uhkaamalla lakolla ja tarvittaessa my\u00f6s toteuttaa t\u00e4m\u00e4n uhan.'); <\/script>","protected":false},"excerpt":{"rendered":"<p>Ty\u00f6 on muutakin kuin tapa ansaita rahaa. Viet\u00e4t ison osan p\u00e4iv\u00e4st\u00e4si ty\u00f6paikalla, siksi ty\u00f6n pit\u00e4isi my\u00f6s kiinnostaa sinua. Tee suunnitelmia, joissa luot lyhyen ja pitk\u00e4n ajan vaihtoehtoja urallesi. Ura koostuu nyky\u00e4\u00e4n useista t\u00f6ist\u00e4. Ahkeruus ja sinnikkyys vie sinua eteenp\u00e4in kohti tavoitteitasi. Kokoa portfolio ja ansioluettelo Portfolio on kansio, johon ker\u00e4\u00e4t kaikki koulu- ja ty\u00f6todistukset. Lis\u00e4ksi [&hellip;]<\/p>\n","protected":false},"author":2,"featured_media":0,"parent":0,"menu_order":0,"comment_status":"closed","ping_status":"closed","template":"","meta":{"_acf_changed":false,"footnotes":""},"asiasana":[30,27],"omistaja":[],"class_list":["post-4251","page","type-page","status-publish","hentry","asiasana-osaaminen","asiasana-tyonhaku"],"acf":[],"yoast_head":"<!-- This site is optimized with the Yoast SEO plugin v26.5 - https:\/\/yoast.com\/wordpress\/plugins\/seo\/ -->\n<title>Ty\u00f6ura koostuu monista osista<\/title>\n<meta name=\"description\" content=\"Tee suunnitelmia, joissa luot lyhyen ja pitk\u00e4n ajan vaihtoehtoja urallesi. Ura koostuu nyky\u00e4\u00e4n useista t\u00f6ist\u00e4. Ahkeruus ja sinnikkyys vie sinua eteenp\u00e4in kohti tavoitteitasi.\" \/>\n<meta name=\"robots\" content=\"index, follow, max-snippet:-1, max-image-preview:large, max-video-preview:-1\" \/>\n<link rel=\"canonical\" href=\"https:\/\/tyoelamaan.staging.web-veistamo.fi\/selko\/tyoura-koostuu-monista-osista\/\" \/>\n<meta property=\"og:locale\" content=\"fi_FI\" \/>\n<meta property=\"og:type\" content=\"article\" \/>\n<meta property=\"og:title\" content=\"Ty\u00f6ura koostuu monista osista\" \/>\n<meta property=\"og:description\" content=\"Tee suunnitelmia, joissa luot lyhyen ja pitk\u00e4n ajan vaihtoehtoja urallesi. Ura koostuu nyky\u00e4\u00e4n useista t\u00f6ist\u00e4. Ahkeruus ja sinnikkyys vie sinua eteenp\u00e4in kohti tavoitteitasi.\" \/>\n<meta property=\"og:url\" content=\"https:\/\/tyoelamaan.staging.web-veistamo.fi\/selko\/tyoura-koostuu-monista-osista\/\" \/>\n<meta property=\"og:site_name\" content=\"Ty\u00f6el\u00e4m\u00e4\u00e4n.fi\" \/>\n<meta property=\"article:modified_time\" content=\"2024-12-17T04:19:24+00:00\" \/>\n<meta name=\"twitter:card\" content=\"summary_large_image\" \/>\n<meta name=\"twitter:label1\" content=\"Est. reading time\" \/>\n\t<meta name=\"twitter:data1\" content=\"2 minutes\" \/>\n<script type=\"application\/ld+json\" class=\"yoast-schema-graph\">{\"@context\":\"https:\/\/schema.org\",\"@graph\":[{\"@type\":\"WebPage\",\"@id\":\"https:\/\/tyoelamaan.staging.web-veistamo.fi\/selko\/tyoura-koostuu-monista-osista\/\",\"url\":\"https:\/\/tyoelamaan.staging.web-veistamo.fi\/selko\/tyoura-koostuu-monista-osista\/\",\"name\":\"Ty\u00f6ura koostuu monista osista\",\"isPartOf\":{\"@id\":\"https:\/\/tyoelamaan.staging.web-veistamo.fi\/#website\"},\"primaryImageOfPage\":{\"@id\":\"https:\/\/tyoelamaan.staging.web-veistamo.fi\/selko\/tyoura-koostuu-monista-osista\/#primaryimage\"},\"image\":{\"@id\":\"https:\/\/tyoelamaan.staging.web-veistamo.fi\/selko\/tyoura-koostuu-monista-osista\/#primaryimage\"},\"thumbnailUrl\":\"https:\/\/tyoelamaan.staging.web-veistamo.fi\/wp-content\/uploads\/2020\/03\/uraputki-1024x867.jpg\",\"datePublished\":\"2021-03-30T12:41:34+00:00\",\"dateModified\":\"2024-12-17T04:19:24+00:00\",\"description\":\"Tee suunnitelmia, joissa luot lyhyen ja pitk\u00e4n ajan vaihtoehtoja urallesi. Ura koostuu nyky\u00e4\u00e4n useista t\u00f6ist\u00e4. Ahkeruus ja sinnikkyys vie sinua eteenp\u00e4in kohti tavoitteitasi.\",\"breadcrumb\":{\"@id\":\"https:\/\/tyoelamaan.staging.web-veistamo.fi\/selko\/tyoura-koostuu-monista-osista\/#breadcrumb\"},\"inLanguage\":\"fi-selko\",\"potentialAction\":[{\"@type\":\"ReadAction\",\"target\":[\"https:\/\/tyoelamaan.staging.web-veistamo.fi\/selko\/tyoura-koostuu-monista-osista\/\"]}]},{\"@type\":\"ImageObject\",\"inLanguage\":\"fi-selko\",\"@id\":\"https:\/\/tyoelamaan.staging.web-veistamo.fi\/selko\/tyoura-koostuu-monista-osista\/#primaryimage\",\"url\":\"https:\/\/tyoelamaan.staging.web-veistamo.fi\/wp-content\/uploads\/2020\/03\/uraputki-1024x867.jpg\",\"contentUrl\":\"https:\/\/tyoelamaan.staging.web-veistamo.fi\/wp-content\/uploads\/2020\/03\/uraputki-1024x867.jpg\"},{\"@type\":\"BreadcrumbList\",\"@id\":\"https:\/\/tyoelamaan.staging.web-veistamo.fi\/selko\/tyoura-koostuu-monista-osista\/#breadcrumb\",\"itemListElement\":[{\"@type\":\"ListItem\",\"position\":1,\"name\":\"Home\",\"item\":\"https:\/\/tyoelamaan.staging.web-veistamo.fi\/selko\/\"},{\"@type\":\"ListItem\",\"position\":2,\"name\":\"Ty\u00f6ura koostuu monista osista\"}]},{\"@type\":\"WebSite\",\"@id\":\"https:\/\/tyoelamaan.staging.web-veistamo.fi\/#website\",\"url\":\"https:\/\/tyoelamaan.staging.web-veistamo.fi\/\",\"name\":\"Ty\u00f6el\u00e4m\u00e4\u00e4n.fi\",\"description\":\"\",\"publisher\":{\"@id\":\"https:\/\/tyoelamaan.staging.web-veistamo.fi\/#organization\"},\"potentialAction\":[{\"@type\":\"SearchAction\",\"target\":{\"@type\":\"EntryPoint\",\"urlTemplate\":\"https:\/\/tyoelamaan.staging.web-veistamo.fi\/?s={search_term_string}\"},\"query-input\":{\"@type\":\"PropertyValueSpecification\",\"valueRequired\":true,\"valueName\":\"search_term_string\"}}],\"inLanguage\":\"fi-selko\"},{\"@type\":\"Organization\",\"@id\":\"https:\/\/tyoelamaan.staging.web-veistamo.fi\/#organization\",\"name\":\"Ty\u00f6el\u00e4m\u00e4\u00e4n.fi\",\"url\":\"https:\/\/tyoelamaan.staging.web-veistamo.fi\/\",\"logo\":{\"@type\":\"ImageObject\",\"inLanguage\":\"fi-selko\",\"@id\":\"https:\/\/tyoelamaan.staging.web-veistamo.fi\/#\/schema\/logo\/image\/\",\"url\":\"https:\/\/tyoelamaan.staging.web-veistamo.fi\/wp-content\/uploads\/2024\/11\/tyoelamaan_logo.svg\",\"contentUrl\":\"https:\/\/tyoelamaan.staging.web-veistamo.fi\/wp-content\/uploads\/2024\/11\/tyoelamaan_logo.svg\",\"width\":131,\"height\":30,\"caption\":\"Ty\u00f6el\u00e4m\u00e4\u00e4n.fi\"},\"image\":{\"@id\":\"https:\/\/tyoelamaan.staging.web-veistamo.fi\/#\/schema\/logo\/image\/\"}}]}<\/script>\n<!-- \/ Yoast SEO plugin. -->","yoast_head_json":{"title":"Ty\u00f6ura koostuu monista osista","description":"Tee suunnitelmia, joissa luot lyhyen ja pitk\u00e4n ajan vaihtoehtoja urallesi. Ura koostuu nyky\u00e4\u00e4n useista t\u00f6ist\u00e4. Ahkeruus ja sinnikkyys vie sinua eteenp\u00e4in kohti tavoitteitasi.","robots":{"index":"index","follow":"follow","max-snippet":"max-snippet:-1","max-image-preview":"max-image-preview:large","max-video-preview":"max-video-preview:-1"},"canonical":"https:\/\/tyoelamaan.staging.web-veistamo.fi\/selko\/tyoura-koostuu-monista-osista\/","og_locale":"fi_FI","og_type":"article","og_title":"Ty\u00f6ura koostuu monista osista","og_description":"Tee suunnitelmia, joissa luot lyhyen ja pitk\u00e4n ajan vaihtoehtoja urallesi. Ura koostuu nyky\u00e4\u00e4n useista t\u00f6ist\u00e4. Ahkeruus ja sinnikkyys vie sinua eteenp\u00e4in kohti tavoitteitasi.","og_url":"https:\/\/tyoelamaan.staging.web-veistamo.fi\/selko\/tyoura-koostuu-monista-osista\/","og_site_name":"Ty\u00f6el\u00e4m\u00e4\u00e4n.fi","article_modified_time":"2024-12-17T04:19:24+00:00","twitter_card":"summary_large_image","twitter_misc":{"Est. reading time":"2 minutes"},"schema":{"@context":"https:\/\/schema.org","@graph":[{"@type":"WebPage","@id":"https:\/\/tyoelamaan.staging.web-veistamo.fi\/selko\/tyoura-koostuu-monista-osista\/","url":"https:\/\/tyoelamaan.staging.web-veistamo.fi\/selko\/tyoura-koostuu-monista-osista\/","name":"Ty\u00f6ura koostuu monista osista","isPartOf":{"@id":"https:\/\/tyoelamaan.staging.web-veistamo.fi\/#website"},"primaryImageOfPage":{"@id":"https:\/\/tyoelamaan.staging.web-veistamo.fi\/selko\/tyoura-koostuu-monista-osista\/#primaryimage"},"image":{"@id":"https:\/\/tyoelamaan.staging.web-veistamo.fi\/selko\/tyoura-koostuu-monista-osista\/#primaryimage"},"thumbnailUrl":"https:\/\/tyoelamaan.staging.web-veistamo.fi\/wp-content\/uploads\/2020\/03\/uraputki-1024x867.jpg","datePublished":"2021-03-30T12:41:34+00:00","dateModified":"2024-12-17T04:19:24+00:00","description":"Tee suunnitelmia, joissa luot lyhyen ja pitk\u00e4n ajan vaihtoehtoja urallesi. Ura koostuu nyky\u00e4\u00e4n useista t\u00f6ist\u00e4. Ahkeruus ja sinnikkyys vie sinua eteenp\u00e4in kohti tavoitteitasi.","breadcrumb":{"@id":"https:\/\/tyoelamaan.staging.web-veistamo.fi\/selko\/tyoura-koostuu-monista-osista\/#breadcrumb"},"inLanguage":"fi-selko","potentialAction":[{"@type":"ReadAction","target":["https:\/\/tyoelamaan.staging.web-veistamo.fi\/selko\/tyoura-koostuu-monista-osista\/"]}]},{"@type":"ImageObject","inLanguage":"fi-selko","@id":"https:\/\/tyoelamaan.staging.web-veistamo.fi\/selko\/tyoura-koostuu-monista-osista\/#primaryimage","url":"https:\/\/tyoelamaan.staging.web-veistamo.fi\/wp-content\/uploads\/2020\/03\/uraputki-1024x867.jpg","contentUrl":"https:\/\/tyoelamaan.staging.web-veistamo.fi\/wp-content\/uploads\/2020\/03\/uraputki-1024x867.jpg"},{"@type":"BreadcrumbList","@id":"https:\/\/tyoelamaan.staging.web-veistamo.fi\/selko\/tyoura-koostuu-monista-osista\/#breadcrumb","itemListElement":[{"@type":"ListItem","position":1,"name":"Home","item":"https:\/\/tyoelamaan.staging.web-veistamo.fi\/selko\/"},{"@type":"ListItem","position":2,"name":"Ty\u00f6ura koostuu monista osista"}]},{"@type":"WebSite","@id":"https:\/\/tyoelamaan.staging.web-veistamo.fi\/#website","url":"https:\/\/tyoelamaan.staging.web-veistamo.fi\/","name":"Ty\u00f6el\u00e4m\u00e4\u00e4n.fi","description":"","publisher":{"@id":"https:\/\/tyoelamaan.staging.web-veistamo.fi\/#organization"},"potentialAction":[{"@type":"SearchAction","target":{"@type":"EntryPoint","urlTemplate":"https:\/\/tyoelamaan.staging.web-veistamo.fi\/?s={search_term_string}"},"query-input":{"@type":"PropertyValueSpecification","valueRequired":true,"valueName":"search_term_string"}}],"inLanguage":"fi-selko"},{"@type":"Organization","@id":"https:\/\/tyoelamaan.staging.web-veistamo.fi\/#organization","name":"Ty\u00f6el\u00e4m\u00e4\u00e4n.fi","url":"https:\/\/tyoelamaan.staging.web-veistamo.fi\/","logo":{"@type":"ImageObject","inLanguage":"fi-selko","@id":"https:\/\/tyoelamaan.staging.web-veistamo.fi\/#\/schema\/logo\/image\/","url":"https:\/\/tyoelamaan.staging.web-veistamo.fi\/wp-content\/uploads\/2024\/11\/tyoelamaan_logo.svg","contentUrl":"https:\/\/tyoelamaan.staging.web-veistamo.fi\/wp-content\/uploads\/2024\/11\/tyoelamaan_logo.svg","width":131,"height":30,"caption":"Ty\u00f6el\u00e4m\u00e4\u00e4n.fi"},"image":{"@id":"https:\/\/tyoelamaan.staging.web-veistamo.fi\/#\/schema\/logo\/image\/"}}]}},"_links":{"self":[{"href":"https:\/\/tyoelamaan.staging.web-veistamo.fi\/selko\/wp-json\/wp\/v2\/pages\/4251","targetHints":{"allow":["GET"]}}],"collection":[{"href":"https:\/\/tyoelamaan.staging.web-veistamo.fi\/selko\/wp-json\/wp\/v2\/pages"}],"about":[{"href":"https:\/\/tyoelamaan.staging.web-veistamo.fi\/selko\/wp-json\/wp\/v2\/types\/page"}],"author":[{"embeddable":true,"href":"https:\/\/tyoelamaan.staging.web-veistamo.fi\/selko\/wp-json\/wp\/v2\/users\/2"}],"replies":[{"embeddable":true,"href":"https:\/\/tyoelamaan.staging.web-veistamo.fi\/selko\/wp-json\/wp\/v2\/comments?post=4251"}],"version-history":[{"count":7,"href":"https:\/\/tyoelamaan.staging.web-veistamo.fi\/selko\/wp-json\/wp\/v2\/pages\/4251\/revisions"}],"predecessor-version":[{"id":12493,"href":"https:\/\/tyoelamaan.staging.web-veistamo.fi\/selko\/wp-json\/wp\/v2\/pages\/4251\/revisions\/12493"}],"wp:attachment":[{"href":"https:\/\/tyoelamaan.staging.web-veistamo.fi\/selko\/wp-json\/wp\/v2\/media?parent=4251"}],"wp:term":[{"taxonomy":"asiasana","embeddable":true,"href":"https:\/\/tyoelamaan.staging.web-veistamo.fi\/selko\/wp-json\/wp\/v2\/asiasana?post=4251"},{"taxonomy":"omistaja","embeddable":true,"href":"https:\/\/tyoelamaan.staging.web-veistamo.fi\/selko\/wp-json\/wp\/v2\/omistaja?post=4251"}],"curies":[{"name":"wp","href":"https:\/\/api.w.org\/{rel}","templated":true}]}}