{"id":3829,"date":"2021-01-21T13:43:52","date_gmt":"2021-01-21T11:43:52","guid":{"rendered":"https:\/\/tyoelamaan.fi\/?page_id=3829"},"modified":"2024-12-18T08:28:00","modified_gmt":"2024-12-18T06:28:00","slug":"etusivu","status":"publish","type":"page","link":"https:\/\/tyoelamaan.staging.web-veistamo.fi\/selko\/","title":{"rendered":"Etusivu (selko)"},"content":{"rendered":"\n<div style=\"height:15px\" aria-hidden=\"true\" class=\"wp-block-spacer\"><\/div>\n\n\n\n<div class=\"wp-block-as-blocks-slider alignwide swiper frontpage-slider\"><style>\n\t\t\t\t\t.swiper-button-prev:after, .swiper-button-next:after {\n\t\t\t\t\t\tcolor: #000000;\n\t\t\t\t\t}\n\t\t\t\t\t.swiper-pagination-bullet-active {\n\t\t\t\t\t\tbackground-color: #000000;\n\t\t\t\t\t}\n\t\t\t\t<\/style><div class=\"swiper-wrapper\">\n<div class=\"wp-block-as-blocks-slide swiper-slide\">\n<div class=\"wp-block-cover alignfull is-light\"><span aria-hidden=\"true\" class=\"wp-block-cover__background has-background-background-color has-background-dim-30 has-background-dim\"><\/span><div class=\"wp-block-cover__inner-container has-global-padding is-layout-constrained wp-block-cover-is-layout-constrained\">\n<div class=\"wp-block-columns alignwide are-vertically-aligned-center is-style-reverse-on-mobile is-layout-flex wp-container-core-columns-is-layout-28f84493 wp-block-columns-is-layout-flex\">\n<div class=\"wp-block-column is-vertically-aligned-center is-layout-flow wp-block-column-is-layout-flow\" style=\"flex-basis:50%\">\n<figure class=\"wp-block-image size-full\"><img decoding=\"async\" src=\"https:\/\/tyoelamaan.staging.web-veistamo.fi\/wp-content\/uploads\/2024\/11\/mita_isona.png\" alt=\"\" class=\"wp-image-12440\"\/><\/figure>\n\n\n\n<p>Ty\u00f6t\u00e4 saattaa joutua hakemaan jopa useita kertoja vuodessa. Oma ura etenee ty\u00f6 kerrallaan. Mit\u00e4 tarvitset ty\u00f6nhaussa?<\/p>\n\n\n\n<div class=\"wp-block-buttons is-layout-flex wp-block-buttons-is-layout-flex\">\n<div class=\"wp-block-button is-style-primary\"><a class=\"wp-block-button__link has-foreground-color has-secondary-background-color has-text-color has-background has-link-color wp-element-button\" href=\"https:\/\/tyoelamaan.staging.web-veistamo.fi\/selko\/tyon-aloitus\/tyonhaku\/\" style=\"border-radius:100px;padding-right:var(--wp--preset--spacing--80);padding-left:var(--wp--preset--spacing--80)\">Lue lis\u00e4\u00e4<\/a><\/div>\n<\/div>\n<\/div>\n\n\n\n<div class=\"wp-block-column is-vertically-aligned-center is-layout-flow wp-block-column-is-layout-flow\" style=\"padding-right:var(--wp--preset--spacing--50);padding-left:var(--wp--preset--spacing--50)\">\n<figure class=\"wp-block-image aligncenter size-large is-resized is-style-rounded\"><img decoding=\"async\" src=\"https:\/\/tyoelamaan.staging.web-veistamo.fi\/wp-content\/uploads\/2024\/12\/Nuoret-muistiinpanot.jpg\" alt=\"\" class=\"wp-image-13322\" style=\"aspect-ratio:1;object-fit:cover;width:500px\"\/><\/figure>\n<\/div>\n<\/div>\n<\/div><\/div>\n<\/div>\n\n\n\n<div class=\"wp-block-as-blocks-slide swiper-slide\">\n<div class=\"wp-block-cover alignfull is-light\"><span aria-hidden=\"true\" class=\"wp-block-cover__background has-background-background-color has-background-dim-30 has-background-dim\"><\/span><div class=\"wp-block-cover__inner-container has-global-padding is-layout-constrained wp-block-cover-is-layout-constrained\">\n<div class=\"wp-block-columns alignwide are-vertically-aligned-center is-style-reverse-on-mobile is-layout-flex wp-container-core-columns-is-layout-28f84493 wp-block-columns-is-layout-flex\">\n<div class=\"wp-block-column is-vertically-aligned-center is-layout-flow wp-block-column-is-layout-flow\" style=\"flex-basis:50%\">\n<h1 class=\"wp-block-heading\">erilaiset<br><strong>ty\u00f6suhteet<\/strong><\/h1>\n\n\n\n<p>Ty\u00f6suhteen muoto vaikuttaa irtisanomiseen ja ty\u00f6suhteen purkuun. M\u00e4\u00e4r\u00e4- tai osa-aikaiseen ty\u00f6suhteeseen ei saa soveltaa muita huonompia ty\u00f6ehtoja. Tied\u00e4tk\u00f6, mink\u00e4laisia ty\u00f6suhteita on olemassa?<\/p>\n\n\n\n<div class=\"wp-block-buttons is-layout-flex wp-block-buttons-is-layout-flex\">\n<div class=\"wp-block-button is-style-fill\"><a class=\"wp-block-button__link has-foreground-color has-secondary-background-color has-text-color has-background has-link-color wp-element-button\" href=\"https:\/\/tyoelamaan.staging.web-veistamo.fi\/selko\/tyosuhde\/erilaiset-tyosuhteet\/\" style=\"border-radius:100px;padding-right:var(--wp--preset--spacing--80);padding-left:var(--wp--preset--spacing--80)\">Lue lis\u00e4\u00e4<\/a><\/div>\n<\/div>\n<\/div>\n\n\n\n<div class=\"wp-block-column is-vertically-aligned-center is-layout-flow wp-block-column-is-layout-flow\" style=\"padding-right:var(--wp--preset--spacing--50);padding-left:var(--wp--preset--spacing--50)\">\n<figure class=\"wp-block-image aligncenter size-large is-resized is-style-rounded\"><img decoding=\"async\" src=\"https:\/\/tyoelamaan.staging.web-veistamo.fi\/wp-content\/uploads\/2024\/12\/Nuoret-ulkona3.jpg\" alt=\"\" class=\"wp-image-13343\" style=\"aspect-ratio:1;object-fit:cover;width:500px\"\/><\/figure>\n<\/div>\n<\/div>\n<\/div><\/div>\n<\/div>\n<\/div><div class=\"swiper-pagination \"><\/div><div class=\"swiper-button-prev\"><\/div><div class=\"swiper-button-next\"><\/div><\/div>\n\n\n\n<div style=\"height:50px\" aria-hidden=\"true\" class=\"wp-block-spacer\"><\/div>\n\n\n\n<div class=\"wp-block-group alignwide link-box is-layout-flow wp-block-group-is-layout-flow\">\n<div class=\"wp-block-columns is-layout-flex wp-container-core-columns-is-layout-28f84493 wp-block-columns-is-layout-flex\">\n<div class=\"wp-block-column has-foreground-background-color has-background is-layout-flow wp-block-column-is-layout-flow\" style=\"padding-top:var(--wp--preset--spacing--50);padding-right:0;padding-bottom:var(--wp--preset--spacing--50);padding-left:0\">\n<p class=\"has-text-align-center tyon-aloitus has-background-color has-text-color has-link-color wp-elements-e6e14d75ae4c815e3bb28927d7640b34\"><a href=\"https:\/\/tyoelamaan.staging.web-veistamo.fi\/tyon-aloitus\/\" data-type=\"page\" data-id=\"130\">Ty\u00f6n aloitus<\/a><\/p>\n<\/div>\n\n\n\n<div class=\"wp-block-column has-foreground-background-color has-background is-layout-flow wp-block-column-is-layout-flow\" style=\"padding-top:var(--wp--preset--spacing--50);padding-right:0;padding-bottom:var(--wp--preset--spacing--50);padding-left:0\">\n<p class=\"has-text-align-center tyosuhde has-background-color has-text-color has-link-color wp-elements-82e1caf3979a2e4a67cf660f5d1d15a2\"><a href=\"https:\/\/tyoelamaan.staging.web-veistamo.fi\/tyosuhde\/\">Ty\u00f6suhde<\/a><\/p>\n<\/div>\n\n\n\n<div class=\"wp-block-column has-foreground-background-color has-background is-layout-flow wp-block-column-is-layout-flow\" style=\"padding-top:var(--wp--preset--spacing--50);padding-right:0;padding-bottom:var(--wp--preset--spacing--50);padding-left:0\">\n<p class=\"has-text-align-center tyoelama has-background-color has-text-color has-link-color wp-elements-73766889b0af2ed35d6d1345e5c32b56\"><a href=\"https:\/\/tyoelamaan.staging.web-veistamo.fi\/tyoelama\/\">Ty\u00f6el\u00e4m\u00e4<\/a><\/p>\n<\/div>\n<\/div>\n\n\n\n<div class=\"wp-block-columns alignwide is-layout-flex wp-container-core-columns-is-layout-28f84493 wp-block-columns-is-layout-flex\">\n<div class=\"wp-block-column has-foreground-background-color has-background is-layout-flow wp-block-column-is-layout-flow\" style=\"padding-top:var(--wp--preset--spacing--50);padding-right:0;padding-bottom:var(--wp--preset--spacing--50);padding-left:0\">\n<p class=\"has-text-align-center tyon-paattyessa has-background-color has-text-color has-link-color wp-elements-47ee14d32bc0ee6165d78b8c0263991a\"><a href=\"https:\/\/tyoelamaan.staging.web-veistamo.fi\/tyon-paattyessa\/\">Ty\u00f6n p\u00e4\u00e4ttyess\u00e4<\/a><\/p>\n<\/div>\n\n\n\n<div class=\"wp-block-column has-foreground-background-color has-background is-layout-flow wp-block-column-is-layout-flow\" style=\"padding-top:var(--wp--preset--spacing--50);padding-right:0;padding-bottom:var(--wp--preset--spacing--50);padding-left:0\">\n<p class=\"has-text-align-center ammattiliitot has-background-color has-text-color has-link-color wp-elements-0eebbca1b88ac0d4571087b94385fa8a\"><a href=\"https:\/\/tyoelamaan.staging.web-veistamo.fi\/ammattiliitot\/\">Ammattiliitot<\/a><\/p>\n<\/div>\n\n\n\n<div class=\"wp-block-column has-foreground-background-color has-background is-layout-flow wp-block-column-is-layout-flow\" style=\"padding-top:var(--wp--preset--spacing--50);padding-right:0;padding-bottom:var(--wp--preset--spacing--50);padding-left:0\">\n<p class=\"has-text-align-center opoille has-background-color has-text-color has-link-color wp-elements-0eb958bd39f14554f5a05b70e04b654e\"><a href=\"https:\/\/tyoelamaan.staging.web-veistamo.fi\/aineistot\/ohjaajille-ja-opettajille\/\">Opinto-ohjaajille<\/a><\/p>\n<\/div>\n<\/div>\n<\/div>\n\n\n\n<div style=\"height:152px\" aria-hidden=\"true\" class=\"wp-block-spacer\"><\/div>\n\n\n\n<div class=\"wp-block-cover alignwide is-light info-box\"><span aria-hidden=\"true\" class=\"wp-block-cover__background has-primary-background-color has-background-dim-100 has-background-dim\"><\/span><div class=\"wp-block-cover__inner-container has-global-padding is-layout-constrained wp-block-cover-is-layout-constrained\">\n<h2 class=\"wp-block-heading has-text-align-center has-h-2-font-size\">apua <strong>ty\u00f6el\u00e4m\u00e4\u00e4n<\/strong><\/h2>\n\n\n\n<p class=\"has-text-align-center has-ingress-font-size\">Ty\u00f6el\u00e4m\u00e4\u00e4n.fi tarjoaa tietoa ty\u00f6ntekij\u00f6iden oikeuksista ja velvollisuuksista. STTK:n asiantuntijat ovat vastanneet yleisimpiin ty\u00f6el\u00e4m\u00e4n kysymyksiin. Haluamme muistuttaa, ettei ty\u00f6el\u00e4m\u00e4ss\u00e4 tarvitse p\u00e4rj\u00e4t\u00e4 yksin. Jos et l\u00f6yd\u00e4 vastauksia t\u00e4\u00e4lt\u00e4, ammattiliitot tarjoavat tukea ty\u00f6el\u00e4m\u00e4n eri tilanteissa.<\/p>\n\n\n\n<div class=\"wp-block-buttons is-content-justification-center is-layout-flex wp-container-core-buttons-is-layout-a89b3969 wp-block-buttons-is-layout-flex\">\n<div class=\"wp-block-button\"><a class=\"wp-block-button__link wp-element-button\" href=\"https:\/\/tyoelamaan.staging.web-veistamo.fi\/selko\/ammattiliitot\/mita-hyotya-on-ammattiliittoon-kuulumisesta\/\">lue lis\u00e4\u00e4 ammattiliitoista<\/a><\/div>\n<\/div>\n<\/div><\/div>\n\n\n\n<div style=\"height:159px\" aria-hidden=\"true\" class=\"wp-block-spacer\"><\/div>\n\n\n\n<div class=\"wp-block-columns are-vertically-aligned-center is-style-reverse-on-mobile is-layout-flex wp-container-core-columns-is-layout-28f84493 wp-block-columns-is-layout-flex\">\n<div class=\"wp-block-column is-vertically-aligned-center is-layout-flow wp-block-column-is-layout-flow\" style=\"flex-basis:50%\">\n<figure class=\"wp-block-image size-large is-resized\"><img decoding=\"async\" src=\"https:\/\/tyoelamaan.staging.web-veistamo.fi\/wp-content\/uploads\/2024\/12\/DSC07764-edited-1.jpeg\" alt=\"\" class=\"wp-image-13309\" style=\"width:330px;height:auto\"\/><\/figure>\n<\/div>\n\n\n\n<div class=\"wp-block-column is-vertically-aligned-center is-layout-flow wp-block-column-is-layout-flow\" style=\"flex-basis:50%\">\n<h2 class=\"wp-block-heading\">Nuoret eiv\u00e4t kaipaa <strong>kuuta taivaalta<\/strong><\/h2>\n\n\n\n<p>Nuoret eiv\u00e4t kaipaa kuuta taivaalta, vaan hyv\u00e4 ty\u00f6el\u00e4m\u00e4 koostuu heid\u00e4n mielest\u00e4\u00e4n hyvin arkisista asioista, kuten hyv\u00e4 ty\u00f6ilmapiiri ja el\u00e4m\u00e4\u00e4n riitt\u00e4v\u00e4 palkka.&nbsp;&nbsp;<\/p>\n\n\n\n<div class=\"wp-block-buttons is-layout-flex wp-block-buttons-is-layout-flex\">\n<div class=\"wp-block-button is-style-fill\"><a class=\"wp-block-button__link has-foreground-color has-secondary-background-color has-text-color has-background has-link-color wp-element-button\" href=\"https:\/\/tyoelamaan.staging.web-veistamo.fi\/blog\/2024\/12\/11\/nuoret-eivat-kaipaa-kuuta-taivaalta-vaan-inhimillista-tyoelamaa\/\" style=\"border-radius:100px;padding-right:var(--wp--preset--spacing--70);padding-left:var(--wp--preset--spacing--70)\">Lue lis\u00e4\u00e4<\/a><\/div>\n<\/div>\n<\/div>\n<\/div>\n\n\n\n<div style=\"height:100px\" aria-hidden=\"true\" class=\"wp-block-spacer\"><\/div>\n\n\n\n<div class=\"wp-block-group alignwide has-light-gray-background-color has-background is-layout-flow wp-block-group-is-layout-flow\" style=\"padding-top:0;padding-right:0;padding-bottom:0;padding-left:0\">\n<div class=\"wp-block-group has-global-padding is-layout-constrained wp-block-group-is-layout-constrained\" style=\"padding-top:var(--wp--preset--spacing--80);padding-bottom:var(--wp--preset--spacing--80)\">\n<h2 class=\"wp-block-heading\">Ty\u00f6el\u00e4m\u00e4\u00e4n.fi <strong>tiktokissa<\/strong><\/h2>\n\n\n\n<div style=\"height:50px\" aria-hidden=\"true\" class=\"wp-block-spacer\"><\/div>\n\n\n\n\n\n<div style=\"height:50px\" aria-hidden=\"true\" class=\"wp-block-spacer\"><\/div>\n\n\n\n<div class=\"wp-block-buttons is-content-justification-center is-layout-flex wp-container-core-buttons-is-layout-a89b3969 wp-block-buttons-is-layout-flex\">\n<div class=\"wp-block-button\"><a class=\"wp-block-button__link has-foreground-color has-secondary-background-color has-text-color has-background has-link-color wp-element-button\" href=\"https:\/\/tiktok.com\/@tyoelamaan\">N\u00e4yt\u00e4 lis\u00e4\u00e4<\/a><\/div>\n<\/div>\n<\/div>\n<\/div>\n\n\n\n<div style=\"height:100px\" aria-hidden=\"true\" class=\"wp-block-spacer\"><\/div>\n\n\n\n<div class=\"wp-block-media-text alignwide has-media-on-the-right is-stacked-on-mobile\"><div class=\"wp-block-media-text__content\">\n<h2 class=\"wp-block-heading\">PELAA JA <strong>OPI!<\/strong><\/h2>\n\n\n\n<p class=\"has-librecasloncondensed-font-family has-paragraph-font-size\">Nuori ik\u00e4 ja v\u00e4h\u00e4inen kokemus eiv\u00e4t ole perusteita pompotella kes\u00e4ty\u00f6ntekij\u00f6it\u00e4 tai polkea heid\u00e4n oikeuksiaan. Ty\u00f6nantajalla on merkitt\u00e4v\u00e4 rooli mielekk\u00e4\u00e4n kes\u00e4ty\u00f6kokemuksen luomisessa.<\/p>\n\n\n\n<div class=\"wp-block-buttons is-layout-flex wp-block-buttons-is-layout-flex\">\n<div class=\"wp-block-button\"><a class=\"wp-block-button__link wp-element-button\" href=\"https:\/\/peli.tyoelamaan.staging.web-veistamo.fi\/\">TESTAA TAITOSI<\/a><\/div>\n<\/div>\n<\/div><figure class=\"wp-block-media-text__media\"><img decoding=\"async\" src=\"https:\/\/tyoelamaan.staging.web-veistamo.fi\/wp-content\/uploads\/2024\/11\/pelimainos3@2x.png\" alt=\"\" class=\"wp-image-12452 size-full\"\/><\/figure><\/div>\n\n\n\n<div style=\"height:100px\" aria-hidden=\"true\" class=\"wp-block-spacer\"><\/div>\n<script type=\"text\/javascript\"> toolTips('.classtoolTips38','<span class='tooltipsall tooltipsincontent classtoolTips38'>Ammattiliitto<\/span> parantaa ja puolustaa ty\u00f6ntekij\u00f6iden ty\u00f6ehtoja ja oikeuksia. Ammattiliiton keskeinen idea on, ett\u00e4 isona joukkona ty\u00f6ntekij\u00f6ill\u00e4 on parempi neuvotteluasema ty\u00f6nantajien kanssa verrattuna siihen, ett\u00e4 jokainen ty\u00f6ntekij\u00e4 neuvottelisi ty\u00f6ehdoistaan itse.<br\/><br\/>Ammattiliitto neuvottelee j\u00e4sentens\u00e4 ja heid\u00e4n ammattiryhm\u00e4ns\u00e4 tai toimialansa ty\u00f6ehdoista ty\u00f6nantajien edustajien kanssa. Ammattiliitto voi edist\u00e4\u00e4 ty\u00f6nantajille esitt\u00e4mi\u00e4\u00e4n vaatimuksia uhkaamalla lakolla ja tarvittaessa my\u00f6s toteuttaa t\u00e4m\u00e4n uhan.'); <\/script>","protected":false},"excerpt":{"rendered":"<p>Ty\u00f6n aloitus Ty\u00f6suhde Ty\u00f6el\u00e4m\u00e4 Ty\u00f6n p\u00e4\u00e4ttyess\u00e4 Ammattiliitot Opinto-ohjaajille Nuoret eiv\u00e4t kaipaa kuuta taivaalta Nuoret eiv\u00e4t kaipaa kuuta taivaalta, vaan hyv\u00e4 ty\u00f6el\u00e4m\u00e4 koostuu heid\u00e4n mielest\u00e4\u00e4n hyvin arkisista asioista, kuten hyv\u00e4 ty\u00f6ilmapiiri ja el\u00e4m\u00e4\u00e4n riitt\u00e4v\u00e4 palkka.&nbsp;&nbsp; Ty\u00f6el\u00e4m\u00e4\u00e4n.fi tiktokissa<\/p>\n","protected":false},"author":1,"featured_media":0,"parent":0,"menu_order":0,"comment_status":"closed","ping_status":"closed","template":"page-no-title","meta":{"_acf_changed":false,"footnotes":""},"asiasana":[],"omistaja":[],"class_list":["post-3829","page","type-page","status-publish","hentry"],"acf":[],"yoast_head":"<!-- This site is optimized with the Yoast SEO plugin v26.5 - https:\/\/yoast.com\/wordpress\/plugins\/seo\/ -->\n<title>Etusivu (selko) - Ty\u00f6el\u00e4m\u00e4\u00e4n.fi<\/title>\n<meta name=\"robots\" content=\"index, follow, max-snippet:-1, max-image-preview:large, max-video-preview:-1\" \/>\n<link rel=\"canonical\" href=\"https:\/\/tyoelamaan.staging.web-veistamo.fi\/selko\/\" \/>\n<meta property=\"og:locale\" content=\"fi_FI\" \/>\n<meta property=\"og:type\" content=\"article\" \/>\n<meta property=\"og:title\" content=\"Etusivu (selko) - Ty\u00f6el\u00e4m\u00e4\u00e4n.fi\" \/>\n<meta property=\"og:description\" content=\"Ty\u00f6n aloitus Ty\u00f6suhde Ty\u00f6el\u00e4m\u00e4 Ty\u00f6n p\u00e4\u00e4ttyess\u00e4 Ammattiliitot Opinto-ohjaajille Nuoret eiv\u00e4t kaipaa kuuta taivaalta Nuoret eiv\u00e4t kaipaa kuuta taivaalta, vaan hyv\u00e4 ty\u00f6el\u00e4m\u00e4 koostuu heid\u00e4n mielest\u00e4\u00e4n hyvin arkisista asioista, kuten hyv\u00e4 ty\u00f6ilmapiiri ja el\u00e4m\u00e4\u00e4n riitt\u00e4v\u00e4 palkka.&nbsp;&nbsp; Ty\u00f6el\u00e4m\u00e4\u00e4n.fi tiktokissa\" \/>\n<meta property=\"og:url\" content=\"https:\/\/tyoelamaan.staging.web-veistamo.fi\/selko\/\" \/>\n<meta property=\"og:site_name\" content=\"Ty\u00f6el\u00e4m\u00e4\u00e4n.fi\" \/>\n<meta property=\"article:modified_time\" content=\"2024-12-18T06:28:00+00:00\" \/>\n<meta name=\"twitter:card\" content=\"summary_large_image\" \/>\n<script type=\"application\/ld+json\" class=\"yoast-schema-graph\">{\"@context\":\"https:\/\/schema.org\",\"@graph\":[{\"@type\":\"WebPage\",\"@id\":\"https:\/\/tyoelamaan.staging.web-veistamo.fi\/selko\/\",\"url\":\"https:\/\/tyoelamaan.staging.web-veistamo.fi\/selko\/\",\"name\":\"Etusivu (selko) - Ty\u00f6el\u00e4m\u00e4\u00e4n.fi\",\"isPartOf\":{\"@id\":\"https:\/\/tyoelamaan.staging.web-veistamo.fi\/#website\"},\"primaryImageOfPage\":{\"@id\":\"https:\/\/tyoelamaan.staging.web-veistamo.fi\/selko\/#primaryimage\"},\"image\":{\"@id\":\"https:\/\/tyoelamaan.staging.web-veistamo.fi\/selko\/#primaryimage\"},\"thumbnailUrl\":\"https:\/\/tyoelamaan.staging.web-veistamo.fi\/wp-content\/uploads\/2024\/11\/mita_isona.png\",\"datePublished\":\"2021-01-21T11:43:52+00:00\",\"dateModified\":\"2024-12-18T06:28:00+00:00\",\"breadcrumb\":{\"@id\":\"https:\/\/tyoelamaan.staging.web-veistamo.fi\/selko\/#breadcrumb\"},\"inLanguage\":\"fi-selko\",\"potentialAction\":[{\"@type\":\"ReadAction\",\"target\":[\"https:\/\/tyoelamaan.staging.web-veistamo.fi\/selko\/\"]}]},{\"@type\":\"ImageObject\",\"inLanguage\":\"fi-selko\",\"@id\":\"https:\/\/tyoelamaan.staging.web-veistamo.fi\/selko\/#primaryimage\",\"url\":\"https:\/\/tyoelamaan.staging.web-veistamo.fi\/wp-content\/uploads\/2024\/11\/mita_isona.png\",\"contentUrl\":\"https:\/\/tyoelamaan.staging.web-veistamo.fi\/wp-content\/uploads\/2024\/11\/mita_isona.png\"},{\"@type\":\"BreadcrumbList\",\"@id\":\"https:\/\/tyoelamaan.staging.web-veistamo.fi\/selko\/#breadcrumb\",\"itemListElement\":[{\"@type\":\"ListItem\",\"position\":1,\"name\":\"Home\",\"item\":\"https:\/\/tyoelamaan.staging.web-veistamo.fi\/selko\/\"},{\"@type\":\"ListItem\",\"position\":2,\"name\":\"Etusivu (selko)\"}]},{\"@type\":\"WebSite\",\"@id\":\"https:\/\/tyoelamaan.staging.web-veistamo.fi\/#website\",\"url\":\"https:\/\/tyoelamaan.staging.web-veistamo.fi\/\",\"name\":\"Ty\u00f6el\u00e4m\u00e4\u00e4n.fi\",\"description\":\"\",\"publisher\":{\"@id\":\"https:\/\/tyoelamaan.staging.web-veistamo.fi\/#organization\"},\"potentialAction\":[{\"@type\":\"SearchAction\",\"target\":{\"@type\":\"EntryPoint\",\"urlTemplate\":\"https:\/\/tyoelamaan.staging.web-veistamo.fi\/?s={search_term_string}\"},\"query-input\":{\"@type\":\"PropertyValueSpecification\",\"valueRequired\":true,\"valueName\":\"search_term_string\"}}],\"inLanguage\":\"fi-selko\"},{\"@type\":\"Organization\",\"@id\":\"https:\/\/tyoelamaan.staging.web-veistamo.fi\/#organization\",\"name\":\"Ty\u00f6el\u00e4m\u00e4\u00e4n.fi\",\"url\":\"https:\/\/tyoelamaan.staging.web-veistamo.fi\/\",\"logo\":{\"@type\":\"ImageObject\",\"inLanguage\":\"fi-selko\",\"@id\":\"https:\/\/tyoelamaan.staging.web-veistamo.fi\/#\/schema\/logo\/image\/\",\"url\":\"https:\/\/tyoelamaan.staging.web-veistamo.fi\/wp-content\/uploads\/2024\/11\/tyoelamaan_logo.svg\",\"contentUrl\":\"https:\/\/tyoelamaan.staging.web-veistamo.fi\/wp-content\/uploads\/2024\/11\/tyoelamaan_logo.svg\",\"width\":131,\"height\":30,\"caption\":\"Ty\u00f6el\u00e4m\u00e4\u00e4n.fi\"},\"image\":{\"@id\":\"https:\/\/tyoelamaan.staging.web-veistamo.fi\/#\/schema\/logo\/image\/\"}}]}<\/script>\n<!-- \/ Yoast SEO plugin. -->","yoast_head_json":{"title":"Etusivu (selko) - Ty\u00f6el\u00e4m\u00e4\u00e4n.fi","robots":{"index":"index","follow":"follow","max-snippet":"max-snippet:-1","max-image-preview":"max-image-preview:large","max-video-preview":"max-video-preview:-1"},"canonical":"https:\/\/tyoelamaan.staging.web-veistamo.fi\/selko\/","og_locale":"fi_FI","og_type":"article","og_title":"Etusivu (selko) - Ty\u00f6el\u00e4m\u00e4\u00e4n.fi","og_description":"Ty\u00f6n aloitus Ty\u00f6suhde Ty\u00f6el\u00e4m\u00e4 Ty\u00f6n p\u00e4\u00e4ttyess\u00e4 Ammattiliitot Opinto-ohjaajille Nuoret eiv\u00e4t kaipaa kuuta taivaalta Nuoret eiv\u00e4t kaipaa kuuta taivaalta, vaan hyv\u00e4 ty\u00f6el\u00e4m\u00e4 koostuu heid\u00e4n mielest\u00e4\u00e4n hyvin arkisista asioista, kuten hyv\u00e4 ty\u00f6ilmapiiri ja el\u00e4m\u00e4\u00e4n riitt\u00e4v\u00e4 palkka.&nbsp;&nbsp; Ty\u00f6el\u00e4m\u00e4\u00e4n.fi tiktokissa","og_url":"https:\/\/tyoelamaan.staging.web-veistamo.fi\/selko\/","og_site_name":"Ty\u00f6el\u00e4m\u00e4\u00e4n.fi","article_modified_time":"2024-12-18T06:28:00+00:00","twitter_card":"summary_large_image","schema":{"@context":"https:\/\/schema.org","@graph":[{"@type":"WebPage","@id":"https:\/\/tyoelamaan.staging.web-veistamo.fi\/selko\/","url":"https:\/\/tyoelamaan.staging.web-veistamo.fi\/selko\/","name":"Etusivu (selko) - Ty\u00f6el\u00e4m\u00e4\u00e4n.fi","isPartOf":{"@id":"https:\/\/tyoelamaan.staging.web-veistamo.fi\/#website"},"primaryImageOfPage":{"@id":"https:\/\/tyoelamaan.staging.web-veistamo.fi\/selko\/#primaryimage"},"image":{"@id":"https:\/\/tyoelamaan.staging.web-veistamo.fi\/selko\/#primaryimage"},"thumbnailUrl":"https:\/\/tyoelamaan.staging.web-veistamo.fi\/wp-content\/uploads\/2024\/11\/mita_isona.png","datePublished":"2021-01-21T11:43:52+00:00","dateModified":"2024-12-18T06:28:00+00:00","breadcrumb":{"@id":"https:\/\/tyoelamaan.staging.web-veistamo.fi\/selko\/#breadcrumb"},"inLanguage":"fi-selko","potentialAction":[{"@type":"ReadAction","target":["https:\/\/tyoelamaan.staging.web-veistamo.fi\/selko\/"]}]},{"@type":"ImageObject","inLanguage":"fi-selko","@id":"https:\/\/tyoelamaan.staging.web-veistamo.fi\/selko\/#primaryimage","url":"https:\/\/tyoelamaan.staging.web-veistamo.fi\/wp-content\/uploads\/2024\/11\/mita_isona.png","contentUrl":"https:\/\/tyoelamaan.staging.web-veistamo.fi\/wp-content\/uploads\/2024\/11\/mita_isona.png"},{"@type":"BreadcrumbList","@id":"https:\/\/tyoelamaan.staging.web-veistamo.fi\/selko\/#breadcrumb","itemListElement":[{"@type":"ListItem","position":1,"name":"Home","item":"https:\/\/tyoelamaan.staging.web-veistamo.fi\/selko\/"},{"@type":"ListItem","position":2,"name":"Etusivu (selko)"}]},{"@type":"WebSite","@id":"https:\/\/tyoelamaan.staging.web-veistamo.fi\/#website","url":"https:\/\/tyoelamaan.staging.web-veistamo.fi\/","name":"Ty\u00f6el\u00e4m\u00e4\u00e4n.fi","description":"","publisher":{"@id":"https:\/\/tyoelamaan.staging.web-veistamo.fi\/#organization"},"potentialAction":[{"@type":"SearchAction","target":{"@type":"EntryPoint","urlTemplate":"https:\/\/tyoelamaan.staging.web-veistamo.fi\/?s={search_term_string}"},"query-input":{"@type":"PropertyValueSpecification","valueRequired":true,"valueName":"search_term_string"}}],"inLanguage":"fi-selko"},{"@type":"Organization","@id":"https:\/\/tyoelamaan.staging.web-veistamo.fi\/#organization","name":"Ty\u00f6el\u00e4m\u00e4\u00e4n.fi","url":"https:\/\/tyoelamaan.staging.web-veistamo.fi\/","logo":{"@type":"ImageObject","inLanguage":"fi-selko","@id":"https:\/\/tyoelamaan.staging.web-veistamo.fi\/#\/schema\/logo\/image\/","url":"https:\/\/tyoelamaan.staging.web-veistamo.fi\/wp-content\/uploads\/2024\/11\/tyoelamaan_logo.svg","contentUrl":"https:\/\/tyoelamaan.staging.web-veistamo.fi\/wp-content\/uploads\/2024\/11\/tyoelamaan_logo.svg","width":131,"height":30,"caption":"Ty\u00f6el\u00e4m\u00e4\u00e4n.fi"},"image":{"@id":"https:\/\/tyoelamaan.staging.web-veistamo.fi\/#\/schema\/logo\/image\/"}}]}},"_links":{"self":[{"href":"https:\/\/tyoelamaan.staging.web-veistamo.fi\/selko\/wp-json\/wp\/v2\/pages\/3829","targetHints":{"allow":["GET"]}}],"collection":[{"href":"https:\/\/tyoelamaan.staging.web-veistamo.fi\/selko\/wp-json\/wp\/v2\/pages"}],"about":[{"href":"https:\/\/tyoelamaan.staging.web-veistamo.fi\/selko\/wp-json\/wp\/v2\/types\/page"}],"author":[{"embeddable":true,"href":"https:\/\/tyoelamaan.staging.web-veistamo.fi\/selko\/wp-json\/wp\/v2\/users\/1"}],"replies":[{"embeddable":true,"href":"https:\/\/tyoelamaan.staging.web-veistamo.fi\/selko\/wp-json\/wp\/v2\/comments?post=3829"}],"version-history":[{"count":11,"href":"https:\/\/tyoelamaan.staging.web-veistamo.fi\/selko\/wp-json\/wp\/v2\/pages\/3829\/revisions"}],"predecessor-version":[{"id":13300,"href":"https:\/\/tyoelamaan.staging.web-veistamo.fi\/selko\/wp-json\/wp\/v2\/pages\/3829\/revisions\/13300"}],"wp:attachment":[{"href":"https:\/\/tyoelamaan.staging.web-veistamo.fi\/selko\/wp-json\/wp\/v2\/media?parent=3829"}],"wp:term":[{"taxonomy":"asiasana","embeddable":true,"href":"https:\/\/tyoelamaan.staging.web-veistamo.fi\/selko\/wp-json\/wp\/v2\/asiasana?post=3829"},{"taxonomy":"omistaja","embeddable":true,"href":"https:\/\/tyoelamaan.staging.web-veistamo.fi\/selko\/wp-json\/wp\/v2\/omistaja?post=3829"}],"curies":[{"name":"wp","href":"https:\/\/api.w.org\/{rel}","templated":true}]}}