{"id":10842,"date":"2023-06-28T08:24:11","date_gmt":"2023-06-28T05:24:11","guid":{"rendered":"https:\/\/tyoelamaan.fi\/?page_id=10842"},"modified":"2024-12-17T06:20:23","modified_gmt":"2024-12-17T04:20:23","slug":"tyon-aloitus","status":"publish","type":"page","link":"https:\/\/tyoelamaan.staging.web-veistamo.fi\/selko\/tyon-aloitus\/","title":{"rendered":"Ty\u00f6n aloitus"},"content":{"rendered":"\n<p>Ty\u00f6paikat l\u00f6ytyv\u00e4t erilaisista ty\u00f6nhakukanavista. Ty\u00f6nhakua varten tarvitset ansioluettelon ja hakemuskirjeen. <\/p>\n\n\n\n<p>Rekrytointiprosessiin kuuluu ty\u00f6haastattelut. Haastatteluihin kannattaa valmistautua hyvin. Sill\u00e4 tavalla osoitat kiinnostuksesi ty\u00f6paikkaa kohtaan. <\/p>\n\n\n\n<p>Ennen uuden ty\u00f6n aloittamista pit\u00e4\u00e4 kirjoittaa ty\u00f6sopimus. Ty\u00f6sopimus kannattaa aina tehd\u00e4 kirjallisena. Suullinenkin sopimus on kuitenkin p\u00e4tev\u00e4. Ty\u00f6sopimuksessa voidaan sopia enint\u00e4\u00e4n 6 kuukauden mittaisesta koeajasta. M\u00e4\u00e4r\u00e4aikaisessa ty\u00f6suhteessa <span class='tooltipsall tooltipsincontent classtoolTips61'>Koeaika<\/span> saa olla enint\u00e4\u00e4n puolet ty\u00f6suhteen kestosta.<\/p>\n\n\n\n<p>Uuden ty\u00f6n alkaessa sinulla on oikeus saada perehdytys ty\u00f6teht\u00e4viisi. Ty\u00f6nantajan on perehdytett\u00e4v\u00e4 sinut ty\u00f6teht\u00e4viin, ty\u00f6v\u00e4lineiden k\u00e4ytt\u00f6\u00f6n ja turvallisiin ty\u00f6tapoihin. Perehdytyksen aikana tutustut uuden ty\u00f6paikkasi kulttuuriin, tapoihin, ihmisiin, k\u00e4yt\u00e4nt\u00f6ihin ja odotuksiin.<\/p>\n<script type=\"text\/javascript\"> toolTips('.classtoolTips61','Koeajan aikana arvioidaan ty\u00f6ntekij\u00e4n soveltuvuutta ty\u00f6teht\u00e4v\u00e4\u00e4n. Ennalta m\u00e4\u00e4ritellyn koeajan aikana ty\u00f6ntekij\u00e4 tai ty\u00f6nantaja voivat p\u00e4\u00e4tt\u00e4\u00e4 ty\u00f6suhteen ilman erityisemp\u00e4\u00e4 syyt\u00e4.'); <\/script>","protected":false},"excerpt":{"rendered":"<p>Ty\u00f6paikat l\u00f6ytyv\u00e4t erilaisista ty\u00f6nhakukanavista. Ty\u00f6nhakua varten tarvitset ansioluettelon ja hakemuskirjeen. Rekrytointiprosessiin kuuluu ty\u00f6haastattelut. Haastatteluihin kannattaa valmistautua hyvin. Sill\u00e4 tavalla osoitat kiinnostuksesi ty\u00f6paikkaa kohtaan. Ennen uuden ty\u00f6n aloittamista pit\u00e4\u00e4 kirjoittaa ty\u00f6sopimus. Ty\u00f6sopimus kannattaa aina tehd\u00e4 kirjallisena. Suullinenkin sopimus on kuitenkin p\u00e4tev\u00e4. Ty\u00f6sopimuksessa voidaan sopia enint\u00e4\u00e4n 6 kuukauden mittaisesta koeajasta. M\u00e4\u00e4r\u00e4aikaisessa ty\u00f6suhteessa Koeaika saa olla enint\u00e4\u00e4n puolet [&hellip;]<\/p>\n","protected":false},"author":13,"featured_media":0,"parent":0,"menu_order":0,"comment_status":"closed","ping_status":"closed","template":"","meta":{"_acf_changed":false,"footnotes":""},"asiasana":[],"omistaja":[],"class_list":["post-10842","page","type-page","status-publish","hentry"],"acf":[],"yoast_head":"<!-- This site is optimized with the Yoast SEO plugin v26.5 - https:\/\/yoast.com\/wordpress\/plugins\/seo\/ -->\n<title>Ty\u00f6n aloitus - Ty\u00f6el\u00e4m\u00e4\u00e4n.fi<\/title>\n<meta name=\"robots\" content=\"index, follow, max-snippet:-1, max-image-preview:large, max-video-preview:-1\" \/>\n<link rel=\"canonical\" href=\"https:\/\/tyoelamaan.staging.web-veistamo.fi\/tyon-aloitus\/\" \/>\n<meta property=\"og:locale\" content=\"fi_FI\" \/>\n<meta property=\"og:type\" content=\"article\" \/>\n<meta property=\"og:title\" content=\"Ty\u00f6n aloitus - Ty\u00f6el\u00e4m\u00e4\u00e4n.fi\" \/>\n<meta property=\"og:description\" content=\"Ty\u00f6paikat l\u00f6ytyv\u00e4t erilaisista ty\u00f6nhakukanavista. Ty\u00f6nhakua varten tarvitset ansioluettelon ja hakemuskirjeen. Rekrytointiprosessiin kuuluu ty\u00f6haastattelut. Haastatteluihin kannattaa valmistautua hyvin. Sill\u00e4 tavalla osoitat kiinnostuksesi ty\u00f6paikkaa kohtaan. Ennen uuden ty\u00f6n aloittamista pit\u00e4\u00e4 kirjoittaa ty\u00f6sopimus. Ty\u00f6sopimus kannattaa aina tehd\u00e4 kirjallisena. Suullinenkin sopimus on kuitenkin p\u00e4tev\u00e4. Ty\u00f6sopimuksessa voidaan sopia enint\u00e4\u00e4n 6 kuukauden mittaisesta koeajasta. M\u00e4\u00e4r\u00e4aikaisessa ty\u00f6suhteessa Koeaika saa olla enint\u00e4\u00e4n puolet [&hellip;]\" \/>\n<meta property=\"og:url\" content=\"https:\/\/tyoelamaan.staging.web-veistamo.fi\/tyon-aloitus\/\" \/>\n<meta property=\"og:site_name\" content=\"Ty\u00f6el\u00e4m\u00e4\u00e4n.fi\" \/>\n<meta property=\"article:modified_time\" content=\"2024-12-17T04:20:23+00:00\" \/>\n<meta name=\"twitter:card\" content=\"summary_large_image\" \/>\n<meta name=\"twitter:label1\" content=\"Est. reading time\" \/>\n\t<meta name=\"twitter:data1\" content=\"1 minute\" \/>\n<script type=\"application\/ld+json\" class=\"yoast-schema-graph\">{\"@context\":\"https:\/\/schema.org\",\"@graph\":[{\"@type\":\"WebPage\",\"@id\":\"https:\/\/tyoelamaan.staging.web-veistamo.fi\/tyon-aloitus\/\",\"url\":\"https:\/\/tyoelamaan.staging.web-veistamo.fi\/tyon-aloitus\/\",\"name\":\"Ty\u00f6n aloitus - Ty\u00f6el\u00e4m\u00e4\u00e4n.fi\",\"isPartOf\":{\"@id\":\"https:\/\/tyoelamaan.staging.web-veistamo.fi\/#website\"},\"datePublished\":\"2023-06-28T05:24:11+00:00\",\"dateModified\":\"2024-12-17T04:20:23+00:00\",\"breadcrumb\":{\"@id\":\"https:\/\/tyoelamaan.staging.web-veistamo.fi\/tyon-aloitus\/#breadcrumb\"},\"inLanguage\":\"fi-selko\",\"potentialAction\":[{\"@type\":\"ReadAction\",\"target\":[\"https:\/\/tyoelamaan.staging.web-veistamo.fi\/tyon-aloitus\/\"]}]},{\"@type\":\"BreadcrumbList\",\"@id\":\"https:\/\/tyoelamaan.staging.web-veistamo.fi\/tyon-aloitus\/#breadcrumb\",\"itemListElement\":[{\"@type\":\"ListItem\",\"position\":1,\"name\":\"Home\",\"item\":\"https:\/\/tyoelamaan.staging.web-veistamo.fi\/selko\/\"},{\"@type\":\"ListItem\",\"position\":2,\"name\":\"Ty\u00f6n aloitus\"}]},{\"@type\":\"WebSite\",\"@id\":\"https:\/\/tyoelamaan.staging.web-veistamo.fi\/#website\",\"url\":\"https:\/\/tyoelamaan.staging.web-veistamo.fi\/\",\"name\":\"Ty\u00f6el\u00e4m\u00e4\u00e4n.fi\",\"description\":\"\",\"publisher\":{\"@id\":\"https:\/\/tyoelamaan.staging.web-veistamo.fi\/#organization\"},\"potentialAction\":[{\"@type\":\"SearchAction\",\"target\":{\"@type\":\"EntryPoint\",\"urlTemplate\":\"https:\/\/tyoelamaan.staging.web-veistamo.fi\/?s={search_term_string}\"},\"query-input\":{\"@type\":\"PropertyValueSpecification\",\"valueRequired\":true,\"valueName\":\"search_term_string\"}}],\"inLanguage\":\"fi-selko\"},{\"@type\":\"Organization\",\"@id\":\"https:\/\/tyoelamaan.staging.web-veistamo.fi\/#organization\",\"name\":\"Ty\u00f6el\u00e4m\u00e4\u00e4n.fi\",\"url\":\"https:\/\/tyoelamaan.staging.web-veistamo.fi\/\",\"logo\":{\"@type\":\"ImageObject\",\"inLanguage\":\"fi-selko\",\"@id\":\"https:\/\/tyoelamaan.staging.web-veistamo.fi\/#\/schema\/logo\/image\/\",\"url\":\"https:\/\/tyoelamaan.staging.web-veistamo.fi\/wp-content\/uploads\/2024\/11\/tyoelamaan_logo.svg\",\"contentUrl\":\"https:\/\/tyoelamaan.staging.web-veistamo.fi\/wp-content\/uploads\/2024\/11\/tyoelamaan_logo.svg\",\"width\":131,\"height\":30,\"caption\":\"Ty\u00f6el\u00e4m\u00e4\u00e4n.fi\"},\"image\":{\"@id\":\"https:\/\/tyoelamaan.staging.web-veistamo.fi\/#\/schema\/logo\/image\/\"}}]}<\/script>\n<!-- \/ Yoast SEO plugin. -->","yoast_head_json":{"title":"Ty\u00f6n aloitus - Ty\u00f6el\u00e4m\u00e4\u00e4n.fi","robots":{"index":"index","follow":"follow","max-snippet":"max-snippet:-1","max-image-preview":"max-image-preview:large","max-video-preview":"max-video-preview:-1"},"canonical":"https:\/\/tyoelamaan.staging.web-veistamo.fi\/tyon-aloitus\/","og_locale":"fi_FI","og_type":"article","og_title":"Ty\u00f6n aloitus - Ty\u00f6el\u00e4m\u00e4\u00e4n.fi","og_description":"Ty\u00f6paikat l\u00f6ytyv\u00e4t erilaisista ty\u00f6nhakukanavista. Ty\u00f6nhakua varten tarvitset ansioluettelon ja hakemuskirjeen. Rekrytointiprosessiin kuuluu ty\u00f6haastattelut. Haastatteluihin kannattaa valmistautua hyvin. Sill\u00e4 tavalla osoitat kiinnostuksesi ty\u00f6paikkaa kohtaan. Ennen uuden ty\u00f6n aloittamista pit\u00e4\u00e4 kirjoittaa ty\u00f6sopimus. Ty\u00f6sopimus kannattaa aina tehd\u00e4 kirjallisena. Suullinenkin sopimus on kuitenkin p\u00e4tev\u00e4. Ty\u00f6sopimuksessa voidaan sopia enint\u00e4\u00e4n 6 kuukauden mittaisesta koeajasta. M\u00e4\u00e4r\u00e4aikaisessa ty\u00f6suhteessa Koeaika saa olla enint\u00e4\u00e4n puolet [&hellip;]","og_url":"https:\/\/tyoelamaan.staging.web-veistamo.fi\/tyon-aloitus\/","og_site_name":"Ty\u00f6el\u00e4m\u00e4\u00e4n.fi","article_modified_time":"2024-12-17T04:20:23+00:00","twitter_card":"summary_large_image","twitter_misc":{"Est. reading time":"1 minute"},"schema":{"@context":"https:\/\/schema.org","@graph":[{"@type":"WebPage","@id":"https:\/\/tyoelamaan.staging.web-veistamo.fi\/tyon-aloitus\/","url":"https:\/\/tyoelamaan.staging.web-veistamo.fi\/tyon-aloitus\/","name":"Ty\u00f6n aloitus - Ty\u00f6el\u00e4m\u00e4\u00e4n.fi","isPartOf":{"@id":"https:\/\/tyoelamaan.staging.web-veistamo.fi\/#website"},"datePublished":"2023-06-28T05:24:11+00:00","dateModified":"2024-12-17T04:20:23+00:00","breadcrumb":{"@id":"https:\/\/tyoelamaan.staging.web-veistamo.fi\/tyon-aloitus\/#breadcrumb"},"inLanguage":"fi-selko","potentialAction":[{"@type":"ReadAction","target":["https:\/\/tyoelamaan.staging.web-veistamo.fi\/tyon-aloitus\/"]}]},{"@type":"BreadcrumbList","@id":"https:\/\/tyoelamaan.staging.web-veistamo.fi\/tyon-aloitus\/#breadcrumb","itemListElement":[{"@type":"ListItem","position":1,"name":"Home","item":"https:\/\/tyoelamaan.staging.web-veistamo.fi\/selko\/"},{"@type":"ListItem","position":2,"name":"Ty\u00f6n aloitus"}]},{"@type":"WebSite","@id":"https:\/\/tyoelamaan.staging.web-veistamo.fi\/#website","url":"https:\/\/tyoelamaan.staging.web-veistamo.fi\/","name":"Ty\u00f6el\u00e4m\u00e4\u00e4n.fi","description":"","publisher":{"@id":"https:\/\/tyoelamaan.staging.web-veistamo.fi\/#organization"},"potentialAction":[{"@type":"SearchAction","target":{"@type":"EntryPoint","urlTemplate":"https:\/\/tyoelamaan.staging.web-veistamo.fi\/?s={search_term_string}"},"query-input":{"@type":"PropertyValueSpecification","valueRequired":true,"valueName":"search_term_string"}}],"inLanguage":"fi-selko"},{"@type":"Organization","@id":"https:\/\/tyoelamaan.staging.web-veistamo.fi\/#organization","name":"Ty\u00f6el\u00e4m\u00e4\u00e4n.fi","url":"https:\/\/tyoelamaan.staging.web-veistamo.fi\/","logo":{"@type":"ImageObject","inLanguage":"fi-selko","@id":"https:\/\/tyoelamaan.staging.web-veistamo.fi\/#\/schema\/logo\/image\/","url":"https:\/\/tyoelamaan.staging.web-veistamo.fi\/wp-content\/uploads\/2024\/11\/tyoelamaan_logo.svg","contentUrl":"https:\/\/tyoelamaan.staging.web-veistamo.fi\/wp-content\/uploads\/2024\/11\/tyoelamaan_logo.svg","width":131,"height":30,"caption":"Ty\u00f6el\u00e4m\u00e4\u00e4n.fi"},"image":{"@id":"https:\/\/tyoelamaan.staging.web-veistamo.fi\/#\/schema\/logo\/image\/"}}]}},"_links":{"self":[{"href":"https:\/\/tyoelamaan.staging.web-veistamo.fi\/selko\/wp-json\/wp\/v2\/pages\/10842","targetHints":{"allow":["GET"]}}],"collection":[{"href":"https:\/\/tyoelamaan.staging.web-veistamo.fi\/selko\/wp-json\/wp\/v2\/pages"}],"about":[{"href":"https:\/\/tyoelamaan.staging.web-veistamo.fi\/selko\/wp-json\/wp\/v2\/types\/page"}],"author":[{"embeddable":true,"href":"https:\/\/tyoelamaan.staging.web-veistamo.fi\/selko\/wp-json\/wp\/v2\/users\/13"}],"replies":[{"embeddable":true,"href":"https:\/\/tyoelamaan.staging.web-veistamo.fi\/selko\/wp-json\/wp\/v2\/comments?post=10842"}],"version-history":[{"count":1,"href":"https:\/\/tyoelamaan.staging.web-veistamo.fi\/selko\/wp-json\/wp\/v2\/pages\/10842\/revisions"}],"predecessor-version":[{"id":10843,"href":"https:\/\/tyoelamaan.staging.web-veistamo.fi\/selko\/wp-json\/wp\/v2\/pages\/10842\/revisions\/10843"}],"wp:attachment":[{"href":"https:\/\/tyoelamaan.staging.web-veistamo.fi\/selko\/wp-json\/wp\/v2\/media?parent=10842"}],"wp:term":[{"taxonomy":"asiasana","embeddable":true,"href":"https:\/\/tyoelamaan.staging.web-veistamo.fi\/selko\/wp-json\/wp\/v2\/asiasana?post=10842"},{"taxonomy":"omistaja","embeddable":true,"href":"https:\/\/tyoelamaan.staging.web-veistamo.fi\/selko\/wp-json\/wp\/v2\/omistaja?post=10842"}],"curies":[{"name":"wp","href":"https:\/\/api.w.org\/{rel}","templated":true}]}}