{"id":10636,"date":"2023-06-27T10:52:08","date_gmt":"2023-06-27T07:52:08","guid":{"rendered":"https:\/\/tyoelamaan.fi\/?page_id=10636"},"modified":"2024-12-17T06:20:15","modified_gmt":"2024-12-17T04:20:15","slug":"koeaika","status":"publish","type":"page","link":"https:\/\/tyoelamaan.staging.web-veistamo.fi\/selko\/tyon-aloitus\/koeaika\/","title":{"rendered":"Koeaika"},"content":{"rendered":"\n<p>Ty\u00f6sopimuksessa voidaan sopia, ett\u00e4 alussa on <span class='tooltipsall tooltipsincontent classtoolTips61'>Koeaika<\/span>. Se saa kest\u00e4\u00e4 enint\u00e4\u00e4n kuusi kuukautta. M\u00e4\u00e4r\u00e4aikaisessa ty\u00f6suhteessa koeaika saa olla korkeintaan puolet ty\u00f6n kestosta.<\/p>\n\n\n\n<p>Jos ty\u00f6ntekij\u00e4 on koeaikana poissa ty\u00f6st\u00e4, ty\u00f6nantaja saa pident\u00e4\u00e4 aikaa. Ty\u00f6ntekij\u00e4lle pit\u00e4\u00e4 ilmoittaa pident\u00e4misest\u00e4 ennen koeajan p\u00e4\u00e4ttymist\u00e4.<\/p>\n\n\n\n<p>Koeajan kuluessa ty\u00f6sopimus voidaan molemmin puolin purkaa. Ty\u00f6sopimusta ei saa kuitenkaan purkaa ep\u00e4asiallisilla perusteilla.<\/p>\n<script type=\"text\/javascript\"> toolTips('.classtoolTips61','Koeajan aikana arvioidaan ty\u00f6ntekij\u00e4n soveltuvuutta ty\u00f6teht\u00e4v\u00e4\u00e4n. Ennalta m\u00e4\u00e4ritellyn koeajan aikana ty\u00f6ntekij\u00e4 tai ty\u00f6nantaja voivat p\u00e4\u00e4tt\u00e4\u00e4 ty\u00f6suhteen ilman erityisemp\u00e4\u00e4 syyt\u00e4.'); <\/script>","protected":false},"excerpt":{"rendered":"<p>Ty\u00f6sopimuksessa voidaan sopia, ett\u00e4 alussa on Koeaika. Se saa kest\u00e4\u00e4 enint\u00e4\u00e4n kuusi kuukautta. M\u00e4\u00e4r\u00e4aikaisessa ty\u00f6suhteessa koeaika saa olla korkeintaan puolet ty\u00f6n kestosta. Jos ty\u00f6ntekij\u00e4 on koeaikana poissa ty\u00f6st\u00e4, ty\u00f6nantaja saa pident\u00e4\u00e4 aikaa. Ty\u00f6ntekij\u00e4lle pit\u00e4\u00e4 ilmoittaa pident\u00e4misest\u00e4 ennen koeajan p\u00e4\u00e4ttymist\u00e4. Koeajan kuluessa ty\u00f6sopimus voidaan molemmin puolin purkaa. Ty\u00f6sopimusta ei saa kuitenkaan purkaa ep\u00e4asiallisilla perusteilla.<\/p>\n","protected":false},"author":13,"featured_media":0,"parent":10842,"menu_order":0,"comment_status":"closed","ping_status":"closed","template":"","meta":{"_acf_changed":false,"footnotes":""},"asiasana":[],"omistaja":[],"class_list":["post-10636","page","type-page","status-publish","hentry"],"acf":[],"yoast_head":"<!-- This site is optimized with the Yoast SEO plugin v26.5 - https:\/\/yoast.com\/wordpress\/plugins\/seo\/ -->\n<title>Koeaika - Ty\u00f6el\u00e4m\u00e4\u00e4n.fi<\/title>\n<meta name=\"robots\" content=\"index, follow, max-snippet:-1, max-image-preview:large, max-video-preview:-1\" \/>\n<link rel=\"canonical\" href=\"https:\/\/tyoelamaan.staging.web-veistamo.fi\/tyon-aloitus\/koeaika\/\" \/>\n<meta property=\"og:locale\" content=\"fi_FI\" \/>\n<meta property=\"og:type\" content=\"article\" \/>\n<meta property=\"og:title\" content=\"Koeaika - Ty\u00f6el\u00e4m\u00e4\u00e4n.fi\" \/>\n<meta property=\"og:description\" content=\"Ty\u00f6sopimuksessa voidaan sopia, ett\u00e4 alussa on Koeaika. Se saa kest\u00e4\u00e4 enint\u00e4\u00e4n kuusi kuukautta. M\u00e4\u00e4r\u00e4aikaisessa ty\u00f6suhteessa koeaika saa olla korkeintaan puolet ty\u00f6n kestosta. Jos ty\u00f6ntekij\u00e4 on koeaikana poissa ty\u00f6st\u00e4, ty\u00f6nantaja saa pident\u00e4\u00e4 aikaa. Ty\u00f6ntekij\u00e4lle pit\u00e4\u00e4 ilmoittaa pident\u00e4misest\u00e4 ennen koeajan p\u00e4\u00e4ttymist\u00e4. Koeajan kuluessa ty\u00f6sopimus voidaan molemmin puolin purkaa. Ty\u00f6sopimusta ei saa kuitenkaan purkaa ep\u00e4asiallisilla perusteilla.\" \/>\n<meta property=\"og:url\" content=\"https:\/\/tyoelamaan.staging.web-veistamo.fi\/tyon-aloitus\/koeaika\/\" \/>\n<meta property=\"og:site_name\" content=\"Ty\u00f6el\u00e4m\u00e4\u00e4n.fi\" \/>\n<meta property=\"article:modified_time\" content=\"2024-12-17T04:20:15+00:00\" \/>\n<meta name=\"twitter:card\" content=\"summary_large_image\" \/>\n<meta name=\"twitter:label1\" content=\"Est. reading time\" \/>\n\t<meta name=\"twitter:data1\" content=\"1 minute\" \/>\n<script type=\"application\/ld+json\" class=\"yoast-schema-graph\">{\"@context\":\"https:\/\/schema.org\",\"@graph\":[{\"@type\":\"WebPage\",\"@id\":\"https:\/\/tyoelamaan.staging.web-veistamo.fi\/tyon-aloitus\/koeaika\/\",\"url\":\"https:\/\/tyoelamaan.staging.web-veistamo.fi\/tyon-aloitus\/koeaika\/\",\"name\":\"Koeaika - Ty\u00f6el\u00e4m\u00e4\u00e4n.fi\",\"isPartOf\":{\"@id\":\"https:\/\/tyoelamaan.staging.web-veistamo.fi\/#website\"},\"datePublished\":\"2023-06-27T07:52:08+00:00\",\"dateModified\":\"2024-12-17T04:20:15+00:00\",\"breadcrumb\":{\"@id\":\"https:\/\/tyoelamaan.staging.web-veistamo.fi\/tyon-aloitus\/koeaika\/#breadcrumb\"},\"inLanguage\":\"fi-selko\",\"potentialAction\":[{\"@type\":\"ReadAction\",\"target\":[\"https:\/\/tyoelamaan.staging.web-veistamo.fi\/tyon-aloitus\/koeaika\/\"]}]},{\"@type\":\"BreadcrumbList\",\"@id\":\"https:\/\/tyoelamaan.staging.web-veistamo.fi\/tyon-aloitus\/koeaika\/#breadcrumb\",\"itemListElement\":[{\"@type\":\"ListItem\",\"position\":1,\"name\":\"Home\",\"item\":\"https:\/\/tyoelamaan.staging.web-veistamo.fi\/selko\/\"},{\"@type\":\"ListItem\",\"position\":2,\"name\":\"Ty\u00f6n aloitus\",\"item\":\"https:\/\/tyoelamaan.staging.web-veistamo.fi\/tyon-aloitus\/\"},{\"@type\":\"ListItem\",\"position\":3,\"name\":\"Koeaika\"}]},{\"@type\":\"WebSite\",\"@id\":\"https:\/\/tyoelamaan.staging.web-veistamo.fi\/#website\",\"url\":\"https:\/\/tyoelamaan.staging.web-veistamo.fi\/\",\"name\":\"Ty\u00f6el\u00e4m\u00e4\u00e4n.fi\",\"description\":\"\",\"publisher\":{\"@id\":\"https:\/\/tyoelamaan.staging.web-veistamo.fi\/#organization\"},\"potentialAction\":[{\"@type\":\"SearchAction\",\"target\":{\"@type\":\"EntryPoint\",\"urlTemplate\":\"https:\/\/tyoelamaan.staging.web-veistamo.fi\/?s={search_term_string}\"},\"query-input\":{\"@type\":\"PropertyValueSpecification\",\"valueRequired\":true,\"valueName\":\"search_term_string\"}}],\"inLanguage\":\"fi-selko\"},{\"@type\":\"Organization\",\"@id\":\"https:\/\/tyoelamaan.staging.web-veistamo.fi\/#organization\",\"name\":\"Ty\u00f6el\u00e4m\u00e4\u00e4n.fi\",\"url\":\"https:\/\/tyoelamaan.staging.web-veistamo.fi\/\",\"logo\":{\"@type\":\"ImageObject\",\"inLanguage\":\"fi-selko\",\"@id\":\"https:\/\/tyoelamaan.staging.web-veistamo.fi\/#\/schema\/logo\/image\/\",\"url\":\"https:\/\/tyoelamaan.staging.web-veistamo.fi\/wp-content\/uploads\/2024\/11\/tyoelamaan_logo.svg\",\"contentUrl\":\"https:\/\/tyoelamaan.staging.web-veistamo.fi\/wp-content\/uploads\/2024\/11\/tyoelamaan_logo.svg\",\"width\":131,\"height\":30,\"caption\":\"Ty\u00f6el\u00e4m\u00e4\u00e4n.fi\"},\"image\":{\"@id\":\"https:\/\/tyoelamaan.staging.web-veistamo.fi\/#\/schema\/logo\/image\/\"}}]}<\/script>\n<!-- \/ Yoast SEO plugin. -->","yoast_head_json":{"title":"Koeaika - Ty\u00f6el\u00e4m\u00e4\u00e4n.fi","robots":{"index":"index","follow":"follow","max-snippet":"max-snippet:-1","max-image-preview":"max-image-preview:large","max-video-preview":"max-video-preview:-1"},"canonical":"https:\/\/tyoelamaan.staging.web-veistamo.fi\/tyon-aloitus\/koeaika\/","og_locale":"fi_FI","og_type":"article","og_title":"Koeaika - Ty\u00f6el\u00e4m\u00e4\u00e4n.fi","og_description":"Ty\u00f6sopimuksessa voidaan sopia, ett\u00e4 alussa on Koeaika. Se saa kest\u00e4\u00e4 enint\u00e4\u00e4n kuusi kuukautta. M\u00e4\u00e4r\u00e4aikaisessa ty\u00f6suhteessa koeaika saa olla korkeintaan puolet ty\u00f6n kestosta. Jos ty\u00f6ntekij\u00e4 on koeaikana poissa ty\u00f6st\u00e4, ty\u00f6nantaja saa pident\u00e4\u00e4 aikaa. Ty\u00f6ntekij\u00e4lle pit\u00e4\u00e4 ilmoittaa pident\u00e4misest\u00e4 ennen koeajan p\u00e4\u00e4ttymist\u00e4. Koeajan kuluessa ty\u00f6sopimus voidaan molemmin puolin purkaa. Ty\u00f6sopimusta ei saa kuitenkaan purkaa ep\u00e4asiallisilla perusteilla.","og_url":"https:\/\/tyoelamaan.staging.web-veistamo.fi\/tyon-aloitus\/koeaika\/","og_site_name":"Ty\u00f6el\u00e4m\u00e4\u00e4n.fi","article_modified_time":"2024-12-17T04:20:15+00:00","twitter_card":"summary_large_image","twitter_misc":{"Est. reading time":"1 minute"},"schema":{"@context":"https:\/\/schema.org","@graph":[{"@type":"WebPage","@id":"https:\/\/tyoelamaan.staging.web-veistamo.fi\/tyon-aloitus\/koeaika\/","url":"https:\/\/tyoelamaan.staging.web-veistamo.fi\/tyon-aloitus\/koeaika\/","name":"Koeaika - Ty\u00f6el\u00e4m\u00e4\u00e4n.fi","isPartOf":{"@id":"https:\/\/tyoelamaan.staging.web-veistamo.fi\/#website"},"datePublished":"2023-06-27T07:52:08+00:00","dateModified":"2024-12-17T04:20:15+00:00","breadcrumb":{"@id":"https:\/\/tyoelamaan.staging.web-veistamo.fi\/tyon-aloitus\/koeaika\/#breadcrumb"},"inLanguage":"fi-selko","potentialAction":[{"@type":"ReadAction","target":["https:\/\/tyoelamaan.staging.web-veistamo.fi\/tyon-aloitus\/koeaika\/"]}]},{"@type":"BreadcrumbList","@id":"https:\/\/tyoelamaan.staging.web-veistamo.fi\/tyon-aloitus\/koeaika\/#breadcrumb","itemListElement":[{"@type":"ListItem","position":1,"name":"Home","item":"https:\/\/tyoelamaan.staging.web-veistamo.fi\/selko\/"},{"@type":"ListItem","position":2,"name":"Ty\u00f6n aloitus","item":"https:\/\/tyoelamaan.staging.web-veistamo.fi\/tyon-aloitus\/"},{"@type":"ListItem","position":3,"name":"Koeaika"}]},{"@type":"WebSite","@id":"https:\/\/tyoelamaan.staging.web-veistamo.fi\/#website","url":"https:\/\/tyoelamaan.staging.web-veistamo.fi\/","name":"Ty\u00f6el\u00e4m\u00e4\u00e4n.fi","description":"","publisher":{"@id":"https:\/\/tyoelamaan.staging.web-veistamo.fi\/#organization"},"potentialAction":[{"@type":"SearchAction","target":{"@type":"EntryPoint","urlTemplate":"https:\/\/tyoelamaan.staging.web-veistamo.fi\/?s={search_term_string}"},"query-input":{"@type":"PropertyValueSpecification","valueRequired":true,"valueName":"search_term_string"}}],"inLanguage":"fi-selko"},{"@type":"Organization","@id":"https:\/\/tyoelamaan.staging.web-veistamo.fi\/#organization","name":"Ty\u00f6el\u00e4m\u00e4\u00e4n.fi","url":"https:\/\/tyoelamaan.staging.web-veistamo.fi\/","logo":{"@type":"ImageObject","inLanguage":"fi-selko","@id":"https:\/\/tyoelamaan.staging.web-veistamo.fi\/#\/schema\/logo\/image\/","url":"https:\/\/tyoelamaan.staging.web-veistamo.fi\/wp-content\/uploads\/2024\/11\/tyoelamaan_logo.svg","contentUrl":"https:\/\/tyoelamaan.staging.web-veistamo.fi\/wp-content\/uploads\/2024\/11\/tyoelamaan_logo.svg","width":131,"height":30,"caption":"Ty\u00f6el\u00e4m\u00e4\u00e4n.fi"},"image":{"@id":"https:\/\/tyoelamaan.staging.web-veistamo.fi\/#\/schema\/logo\/image\/"}}]}},"_links":{"self":[{"href":"https:\/\/tyoelamaan.staging.web-veistamo.fi\/selko\/wp-json\/wp\/v2\/pages\/10636","targetHints":{"allow":["GET"]}}],"collection":[{"href":"https:\/\/tyoelamaan.staging.web-veistamo.fi\/selko\/wp-json\/wp\/v2\/pages"}],"about":[{"href":"https:\/\/tyoelamaan.staging.web-veistamo.fi\/selko\/wp-json\/wp\/v2\/types\/page"}],"author":[{"embeddable":true,"href":"https:\/\/tyoelamaan.staging.web-veistamo.fi\/selko\/wp-json\/wp\/v2\/users\/13"}],"replies":[{"embeddable":true,"href":"https:\/\/tyoelamaan.staging.web-veistamo.fi\/selko\/wp-json\/wp\/v2\/comments?post=10636"}],"version-history":[{"count":1,"href":"https:\/\/tyoelamaan.staging.web-veistamo.fi\/selko\/wp-json\/wp\/v2\/pages\/10636\/revisions"}],"predecessor-version":[{"id":10637,"href":"https:\/\/tyoelamaan.staging.web-veistamo.fi\/selko\/wp-json\/wp\/v2\/pages\/10636\/revisions\/10637"}],"up":[{"embeddable":true,"href":"https:\/\/tyoelamaan.staging.web-veistamo.fi\/selko\/wp-json\/wp\/v2\/pages\/10842"}],"wp:attachment":[{"href":"https:\/\/tyoelamaan.staging.web-veistamo.fi\/selko\/wp-json\/wp\/v2\/media?parent=10636"}],"wp:term":[{"taxonomy":"asiasana","embeddable":true,"href":"https:\/\/tyoelamaan.staging.web-veistamo.fi\/selko\/wp-json\/wp\/v2\/asiasana?post=10636"},{"taxonomy":"omistaja","embeddable":true,"href":"https:\/\/tyoelamaan.staging.web-veistamo.fi\/selko\/wp-json\/wp\/v2\/omistaja?post=10636"}],"curies":[{"name":"wp","href":"https:\/\/api.w.org\/{rel}","templated":true}]}}