{"id":4868,"date":"2021-06-01T15:01:49","date_gmt":"2021-06-01T12:01:49","guid":{"rendered":"https:\/\/tyoelamaan.fi\/?page_id=4868"},"modified":"2024-12-17T06:19:32","modified_gmt":"2024-12-17T04:19:32","slug":"employees-right-to-orientation","status":"publish","type":"page","link":"https:\/\/tyoelamaan.staging.web-veistamo.fi\/en\/work-starts\/employees-right-to-orientation\/","title":{"rendered":"Employee&#8217;s right to orientation"},"content":{"rendered":"\n<p>When employees start in a new job, they have a legal right to receive high-quality orientation to their duties and the workplace practices. The orientation and guidance concern all new employees in the company, including summer workers and agency contract workers. It is particularly important to orient young employees at the start of their careers who do not necessarily have the professional skills and experience required for the job.<\/p>\n\n\n\n<p>The <a href=\"https:\/\/www.finlex.fi\/en\/laki\/kaannokset\/2002\/20020738\" target=\"_blank\" rel=\"noreferrer noopener\">Act on Labour Protection&nbsp;<\/a>obliges the employer to orient employees to work and the working conditions as well as to the correct use of tools and to safe working methods. Orientation makes new employee familiar with the corporate culture, customs, people, practices and expectations.<\/p>\n\n\n\n<div class=\"wp-block-group has-secondary-background-color has-background has-global-padding is-layout-constrained wp-container-core-group-is-layout-10bc4538 wp-block-group-is-layout-constrained\" style=\"padding-top:var(--wp--preset--spacing--80);padding-right:var(--wp--preset--spacing--80);padding-bottom:var(--wp--preset--spacing--80);padding-left:var(--wp--preset--spacing--80)\">\n<h2 class=\"wp-block-heading\">During orientation, new employees are instructed to:<\/h2>\n\n\n\n<ul class=\"wp-block-list\">\n<li>their duties<\/li>\n\n\n\n<li>the operations of the company<\/li>\n\n\n\n<li>tools<\/li>\n\n\n\n<li>occupational safety<\/li>\n<\/ul>\n<\/div>\n\n\n\n<h2 class=\"wp-block-heading\">Orientation plan<\/h2>\n\n\n\n<p>Closest supervisors are typically in charge of orienting and instructing employees. They draw up a written plan showing the content and progress of orientation. The plan should take into account the duration of employment, professional skills, experience and education. Supervisors do not have to give the whole orientation themselves, they can delegate some of the responsibility to other employees. However, the responsibility for the orientation always remains with the management and the supervisor.<\/p>\n\n\n\n<p>Every new employee must get sufficient information on e.g. the work and workplace, the rules and common instructions of the workplace, the use of machines, equipment and means of protection, work safety and work-related hazards and exposures. In orientation employees learn safe working methods and identify potential risk factors in the job.<\/p>\n\n\n\n<h2 class=\"wp-block-heading\">What to do if you do not get orientation?<\/h2>\n\n\n\n<p>If you feel you have not got enough orientation or something is unclear, take it up with your supervisor. If that is not possible, contact the shop steward or occupational safety delegate in your company. Remember that you can also ask your colleagues.<\/p>\n\n\n\n<h2 class=\"wp-block-heading\">Mentoring<\/h2>\n\n\n\n<p>Orientation concerns old employees, too. Mentoring allows employees repositioning within the company to familiarize themselves with their personal duties, responsibilities, demands and requirements. When duties and working conditions change, employees must be guided to new circumstances. In change situations employees must adapt to the new situation, and positive changes can cause mental strain, too.<\/p>\n\n\n\n<div class=\"wp-block-group has-secondary-background-color has-background has-global-padding is-layout-constrained wp-container-core-group-is-layout-10bc4538 wp-block-group-is-layout-constrained\" style=\"padding-top:var(--wp--preset--spacing--80);padding-right:var(--wp--preset--spacing--80);padding-bottom:var(--wp--preset--spacing--80);padding-left:var(--wp--preset--spacing--80)\">\n<h2 class=\"wp-block-heading has-h-3-font-size\">Mentoring is needed when:<\/h2>\n\n\n\n<div class=\"wp-block-columns is-layout-flex wp-container-core-columns-is-layout-28f84493 wp-block-columns-is-layout-flex\">\n<div class=\"wp-block-column is-layout-flow wp-block-column-is-layout-flow\" style=\"flex-basis:66.66%\">\n<ul class=\"wp-block-list\">\n<li>duties change<\/li>\n\n\n\n<li>working methods change<\/li>\n\n\n\n<li>new machines, equipment and substances are acquired and introduced<\/li>\n\n\n\n<li>the task is seldom repeated<\/li>\n\n\n\n<li>safety instructions are neglected<\/li>\n\n\n\n<li>accidents occur at the workplace or an occupational disease is detected<\/li>\n\n\n\n<li>defects are detected in the mentoring provided<\/li>\n\n\n\n<li>the situation deviates from the usual<\/li>\n\n\n\n<li>mistakes are detected in operations and defects in the quality of products and services<\/li>\n<\/ul>\n<\/div>\n\n\n\n<div class=\"wp-block-column is-layout-flow wp-block-column-is-layout-flow\" style=\"flex-basis:33.33%\"><\/div>\n<\/div>\n<\/div>\n\n\n\n<p><\/p>\n","protected":false},"excerpt":{"rendered":"<p>When employees start in a new job, they have a legal right to receive high-quality orientation to their duties and the workplace practices. The orientation and guidance concern all new employees in the company, including summer workers and agency contract workers. It is particularly important to orient young employees at the start of their careers [&hellip;]<\/p>\n","protected":false},"author":3,"featured_media":0,"parent":10567,"menu_order":0,"comment_status":"closed","ping_status":"closed","template":"","meta":{"_acf_changed":false,"footnotes":""},"asiasana":[],"omistaja":[],"class_list":["post-4868","page","type-page","status-publish","hentry"],"acf":[],"yoast_head":"<!-- This site is optimized with the Yoast SEO plugin v26.5 - https:\/\/yoast.com\/wordpress\/plugins\/seo\/ -->\n<title>Employee&#039;s right to orientation - Ty\u00f6el\u00e4m\u00e4\u00e4n.fi<\/title>\n<meta name=\"robots\" content=\"index, follow, max-snippet:-1, max-image-preview:large, max-video-preview:-1\" \/>\n<link rel=\"canonical\" href=\"https:\/\/tyoelamaan.staging.web-veistamo.fi\/tyon-aloitus\/perehdytys\/\" \/>\n<meta property=\"og:locale\" content=\"en_US\" \/>\n<meta property=\"og:type\" content=\"article\" \/>\n<meta property=\"og:title\" content=\"Employee&#039;s right to orientation - Ty\u00f6el\u00e4m\u00e4\u00e4n.fi\" \/>\n<meta property=\"og:description\" content=\"When employees start in a new job, they have a legal right to receive high-quality orientation to their duties and the workplace practices. The orientation and guidance concern all new employees in the company, including summer workers and agency contract workers. It is particularly important to orient young employees at the start of their careers [&hellip;]\" \/>\n<meta property=\"og:url\" content=\"https:\/\/tyoelamaan.staging.web-veistamo.fi\/tyon-aloitus\/perehdytys\/\" \/>\n<meta property=\"og:site_name\" content=\"Ty\u00f6el\u00e4m\u00e4\u00e4n.fi\" \/>\n<meta property=\"article:modified_time\" content=\"2024-12-17T04:19:32+00:00\" \/>\n<meta name=\"twitter:card\" content=\"summary_large_image\" \/>\n<meta name=\"twitter:label1\" content=\"Est. reading time\" \/>\n\t<meta name=\"twitter:data1\" content=\"3 minutes\" \/>\n<script type=\"application\/ld+json\" class=\"yoast-schema-graph\">{\"@context\":\"https:\/\/schema.org\",\"@graph\":[{\"@type\":\"WebPage\",\"@id\":\"https:\/\/tyoelamaan.staging.web-veistamo.fi\/tyon-aloitus\/perehdytys\/\",\"url\":\"https:\/\/tyoelamaan.staging.web-veistamo.fi\/tyon-aloitus\/perehdytys\/\",\"name\":\"Employee's right to orientation - Ty\u00f6el\u00e4m\u00e4\u00e4n.fi\",\"isPartOf\":{\"@id\":\"https:\/\/tyoelamaan.staging.web-veistamo.fi\/#website\"},\"datePublished\":\"2021-06-01T12:01:49+00:00\",\"dateModified\":\"2024-12-17T04:19:32+00:00\",\"breadcrumb\":{\"@id\":\"https:\/\/tyoelamaan.staging.web-veistamo.fi\/tyon-aloitus\/perehdytys\/#breadcrumb\"},\"inLanguage\":\"en-US\",\"potentialAction\":[{\"@type\":\"ReadAction\",\"target\":[\"https:\/\/tyoelamaan.staging.web-veistamo.fi\/tyon-aloitus\/perehdytys\/\"]}]},{\"@type\":\"BreadcrumbList\",\"@id\":\"https:\/\/tyoelamaan.staging.web-veistamo.fi\/tyon-aloitus\/perehdytys\/#breadcrumb\",\"itemListElement\":[{\"@type\":\"ListItem\",\"position\":1,\"name\":\"Home\",\"item\":\"https:\/\/tyoelamaan.staging.web-veistamo.fi\/en\/\"},{\"@type\":\"ListItem\",\"position\":2,\"name\":\"Work starts\",\"item\":\"https:\/\/tyoelamaan.staging.web-veistamo.fi\/tyon-aloitus\/\"},{\"@type\":\"ListItem\",\"position\":3,\"name\":\"Employee&#8217;s right to orientation\"}]},{\"@type\":\"WebSite\",\"@id\":\"https:\/\/tyoelamaan.staging.web-veistamo.fi\/#website\",\"url\":\"https:\/\/tyoelamaan.staging.web-veistamo.fi\/\",\"name\":\"Ty\u00f6el\u00e4m\u00e4\u00e4n.fi\",\"description\":\"\",\"publisher\":{\"@id\":\"https:\/\/tyoelamaan.staging.web-veistamo.fi\/#organization\"},\"potentialAction\":[{\"@type\":\"SearchAction\",\"target\":{\"@type\":\"EntryPoint\",\"urlTemplate\":\"https:\/\/tyoelamaan.staging.web-veistamo.fi\/?s={search_term_string}\"},\"query-input\":{\"@type\":\"PropertyValueSpecification\",\"valueRequired\":true,\"valueName\":\"search_term_string\"}}],\"inLanguage\":\"en-US\"},{\"@type\":\"Organization\",\"@id\":\"https:\/\/tyoelamaan.staging.web-veistamo.fi\/#organization\",\"name\":\"Ty\u00f6el\u00e4m\u00e4\u00e4n.fi\",\"url\":\"https:\/\/tyoelamaan.staging.web-veistamo.fi\/\",\"logo\":{\"@type\":\"ImageObject\",\"inLanguage\":\"en-US\",\"@id\":\"https:\/\/tyoelamaan.staging.web-veistamo.fi\/#\/schema\/logo\/image\/\",\"url\":\"https:\/\/tyoelamaan.staging.web-veistamo.fi\/wp-content\/uploads\/2024\/11\/tyoelamaan_logo.svg\",\"contentUrl\":\"https:\/\/tyoelamaan.staging.web-veistamo.fi\/wp-content\/uploads\/2024\/11\/tyoelamaan_logo.svg\",\"width\":131,\"height\":30,\"caption\":\"Ty\u00f6el\u00e4m\u00e4\u00e4n.fi\"},\"image\":{\"@id\":\"https:\/\/tyoelamaan.staging.web-veistamo.fi\/#\/schema\/logo\/image\/\"}}]}<\/script>\n<!-- \/ Yoast SEO plugin. -->","yoast_head_json":{"title":"Employee's right to orientation - Ty\u00f6el\u00e4m\u00e4\u00e4n.fi","robots":{"index":"index","follow":"follow","max-snippet":"max-snippet:-1","max-image-preview":"max-image-preview:large","max-video-preview":"max-video-preview:-1"},"canonical":"https:\/\/tyoelamaan.staging.web-veistamo.fi\/tyon-aloitus\/perehdytys\/","og_locale":"en_US","og_type":"article","og_title":"Employee's right to orientation - Ty\u00f6el\u00e4m\u00e4\u00e4n.fi","og_description":"When employees start in a new job, they have a legal right to receive high-quality orientation to their duties and the workplace practices. The orientation and guidance concern all new employees in the company, including summer workers and agency contract workers. It is particularly important to orient young employees at the start of their careers [&hellip;]","og_url":"https:\/\/tyoelamaan.staging.web-veistamo.fi\/tyon-aloitus\/perehdytys\/","og_site_name":"Ty\u00f6el\u00e4m\u00e4\u00e4n.fi","article_modified_time":"2024-12-17T04:19:32+00:00","twitter_card":"summary_large_image","twitter_misc":{"Est. reading time":"3 minutes"},"schema":{"@context":"https:\/\/schema.org","@graph":[{"@type":"WebPage","@id":"https:\/\/tyoelamaan.staging.web-veistamo.fi\/tyon-aloitus\/perehdytys\/","url":"https:\/\/tyoelamaan.staging.web-veistamo.fi\/tyon-aloitus\/perehdytys\/","name":"Employee's right to orientation - Ty\u00f6el\u00e4m\u00e4\u00e4n.fi","isPartOf":{"@id":"https:\/\/tyoelamaan.staging.web-veistamo.fi\/#website"},"datePublished":"2021-06-01T12:01:49+00:00","dateModified":"2024-12-17T04:19:32+00:00","breadcrumb":{"@id":"https:\/\/tyoelamaan.staging.web-veistamo.fi\/tyon-aloitus\/perehdytys\/#breadcrumb"},"inLanguage":"en-US","potentialAction":[{"@type":"ReadAction","target":["https:\/\/tyoelamaan.staging.web-veistamo.fi\/tyon-aloitus\/perehdytys\/"]}]},{"@type":"BreadcrumbList","@id":"https:\/\/tyoelamaan.staging.web-veistamo.fi\/tyon-aloitus\/perehdytys\/#breadcrumb","itemListElement":[{"@type":"ListItem","position":1,"name":"Home","item":"https:\/\/tyoelamaan.staging.web-veistamo.fi\/en\/"},{"@type":"ListItem","position":2,"name":"Work starts","item":"https:\/\/tyoelamaan.staging.web-veistamo.fi\/tyon-aloitus\/"},{"@type":"ListItem","position":3,"name":"Employee&#8217;s right to orientation"}]},{"@type":"WebSite","@id":"https:\/\/tyoelamaan.staging.web-veistamo.fi\/#website","url":"https:\/\/tyoelamaan.staging.web-veistamo.fi\/","name":"Ty\u00f6el\u00e4m\u00e4\u00e4n.fi","description":"","publisher":{"@id":"https:\/\/tyoelamaan.staging.web-veistamo.fi\/#organization"},"potentialAction":[{"@type":"SearchAction","target":{"@type":"EntryPoint","urlTemplate":"https:\/\/tyoelamaan.staging.web-veistamo.fi\/?s={search_term_string}"},"query-input":{"@type":"PropertyValueSpecification","valueRequired":true,"valueName":"search_term_string"}}],"inLanguage":"en-US"},{"@type":"Organization","@id":"https:\/\/tyoelamaan.staging.web-veistamo.fi\/#organization","name":"Ty\u00f6el\u00e4m\u00e4\u00e4n.fi","url":"https:\/\/tyoelamaan.staging.web-veistamo.fi\/","logo":{"@type":"ImageObject","inLanguage":"en-US","@id":"https:\/\/tyoelamaan.staging.web-veistamo.fi\/#\/schema\/logo\/image\/","url":"https:\/\/tyoelamaan.staging.web-veistamo.fi\/wp-content\/uploads\/2024\/11\/tyoelamaan_logo.svg","contentUrl":"https:\/\/tyoelamaan.staging.web-veistamo.fi\/wp-content\/uploads\/2024\/11\/tyoelamaan_logo.svg","width":131,"height":30,"caption":"Ty\u00f6el\u00e4m\u00e4\u00e4n.fi"},"image":{"@id":"https:\/\/tyoelamaan.staging.web-veistamo.fi\/#\/schema\/logo\/image\/"}}]}},"_links":{"self":[{"href":"https:\/\/tyoelamaan.staging.web-veistamo.fi\/en\/wp-json\/wp\/v2\/pages\/4868","targetHints":{"allow":["GET"]}}],"collection":[{"href":"https:\/\/tyoelamaan.staging.web-veistamo.fi\/en\/wp-json\/wp\/v2\/pages"}],"about":[{"href":"https:\/\/tyoelamaan.staging.web-veistamo.fi\/en\/wp-json\/wp\/v2\/types\/page"}],"author":[{"embeddable":true,"href":"https:\/\/tyoelamaan.staging.web-veistamo.fi\/en\/wp-json\/wp\/v2\/users\/3"}],"replies":[{"embeddable":true,"href":"https:\/\/tyoelamaan.staging.web-veistamo.fi\/en\/wp-json\/wp\/v2\/comments?post=4868"}],"version-history":[{"count":3,"href":"https:\/\/tyoelamaan.staging.web-veistamo.fi\/en\/wp-json\/wp\/v2\/pages\/4868\/revisions"}],"predecessor-version":[{"id":12503,"href":"https:\/\/tyoelamaan.staging.web-veistamo.fi\/en\/wp-json\/wp\/v2\/pages\/4868\/revisions\/12503"}],"up":[{"embeddable":true,"href":"https:\/\/tyoelamaan.staging.web-veistamo.fi\/en\/wp-json\/wp\/v2\/pages\/10567"}],"wp:attachment":[{"href":"https:\/\/tyoelamaan.staging.web-veistamo.fi\/en\/wp-json\/wp\/v2\/media?parent=4868"}],"wp:term":[{"taxonomy":"asiasana","embeddable":true,"href":"https:\/\/tyoelamaan.staging.web-veistamo.fi\/en\/wp-json\/wp\/v2\/asiasana?post=4868"},{"taxonomy":"omistaja","embeddable":true,"href":"https:\/\/tyoelamaan.staging.web-veistamo.fi\/en\/wp-json\/wp\/v2\/omistaja?post=4868"}],"curies":[{"name":"wp","href":"https:\/\/api.w.org\/{rel}","templated":true}]}}