{"id":3745,"date":"2020-12-29T15:09:09","date_gmt":"2020-12-29T13:09:09","guid":{"rendered":"https:\/\/tyoelamaan.fi\/?page_id=3745"},"modified":"2024-12-17T06:19:22","modified_gmt":"2024-12-17T04:19:22","slug":"unemployed-livelihood","status":"publish","type":"page","link":"https:\/\/tyoelamaan.staging.web-veistamo.fi\/en\/livelihood\/unemployed-livelihood\/","title":{"rendered":"Unemployed People&#8217;s Livelihood"},"content":{"rendered":"\n<p>There are various situations of unemployment; employees can lose their jobs due to a&nbsp;<a href=\"https:\/\/tyoelamaan.staging.web-veistamo.fi\/en\/notice-and-resignation\/\" target=\"_blank\" rel=\"noreferrer noopener\">dismissal<\/a>,&nbsp;be temporarily laid off, or be partially unemployed, because the employer only offers part-time work. When facing unemployment, the livelihood can be arranged and there is help available.<\/p>\n\n\n\n<p>If you become unemployed, you must register&nbsp;in the <a href=\"http:\/\/www.te-palvelut.fi\/te\/en\/information\/use_te_services\/contact_information\/local_offices\/index.html\" target=\"_blank\" rel=\"noreferrer noopener\">TE office<\/a>&nbsp;as a job-seeker looking for a full-time job. One essential precondition for unemployment benefit is that the unemployed job-seeker is available to the job market and the job search is in effect in line with the instructions of the TE office.<\/p>\n\n\n\n<h2 class=\"wp-block-heading\">Unemployment benefits<\/h2>\n\n\n\n<p>Unemployment benefits include an earnings-related unemployment benefit paid by the unemployment funds,&nbsp;a basic daily allowance&nbsp;paid by Kela&nbsp;and <a href=\"https:\/\/www.kela.fi\/web\/en\/labour-market-subsidy?inheritRedirect=true\" target=\"_blank\" rel=\"noreferrer noopener\">a&nbsp;labour market subsidy<\/a>. The basic unemployment allowance and labour market subsidy are of the same amount.<\/p>\n\n\n\n<p>An unemployment fund is a community with either employees or entrepreneurs as members. It provides its members with protection of earnings for the unemployment period. Membership in an unemployment fund is the best way to secure livelihood during unemployment. Then the earned income will affect the amount of the unemployment benefit, i.e. the higher your past income, the better the unemployment benefit.<\/p>\n\n\n\n<p>Unemployment benefit is paid in an adjusted form if you become employed part-time. If you have been absent from the labour market without an acceptable reason for over six months, you have no right to a daily unemployment benefit until your previous employment requirement has been met again.&nbsp;<a href=\"https:\/\/www.kela.fi\/web\/en\/quick-guide-to-unemployment-benefits?inheritRedirect=true\" target=\"_blank\" rel=\"noreferrer noopener\">Read more about unemployment benefits here.<\/a><\/p>\n\n\n\n\n\n<div class=\"wp-block-group has-global-padding is-layout-constrained wp-block-group-is-layout-constrained\">\n<h3 class=\"wp-block-heading\">Previous employment requirement<\/h3>\n\n\n\n<p>To receive the daily unemployment benefit, you must have met the previous employment requirement. Your previous employment requirement is met when you have been in paid work for 26 calendar weeks (approx. six months) in total in the previous 28 months and&nbsp;the working time&nbsp;has been at least 18 hours per week. The pay must be in line with the collective labour agreement. The work does not have to be uninterrupted, the 26 calendar weeks can be accrued from several shorter employment relationships.&nbsp;<\/p>\n\n\n\n<h3 class=\"wp-block-heading\">Waiting period<\/h3>\n\n\n\n<p>A general obligation for the recipient of the unemployment benefit is to actively seek work and education and to carry out the employment plan. The employment plan is a plan compiled by the TE office together with the job-seeker, and it is advisable to actively affect its content.<\/p>\n\n\n\n<p>The waiting period is the uncompensated term during which the unemployment benefit cannot be paid.&nbsp;The waiting period is provided in the Unemployment Allowances Act. A waiting period is set for the unemployed, if they have acted in a reproachable manner with respect to labour policy, such as refused or resigned from work without a valid reason. Waiting periods are also imposed in situations where the unemployed job-seeker does not comply with the employment plan of the TE office or refuses services that would advance employment.<\/p>\n<\/div>\n","protected":false},"excerpt":{"rendered":"<p>There are various situations of unemployment; employees can lose their jobs due to a&nbsp;dismissal,&nbsp;be temporarily laid off, or be partially unemployed, because the employer only offers part-time work. When facing unemployment, the livelihood can be arranged and there is help available. If you become unemployed, you must register&nbsp;in the TE office&nbsp;as a job-seeker looking for [&hellip;]<\/p>\n","protected":false},"author":3,"featured_media":0,"parent":3735,"menu_order":0,"comment_status":"closed","ping_status":"closed","template":"","meta":{"_acf_changed":false,"footnotes":""},"asiasana":[],"omistaja":[],"class_list":["post-3745","page","type-page","status-publish","hentry"],"acf":[],"yoast_head":"<!-- This site is optimized with the Yoast SEO plugin v26.5 - https:\/\/yoast.com\/wordpress\/plugins\/seo\/ -->\n<title>Unemployed People&#039;s Livelihood - Ty\u00f6el\u00e4m\u00e4\u00e4n.fi<\/title>\n<meta name=\"description\" content=\"There are various situations of unemployment. When facing unemployment, the livelihood can be arranged and there is help available.\" \/>\n<meta name=\"robots\" content=\"index, follow, max-snippet:-1, max-image-preview:large, max-video-preview:-1\" \/>\n<link rel=\"canonical\" href=\"https:\/\/tyoelamaan.staging.web-veistamo.fi\/?page_id=650\" \/>\n<meta property=\"og:locale\" content=\"en_US\" \/>\n<meta property=\"og:type\" content=\"article\" \/>\n<meta property=\"og:title\" content=\"Unemployed People&#039;s Livelihood - Ty\u00f6el\u00e4m\u00e4\u00e4n.fi\" \/>\n<meta property=\"og:description\" content=\"There are various situations of unemployment. When facing unemployment, the livelihood can be arranged and there is help available.\" \/>\n<meta property=\"og:url\" content=\"https:\/\/tyoelamaan.staging.web-veistamo.fi\/?page_id=650\" \/>\n<meta property=\"og:site_name\" content=\"Ty\u00f6el\u00e4m\u00e4\u00e4n.fi\" \/>\n<meta property=\"article:modified_time\" content=\"2024-12-17T04:19:22+00:00\" \/>\n<meta name=\"twitter:card\" content=\"summary_large_image\" \/>\n<meta name=\"twitter:label1\" content=\"Est. reading time\" \/>\n\t<meta name=\"twitter:data1\" content=\"3 minutes\" \/>\n<script type=\"application\/ld+json\" class=\"yoast-schema-graph\">{\"@context\":\"https:\/\/schema.org\",\"@graph\":[{\"@type\":\"WebPage\",\"@id\":\"https:\/\/tyoelamaan.staging.web-veistamo.fi\/?page_id=650\",\"url\":\"https:\/\/tyoelamaan.staging.web-veistamo.fi\/?page_id=650\",\"name\":\"Unemployed People's Livelihood - Ty\u00f6el\u00e4m\u00e4\u00e4n.fi\",\"isPartOf\":{\"@id\":\"https:\/\/tyoelamaan.staging.web-veistamo.fi\/#website\"},\"datePublished\":\"2020-12-29T13:09:09+00:00\",\"dateModified\":\"2024-12-17T04:19:22+00:00\",\"description\":\"There are various situations of unemployment. When facing unemployment, the livelihood can be arranged and there is help available.\",\"breadcrumb\":{\"@id\":\"https:\/\/tyoelamaan.staging.web-veistamo.fi\/?page_id=650#breadcrumb\"},\"inLanguage\":\"en-US\",\"potentialAction\":[{\"@type\":\"ReadAction\",\"target\":[\"https:\/\/tyoelamaan.staging.web-veistamo.fi\/?page_id=650\"]}]},{\"@type\":\"BreadcrumbList\",\"@id\":\"https:\/\/tyoelamaan.staging.web-veistamo.fi\/?page_id=650#breadcrumb\",\"itemListElement\":[{\"@type\":\"ListItem\",\"position\":1,\"name\":\"Home\",\"item\":\"https:\/\/tyoelamaan.staging.web-veistamo.fi\/en\/\"},{\"@type\":\"ListItem\",\"position\":2,\"name\":\"Livelihood\",\"item\":\"https:\/\/tyoelamaan.staging.web-veistamo.fi\/toimeentulo\/\"},{\"@type\":\"ListItem\",\"position\":3,\"name\":\"Unemployed People&#8217;s Livelihood\"}]},{\"@type\":\"WebSite\",\"@id\":\"https:\/\/tyoelamaan.staging.web-veistamo.fi\/#website\",\"url\":\"https:\/\/tyoelamaan.staging.web-veistamo.fi\/\",\"name\":\"Ty\u00f6el\u00e4m\u00e4\u00e4n.fi\",\"description\":\"\",\"publisher\":{\"@id\":\"https:\/\/tyoelamaan.staging.web-veistamo.fi\/#organization\"},\"potentialAction\":[{\"@type\":\"SearchAction\",\"target\":{\"@type\":\"EntryPoint\",\"urlTemplate\":\"https:\/\/tyoelamaan.staging.web-veistamo.fi\/?s={search_term_string}\"},\"query-input\":{\"@type\":\"PropertyValueSpecification\",\"valueRequired\":true,\"valueName\":\"search_term_string\"}}],\"inLanguage\":\"en-US\"},{\"@type\":\"Organization\",\"@id\":\"https:\/\/tyoelamaan.staging.web-veistamo.fi\/#organization\",\"name\":\"Ty\u00f6el\u00e4m\u00e4\u00e4n.fi\",\"url\":\"https:\/\/tyoelamaan.staging.web-veistamo.fi\/\",\"logo\":{\"@type\":\"ImageObject\",\"inLanguage\":\"en-US\",\"@id\":\"https:\/\/tyoelamaan.staging.web-veistamo.fi\/#\/schema\/logo\/image\/\",\"url\":\"https:\/\/tyoelamaan.staging.web-veistamo.fi\/wp-content\/uploads\/2024\/11\/tyoelamaan_logo.svg\",\"contentUrl\":\"https:\/\/tyoelamaan.staging.web-veistamo.fi\/wp-content\/uploads\/2024\/11\/tyoelamaan_logo.svg\",\"width\":131,\"height\":30,\"caption\":\"Ty\u00f6el\u00e4m\u00e4\u00e4n.fi\"},\"image\":{\"@id\":\"https:\/\/tyoelamaan.staging.web-veistamo.fi\/#\/schema\/logo\/image\/\"}}]}<\/script>\n<!-- \/ Yoast SEO plugin. -->","yoast_head_json":{"title":"Unemployed People's Livelihood - Ty\u00f6el\u00e4m\u00e4\u00e4n.fi","description":"There are various situations of unemployment. When facing unemployment, the livelihood can be arranged and there is help available.","robots":{"index":"index","follow":"follow","max-snippet":"max-snippet:-1","max-image-preview":"max-image-preview:large","max-video-preview":"max-video-preview:-1"},"canonical":"https:\/\/tyoelamaan.staging.web-veistamo.fi\/?page_id=650","og_locale":"en_US","og_type":"article","og_title":"Unemployed People's Livelihood - Ty\u00f6el\u00e4m\u00e4\u00e4n.fi","og_description":"There are various situations of unemployment. When facing unemployment, the livelihood can be arranged and there is help available.","og_url":"https:\/\/tyoelamaan.staging.web-veistamo.fi\/?page_id=650","og_site_name":"Ty\u00f6el\u00e4m\u00e4\u00e4n.fi","article_modified_time":"2024-12-17T04:19:22+00:00","twitter_card":"summary_large_image","twitter_misc":{"Est. reading time":"3 minutes"},"schema":{"@context":"https:\/\/schema.org","@graph":[{"@type":"WebPage","@id":"https:\/\/tyoelamaan.staging.web-veistamo.fi\/?page_id=650","url":"https:\/\/tyoelamaan.staging.web-veistamo.fi\/?page_id=650","name":"Unemployed People's Livelihood - Ty\u00f6el\u00e4m\u00e4\u00e4n.fi","isPartOf":{"@id":"https:\/\/tyoelamaan.staging.web-veistamo.fi\/#website"},"datePublished":"2020-12-29T13:09:09+00:00","dateModified":"2024-12-17T04:19:22+00:00","description":"There are various situations of unemployment. When facing unemployment, the livelihood can be arranged and there is help available.","breadcrumb":{"@id":"https:\/\/tyoelamaan.staging.web-veistamo.fi\/?page_id=650#breadcrumb"},"inLanguage":"en-US","potentialAction":[{"@type":"ReadAction","target":["https:\/\/tyoelamaan.staging.web-veistamo.fi\/?page_id=650"]}]},{"@type":"BreadcrumbList","@id":"https:\/\/tyoelamaan.staging.web-veistamo.fi\/?page_id=650#breadcrumb","itemListElement":[{"@type":"ListItem","position":1,"name":"Home","item":"https:\/\/tyoelamaan.staging.web-veistamo.fi\/en\/"},{"@type":"ListItem","position":2,"name":"Livelihood","item":"https:\/\/tyoelamaan.staging.web-veistamo.fi\/toimeentulo\/"},{"@type":"ListItem","position":3,"name":"Unemployed People&#8217;s Livelihood"}]},{"@type":"WebSite","@id":"https:\/\/tyoelamaan.staging.web-veistamo.fi\/#website","url":"https:\/\/tyoelamaan.staging.web-veistamo.fi\/","name":"Ty\u00f6el\u00e4m\u00e4\u00e4n.fi","description":"","publisher":{"@id":"https:\/\/tyoelamaan.staging.web-veistamo.fi\/#organization"},"potentialAction":[{"@type":"SearchAction","target":{"@type":"EntryPoint","urlTemplate":"https:\/\/tyoelamaan.staging.web-veistamo.fi\/?s={search_term_string}"},"query-input":{"@type":"PropertyValueSpecification","valueRequired":true,"valueName":"search_term_string"}}],"inLanguage":"en-US"},{"@type":"Organization","@id":"https:\/\/tyoelamaan.staging.web-veistamo.fi\/#organization","name":"Ty\u00f6el\u00e4m\u00e4\u00e4n.fi","url":"https:\/\/tyoelamaan.staging.web-veistamo.fi\/","logo":{"@type":"ImageObject","inLanguage":"en-US","@id":"https:\/\/tyoelamaan.staging.web-veistamo.fi\/#\/schema\/logo\/image\/","url":"https:\/\/tyoelamaan.staging.web-veistamo.fi\/wp-content\/uploads\/2024\/11\/tyoelamaan_logo.svg","contentUrl":"https:\/\/tyoelamaan.staging.web-veistamo.fi\/wp-content\/uploads\/2024\/11\/tyoelamaan_logo.svg","width":131,"height":30,"caption":"Ty\u00f6el\u00e4m\u00e4\u00e4n.fi"},"image":{"@id":"https:\/\/tyoelamaan.staging.web-veistamo.fi\/#\/schema\/logo\/image\/"}}]}},"_links":{"self":[{"href":"https:\/\/tyoelamaan.staging.web-veistamo.fi\/en\/wp-json\/wp\/v2\/pages\/3745","targetHints":{"allow":["GET"]}}],"collection":[{"href":"https:\/\/tyoelamaan.staging.web-veistamo.fi\/en\/wp-json\/wp\/v2\/pages"}],"about":[{"href":"https:\/\/tyoelamaan.staging.web-veistamo.fi\/en\/wp-json\/wp\/v2\/types\/page"}],"author":[{"embeddable":true,"href":"https:\/\/tyoelamaan.staging.web-veistamo.fi\/en\/wp-json\/wp\/v2\/users\/3"}],"replies":[{"embeddable":true,"href":"https:\/\/tyoelamaan.staging.web-veistamo.fi\/en\/wp-json\/wp\/v2\/comments?post=3745"}],"version-history":[{"count":8,"href":"https:\/\/tyoelamaan.staging.web-veistamo.fi\/en\/wp-json\/wp\/v2\/pages\/3745\/revisions"}],"predecessor-version":[{"id":12489,"href":"https:\/\/tyoelamaan.staging.web-veistamo.fi\/en\/wp-json\/wp\/v2\/pages\/3745\/revisions\/12489"}],"up":[{"embeddable":true,"href":"https:\/\/tyoelamaan.staging.web-veistamo.fi\/en\/wp-json\/wp\/v2\/pages\/3735"}],"wp:attachment":[{"href":"https:\/\/tyoelamaan.staging.web-veistamo.fi\/en\/wp-json\/wp\/v2\/media?parent=3745"}],"wp:term":[{"taxonomy":"asiasana","embeddable":true,"href":"https:\/\/tyoelamaan.staging.web-veistamo.fi\/en\/wp-json\/wp\/v2\/asiasana?post=3745"},{"taxonomy":"omistaja","embeddable":true,"href":"https:\/\/tyoelamaan.staging.web-veistamo.fi\/en\/wp-json\/wp\/v2\/omistaja?post=3745"}],"curies":[{"name":"wp","href":"https:\/\/api.w.org\/{rel}","templated":true}]}}