{"id":3743,"date":"2020-12-29T15:06:23","date_gmt":"2020-12-29T13:06:23","guid":{"rendered":"https:\/\/tyoelamaan.fi\/?page_id=3743"},"modified":"2024-12-17T06:19:22","modified_gmt":"2024-12-17T04:19:22","slug":"pension","status":"publish","type":"page","link":"https:\/\/tyoelamaan.staging.web-veistamo.fi\/en\/when-employment-ends\/pension\/","title":{"rendered":"Pension"},"content":{"rendered":"\n<p>At the beginning of your career, you may feel that retirement is so far away in the future that it is not worth thinking about. However, employment pension contributions are paid from every pay we earn since the age of 17. The employment pension therefore keeps slowly accruing throughout your working life. Pension is also accrued for instance during studies, unemployment and home care for children.<\/p>\n\n\n\n<p>The Finnish pension system was built so that working people primarily pay the pensions of the retired. Part of the money collected for pensions is, however, transferred to reserves for the future. The system guarantees livelihood in old age as well as in case you are incapable for work.<\/p>\n\n\n\n<blockquote class=\"wp-block-quote is-layout-flow wp-block-quote-is-layout-flow\">\n<p>Familiarize yourself with pensions already when you are young, as the choices made in your career will affect the amount of your pension.<\/p>\n<\/blockquote>\n\n\n\n<h3 class=\"wp-block-heading\">What is employment pension?<\/h3>\n\n\n\n<p>The basic principle is that employment pension is earned by your own paid work or business. Nowadays, the pension starts to be accrued already at the age of 17. Pension can, however, be also partly accrued from studies and during unemployment, sickness benefit and <a href=\"https:\/\/tyoelamaan.staging.web-veistamo.fi\/en\/family-leave\/\" target=\"_blank\" rel=\"noreferrer noopener\">parenthood allowance<\/a>.<\/p>\n\n\n\n<p>Learning about the pension system pays off also because working people always pay the majority of the retired people&#8217;s pensions with their employment pension contributions. Furthermore it is worth noting that you can already be entitled to disability or survivor&#8217;s pensions at a young age. Read more about the difference between <a href=\"https:\/\/www.kela.fi\/web\/en\/national-or-earnings-related-pension?inheritRedirect=true\" target=\"_blank\" rel=\"noreferrer noopener\">employment pension and national pension here<\/a>.<\/p>\n\n\n\n<h2 class=\"wp-block-heading\">Other pension benefits<\/h2>\n\n\n\n<div class=\"wp-block-as-blocks-accordion-block\"><div class=\"accordion\"><div class=\"accordion-item\"><h4 class=\"accordion-header\" id=\"block-03d8616e-0684-4c32-9a52-3d03a2c19333heading\"><button class=\"accordion-button collapsed\" type=\"button\" data-bs-toggle=\"collapse\" data-bs-target=\"#block-03d8616e-0684-4c32-9a52-3d03a2c19333\" aria-expanded=\"false\" aria-controls=\"block-03d8616e-0684-4c32-9a52-3d03a2c19333\">Partial old age pension<\/button><\/h4><div id=\"block-03d8616e-0684-4c32-9a52-3d03a2c19333\" class=\"accordion-collapse collapse\" aria-labelledby=\"block-03d8616e-0684-4c32-9a52-3d03a2c19333heading\"><div class=\"accordion-body\">\n<p>Employees can go on a partial retirement pension (25% or 50%) already at the age of 61. This is called the partial early old-age pension.<\/p>\n\n\n\n<p>For people born in 1964 the limit will increase to 62 years and for people born in 1965 and after the minimum age limit is adjusted to the change in life expectancy.<\/p>\n<\/div><\/div><\/div><\/div><\/div>\n\n\n\n<div class=\"wp-block-as-blocks-accordion-block\"><div class=\"accordion\"><div class=\"accordion-item\"><h4 class=\"accordion-header\" id=\"block-2d1ed16e-4f60-4dc9-b088-8cdddcbb7c1dheading\"><button class=\"accordion-button collapsed\" type=\"button\" data-bs-toggle=\"collapse\" data-bs-target=\"#block-2d1ed16e-4f60-4dc9-b088-8cdddcbb7c1d\" aria-expanded=\"false\" aria-controls=\"block-2d1ed16e-4f60-4dc9-b088-8cdddcbb7c1d\">Working career pension<\/button><\/h4><div id=\"block-2d1ed16e-4f60-4dc9-b088-8cdddcbb7c1d\" class=\"accordion-collapse collapse\" aria-labelledby=\"block-2d1ed16e-4f60-4dc9-b088-8cdddcbb7c1dheading\"><div class=\"accordion-body\">\n<p>Working career pension is a type of pension targeted to employees in the age of at least 63, enabling retirement to those with a long and wearing career before the minimum retirement pension age.<\/p>\n\n\n\n<p>Long and wearing work history is defined as careers that have lasted over 38 years and after which your ability to work is deteriorated. However, the deterioration is less severe than with those receiving disability pension.<\/p>\n<\/div><\/div><\/div><\/div><\/div>\n\n\n\n<div class=\"wp-block-as-blocks-accordion-block\"><div class=\"accordion\"><div class=\"accordion-item\"><h4 class=\"accordion-header\" id=\"block-baca3c4b-4558-45d5-b776-0421a7adae49heading\"><button class=\"accordion-button collapsed\" type=\"button\" data-bs-toggle=\"collapse\" data-bs-target=\"#block-baca3c4b-4558-45d5-b776-0421a7adae49\" aria-expanded=\"false\" aria-controls=\"block-baca3c4b-4558-45d5-b776-0421a7adae49\">Old-age pension<\/button><\/h4><div id=\"block-baca3c4b-4558-45d5-b776-0421a7adae49\" class=\"accordion-collapse collapse\" aria-labelledby=\"block-baca3c4b-4558-45d5-b776-0421a7adae49heading\"><div class=\"accordion-body\">\n<p>You can retire on old-age pension at the minimum retirement pension age of your age class. The year of birth affects the time when you can retire.<\/p>\n\n\n\n<p>Employees are not obliged to apply for pension, even if they have reached their retirement age. The later you retire, the higher your pension will be.<\/p>\n<\/div><\/div><\/div><\/div><\/div>\n\n\n\n<div class=\"wp-block-as-blocks-accordion-block\"><div class=\"accordion\"><div class=\"accordion-item\"><h4 class=\"accordion-header\" id=\"block-b1f06e66-875c-4684-83fb-969e53a9c0acheading\"><button class=\"accordion-button collapsed\" type=\"button\" data-bs-toggle=\"collapse\" data-bs-target=\"#block-b1f06e66-875c-4684-83fb-969e53a9c0ac\" aria-expanded=\"false\" aria-controls=\"block-b1f06e66-875c-4684-83fb-969e53a9c0ac\">Disability pension<\/button><\/h4><div id=\"block-b1f06e66-875c-4684-83fb-969e53a9c0ac\" class=\"accordion-collapse collapse\" aria-labelledby=\"block-b1f06e66-875c-4684-83fb-969e53a9c0acheading\"><div class=\"accordion-body\">\n<p>Disability pension is paid if the ability for work is reduced for at least a year due to a disease or injury. The precondition for granting a full disability pension is that the ability for work is deteriorated by at least 60 per cent.<\/p>\n\n\n\n<p>They disability pensions can be paid as a non-fixed term or a temporary disability pension.<\/p>\n<\/div><\/div><\/div><\/div><\/div>\n\n\n\n<div class=\"wp-block-as-blocks-accordion-block\"><div class=\"accordion\"><div class=\"accordion-item\"><h4 class=\"accordion-header\" id=\"block-9d9b2bcb-eb2e-434d-8e22-58041220dc43heading\"><button class=\"accordion-button collapsed\" type=\"button\" data-bs-toggle=\"collapse\" data-bs-target=\"#block-9d9b2bcb-eb2e-434d-8e22-58041220dc43\" aria-expanded=\"false\" aria-controls=\"block-9d9b2bcb-eb2e-434d-8e22-58041220dc43\">Survivor&#8217;s pensions<\/button><\/h4><div id=\"block-9d9b2bcb-eb2e-434d-8e22-58041220dc43\" class=\"accordion-collapse collapse\" aria-labelledby=\"block-9d9b2bcb-eb2e-434d-8e22-58041220dc43heading\"><div class=\"accordion-body\">\n<p>After the death of a family provider, the widow and children can receive a survivor\u2019s pension to safeguard their livelihood. Survivor\u2019s pensions include a widow\u2019s pension and a child\u2019s pension.<\/p>\n<\/div><\/div><\/div><\/div><\/div>\n\n\n\n<div class=\"wp-block-as-blocks-accordion-block\"><div class=\"accordion\"><div class=\"accordion-item\"><h4 class=\"accordion-header\" id=\"block-46f5a2a0-6c79-4a0e-94e8-8aa982bcfad8heading\"><button class=\"accordion-button collapsed\" type=\"button\" data-bs-toggle=\"collapse\" data-bs-target=\"#block-46f5a2a0-6c79-4a0e-94e8-8aa982bcfad8\" aria-expanded=\"false\" aria-controls=\"block-46f5a2a0-6c79-4a0e-94e8-8aa982bcfad8\">Rehabilitation<\/button><\/h4><div id=\"block-46f5a2a0-6c79-4a0e-94e8-8aa982bcfad8\" class=\"accordion-collapse collapse\" aria-labelledby=\"block-46f5a2a0-6c79-4a0e-94e8-8aa982bcfad8heading\"><div class=\"accordion-body\">\n<p>You can receive rehabilitation benefits for the duration of vocational rehabilitation. The aim of vocational rehabilitation is to improve coping at work, improve the ability for work and to increase vocational skills. Benefits of the employment pension rehabilitation include the rehabilitation allowance, the rehabilitation increment and the rehabilitation assistance.<\/p>\n<\/div><\/div><\/div><\/div><\/div>\n\n\n\n<h2 class=\"wp-block-heading\">Pension record<\/h2>\n\n\n\n<p>The pension record contains information of your accrued earnings. Your future pension may be based on this information. You should check the information on your pension record regularly, but it will not state you final pension. Pension is accrued throughout you career, so the more working years you have to come, the more pension will still be accrued. You can check your own pension record at <a href=\"https:\/\/www.tyoelake.fi\/en\/\" target=\"_blank\" rel=\"noreferrer noopener\">www.ty\u00f6el\u00e4ke.fi<\/a>.<\/p>\n\n\n\n<p>There you can also view the estimate of your retirement age and the date when you retirement will begin. For example, if you were born in 2002, according to the calculator your retirement age is about 68 and you can retire in 2070.<\/p>\n","protected":false},"excerpt":{"rendered":"<p>At the beginning of your career, you may feel that retirement is so far away in the future that it is not worth thinking about. However, employment pension contributions are paid from every pay we earn since the age of 17. The employment pension therefore keeps slowly accruing throughout your working life. Pension is also [&hellip;]<\/p>\n","protected":false},"author":3,"featured_media":0,"parent":10571,"menu_order":0,"comment_status":"closed","ping_status":"closed","template":"","meta":{"_acf_changed":false,"footnotes":""},"asiasana":[],"omistaja":[],"class_list":["post-3743","page","type-page","status-publish","hentry"],"acf":[],"yoast_head":"<!-- This site is optimized with the Yoast SEO plugin v26.5 - https:\/\/yoast.com\/wordpress\/plugins\/seo\/ -->\n<title>Employment pension accrues throughout your working life - Ty\u00f6el\u00e4m\u00e4\u00e4n.fi<\/title>\n<meta name=\"description\" content=\"Pension contributions are paid from every pay we earn since the age of 17.\" \/>\n<meta name=\"robots\" content=\"index, follow, max-snippet:-1, max-image-preview:large, max-video-preview:-1\" \/>\n<link rel=\"canonical\" href=\"https:\/\/tyoelamaan.staging.web-veistamo.fi\/tyon-paattyessa\/tyoelake\/\" \/>\n<meta property=\"og:locale\" content=\"en_US\" \/>\n<meta property=\"og:type\" content=\"article\" \/>\n<meta property=\"og:title\" content=\"Employment pension accrues throughout your working life - Ty\u00f6el\u00e4m\u00e4\u00e4n.fi\" \/>\n<meta property=\"og:description\" content=\"Pension contributions are paid from every pay we earn since the age of 17.\" \/>\n<meta property=\"og:url\" content=\"https:\/\/tyoelamaan.staging.web-veistamo.fi\/tyon-paattyessa\/tyoelake\/\" \/>\n<meta property=\"og:site_name\" content=\"Ty\u00f6el\u00e4m\u00e4\u00e4n.fi\" \/>\n<meta property=\"article:modified_time\" content=\"2024-12-17T04:19:22+00:00\" \/>\n<meta name=\"twitter:card\" content=\"summary_large_image\" \/>\n<meta name=\"twitter:label1\" content=\"Est. reading time\" \/>\n\t<meta name=\"twitter:data1\" content=\"3 minutes\" \/>\n<script type=\"application\/ld+json\" class=\"yoast-schema-graph\">{\"@context\":\"https:\/\/schema.org\",\"@graph\":[{\"@type\":\"WebPage\",\"@id\":\"https:\/\/tyoelamaan.staging.web-veistamo.fi\/tyon-paattyessa\/tyoelake\/\",\"url\":\"https:\/\/tyoelamaan.staging.web-veistamo.fi\/tyon-paattyessa\/tyoelake\/\",\"name\":\"Employment pension accrues throughout your working life - Ty\u00f6el\u00e4m\u00e4\u00e4n.fi\",\"isPartOf\":{\"@id\":\"https:\/\/tyoelamaan.staging.web-veistamo.fi\/#website\"},\"datePublished\":\"2020-12-29T13:06:23+00:00\",\"dateModified\":\"2024-12-17T04:19:22+00:00\",\"description\":\"Pension contributions are paid from every pay we earn since the age of 17.\",\"breadcrumb\":{\"@id\":\"https:\/\/tyoelamaan.staging.web-veistamo.fi\/tyon-paattyessa\/tyoelake\/#breadcrumb\"},\"inLanguage\":\"en-US\",\"potentialAction\":[{\"@type\":\"ReadAction\",\"target\":[\"https:\/\/tyoelamaan.staging.web-veistamo.fi\/tyon-paattyessa\/tyoelake\/\"]}]},{\"@type\":\"BreadcrumbList\",\"@id\":\"https:\/\/tyoelamaan.staging.web-veistamo.fi\/tyon-paattyessa\/tyoelake\/#breadcrumb\",\"itemListElement\":[{\"@type\":\"ListItem\",\"position\":1,\"name\":\"Home\",\"item\":\"https:\/\/tyoelamaan.staging.web-veistamo.fi\/en\/\"},{\"@type\":\"ListItem\",\"position\":2,\"name\":\"When employment ends\",\"item\":\"https:\/\/tyoelamaan.staging.web-veistamo.fi\/tyon-paattyessa\/\"},{\"@type\":\"ListItem\",\"position\":3,\"name\":\"Pension\"}]},{\"@type\":\"WebSite\",\"@id\":\"https:\/\/tyoelamaan.staging.web-veistamo.fi\/#website\",\"url\":\"https:\/\/tyoelamaan.staging.web-veistamo.fi\/\",\"name\":\"Ty\u00f6el\u00e4m\u00e4\u00e4n.fi\",\"description\":\"\",\"publisher\":{\"@id\":\"https:\/\/tyoelamaan.staging.web-veistamo.fi\/#organization\"},\"potentialAction\":[{\"@type\":\"SearchAction\",\"target\":{\"@type\":\"EntryPoint\",\"urlTemplate\":\"https:\/\/tyoelamaan.staging.web-veistamo.fi\/?s={search_term_string}\"},\"query-input\":{\"@type\":\"PropertyValueSpecification\",\"valueRequired\":true,\"valueName\":\"search_term_string\"}}],\"inLanguage\":\"en-US\"},{\"@type\":\"Organization\",\"@id\":\"https:\/\/tyoelamaan.staging.web-veistamo.fi\/#organization\",\"name\":\"Ty\u00f6el\u00e4m\u00e4\u00e4n.fi\",\"url\":\"https:\/\/tyoelamaan.staging.web-veistamo.fi\/\",\"logo\":{\"@type\":\"ImageObject\",\"inLanguage\":\"en-US\",\"@id\":\"https:\/\/tyoelamaan.staging.web-veistamo.fi\/#\/schema\/logo\/image\/\",\"url\":\"https:\/\/tyoelamaan.staging.web-veistamo.fi\/wp-content\/uploads\/2024\/11\/tyoelamaan_logo.svg\",\"contentUrl\":\"https:\/\/tyoelamaan.staging.web-veistamo.fi\/wp-content\/uploads\/2024\/11\/tyoelamaan_logo.svg\",\"width\":131,\"height\":30,\"caption\":\"Ty\u00f6el\u00e4m\u00e4\u00e4n.fi\"},\"image\":{\"@id\":\"https:\/\/tyoelamaan.staging.web-veistamo.fi\/#\/schema\/logo\/image\/\"}}]}<\/script>\n<!-- \/ Yoast SEO plugin. -->","yoast_head_json":{"title":"Employment pension accrues throughout your working life - Ty\u00f6el\u00e4m\u00e4\u00e4n.fi","description":"Pension contributions are paid from every pay we earn since the age of 17.","robots":{"index":"index","follow":"follow","max-snippet":"max-snippet:-1","max-image-preview":"max-image-preview:large","max-video-preview":"max-video-preview:-1"},"canonical":"https:\/\/tyoelamaan.staging.web-veistamo.fi\/tyon-paattyessa\/tyoelake\/","og_locale":"en_US","og_type":"article","og_title":"Employment pension accrues throughout your working life - Ty\u00f6el\u00e4m\u00e4\u00e4n.fi","og_description":"Pension contributions are paid from every pay we earn since the age of 17.","og_url":"https:\/\/tyoelamaan.staging.web-veistamo.fi\/tyon-paattyessa\/tyoelake\/","og_site_name":"Ty\u00f6el\u00e4m\u00e4\u00e4n.fi","article_modified_time":"2024-12-17T04:19:22+00:00","twitter_card":"summary_large_image","twitter_misc":{"Est. reading time":"3 minutes"},"schema":{"@context":"https:\/\/schema.org","@graph":[{"@type":"WebPage","@id":"https:\/\/tyoelamaan.staging.web-veistamo.fi\/tyon-paattyessa\/tyoelake\/","url":"https:\/\/tyoelamaan.staging.web-veistamo.fi\/tyon-paattyessa\/tyoelake\/","name":"Employment pension accrues throughout your working life - Ty\u00f6el\u00e4m\u00e4\u00e4n.fi","isPartOf":{"@id":"https:\/\/tyoelamaan.staging.web-veistamo.fi\/#website"},"datePublished":"2020-12-29T13:06:23+00:00","dateModified":"2024-12-17T04:19:22+00:00","description":"Pension contributions are paid from every pay we earn since the age of 17.","breadcrumb":{"@id":"https:\/\/tyoelamaan.staging.web-veistamo.fi\/tyon-paattyessa\/tyoelake\/#breadcrumb"},"inLanguage":"en-US","potentialAction":[{"@type":"ReadAction","target":["https:\/\/tyoelamaan.staging.web-veistamo.fi\/tyon-paattyessa\/tyoelake\/"]}]},{"@type":"BreadcrumbList","@id":"https:\/\/tyoelamaan.staging.web-veistamo.fi\/tyon-paattyessa\/tyoelake\/#breadcrumb","itemListElement":[{"@type":"ListItem","position":1,"name":"Home","item":"https:\/\/tyoelamaan.staging.web-veistamo.fi\/en\/"},{"@type":"ListItem","position":2,"name":"When employment ends","item":"https:\/\/tyoelamaan.staging.web-veistamo.fi\/tyon-paattyessa\/"},{"@type":"ListItem","position":3,"name":"Pension"}]},{"@type":"WebSite","@id":"https:\/\/tyoelamaan.staging.web-veistamo.fi\/#website","url":"https:\/\/tyoelamaan.staging.web-veistamo.fi\/","name":"Ty\u00f6el\u00e4m\u00e4\u00e4n.fi","description":"","publisher":{"@id":"https:\/\/tyoelamaan.staging.web-veistamo.fi\/#organization"},"potentialAction":[{"@type":"SearchAction","target":{"@type":"EntryPoint","urlTemplate":"https:\/\/tyoelamaan.staging.web-veistamo.fi\/?s={search_term_string}"},"query-input":{"@type":"PropertyValueSpecification","valueRequired":true,"valueName":"search_term_string"}}],"inLanguage":"en-US"},{"@type":"Organization","@id":"https:\/\/tyoelamaan.staging.web-veistamo.fi\/#organization","name":"Ty\u00f6el\u00e4m\u00e4\u00e4n.fi","url":"https:\/\/tyoelamaan.staging.web-veistamo.fi\/","logo":{"@type":"ImageObject","inLanguage":"en-US","@id":"https:\/\/tyoelamaan.staging.web-veistamo.fi\/#\/schema\/logo\/image\/","url":"https:\/\/tyoelamaan.staging.web-veistamo.fi\/wp-content\/uploads\/2024\/11\/tyoelamaan_logo.svg","contentUrl":"https:\/\/tyoelamaan.staging.web-veistamo.fi\/wp-content\/uploads\/2024\/11\/tyoelamaan_logo.svg","width":131,"height":30,"caption":"Ty\u00f6el\u00e4m\u00e4\u00e4n.fi"},"image":{"@id":"https:\/\/tyoelamaan.staging.web-veistamo.fi\/#\/schema\/logo\/image\/"}}]}},"_links":{"self":[{"href":"https:\/\/tyoelamaan.staging.web-veistamo.fi\/en\/wp-json\/wp\/v2\/pages\/3743","targetHints":{"allow":["GET"]}}],"collection":[{"href":"https:\/\/tyoelamaan.staging.web-veistamo.fi\/en\/wp-json\/wp\/v2\/pages"}],"about":[{"href":"https:\/\/tyoelamaan.staging.web-veistamo.fi\/en\/wp-json\/wp\/v2\/types\/page"}],"author":[{"embeddable":true,"href":"https:\/\/tyoelamaan.staging.web-veistamo.fi\/en\/wp-json\/wp\/v2\/users\/3"}],"replies":[{"embeddable":true,"href":"https:\/\/tyoelamaan.staging.web-veistamo.fi\/en\/wp-json\/wp\/v2\/comments?post=3743"}],"version-history":[{"count":6,"href":"https:\/\/tyoelamaan.staging.web-veistamo.fi\/en\/wp-json\/wp\/v2\/pages\/3743\/revisions"}],"predecessor-version":[{"id":12488,"href":"https:\/\/tyoelamaan.staging.web-veistamo.fi\/en\/wp-json\/wp\/v2\/pages\/3743\/revisions\/12488"}],"up":[{"embeddable":true,"href":"https:\/\/tyoelamaan.staging.web-veistamo.fi\/en\/wp-json\/wp\/v2\/pages\/10571"}],"wp:attachment":[{"href":"https:\/\/tyoelamaan.staging.web-veistamo.fi\/en\/wp-json\/wp\/v2\/media?parent=3743"}],"wp:term":[{"taxonomy":"asiasana","embeddable":true,"href":"https:\/\/tyoelamaan.staging.web-veistamo.fi\/en\/wp-json\/wp\/v2\/asiasana?post=3743"},{"taxonomy":"omistaja","embeddable":true,"href":"https:\/\/tyoelamaan.staging.web-veistamo.fi\/en\/wp-json\/wp\/v2\/omistaja?post=3743"}],"curies":[{"name":"wp","href":"https:\/\/api.w.org\/{rel}","templated":true}]}}