{"id":3733,"date":"2020-12-29T15:04:58","date_gmt":"2020-12-29T13:04:58","guid":{"rendered":"https:\/\/tyoelamaan.fi\/?page_id=3733"},"modified":"2024-12-17T06:19:19","modified_gmt":"2024-12-17T04:19:19","slug":"notice-and-resignation","status":"publish","type":"page","link":"https:\/\/tyoelamaan.staging.web-veistamo.fi\/en\/when-employment-ends\/notice-and-resignation\/","title":{"rendered":"Notice and Resignation"},"content":{"rendered":"\n<p>Employment can be terminated for many reasons. A lay-off usually happens from the employer&#8217;s initiative and a resignation from the employee&#8217;s initiative. Giving a notice and resignation terminate the employment, but what&#8217;s next?<\/p>\n\n\n\n<div class=\"wp-block-columns is-layout-flex wp-container-core-columns-is-layout-28f84493 wp-block-columns-is-layout-flex\">\n<div class=\"wp-block-column is-layout-flow wp-block-column-is-layout-flow\">\n<p>A fixed-term contract will terminate at the end of the fixed term or at the completion of the agreed work. A regular employee\u2019s employment can end with a notice given by the employer, the employee&#8217;s resignation or a cancellation of the employment. Employees can hand in their notice without a reason, but employers are required to give a justified reason for the dismissal.<\/p>\n<\/div>\n<\/div>\n\n\n\n<p>Whatever the reason for the ending of the employment, employees should remember to ask the employer for a testimonial for the work done. It is an important piece of paper when applying for the next job. If the employees are about to become unemployed, they should also ask for a payroll statement.<\/p>\n\n\n\n<h2 class=\"wp-block-heading\">An employee resigning<\/h2>\n\n\n\n<p>Employees can resign and terminate the <a href=\"https:\/\/www.tyosuojelu.fi\/documents\/95118\/1478089\/Contract_of_employment\" target=\"_blank\" rel=\"noreferrer noopener\">work contract<\/a>. Employees will not need grounds for the termination of the work contract. It is enough to just wanting to end the employment.<\/p>\n\n\n\n<div class=\"wp-block-group has-secondary-background-color has-background has-global-padding is-layout-constrained wp-container-core-group-is-layout-10bc4538 wp-block-group-is-layout-constrained\" style=\"padding-top:var(--wp--preset--spacing--80);padding-right:var(--wp--preset--spacing--80);padding-bottom:var(--wp--preset--spacing--80);padding-left:var(--wp--preset--spacing--80)\">\n<h2 class=\"wp-block-heading has-h-3-font-size\">Employees&#8217; notice periods by law:<\/h2>\n\n\n\n<div class=\"wp-block-columns is-layout-flex wp-container-core-columns-is-layout-28f84493 wp-block-columns-is-layout-flex\">\n<div class=\"wp-block-column is-layout-flow wp-block-column-is-layout-flow\" style=\"flex-basis:66.66%\">\n<ul class=\"wp-block-list\">\n<li>14 days, if the employment has lasted no more than five years.<\/li>\n\n\n\n<li>One month, if the employment has lasted more than five years.<\/li>\n<\/ul>\n<\/div>\n\n\n\n<div class=\"wp-block-column is-layout-flow wp-block-column-is-layout-flow\" style=\"flex-basis:33.33%\"><\/div>\n<\/div>\n<\/div>\n\n\n\n<p>It is good to make the resignation with a written notice of termination or by email. It should show the date, the employee&#8217;s name and personal details as well the notice of resignation. Preferably, hand in your written notice to the employer or supervisor in person. You will find a template for a written notice in the materials.<\/p>\n\n\n\n<p>Work shall continue until the notice period as provided by law or the collective labour agreement has passed. The notice periods have been determined in law. Deviations of them may occur in collective labour agreements and agreements between the employer and the employee.<\/p>\n\n\n\n<h2 class=\"wp-block-heading\">The employer giving notice<\/h2>\n\n\n\n<p>The employer can only terminate the work contract for an appropriate and weighty reason. For example, repeated negligence of work shifts can be a reason for dismissal. Dismissals are possible in work contracts that are valid until further notice. A fixed-term contract cannot be terminated, unless it has been separately agreed on in the work contract.<\/p>\n\n\n\n<p>If employees neglect their duties or otherwise act in a reproachful manner in the employer&#8217;s opinion, they must be given a warning prior to the dismissal. The purpose of the warning is to tell the employees how they have acted wrongly in the employer&#8217;s opinion. Another purpose is to give them an opportunity to correct their action.<\/p>\n\n\n\n<div class=\"wp-block-group has-secondary-background-color has-background has-global-padding is-layout-constrained wp-container-core-group-is-layout-10bc4538 wp-block-group-is-layout-constrained\" style=\"padding-top:var(--wp--preset--spacing--80);padding-right:var(--wp--preset--spacing--80);padding-bottom:var(--wp--preset--spacing--80);padding-left:var(--wp--preset--spacing--80)\">\n<h2 class=\"wp-block-heading has-h-3-font-size\">The employer&#8217;s notice periods by law:<\/h2>\n\n\n\n<div class=\"wp-block-columns is-layout-flex wp-container-core-columns-is-layout-28f84493 wp-block-columns-is-layout-flex\">\n<div class=\"wp-block-column is-layout-flow wp-block-column-is-layout-flow\" style=\"flex-basis:66.66%\">\n<ul class=\"wp-block-list\">\n<li>14 days, if the employment has lasted no more than one year.<\/li>\n\n\n\n<li>One month, if the employment has lasted more than a year but no more than four years.<\/li>\n\n\n\n<li>Two months, if the employment has lasted more than four years but no more than eight years.<\/li>\n\n\n\n<li>Four months, if the employment has lasted more than eight but no more than twelve years.<\/li>\n\n\n\n<li>Six months, if the employment has lasted more than twelve years.<\/li>\n<\/ul>\n<\/div>\n\n\n\n<div class=\"wp-block-column is-layout-flow wp-block-column-is-layout-flow\" style=\"flex-basis:33.33%\"><\/div>\n<\/div>\n<\/div>\n\n\n\n\n\n<div class=\"wp-block-as-blocks-accordion-block\"><div class=\"accordion\"><div class=\"accordion-item\"><h4 class=\"accordion-header\" id=\"block-e06076d6-c0ca-4e03-be05-39385a225633heading\"><button class=\"accordion-button collapsed\" type=\"button\" data-bs-toggle=\"collapse\" data-bs-target=\"#block-e06076d6-c0ca-4e03-be05-39385a225633\" aria-expanded=\"false\" aria-controls=\"block-e06076d6-c0ca-4e03-be05-39385a225633\">Dismissal due to a reason caused by the employee<\/button><\/h4><div id=\"block-e06076d6-c0ca-4e03-be05-39385a225633\" class=\"accordion-collapse collapse\" aria-labelledby=\"block-e06076d6-c0ca-4e03-be05-39385a225633heading\"><div class=\"accordion-body\">\n<p>The employer can terminate the work contract due to a reason caused by the employee. In that case, the dismissal must always have a proper and weighty reason in line with the Contract of Employment Act, e.g. a severe breach or negligence of obligations that essentially affects the employment.<\/p>\n\n\n\n<p>However, prior to the dismissal the employer must give the employee a warning. The employer may have a right to dismiss for example when the employee is continuously late or repeatedly absent from work, despite warnings.<\/p>\n\n\n\n<p>If the dismissal takes place due to reasons caused by the employee, the employee must be given an opportunity to be consulted on the reasons for dismissal prior to it. The employee has the right to bring the shop steward of the workplace to this event.<\/p>\n<\/div><\/div><\/div><\/div><\/div>\n\n\n\n<div class=\"wp-block-as-blocks-accordion-block\"><div class=\"accordion\"><div class=\"accordion-item\"><h4 class=\"accordion-header\" id=\"block-9fedefdf-47c5-4d9d-8462-cb515699eef7heading\"><button class=\"accordion-button collapsed\" type=\"button\" data-bs-toggle=\"collapse\" data-bs-target=\"#block-9fedefdf-47c5-4d9d-8462-cb515699eef7\" aria-expanded=\"false\" aria-controls=\"block-9fedefdf-47c5-4d9d-8462-cb515699eef7\">Dismissal due to financial reasons<\/button><\/h4><div id=\"block-9fedefdf-47c5-4d9d-8462-cb515699eef7\" class=\"accordion-collapse collapse\" aria-labelledby=\"block-9fedefdf-47c5-4d9d-8462-cb515699eef7heading\"><div class=\"accordion-body\">\n<p>The reason for dismissal can also be the deterioration of the employer\u2019s financial situation, resulting in a reduced amount of work. Although the work is reduced, the employer must, prior to a dismissal, try to organize other work for employees that corresponds with their competence and education or to retrain them into new jobs.<\/p>\n\n\n\n<p>If the dismissal is based on financial reasons and there are under 20 employees in the workplace, the employees must be consulted in connection with the dismissal. If the employer giving notice employs more than 20 people, joint co-determination talks must be held with the personnel before the employer can decide on measures that can lead to the employees\u2019 dismissal, lay-off or work changing into part-time work.<\/p>\n\n\n\n<p>The aim of the co-determination talks is to discuss the reasons for and impacts of as well as alternatives to the measures the employer is considering, to try to avoid or at least reduce the dismissals targeted to employees. These alternatives may include e.g. part-time work, lay-offs, new jobs in other parts of the company or further training. Shop stewards represent the personnel in the co-determination talks.<\/p>\n\n\n\n<p>An employee\u2019s pregnancy or family leave is not a reason for dismissal by law. The employer can only terminate the work contract of an employee on maternity, paternity, parental or child-care leave with financial and production-related grounds, if the employer\u2019s operations are coming to a complete end.<br>The employment can also be terminated when the employer is declared bankrupt.<\/p>\n<\/div><\/div><\/div><\/div><\/div>\n\n\n\n<h2 class=\"wp-block-heading\">Cancellation of employment<\/h2>\n\n\n\n<p>Employment can also end at its cancellation. In a cancellation, the work and the payment of wages are ended immediately and there is no notice period. The employer can only cancel a work contract due to a particularly weighty reason.<\/p>\n\n\n\n<p>The employer can cancel a work contract if employees has very severely neglected or breached their duties defined in the work contract. For example stealing or putting colleagues\u2019 or customers&#8217; safety at risk or being at the workplace under the influence of alcohol may justify the immediate cancellation of employment. Often in such cases there may have already been several negligences or breaches in the past that the employee has also been warned about.<\/p>\n\n\n\n<blockquote class=\"wp-block-quote is-layout-flow wp-block-quote-is-layout-flow\">\n<p>In a cancellation of an employment, the work and the payment of wages are ended immediately and there is no notice period.<\/p>\n<\/blockquote>\n\n\n\n<p>Similarly an employee can cancel the work contract if the employer seriously breaches or neglects its obligations such as payment of wages or occupational safety.<\/p>\n\n\n\n<p>Furthermore, a work contract can be considered cancelled if the employee is absent from work for at least seven days without giving the employer a competent reason for their absence during that time. If the employer or its representative is absent from the workplace for at least a week without giving you a competent reason for its absence, you can consider the work contract as cancelled.<\/p>\n\n\n\n<h2 class=\"wp-block-heading\">Payment of wages as the employment is ending<\/h2>\n\n\n\n<p>At the end of employment also the pay period ends. Unless otherwise agreed, the final salary must be paid on the last day of the employment. For example, the work contract may state that the final salary is payable on the next normal pay day of the company. In case employees have not taken all annual leave or other paid days off at the time when the employment ends, it will be compensated for as money in connection with the wage payment.<\/p>\n\n\n\n<p>If the payment of the final wages is delayed from the agreed payday, the employee has the right to receive a full pay for the waiting days in addition to the interest on arrears as defined by the Interest Act, however not for more than six calendar days. Therefore, remind your employer of the delay in the payment of your final wages and demand the interest on arrears to be paid.<\/p>\n","protected":false},"excerpt":{"rendered":"<p>Employment can be terminated for many reasons. A lay-off usually happens from the employer&#8217;s initiative and a resignation from the employee&#8217;s initiative. Giving a notice and resignation terminate the employment, but what&#8217;s next? A fixed-term contract will terminate at the end of the fixed term or at the completion of the agreed work. A regular [&hellip;]<\/p>\n","protected":false},"author":3,"featured_media":0,"parent":10571,"menu_order":0,"comment_status":"closed","ping_status":"closed","template":"","meta":{"_acf_changed":false,"footnotes":""},"asiasana":[],"omistaja":[],"class_list":["post-3733","page","type-page","status-publish","hentry"],"acf":[],"yoast_head":"<!-- This site is optimized with the Yoast SEO plugin v26.5 - https:\/\/yoast.com\/wordpress\/plugins\/seo\/ -->\n<title>Notice and Resignation terminate the employment - Ty\u00f6el\u00e4m\u00e4\u00e4n.fi<\/title>\n<meta name=\"description\" content=\"A lay-off usually happens from the employer&#039;s initiative and a resignation from the employee&#039;s initiative. More on notice and resignation &gt;\" \/>\n<meta name=\"robots\" content=\"index, follow, max-snippet:-1, max-image-preview:large, max-video-preview:-1\" \/>\n<link rel=\"canonical\" href=\"https:\/\/tyoelamaan.staging.web-veistamo.fi\/tyon-paattyessa\/irtisanominen-ja-irtisanoutuminen\/\" \/>\n<meta property=\"og:locale\" content=\"en_US\" \/>\n<meta property=\"og:type\" content=\"article\" \/>\n<meta property=\"og:title\" content=\"Notice and Resignation terminate the employment - Ty\u00f6el\u00e4m\u00e4\u00e4n.fi\" \/>\n<meta property=\"og:description\" content=\"A lay-off usually happens from the employer&#039;s initiative and a resignation from the employee&#039;s initiative. More on notice and resignation &gt;\" \/>\n<meta property=\"og:url\" content=\"https:\/\/tyoelamaan.staging.web-veistamo.fi\/tyon-paattyessa\/irtisanominen-ja-irtisanoutuminen\/\" \/>\n<meta property=\"og:site_name\" content=\"Ty\u00f6el\u00e4m\u00e4\u00e4n.fi\" \/>\n<meta property=\"article:modified_time\" content=\"2024-12-17T04:19:19+00:00\" \/>\n<meta name=\"twitter:card\" content=\"summary_large_image\" \/>\n<meta name=\"twitter:label1\" content=\"Est. reading time\" \/>\n\t<meta name=\"twitter:data1\" content=\"6 minutes\" \/>\n<script type=\"application\/ld+json\" class=\"yoast-schema-graph\">{\"@context\":\"https:\/\/schema.org\",\"@graph\":[{\"@type\":\"WebPage\",\"@id\":\"https:\/\/tyoelamaan.staging.web-veistamo.fi\/tyon-paattyessa\/irtisanominen-ja-irtisanoutuminen\/\",\"url\":\"https:\/\/tyoelamaan.staging.web-veistamo.fi\/tyon-paattyessa\/irtisanominen-ja-irtisanoutuminen\/\",\"name\":\"Notice and Resignation terminate the employment - Ty\u00f6el\u00e4m\u00e4\u00e4n.fi\",\"isPartOf\":{\"@id\":\"https:\/\/tyoelamaan.staging.web-veistamo.fi\/#website\"},\"datePublished\":\"2020-12-29T13:04:58+00:00\",\"dateModified\":\"2024-12-17T04:19:19+00:00\",\"description\":\"A lay-off usually happens from the employer's initiative and a resignation from the employee's initiative. More on notice and resignation >\",\"breadcrumb\":{\"@id\":\"https:\/\/tyoelamaan.staging.web-veistamo.fi\/tyon-paattyessa\/irtisanominen-ja-irtisanoutuminen\/#breadcrumb\"},\"inLanguage\":\"en-US\",\"potentialAction\":[{\"@type\":\"ReadAction\",\"target\":[\"https:\/\/tyoelamaan.staging.web-veistamo.fi\/tyon-paattyessa\/irtisanominen-ja-irtisanoutuminen\/\"]}]},{\"@type\":\"BreadcrumbList\",\"@id\":\"https:\/\/tyoelamaan.staging.web-veistamo.fi\/tyon-paattyessa\/irtisanominen-ja-irtisanoutuminen\/#breadcrumb\",\"itemListElement\":[{\"@type\":\"ListItem\",\"position\":1,\"name\":\"Home\",\"item\":\"https:\/\/tyoelamaan.staging.web-veistamo.fi\/en\/\"},{\"@type\":\"ListItem\",\"position\":2,\"name\":\"When employment ends\",\"item\":\"https:\/\/tyoelamaan.staging.web-veistamo.fi\/tyon-paattyessa\/\"},{\"@type\":\"ListItem\",\"position\":3,\"name\":\"Notice and Resignation\"}]},{\"@type\":\"WebSite\",\"@id\":\"https:\/\/tyoelamaan.staging.web-veistamo.fi\/#website\",\"url\":\"https:\/\/tyoelamaan.staging.web-veistamo.fi\/\",\"name\":\"Ty\u00f6el\u00e4m\u00e4\u00e4n.fi\",\"description\":\"\",\"publisher\":{\"@id\":\"https:\/\/tyoelamaan.staging.web-veistamo.fi\/#organization\"},\"potentialAction\":[{\"@type\":\"SearchAction\",\"target\":{\"@type\":\"EntryPoint\",\"urlTemplate\":\"https:\/\/tyoelamaan.staging.web-veistamo.fi\/?s={search_term_string}\"},\"query-input\":{\"@type\":\"PropertyValueSpecification\",\"valueRequired\":true,\"valueName\":\"search_term_string\"}}],\"inLanguage\":\"en-US\"},{\"@type\":\"Organization\",\"@id\":\"https:\/\/tyoelamaan.staging.web-veistamo.fi\/#organization\",\"name\":\"Ty\u00f6el\u00e4m\u00e4\u00e4n.fi\",\"url\":\"https:\/\/tyoelamaan.staging.web-veistamo.fi\/\",\"logo\":{\"@type\":\"ImageObject\",\"inLanguage\":\"en-US\",\"@id\":\"https:\/\/tyoelamaan.staging.web-veistamo.fi\/#\/schema\/logo\/image\/\",\"url\":\"https:\/\/tyoelamaan.staging.web-veistamo.fi\/wp-content\/uploads\/2024\/11\/tyoelamaan_logo.svg\",\"contentUrl\":\"https:\/\/tyoelamaan.staging.web-veistamo.fi\/wp-content\/uploads\/2024\/11\/tyoelamaan_logo.svg\",\"width\":131,\"height\":30,\"caption\":\"Ty\u00f6el\u00e4m\u00e4\u00e4n.fi\"},\"image\":{\"@id\":\"https:\/\/tyoelamaan.staging.web-veistamo.fi\/#\/schema\/logo\/image\/\"}}]}<\/script>\n<!-- \/ Yoast SEO plugin. -->","yoast_head_json":{"title":"Notice and Resignation terminate the employment - Ty\u00f6el\u00e4m\u00e4\u00e4n.fi","description":"A lay-off usually happens from the employer's initiative and a resignation from the employee's initiative. More on notice and resignation >","robots":{"index":"index","follow":"follow","max-snippet":"max-snippet:-1","max-image-preview":"max-image-preview:large","max-video-preview":"max-video-preview:-1"},"canonical":"https:\/\/tyoelamaan.staging.web-veistamo.fi\/tyon-paattyessa\/irtisanominen-ja-irtisanoutuminen\/","og_locale":"en_US","og_type":"article","og_title":"Notice and Resignation terminate the employment - Ty\u00f6el\u00e4m\u00e4\u00e4n.fi","og_description":"A lay-off usually happens from the employer's initiative and a resignation from the employee's initiative. More on notice and resignation >","og_url":"https:\/\/tyoelamaan.staging.web-veistamo.fi\/tyon-paattyessa\/irtisanominen-ja-irtisanoutuminen\/","og_site_name":"Ty\u00f6el\u00e4m\u00e4\u00e4n.fi","article_modified_time":"2024-12-17T04:19:19+00:00","twitter_card":"summary_large_image","twitter_misc":{"Est. reading time":"6 minutes"},"schema":{"@context":"https:\/\/schema.org","@graph":[{"@type":"WebPage","@id":"https:\/\/tyoelamaan.staging.web-veistamo.fi\/tyon-paattyessa\/irtisanominen-ja-irtisanoutuminen\/","url":"https:\/\/tyoelamaan.staging.web-veistamo.fi\/tyon-paattyessa\/irtisanominen-ja-irtisanoutuminen\/","name":"Notice and Resignation terminate the employment - Ty\u00f6el\u00e4m\u00e4\u00e4n.fi","isPartOf":{"@id":"https:\/\/tyoelamaan.staging.web-veistamo.fi\/#website"},"datePublished":"2020-12-29T13:04:58+00:00","dateModified":"2024-12-17T04:19:19+00:00","description":"A lay-off usually happens from the employer's initiative and a resignation from the employee's initiative. More on notice and resignation >","breadcrumb":{"@id":"https:\/\/tyoelamaan.staging.web-veistamo.fi\/tyon-paattyessa\/irtisanominen-ja-irtisanoutuminen\/#breadcrumb"},"inLanguage":"en-US","potentialAction":[{"@type":"ReadAction","target":["https:\/\/tyoelamaan.staging.web-veistamo.fi\/tyon-paattyessa\/irtisanominen-ja-irtisanoutuminen\/"]}]},{"@type":"BreadcrumbList","@id":"https:\/\/tyoelamaan.staging.web-veistamo.fi\/tyon-paattyessa\/irtisanominen-ja-irtisanoutuminen\/#breadcrumb","itemListElement":[{"@type":"ListItem","position":1,"name":"Home","item":"https:\/\/tyoelamaan.staging.web-veistamo.fi\/en\/"},{"@type":"ListItem","position":2,"name":"When employment ends","item":"https:\/\/tyoelamaan.staging.web-veistamo.fi\/tyon-paattyessa\/"},{"@type":"ListItem","position":3,"name":"Notice and Resignation"}]},{"@type":"WebSite","@id":"https:\/\/tyoelamaan.staging.web-veistamo.fi\/#website","url":"https:\/\/tyoelamaan.staging.web-veistamo.fi\/","name":"Ty\u00f6el\u00e4m\u00e4\u00e4n.fi","description":"","publisher":{"@id":"https:\/\/tyoelamaan.staging.web-veistamo.fi\/#organization"},"potentialAction":[{"@type":"SearchAction","target":{"@type":"EntryPoint","urlTemplate":"https:\/\/tyoelamaan.staging.web-veistamo.fi\/?s={search_term_string}"},"query-input":{"@type":"PropertyValueSpecification","valueRequired":true,"valueName":"search_term_string"}}],"inLanguage":"en-US"},{"@type":"Organization","@id":"https:\/\/tyoelamaan.staging.web-veistamo.fi\/#organization","name":"Ty\u00f6el\u00e4m\u00e4\u00e4n.fi","url":"https:\/\/tyoelamaan.staging.web-veistamo.fi\/","logo":{"@type":"ImageObject","inLanguage":"en-US","@id":"https:\/\/tyoelamaan.staging.web-veistamo.fi\/#\/schema\/logo\/image\/","url":"https:\/\/tyoelamaan.staging.web-veistamo.fi\/wp-content\/uploads\/2024\/11\/tyoelamaan_logo.svg","contentUrl":"https:\/\/tyoelamaan.staging.web-veistamo.fi\/wp-content\/uploads\/2024\/11\/tyoelamaan_logo.svg","width":131,"height":30,"caption":"Ty\u00f6el\u00e4m\u00e4\u00e4n.fi"},"image":{"@id":"https:\/\/tyoelamaan.staging.web-veistamo.fi\/#\/schema\/logo\/image\/"}}]}},"_links":{"self":[{"href":"https:\/\/tyoelamaan.staging.web-veistamo.fi\/en\/wp-json\/wp\/v2\/pages\/3733","targetHints":{"allow":["GET"]}}],"collection":[{"href":"https:\/\/tyoelamaan.staging.web-veistamo.fi\/en\/wp-json\/wp\/v2\/pages"}],"about":[{"href":"https:\/\/tyoelamaan.staging.web-veistamo.fi\/en\/wp-json\/wp\/v2\/types\/page"}],"author":[{"embeddable":true,"href":"https:\/\/tyoelamaan.staging.web-veistamo.fi\/en\/wp-json\/wp\/v2\/users\/3"}],"replies":[{"embeddable":true,"href":"https:\/\/tyoelamaan.staging.web-veistamo.fi\/en\/wp-json\/wp\/v2\/comments?post=3733"}],"version-history":[{"count":10,"href":"https:\/\/tyoelamaan.staging.web-veistamo.fi\/en\/wp-json\/wp\/v2\/pages\/3733\/revisions"}],"predecessor-version":[{"id":12482,"href":"https:\/\/tyoelamaan.staging.web-veistamo.fi\/en\/wp-json\/wp\/v2\/pages\/3733\/revisions\/12482"}],"up":[{"embeddable":true,"href":"https:\/\/tyoelamaan.staging.web-veistamo.fi\/en\/wp-json\/wp\/v2\/pages\/10571"}],"wp:attachment":[{"href":"https:\/\/tyoelamaan.staging.web-veistamo.fi\/en\/wp-json\/wp\/v2\/media?parent=3733"}],"wp:term":[{"taxonomy":"asiasana","embeddable":true,"href":"https:\/\/tyoelamaan.staging.web-veistamo.fi\/en\/wp-json\/wp\/v2\/asiasana?post=3733"},{"taxonomy":"omistaja","embeddable":true,"href":"https:\/\/tyoelamaan.staging.web-veistamo.fi\/en\/wp-json\/wp\/v2\/omistaja?post=3733"}],"curies":[{"name":"wp","href":"https:\/\/api.w.org\/{rel}","templated":true}]}}