{"id":3652,"date":"2020-12-10T11:11:40","date_gmt":"2020-12-10T09:11:40","guid":{"rendered":"https:\/\/tyoelamaan.fi\/?page_id=3652"},"modified":"2024-12-17T06:19:10","modified_gmt":"2024-12-17T04:19:10","slug":"applying","status":"publish","type":"page","link":"https:\/\/tyoelamaan.staging.web-veistamo.fi\/en\/work-starts\/applying\/","title":{"rendered":"Applying"},"content":{"rendered":"\n<p>Applying is hard work. Prepare yourself with a good application that stand out from the crowd and be ready for the interview.<\/p>\n\n\n\n<p>Everybody must seek work at least once in their lives. Since fixed-term contracts are increasing in number, you may have <a href=\"https:\/\/tyoelamaan.staging.web-veistamo.fi\/en\/finding-a-job\/\">to look for work<\/a> several times a year. For example in creative industries careers are often advanced project by project.<\/p>\n\n\n\n<h2 class=\"wp-block-heading\">What documents do I need when applying for a job?<\/h2>\n\n\n\n<h3 class=\"wp-block-heading\">Job application<\/h3>\n\n\n\n<p>The job application should show that you have the qualities required in the job advertisement or that you want to develop your skills. You should emphasize those strengths that make you suitable for the position. If you don\u2019t have all the required qualities, you can simply say so. In many jobs a young job-seeker can compensate for the lacking extensive work experience with the right attitude and eagerness to learn new things.<\/p>\n\n\n\n<p>Write a new job application for each job, so you can emphasize exactly those qualities that are required for the job in question. You should not send the same application to many companies.<\/p>\n\n\n\n<p>Explain in your application why you want to be the one chosen for the job. List your work and education history, the type of duties you enjoy and describe yourself as a worker. If you have no previous work experience, you can write about hobbies, positions of trust and other positions with responsibilities.<\/p>\n\n\n\n<p>Don\u2019t be too modest, yet stick to the truth. The recommended length for an application is one page (A4).<\/p>\n\n\n\n<h3 class=\"wp-block-heading\">Video application<\/h3>\n\n\n\n<p>A video is a good way to bring out your personality, since your attitude is well conveyed to the employer via video. Video applications are becoming more common and sometimes employers can ask for a video application instead of a written application. You can also make a video in addition to the written application. It is a good way to stand out from the other applicants.<\/p>\n\n\n\n<p>A good video application is compact. When preparing the video, emphasize the same things as in a conventional application. Also video applications should be made specifically for each job, so that you can effectively explain why you want the job in question.<\/p>\n\n\n\n<p>Pay attention to lighting and the quality of sound on the video. You don&#8217;t need any particular equipment since a smart phone is enough for a high quality video. Make sure the video is shot in a light, quiet and peaceful space.<\/p>\n\n\n\n<p>If you cannot shoot and edit the video yourself, ask for help. One of your friends or family is bound to be keen on making videos.<\/p>\n\n\n\n<div class=\"wp-block-as-blocks-accordion-block\"><div class=\"accordion\"><div class=\"accordion-item\"><h4 class=\"accordion-header\" id=\"block-0b286751-b0f3-4bb2-8b04-c5277dfc9ce3heading\"><button class=\"accordion-button collapsed\" type=\"button\" data-bs-toggle=\"collapse\" data-bs-target=\"#block-0b286751-b0f3-4bb2-8b04-c5277dfc9ce3\" aria-expanded=\"false\" aria-controls=\"block-0b286751-b0f3-4bb2-8b04-c5277dfc9ce3\">CV<\/button><\/h4><div id=\"block-0b286751-b0f3-4bb2-8b04-c5277dfc9ce3\" class=\"accordion-collapse collapse\" aria-labelledby=\"block-0b286751-b0f3-4bb2-8b04-c5277dfc9ce3heading\"><div class=\"accordion-body\">\n<p>Resume or CV (curriculum vitae) complements the job application. It shows your competence, education and work experience. The information in the CV is presented in chronological order i.e. the most recent information first.<\/p>\n\n\n\n<p>A good CV is flawless, clear and compact. It emphasizes relevant things for the position applied. The recommended length for a CV is not more than two pages (A4). If your work history is not long, it might be worthwhile to mention all possible work experience in the CV. In addition you can tell what else you have done, such as roles in students\u2019 bodies or unions as well as voluntary work or participating in language courses. Download a free CV template! (https:\/\/tyoelamaan.staging.web-veistamo.fi\/blog\/materiaali\/ansioluettelomalli\/ )<\/p>\n<\/div><\/div><\/div><\/div><\/div>\n\n\n\n<div class=\"wp-block-as-blocks-accordion-block\"><div class=\"accordion\"><div class=\"accordion-item\"><h4 class=\"accordion-header\" id=\"block-d9e9647c-4dfa-466d-ad44-c720a9401a31heading\"><button class=\"accordion-button collapsed\" type=\"button\" data-bs-toggle=\"collapse\" data-bs-target=\"#block-d9e9647c-4dfa-466d-ad44-c720a9401a31\" aria-expanded=\"false\" aria-controls=\"block-d9e9647c-4dfa-466d-ad44-c720a9401a31\">Visual CV<\/button><\/h4><div id=\"block-d9e9647c-4dfa-466d-ad44-c720a9401a31\" class=\"accordion-collapse collapse\" aria-labelledby=\"block-d9e9647c-4dfa-466d-ad44-c720a9401a31heading\"><div class=\"accordion-body\">\n<p>A conventional CV can get lost among other CVs if there are many applicants. You can use e.g. free\u00a0<a href=\"https:\/\/www.canva.com\/\" target=\"_blank\" rel=\"noreferrer noopener\">Canva<\/a>\u00a0or Word\/Pages templates to create a CV that stands out visually. Keep the job you are applying for in mind while compiling a CV and think what kind of CV would suit the style of that particular job.<\/p>\n<\/div><\/div><\/div><\/div><\/div>\n\n\n\n<div class=\"wp-block-as-blocks-accordion-block\"><div class=\"accordion\"><div class=\"accordion-item\"><h4 class=\"accordion-header\" id=\"block-c8b8ef03-0955-4fff-8651-e45baf9539b0heading\"><button class=\"accordion-button collapsed\" type=\"button\" data-bs-toggle=\"collapse\" data-bs-target=\"#block-c8b8ef03-0955-4fff-8651-e45baf9539b0\" aria-expanded=\"false\" aria-controls=\"block-c8b8ef03-0955-4fff-8651-e45baf9539b0\">Portfolio<\/button><\/h4><div id=\"block-c8b8ef03-0955-4fff-8651-e45baf9539b0\" class=\"accordion-collapse collapse\" aria-labelledby=\"block-c8b8ef03-0955-4fff-8651-e45baf9539b0heading\"><div class=\"accordion-body\">\n<p>Keep the portfolio constantly up to date, particularly in creative industries. Collect work samples and select the best for your portfolio. A portfolio is a good way to convince the employer of your competence already at the stage when you don\u2019t have work experience. It allows you to present your\u00a0<a href=\"https:\/\/tyoelamaan.staging.web-veistamo.fi\/en\/career\/\" target=\"_blank\" rel=\"noreferrer noopener\">competence and skills<\/a>\u00a0more freely.<\/p>\n<\/div><\/div><\/div><\/div><\/div>\n\n\n\n<div class=\"wp-block-as-blocks-accordion-block\"><div class=\"accordion\"><div class=\"accordion-item\"><h4 class=\"accordion-header\" id=\"block-8c941ca3-51ce-4dff-8848-1b15b9de0424heading\"><button class=\"accordion-button collapsed\" type=\"button\" data-bs-toggle=\"collapse\" data-bs-target=\"#block-8c941ca3-51ce-4dff-8848-1b15b9de0424\" aria-expanded=\"false\" aria-controls=\"block-8c941ca3-51ce-4dff-8848-1b15b9de0424\">References<\/button><\/h4><div id=\"block-8c941ca3-51ce-4dff-8848-1b15b9de0424\" class=\"accordion-collapse collapse\" aria-labelledby=\"block-8c941ca3-51ce-4dff-8848-1b15b9de0424heading\"><div class=\"accordion-body\">\n<p>References are often requested during the job-hunt process. You can ask e.g. your supervisor or teacher for references. Referees should have experience of working with you. Hence, do not ask anyone for references if they are your supervisor on paper only and have not actively monitored your work! \u2060Always remember to ask the referee for a permission in advance, before you enter him or her as a referee in the application.<\/p>\n<\/div><\/div><\/div><\/div><\/div>\n","protected":false},"excerpt":{"rendered":"<p>Applying is hard work. Prepare yourself with a good application that stand out from the crowd and be ready for the interview. Everybody must seek work at least once in their lives. Since fixed-term contracts are increasing in number, you may have to look for work several times a year. For example in creative industries [&hellip;]<\/p>\n","protected":false},"author":3,"featured_media":0,"parent":10567,"menu_order":2,"comment_status":"closed","ping_status":"closed","template":"","meta":{"_acf_changed":false,"footnotes":""},"asiasana":[],"omistaja":[],"class_list":["post-3652","page","type-page","status-publish","hentry"],"acf":[],"yoast_head":"<!-- This site is optimized with the Yoast SEO plugin v26.5 - https:\/\/yoast.com\/wordpress\/plugins\/seo\/ -->\n<title>Applying for a job - Ty\u00f6el\u00e4m\u00e4\u00e4n.fi<\/title>\n<meta name=\"description\" content=\"Applying for a job? There&#039;s numerous ways to do an application. Check out these tips and stand out from the crowd!\" \/>\n<meta name=\"robots\" content=\"index, follow, max-snippet:-1, max-image-preview:large, max-video-preview:-1\" \/>\n<link rel=\"canonical\" href=\"https:\/\/tyoelamaan.staging.web-veistamo.fi\/tyon-aloitus\/tyonhaku\/\" \/>\n<meta property=\"og:locale\" content=\"en_US\" \/>\n<meta property=\"og:type\" content=\"article\" \/>\n<meta property=\"og:title\" content=\"Applying for a job - Ty\u00f6el\u00e4m\u00e4\u00e4n.fi\" \/>\n<meta property=\"og:description\" content=\"Applying for a job? There&#039;s numerous ways to do an application. Check out these tips and stand out from the crowd!\" \/>\n<meta property=\"og:url\" content=\"https:\/\/tyoelamaan.staging.web-veistamo.fi\/tyon-aloitus\/tyonhaku\/\" \/>\n<meta property=\"og:site_name\" content=\"Ty\u00f6el\u00e4m\u00e4\u00e4n.fi\" \/>\n<meta property=\"article:modified_time\" content=\"2024-12-17T04:19:10+00:00\" \/>\n<meta name=\"twitter:card\" content=\"summary_large_image\" \/>\n<meta name=\"twitter:label1\" content=\"Est. reading time\" \/>\n\t<meta name=\"twitter:data1\" content=\"3 minutes\" \/>\n<script type=\"application\/ld+json\" class=\"yoast-schema-graph\">{\"@context\":\"https:\/\/schema.org\",\"@graph\":[{\"@type\":\"WebPage\",\"@id\":\"https:\/\/tyoelamaan.staging.web-veistamo.fi\/tyon-aloitus\/tyonhaku\/\",\"url\":\"https:\/\/tyoelamaan.staging.web-veistamo.fi\/tyon-aloitus\/tyonhaku\/\",\"name\":\"Applying for a job - Ty\u00f6el\u00e4m\u00e4\u00e4n.fi\",\"isPartOf\":{\"@id\":\"https:\/\/tyoelamaan.staging.web-veistamo.fi\/#website\"},\"datePublished\":\"2020-12-10T09:11:40+00:00\",\"dateModified\":\"2024-12-17T04:19:10+00:00\",\"description\":\"Applying for a job? There's numerous ways to do an application. Check out these tips and stand out from the crowd!\",\"breadcrumb\":{\"@id\":\"https:\/\/tyoelamaan.staging.web-veistamo.fi\/tyon-aloitus\/tyonhaku\/#breadcrumb\"},\"inLanguage\":\"en-US\",\"potentialAction\":[{\"@type\":\"ReadAction\",\"target\":[\"https:\/\/tyoelamaan.staging.web-veistamo.fi\/tyon-aloitus\/tyonhaku\/\"]}]},{\"@type\":\"BreadcrumbList\",\"@id\":\"https:\/\/tyoelamaan.staging.web-veistamo.fi\/tyon-aloitus\/tyonhaku\/#breadcrumb\",\"itemListElement\":[{\"@type\":\"ListItem\",\"position\":1,\"name\":\"Home\",\"item\":\"https:\/\/tyoelamaan.staging.web-veistamo.fi\/en\/\"},{\"@type\":\"ListItem\",\"position\":2,\"name\":\"Work starts\",\"item\":\"https:\/\/tyoelamaan.staging.web-veistamo.fi\/tyon-aloitus\/\"},{\"@type\":\"ListItem\",\"position\":3,\"name\":\"Applying\"}]},{\"@type\":\"WebSite\",\"@id\":\"https:\/\/tyoelamaan.staging.web-veistamo.fi\/#website\",\"url\":\"https:\/\/tyoelamaan.staging.web-veistamo.fi\/\",\"name\":\"Ty\u00f6el\u00e4m\u00e4\u00e4n.fi\",\"description\":\"\",\"publisher\":{\"@id\":\"https:\/\/tyoelamaan.staging.web-veistamo.fi\/#organization\"},\"potentialAction\":[{\"@type\":\"SearchAction\",\"target\":{\"@type\":\"EntryPoint\",\"urlTemplate\":\"https:\/\/tyoelamaan.staging.web-veistamo.fi\/?s={search_term_string}\"},\"query-input\":{\"@type\":\"PropertyValueSpecification\",\"valueRequired\":true,\"valueName\":\"search_term_string\"}}],\"inLanguage\":\"en-US\"},{\"@type\":\"Organization\",\"@id\":\"https:\/\/tyoelamaan.staging.web-veistamo.fi\/#organization\",\"name\":\"Ty\u00f6el\u00e4m\u00e4\u00e4n.fi\",\"url\":\"https:\/\/tyoelamaan.staging.web-veistamo.fi\/\",\"logo\":{\"@type\":\"ImageObject\",\"inLanguage\":\"en-US\",\"@id\":\"https:\/\/tyoelamaan.staging.web-veistamo.fi\/#\/schema\/logo\/image\/\",\"url\":\"https:\/\/tyoelamaan.staging.web-veistamo.fi\/wp-content\/uploads\/2024\/11\/tyoelamaan_logo.svg\",\"contentUrl\":\"https:\/\/tyoelamaan.staging.web-veistamo.fi\/wp-content\/uploads\/2024\/11\/tyoelamaan_logo.svg\",\"width\":131,\"height\":30,\"caption\":\"Ty\u00f6el\u00e4m\u00e4\u00e4n.fi\"},\"image\":{\"@id\":\"https:\/\/tyoelamaan.staging.web-veistamo.fi\/#\/schema\/logo\/image\/\"}}]}<\/script>\n<!-- \/ Yoast SEO plugin. -->","yoast_head_json":{"title":"Applying for a job - Ty\u00f6el\u00e4m\u00e4\u00e4n.fi","description":"Applying for a job? There's numerous ways to do an application. Check out these tips and stand out from the crowd!","robots":{"index":"index","follow":"follow","max-snippet":"max-snippet:-1","max-image-preview":"max-image-preview:large","max-video-preview":"max-video-preview:-1"},"canonical":"https:\/\/tyoelamaan.staging.web-veistamo.fi\/tyon-aloitus\/tyonhaku\/","og_locale":"en_US","og_type":"article","og_title":"Applying for a job - Ty\u00f6el\u00e4m\u00e4\u00e4n.fi","og_description":"Applying for a job? There's numerous ways to do an application. Check out these tips and stand out from the crowd!","og_url":"https:\/\/tyoelamaan.staging.web-veistamo.fi\/tyon-aloitus\/tyonhaku\/","og_site_name":"Ty\u00f6el\u00e4m\u00e4\u00e4n.fi","article_modified_time":"2024-12-17T04:19:10+00:00","twitter_card":"summary_large_image","twitter_misc":{"Est. reading time":"3 minutes"},"schema":{"@context":"https:\/\/schema.org","@graph":[{"@type":"WebPage","@id":"https:\/\/tyoelamaan.staging.web-veistamo.fi\/tyon-aloitus\/tyonhaku\/","url":"https:\/\/tyoelamaan.staging.web-veistamo.fi\/tyon-aloitus\/tyonhaku\/","name":"Applying for a job - Ty\u00f6el\u00e4m\u00e4\u00e4n.fi","isPartOf":{"@id":"https:\/\/tyoelamaan.staging.web-veistamo.fi\/#website"},"datePublished":"2020-12-10T09:11:40+00:00","dateModified":"2024-12-17T04:19:10+00:00","description":"Applying for a job? There's numerous ways to do an application. Check out these tips and stand out from the crowd!","breadcrumb":{"@id":"https:\/\/tyoelamaan.staging.web-veistamo.fi\/tyon-aloitus\/tyonhaku\/#breadcrumb"},"inLanguage":"en-US","potentialAction":[{"@type":"ReadAction","target":["https:\/\/tyoelamaan.staging.web-veistamo.fi\/tyon-aloitus\/tyonhaku\/"]}]},{"@type":"BreadcrumbList","@id":"https:\/\/tyoelamaan.staging.web-veistamo.fi\/tyon-aloitus\/tyonhaku\/#breadcrumb","itemListElement":[{"@type":"ListItem","position":1,"name":"Home","item":"https:\/\/tyoelamaan.staging.web-veistamo.fi\/en\/"},{"@type":"ListItem","position":2,"name":"Work starts","item":"https:\/\/tyoelamaan.staging.web-veistamo.fi\/tyon-aloitus\/"},{"@type":"ListItem","position":3,"name":"Applying"}]},{"@type":"WebSite","@id":"https:\/\/tyoelamaan.staging.web-veistamo.fi\/#website","url":"https:\/\/tyoelamaan.staging.web-veistamo.fi\/","name":"Ty\u00f6el\u00e4m\u00e4\u00e4n.fi","description":"","publisher":{"@id":"https:\/\/tyoelamaan.staging.web-veistamo.fi\/#organization"},"potentialAction":[{"@type":"SearchAction","target":{"@type":"EntryPoint","urlTemplate":"https:\/\/tyoelamaan.staging.web-veistamo.fi\/?s={search_term_string}"},"query-input":{"@type":"PropertyValueSpecification","valueRequired":true,"valueName":"search_term_string"}}],"inLanguage":"en-US"},{"@type":"Organization","@id":"https:\/\/tyoelamaan.staging.web-veistamo.fi\/#organization","name":"Ty\u00f6el\u00e4m\u00e4\u00e4n.fi","url":"https:\/\/tyoelamaan.staging.web-veistamo.fi\/","logo":{"@type":"ImageObject","inLanguage":"en-US","@id":"https:\/\/tyoelamaan.staging.web-veistamo.fi\/#\/schema\/logo\/image\/","url":"https:\/\/tyoelamaan.staging.web-veistamo.fi\/wp-content\/uploads\/2024\/11\/tyoelamaan_logo.svg","contentUrl":"https:\/\/tyoelamaan.staging.web-veistamo.fi\/wp-content\/uploads\/2024\/11\/tyoelamaan_logo.svg","width":131,"height":30,"caption":"Ty\u00f6el\u00e4m\u00e4\u00e4n.fi"},"image":{"@id":"https:\/\/tyoelamaan.staging.web-veistamo.fi\/#\/schema\/logo\/image\/"}}]}},"_links":{"self":[{"href":"https:\/\/tyoelamaan.staging.web-veistamo.fi\/en\/wp-json\/wp\/v2\/pages\/3652","targetHints":{"allow":["GET"]}}],"collection":[{"href":"https:\/\/tyoelamaan.staging.web-veistamo.fi\/en\/wp-json\/wp\/v2\/pages"}],"about":[{"href":"https:\/\/tyoelamaan.staging.web-veistamo.fi\/en\/wp-json\/wp\/v2\/types\/page"}],"author":[{"embeddable":true,"href":"https:\/\/tyoelamaan.staging.web-veistamo.fi\/en\/wp-json\/wp\/v2\/users\/3"}],"replies":[{"embeddable":true,"href":"https:\/\/tyoelamaan.staging.web-veistamo.fi\/en\/wp-json\/wp\/v2\/comments?post=3652"}],"version-history":[{"count":8,"href":"https:\/\/tyoelamaan.staging.web-veistamo.fi\/en\/wp-json\/wp\/v2\/pages\/3652\/revisions"}],"predecessor-version":[{"id":12470,"href":"https:\/\/tyoelamaan.staging.web-veistamo.fi\/en\/wp-json\/wp\/v2\/pages\/3652\/revisions\/12470"}],"up":[{"embeddable":true,"href":"https:\/\/tyoelamaan.staging.web-veistamo.fi\/en\/wp-json\/wp\/v2\/pages\/10567"}],"wp:attachment":[{"href":"https:\/\/tyoelamaan.staging.web-veistamo.fi\/en\/wp-json\/wp\/v2\/media?parent=3652"}],"wp:term":[{"taxonomy":"asiasana","embeddable":true,"href":"https:\/\/tyoelamaan.staging.web-veistamo.fi\/en\/wp-json\/wp\/v2\/asiasana?post=3652"},{"taxonomy":"omistaja","embeddable":true,"href":"https:\/\/tyoelamaan.staging.web-veistamo.fi\/en\/wp-json\/wp\/v2\/omistaja?post=3652"}],"curies":[{"name":"wp","href":"https:\/\/api.w.org\/{rel}","templated":true}]}}