{"id":10567,"date":"2023-06-26T15:29:46","date_gmt":"2023-06-26T12:29:46","guid":{"rendered":"https:\/\/tyoelamaan.fi\/?page_id=10567"},"modified":"2024-12-17T06:20:09","modified_gmt":"2024-12-17T04:20:09","slug":"work-starts","status":"publish","type":"page","link":"https:\/\/tyoelamaan.staging.web-veistamo.fi\/en\/work-starts\/","title":{"rendered":"Work starts"},"content":{"rendered":"\n<div class=\"wp-block-columns is-layout-flex wp-container-core-columns-is-layout-28f84493 wp-block-columns-is-layout-flex\">\n<div class=\"wp-block-column is-layout-flow wp-block-column-is-layout-flow\">\n<p>When you have found your field and are looking for a job, you must find the right channels for job hunting. When looking for a job, a good CV or resume and application letter are essential. In some jobs, a video application is also required in the recruitment process.<\/p>\n\n\n\n<p>Interviews are an essential part of the recruitment process. You should prepare well for the interviews, because that way you will show that you are interested in the job. It is also good to know what the employer is allowed to ask in job interviews.<\/p>\n<\/div>\n\n\n\n<div class=\"wp-block-column is-layout-flow wp-block-column-is-layout-flow\">\n<div class=\"editor-bg blue\">\n<ul>\n<li><a href=\"https:\/\/tyoelamaan.staging.web-veistamo.fi\/en\/work-starts\/applying\/\">Applying<\/a><\/li>\n<li><a href=\"https:\/\/tyoelamaan.staging.web-veistamo.fi\/en\/work-starts\/job-interview\/\">Job interview<\/a><\/li>\n<li><a href=\"https:\/\/tyoelamaan.staging.web-veistamo.fi\/en\/work-starts\/starting-a-new-job\/\">Work contract<\/a><\/li>\n<li><a href=\"https:\/\/tyoelamaan.staging.web-veistamo.fi\/en\/work-starts\/employees-right-to-orientation\/\">Orientation<\/a><\/li>\n<li><a href=\"https:\/\/tyoelamaan.staging.web-veistamo.fi\/en\/work-starts\/what-is-trial-period\/\">Trial period<\/a><\/li>\n<\/ul>\n<\/div>\n<\/div>\n<\/div>\n\n\n\n<p>Before starting a new job, you must write an employment contract. An employment contract should always be made in writing, even if an oral contract is binding. In the employment contract, a trial period of a maximum of 6 months can be agreed. In a fixed-term employment relationship, the trial period may be a maximum of half of the duration of the employment relationship.<\/p>\n\n\n\n<p>When employees start in a new job, they have a legal right to receive high-quality orientation to their duties and the workplace practices. The orientation and guidance concern all new employees in the company, including summer workers and agency contract workers. It is particularly important to orient young employees at the start of their careers who do not necessarily have the professional skills and experience required for the job.<\/p>\n","protected":false},"excerpt":{"rendered":"<p>When you have found your field and are looking for a job, you must find the right channels for job hunting. When looking for a job, a good CV or resume and application letter are essential. In some jobs, a video application is also required in the recruitment process. Interviews are an essential part of [&hellip;]<\/p>\n","protected":false},"author":13,"featured_media":0,"parent":0,"menu_order":0,"comment_status":"closed","ping_status":"closed","template":"","meta":{"_acf_changed":false,"footnotes":""},"asiasana":[],"omistaja":[],"class_list":["post-10567","page","type-page","status-publish","hentry"],"acf":[],"yoast_head":"<!-- This site is optimized with the Yoast SEO plugin v26.5 - https:\/\/yoast.com\/wordpress\/plugins\/seo\/ -->\n<title>Work starts - Ty\u00f6el\u00e4m\u00e4\u00e4n.fi<\/title>\n<meta name=\"robots\" content=\"index, follow, max-snippet:-1, max-image-preview:large, max-video-preview:-1\" \/>\n<link rel=\"canonical\" href=\"https:\/\/tyoelamaan.staging.web-veistamo.fi\/tyon-aloitus\/\" \/>\n<meta property=\"og:locale\" content=\"en_US\" \/>\n<meta property=\"og:type\" content=\"article\" \/>\n<meta property=\"og:title\" content=\"Work starts - Ty\u00f6el\u00e4m\u00e4\u00e4n.fi\" \/>\n<meta property=\"og:description\" content=\"When you have found your field and are looking for a job, you must find the right channels for job hunting. When looking for a job, a good CV or resume and application letter are essential. In some jobs, a video application is also required in the recruitment process. Interviews are an essential part of [&hellip;]\" \/>\n<meta property=\"og:url\" content=\"https:\/\/tyoelamaan.staging.web-veistamo.fi\/tyon-aloitus\/\" \/>\n<meta property=\"og:site_name\" content=\"Ty\u00f6el\u00e4m\u00e4\u00e4n.fi\" \/>\n<meta property=\"article:modified_time\" content=\"2024-12-17T04:20:09+00:00\" \/>\n<meta name=\"twitter:card\" content=\"summary_large_image\" \/>\n<meta name=\"twitter:label1\" content=\"Est. reading time\" \/>\n\t<meta name=\"twitter:data1\" content=\"2 minutes\" \/>\n<script type=\"application\/ld+json\" class=\"yoast-schema-graph\">{\"@context\":\"https:\/\/schema.org\",\"@graph\":[{\"@type\":\"WebPage\",\"@id\":\"https:\/\/tyoelamaan.staging.web-veistamo.fi\/tyon-aloitus\/\",\"url\":\"https:\/\/tyoelamaan.staging.web-veistamo.fi\/tyon-aloitus\/\",\"name\":\"Work starts - Ty\u00f6el\u00e4m\u00e4\u00e4n.fi\",\"isPartOf\":{\"@id\":\"https:\/\/tyoelamaan.staging.web-veistamo.fi\/#website\"},\"datePublished\":\"2023-06-26T12:29:46+00:00\",\"dateModified\":\"2024-12-17T04:20:09+00:00\",\"breadcrumb\":{\"@id\":\"https:\/\/tyoelamaan.staging.web-veistamo.fi\/tyon-aloitus\/#breadcrumb\"},\"inLanguage\":\"en-US\",\"potentialAction\":[{\"@type\":\"ReadAction\",\"target\":[\"https:\/\/tyoelamaan.staging.web-veistamo.fi\/tyon-aloitus\/\"]}]},{\"@type\":\"BreadcrumbList\",\"@id\":\"https:\/\/tyoelamaan.staging.web-veistamo.fi\/tyon-aloitus\/#breadcrumb\",\"itemListElement\":[{\"@type\":\"ListItem\",\"position\":1,\"name\":\"Home\",\"item\":\"https:\/\/tyoelamaan.staging.web-veistamo.fi\/en\/\"},{\"@type\":\"ListItem\",\"position\":2,\"name\":\"Work starts\"}]},{\"@type\":\"WebSite\",\"@id\":\"https:\/\/tyoelamaan.staging.web-veistamo.fi\/#website\",\"url\":\"https:\/\/tyoelamaan.staging.web-veistamo.fi\/\",\"name\":\"Ty\u00f6el\u00e4m\u00e4\u00e4n.fi\",\"description\":\"\",\"publisher\":{\"@id\":\"https:\/\/tyoelamaan.staging.web-veistamo.fi\/#organization\"},\"potentialAction\":[{\"@type\":\"SearchAction\",\"target\":{\"@type\":\"EntryPoint\",\"urlTemplate\":\"https:\/\/tyoelamaan.staging.web-veistamo.fi\/?s={search_term_string}\"},\"query-input\":{\"@type\":\"PropertyValueSpecification\",\"valueRequired\":true,\"valueName\":\"search_term_string\"}}],\"inLanguage\":\"en-US\"},{\"@type\":\"Organization\",\"@id\":\"https:\/\/tyoelamaan.staging.web-veistamo.fi\/#organization\",\"name\":\"Ty\u00f6el\u00e4m\u00e4\u00e4n.fi\",\"url\":\"https:\/\/tyoelamaan.staging.web-veistamo.fi\/\",\"logo\":{\"@type\":\"ImageObject\",\"inLanguage\":\"en-US\",\"@id\":\"https:\/\/tyoelamaan.staging.web-veistamo.fi\/#\/schema\/logo\/image\/\",\"url\":\"https:\/\/tyoelamaan.staging.web-veistamo.fi\/wp-content\/uploads\/2024\/11\/tyoelamaan_logo.svg\",\"contentUrl\":\"https:\/\/tyoelamaan.staging.web-veistamo.fi\/wp-content\/uploads\/2024\/11\/tyoelamaan_logo.svg\",\"width\":131,\"height\":30,\"caption\":\"Ty\u00f6el\u00e4m\u00e4\u00e4n.fi\"},\"image\":{\"@id\":\"https:\/\/tyoelamaan.staging.web-veistamo.fi\/#\/schema\/logo\/image\/\"}}]}<\/script>\n<!-- \/ Yoast SEO plugin. -->","yoast_head_json":{"title":"Work starts - Ty\u00f6el\u00e4m\u00e4\u00e4n.fi","robots":{"index":"index","follow":"follow","max-snippet":"max-snippet:-1","max-image-preview":"max-image-preview:large","max-video-preview":"max-video-preview:-1"},"canonical":"https:\/\/tyoelamaan.staging.web-veistamo.fi\/tyon-aloitus\/","og_locale":"en_US","og_type":"article","og_title":"Work starts - Ty\u00f6el\u00e4m\u00e4\u00e4n.fi","og_description":"When you have found your field and are looking for a job, you must find the right channels for job hunting. When looking for a job, a good CV or resume and application letter are essential. In some jobs, a video application is also required in the recruitment process. Interviews are an essential part of [&hellip;]","og_url":"https:\/\/tyoelamaan.staging.web-veistamo.fi\/tyon-aloitus\/","og_site_name":"Ty\u00f6el\u00e4m\u00e4\u00e4n.fi","article_modified_time":"2024-12-17T04:20:09+00:00","twitter_card":"summary_large_image","twitter_misc":{"Est. reading time":"2 minutes"},"schema":{"@context":"https:\/\/schema.org","@graph":[{"@type":"WebPage","@id":"https:\/\/tyoelamaan.staging.web-veistamo.fi\/tyon-aloitus\/","url":"https:\/\/tyoelamaan.staging.web-veistamo.fi\/tyon-aloitus\/","name":"Work starts - Ty\u00f6el\u00e4m\u00e4\u00e4n.fi","isPartOf":{"@id":"https:\/\/tyoelamaan.staging.web-veistamo.fi\/#website"},"datePublished":"2023-06-26T12:29:46+00:00","dateModified":"2024-12-17T04:20:09+00:00","breadcrumb":{"@id":"https:\/\/tyoelamaan.staging.web-veistamo.fi\/tyon-aloitus\/#breadcrumb"},"inLanguage":"en-US","potentialAction":[{"@type":"ReadAction","target":["https:\/\/tyoelamaan.staging.web-veistamo.fi\/tyon-aloitus\/"]}]},{"@type":"BreadcrumbList","@id":"https:\/\/tyoelamaan.staging.web-veistamo.fi\/tyon-aloitus\/#breadcrumb","itemListElement":[{"@type":"ListItem","position":1,"name":"Home","item":"https:\/\/tyoelamaan.staging.web-veistamo.fi\/en\/"},{"@type":"ListItem","position":2,"name":"Work starts"}]},{"@type":"WebSite","@id":"https:\/\/tyoelamaan.staging.web-veistamo.fi\/#website","url":"https:\/\/tyoelamaan.staging.web-veistamo.fi\/","name":"Ty\u00f6el\u00e4m\u00e4\u00e4n.fi","description":"","publisher":{"@id":"https:\/\/tyoelamaan.staging.web-veistamo.fi\/#organization"},"potentialAction":[{"@type":"SearchAction","target":{"@type":"EntryPoint","urlTemplate":"https:\/\/tyoelamaan.staging.web-veistamo.fi\/?s={search_term_string}"},"query-input":{"@type":"PropertyValueSpecification","valueRequired":true,"valueName":"search_term_string"}}],"inLanguage":"en-US"},{"@type":"Organization","@id":"https:\/\/tyoelamaan.staging.web-veistamo.fi\/#organization","name":"Ty\u00f6el\u00e4m\u00e4\u00e4n.fi","url":"https:\/\/tyoelamaan.staging.web-veistamo.fi\/","logo":{"@type":"ImageObject","inLanguage":"en-US","@id":"https:\/\/tyoelamaan.staging.web-veistamo.fi\/#\/schema\/logo\/image\/","url":"https:\/\/tyoelamaan.staging.web-veistamo.fi\/wp-content\/uploads\/2024\/11\/tyoelamaan_logo.svg","contentUrl":"https:\/\/tyoelamaan.staging.web-veistamo.fi\/wp-content\/uploads\/2024\/11\/tyoelamaan_logo.svg","width":131,"height":30,"caption":"Ty\u00f6el\u00e4m\u00e4\u00e4n.fi"},"image":{"@id":"https:\/\/tyoelamaan.staging.web-veistamo.fi\/#\/schema\/logo\/image\/"}}]}},"_links":{"self":[{"href":"https:\/\/tyoelamaan.staging.web-veistamo.fi\/en\/wp-json\/wp\/v2\/pages\/10567","targetHints":{"allow":["GET"]}}],"collection":[{"href":"https:\/\/tyoelamaan.staging.web-veistamo.fi\/en\/wp-json\/wp\/v2\/pages"}],"about":[{"href":"https:\/\/tyoelamaan.staging.web-veistamo.fi\/en\/wp-json\/wp\/v2\/types\/page"}],"author":[{"embeddable":true,"href":"https:\/\/tyoelamaan.staging.web-veistamo.fi\/en\/wp-json\/wp\/v2\/users\/13"}],"replies":[{"embeddable":true,"href":"https:\/\/tyoelamaan.staging.web-veistamo.fi\/en\/wp-json\/wp\/v2\/comments?post=10567"}],"version-history":[{"count":3,"href":"https:\/\/tyoelamaan.staging.web-veistamo.fi\/en\/wp-json\/wp\/v2\/pages\/10567\/revisions"}],"predecessor-version":[{"id":12560,"href":"https:\/\/tyoelamaan.staging.web-veistamo.fi\/en\/wp-json\/wp\/v2\/pages\/10567\/revisions\/12560"}],"wp:attachment":[{"href":"https:\/\/tyoelamaan.staging.web-veistamo.fi\/en\/wp-json\/wp\/v2\/media?parent=10567"}],"wp:term":[{"taxonomy":"asiasana","embeddable":true,"href":"https:\/\/tyoelamaan.staging.web-veistamo.fi\/en\/wp-json\/wp\/v2\/asiasana?post=10567"},{"taxonomy":"omistaja","embeddable":true,"href":"https:\/\/tyoelamaan.staging.web-veistamo.fi\/en\/wp-json\/wp\/v2\/omistaja?post=10567"}],"curies":[{"name":"wp","href":"https:\/\/api.w.org\/{rel}","templated":true}]}}